{"id":924,"date":"2021-02-08T12:00:14","date_gmt":"2021-02-08T15:00:14","guid":{"rendered":"https:\/\/www.lai.pe.gov.br\/secmulher\/?page_id=924"},"modified":"2022-11-10T09:14:25","modified_gmt":"2022-11-10T12:14:25","slug":"protecao-de-dados-pessoais","status":"publish","type":"page","link":"https:\/\/www.lai.pe.gov.br\/secmulher\/protecao-de-dados-pessoais\/","title":{"rendered":"Prote\u00e7\u00e3o de Dados Pessoais"},"content":{"rendered":"\n<div id=\"kt-info-box_36c228-f9\" class=\"wp-block-kadence-infobox\"><a class=\"kt-blocks-info-box-link-wrap kt-blocks-info-box-media-align-left kt-info-halign-left\"><div class=\"kt-blocks-info-box-media-container\"><div class=\"kt-blocks-info-box-media kt-info-media-animate-flip\"><div class=\"kadence-info-box-icon-container kt-info-icon-animate-flip\"><div class=\"kadence-info-box-icon-inner-container\"><span style=\"display:block;justify-content:center;align-items:center\" class=\"kt-info-svg-icon kt-info-svg-icon-fas_info\"><svg style=\"display:inline-block;vertical-align:middle\" viewbox=\"0 0 192 512\" height=\"50\" width=\"50\" fill=\"currentColor\" xmlns=\"http:\/\/www.w3.org\/2000\/svg\"><path d=\"M20 424.229h20V279.771H20c-11.046 0-20-8.954-20-20V212c0-11.046 8.954-20 20-20h112c11.046 0 20 8.954 20 20v212.229h20c11.046 0 20 8.954 20 20V492c0 11.046-8.954 20-20 20H20c-11.046 0-20-8.954-20-20v-47.771c0-11.046 8.954-20 20-20zM96 0C56.235 0 24 32.235 24 72s32.235 72 72 72 72-32.235 72-72S135.764 0 96 0z\"><\/path><\/svg><\/span><span style=\"display:block;justify-content:center;align-items:center\" class=\"kt-info-svg-icon-flip kt-info-svg-icon-ic_info\"><svg style=\"display:inline-block;vertical-align:middle\" viewbox=\"0 0 8 8\" height=\"50\" width=\"50\" fill=\"currentColor\" xmlns=\"http:\/\/www.w3.org\/2000\/svg\"><path d=\"M3 0c-.55 0-1 .45-1 1s.45 1 1 1 1-.45 1-1-.45-1-1-1zm-1.5 2.5c-.83 0-1.5.67-1.5 1.5h1c0-.28.22-.5.5-.5s.5.22.5.5-1 1.64-1 2.5c0 .86.67 1.5 1.5 1.5s1.5-.67 1.5-1.5h-1c0 .28-.22.5-.5.5s-.5-.22-.5-.5c0-.36 1-1.84 1-2.5 0-.81-.67-1.5-1.5-1.5z\" transform=\"translate(2)\"><\/path><\/svg><\/span><\/div><\/div><\/div><\/div><div class=\"kt-infobox-textcontent\"><h2 class=\"kt-blocks-info-box-title\">O que h\u00e1 nesta p\u00e1gina!<\/h2><p class=\"kt-blocks-info-box-text\">Nesta se\u00e7\u00e3o s\u00e3o divulgadas informa\u00e7\u00f5es relacionadas \u00e0 Lei Geral de Prote\u00e7\u00e3o de Dados Pessoais &#8211; LGPD, como: os direitos do titular de dados; informa\u00e7\u00f5es de contato do encarregado da entidade; as hip\u00f3teses em que, no exerc\u00edcio de suas compet\u00eancias, a entidade realiza o tratamento de dados pessoais, considerando a previs\u00e3o legal e a finalidade para a execu\u00e7\u00e3o dessas atividades; e documentos relevantes para transpar\u00eancia da entidade no tema.<\/p><\/div><\/a><\/div>\n\n\n\n<div class=\"alignfull wp-block-ugb-team-member ugb-team-member ugb-9c15abb ugb-team-member--v3 ugb-team-member--design-basic ugb-team-member--columns-1 ugb-main-block ugb-main-block--inner-center ugb--has-block-background\" id=\"\"><div class=\"ugb-inner-block ugb-inner-block--center\"><div class=\"ugb-block-content\"><div class=\"ugb-team-member__item ugb-team-member__item1\"><div class=\"ugb-team-member__content\"><div class=\"ugb-team-member__title\"><h4 class=\"ugb-team-member__name\">Nat\u00e1lia Patr\u00edcia Ten\u00f3rio Bezerra<br>Encarregada<br><br>Cientista Social -Assistente de Ouvidoria<br>Matr\u00edcula: 377.535-6<br><br><strong>E-ma<\/strong>il:<\/h4><\/div><p class=\"ugb-team-member__description\">natalia.tenorio@secmulher.pe.gov.br<br><strong>Telefone:<br><\/strong>(81) 3183-2963 <\/p><\/div><\/div><\/div><\/div><\/div>\n\n\n\n<div class=\"wp-block-group\"><div class=\"wp-block-group__inner-container\">\n<div class=\"wp-block-advgb-accordions advgb-accordion-wrapper\" data-collapsed=\"true\">\n<div class=\"wp-block-advgb-accordion-item advgb-accordion-item\" style=\"margin-bottom:28px\"><div class=\"advgb-accordion-header\" style=\"background-color:#4a6795;color:#eee;border-style:solid;border-radius:12px\"><span class=\"advgb-accordion-header-icon\"><svg fill=\"#fff\" xmlns=\"http:\/\/www.w3.org\/2000\/svg\" width=\"24\" height=\"24\" viewbox=\"0 0 24 24\"><path fill=\"none\" d=\"M0,0h24v24H0V0z\"><\/path><path d=\"M13,7h-2v4H7v2h4v4h2v-4h4v-2h-4V7z M12,2C6.48,2,2,6.48,2,12s4.48,10,10,10s10-4.48,10-10S17.52,2,12,2z M12,20 c-4.41,0-8-3.59-8-8s3.59-8,8-8s8,3.59,8,8S16.41,20,12,20z\"><\/path><\/svg><\/span><h4 class=\"advgb-accordion-header-title\" style=\"color:inherit\">Transpar\u00eancia LGPD<\/h4><\/div><div class=\"advgb-accordion-body\" style=\"border-style:solid !important;border-color:undefined !important;border-top:none !important;border-radius:12px !important\">\n<h4><strong>Documentos LGPD<\/strong><\/h4>\n\n\n\n<div class=\"wp-block-file\"><a href=\"https:\/\/www.lai.pe.gov.br\/secmulher\/wp-content\/uploads\/sites\/93\/2022\/10\/Portaria-Designacao-Encarregada-Natalia-Tenorio-2.pdf\" target=\"_blank\" rel=\"noreferrer noopener\">Portaria Designa\u00e7\u00e3o Encarregada<\/a><a href=\"https:\/\/www.lai.pe.gov.br\/secmulher\/wp-content\/uploads\/sites\/93\/2022\/10\/Portaria-Designacao-Encarregada-Natalia-Tenorio-2.pdf\" class=\"wp-block-file__button\" download>Baixar<\/a><\/div>\n\n\n\n<div class=\"wp-block-file\"><a href=\"https:\/\/www.lai.pe.gov.br\/secmulher\/wp-content\/uploads\/sites\/93\/2022\/03\/LEI-No-13.709-DE-14-DE-AGOSTO-DE-2018..pdf\" target=\"_blank\" rel=\"noreferrer noopener\">Lei n\u00ba 13.709, de 14 de Agosto de 2018.<\/a><a href=\"https:\/\/www.lai.pe.gov.br\/secmulher\/wp-content\/uploads\/sites\/93\/2022\/03\/LEI-No-13.709-DE-14-DE-AGOSTO-DE-2018..pdf\" class=\"wp-block-file__button\" download>Baixar<\/a><\/div>\n\n\n\n<div class=\"wp-block-file\"><a href=\"https:\/\/www.lai.pe.gov.br\/secmulher\/wp-content\/uploads\/sites\/93\/2022\/03\/Decreto-Estadual-no-49.265.2020.pdf\" target=\"_blank\" rel=\"noreferrer noopener\">Decreto Estadual n\u00ba 49.265.2020<\/a><a href=\"https:\/\/www.lai.pe.gov.br\/secmulher\/wp-content\/uploads\/sites\/93\/2022\/03\/Decreto-Estadual-no-49.265.2020.pdf\" class=\"wp-block-file__button\" download>Baixar<\/a><\/div>\n\n\n\n<h4><strong>Demonstrativos<\/strong><\/h4>\n\n\n\n<h4><strong>2021<\/strong><\/h4>\n\n\n\n<div class=\"wp-block-file\"><a href=\"https:\/\/www.lai.pe.gov.br\/secmulher\/wp-content\/uploads\/sites\/93\/2022\/10\/Hipoteses-de-Permissao-Tabela-de-Tratamento-de-Dados-2022.xlsx\" target=\"_blank\" rel=\"noreferrer noopener\">Hip\u00f3teses de Permiss\u00e3o Tabela de Tratamento de Dados &#8211; 2022<\/a><a href=\"https:\/\/www.lai.pe.gov.br\/secmulher\/wp-content\/uploads\/sites\/93\/2022\/10\/Hipoteses-de-Permissao-Tabela-de-Tratamento-de-Dados-2022.xlsx\" class=\"wp-block-file__button\" download>Baixar<\/a><\/div>\n\n\n\n<p><\/p>\n<\/div><\/div>\n<\/div>\n<\/div><\/div>\n\n\n\n<p><\/p>\n\n\n\n<h2>Direitos do Titular<\/h2>\n\n\n\n<div style=\"height:41px\" aria-hidden=\"true\" class=\"wp-block-spacer\"><\/div>\n\n\n\n<figure class=\"wp-block-image size-large\"><img src=\"https:\/\/www.lai.pe.gov.br\/scge\/wp-content\/uploads\/sites\/2\/2021\/05\/direitos.png\" alt=\"\" class=\"wp-image-1495\"\/><\/figure>\n\n\n\n<div id=\"kt-info-box_6d1a9e-a0\" class=\"wp-block-kadence-infobox\"><a class=\"kt-blocks-info-box-link-wrap kt-blocks-info-box-media-align-top kt-info-halign-center\" target=\"_blank\" rel=\"noopener noreferrer\" href=\"https:\/\/www.scge.pe.gov.br\/ouvidoria-geral\/\"><div class=\"kt-blocks-info-box-media-container\"><div class=\"kt-blocks-info-box-media kt-info-media-animate-none\"><div class=\"kadence-info-box-icon-container kt-info-icon-animate-none\"><div class=\"kadence-info-box-icon-inner-container\"><span style=\"display:block;justify-content:center;align-items:center\" class=\"kt-info-svg-icon kt-info-svg-icon-ic_audio\"><svg style=\"display:inline-block;vertical-align:middle\" viewbox=\"0 0 8 8\" height=\"50\" width=\"50\" fill=\"currentColor\" xmlns=\"http:\/\/www.w3.org\/2000\/svg\"><path d=\"M1.16 0c-.72.72-1.16 1.71-1.16 2.81s.43 2.12 1.16 2.84l.72-.72c-.54-.54-.88-1.29-.88-2.13 0-.83.33-1.55.88-2.09l-.72-.72zm5.69 0l-.72.72c.54.54.88 1.26.88 2.09 0 .83-.33 1.58-.88 2.13l.72.72c.72-.72 1.16-1.74 1.16-2.84 0-1.1-.43-2.09-1.16-2.81zm-4.25 1.41c-.36.36-.59.86-.59 1.41 0 .55.23 1.08.59 1.44l.69-.72c-.18-.18-.28-.44-.28-.72 0-.28.1-.5.28-.69l-.69-.72zm2.81 0l-.69.72c.18.18.28.41.28.69 0 .28-.1.54-.28.72l.69.72c.36-.36.59-.89.59-1.44 0-.55-.23-1.05-.59-1.41z\" transform=\"translate(0 1)\"><\/path><\/svg><\/span><\/div><\/div><\/div><\/div><div class=\"kt-infobox-textcontent\"><h2 class=\"kt-blocks-info-box-title\">Ouvidoria- Geral do Estado de Pernambuco<\/h2><p class=\"kt-blocks-info-box-text\">Use este espa\u00e7o para \u00a0encaminhar den\u00fancias, reclama\u00e7\u00f5es, elogios, sugest\u00f5es e pedidos de informa\u00e7\u00e3o referentes a procedimentos e a\u00e7\u00f5es de agentes, \u00f3rg\u00e3os e entidades do Executivo estadual<\/p><div class=\"kt-blocks-info-box-learnmore-wrap\"><span class=\"kt-blocks-info-box-learnmore\">Clique Aqui<\/span><\/div><\/div><\/a><\/div>\n<style class=\"advgb-styles-renderer\">#kt-info-box_36c228-f9 .kt-blocks-info-box-link-wrap {border-color:rgba(136, 136, 136, 1);border-radius:20px;background:rgba(255, 255, 255, 1);padding:20px 20px 20px 20px;border-width:2px 2px 2px 2px;}#kt-info-box_36c228-f9 .kt-blocks-info-box-link-wrap:hover {border-color:rgba(136, 136, 136, 1);background:rgba(255, 255, 255, 1);}#kt-info-box_36c228-f9 .kt-info-svg-icon, #kt-info-box_36c228-f9 .kt-blocks-info-box-number {font-size:50px;}#kt-info-box_36c228-f9 .kt-blocks-info-box-media {color:#ffffff;background:#555555;border-color:#444444;border-radius:200px;border-width:0px 0px 0px 0px;padding:20px 20px 20px 20px;margin:0px 15px 0px 15px;}#kt-info-box_36c228-f9 .kt-blocks-info-box-media img {border-radius:200px;}#kt-info-box_36c228-f9 .kt-blocks-info-box-link-wrap:hover .kt-blocks-info-box-media {color:#ffffff;background:#444444;border-color:#444444;}#kt-info-box_36c228-f9 .kt-blocks-info-box-title {padding:0px 0px 0px 0px;margin:5px 0px 10px 0px;}#kt-info-box_36c228-f9 .kt-blocks-info-box-text {}#kt-info-box_36c228-f9 .kt-blocks-info-box-link-wrap:hover {box-shadow:0px 0px 14px 0px rgba(0,0,0,0.2);}.ugb-9c15abb .ugb-img{width:250px;height:auto !important;-webkit-mask-image:url('data:image\/svg+xml;base64,PHN2ZyB2aWV3Qm94PSIwIDAgMTAwIDEwMCIgeG1sbnM9Imh0dHA6Ly93d3cudzMub3JnLzIwMDAvc3ZnIj48Y2lyY2xlIGN4PSI1MCIgY3k9IjUwIiByPSI1MCI+PC9jaXJjbGU+PC9zdmc+');mask-image:url('data:image\/svg+xml;base64,PHN2ZyB2aWV3Qm94PSIwIDAgMTAwIDEwMCIgeG1sbnM9Imh0dHA6Ly93d3cudzMub3JnLzIwMDAvc3ZnIj48Y2lyY2xlIGN4PSI1MCIgY3k9IjUwIiByPSI1MCI+PC9jaXJjbGU+PC9zdmc+')}.ugb-9c15abb .ugb-team-member__image{width:250px !important}#kt-info-box_6d1a9e-a0 .kt-blocks-info-box-link-wrap {border-radius:10px;background:rgba(74, 103, 149, 1);}#kt-info-box_6d1a9e-a0 .kt-blocks-info-box-link-wrap:hover {border-color:rgba(238, 238, 238, 1);background:rgba(74, 103, 149, 1);}#kt-info-box_6d1a9e-a0 .kt-info-svg-icon, #kt-info-box_6d1a9e-a0 .kt-blocks-info-box-number {font-size:50px;}#kt-info-box_6d1a9e-a0 .kt-blocks-info-box-media {color:#ffffff;background:transparent;border-color:#ffffff;border-width:0px 0px 0px 0px;padding:10px 10px 10px 10px;}#kt-info-box_6d1a9e-a0 .kt-blocks-info-box-media-container {margin:0px 15px 0px 15px;}#kt-info-box_6d1a9e-a0 .kt-blocks-info-box-link-wrap:hover .kt-blocks-info-box-media {color:#ffffff;background:transparent;border-color:#444444;}#kt-info-box_6d1a9e-a0 .kt-blocks-info-box-title {color:#ffffff;}#kt-info-box_6d1a9e-a0 .kt-blocks-info-box-text {color:#ffffff;}#kt-info-box_6d1a9e-a0 .kt-blocks-info-box-learnmore {background:#ffffff;border-color:#ffffff;border-width:0px 0px 0px 0px;padding:4px 8px 4px 8px;margin:10px 0px 10px 0px;}#kt-info-box_6d1a9e-a0 .kt-blocks-info-box-link-wrap:hover .kt-blocks-info-box-learnmore {color:#000000;background:#ffffff;border-color:#444444;}<\/style>","protected":false},"excerpt":{"rendered":"<p>Direitos do Titular<\/p>\n","protected":false},"author":126,"featured_media":0,"parent":0,"menu_order":0,"comment_status":"closed","ping_status":"closed","template":"","meta":{"advgb_blocks_editor_width":"","advgb_blocks_columns_visual_guide":"","kt_blocks_editor_width":""},"featured_image_urls":{"full":"","thumbnail":"","medium":"","medium_large":"","large":"","1536x1536":"","2048x2048":""},"post_excerpt_stackable":"<p>O que h\u00e1 nesta p\u00e1gina!Nesta se\u00e7\u00e3o s\u00e3o divulgadas informa\u00e7\u00f5es relacionadas \u00e0 Lei Geral de Prote\u00e7\u00e3o de Dados Pessoais &#8211; LGPD, como: os direitos do titular de dados; informa\u00e7\u00f5es de contato do encarregado da entidade; as hip\u00f3teses em que, no exerc\u00edcio de suas compet\u00eancias, a entidade realiza o tratamento de dados pessoais, considerando a previs\u00e3o legal e a finalidade para a execu\u00e7\u00e3o dessas atividades; e documentos relevantes para transpar\u00eancia da entidade no tema. Nat\u00e1lia Patr\u00edcia Ten\u00f3rio BezerraEncarregadaCientista Social -Assistente de OuvidoriaMatr\u00edcula: 377.535-6E-mail:natalia.tenorio@secmulher.pe.gov.brTelefone:(81) 3183-2963 Transpar\u00eancia LGPD Documentos LGPD Portaria Designa\u00e7\u00e3o EncarregadaBaixar Lei n\u00ba 13.709, de 14 de Agosto de 2018.Baixar Decreto Estadual&hellip;<\/p>\n","category_list":"","author_info":{"name":"flaviaaguiar","url":"https:\/\/www.lai.pe.gov.br\/secmulher\/author\/flaviaaguiar\/"},"comments_num":"0 coment\u00e1rio","_links":{"self":[{"href":"https:\/\/www.lai.pe.gov.br\/secmulher\/wp-json\/wp\/v2\/pages\/924"}],"collection":[{"href":"https:\/\/www.lai.pe.gov.br\/secmulher\/wp-json\/wp\/v2\/pages"}],"about":[{"href":"https:\/\/www.lai.pe.gov.br\/secmulher\/wp-json\/wp\/v2\/types\/page"}],"author":[{"embeddable":true,"href":"https:\/\/www.lai.pe.gov.br\/secmulher\/wp-json\/wp\/v2\/users\/126"}],"replies":[{"embeddable":true,"href":"https:\/\/www.lai.pe.gov.br\/secmulher\/wp-json\/wp\/v2\/comments?post=924"}],"version-history":[{"count":36,"href":"https:\/\/www.lai.pe.gov.br\/secmulher\/wp-json\/wp\/v2\/pages\/924\/revisions"}],"predecessor-version":[{"id":1431,"href":"https:\/\/www.lai.pe.gov.br\/secmulher\/wp-json\/wp\/v2\/pages\/924\/revisions\/1431"}],"wp:attachment":[{"href":"https:\/\/www.lai.pe.gov.br\/secmulher\/wp-json\/wp\/v2\/media?parent=924"}],"curies":[{"name":"wp","href":"https:\/\/api.w.org\/{rel}","templated":true}]}}