{"id":710,"date":"2020-06-04T13:33:27","date_gmt":"2020-06-04T16:33:27","guid":{"rendered":"https:\/\/www.lai.pe.gov.br\/secmulher\/?page_id=710"},"modified":"2020-06-04T13:33:35","modified_gmt":"2020-06-04T16:33:35","slug":"covid-19-contratacoes-e-aquisicoes","status":"publish","type":"page","link":"https:\/\/www.lai.pe.gov.br\/secmulher\/covid-19-contratacoes-e-aquisicoes\/","title":{"rendered":"COVID-19 &#8211; Contrata\u00e7\u00f5es e aquisi\u00e7\u00f5es"},"content":{"rendered":"\n<div id=\"kt-info-box_53ce61-d5\" class=\"wp-block-kadence-infobox\"><a class=\"kt-blocks-info-box-link-wrap kt-blocks-info-box-media-align-left kt-info-halign-left\"><div class=\"kt-blocks-info-box-media-container\"><div class=\"kt-blocks-info-box-media kt-info-media-animate-none\"><div class=\"kadence-info-box-icon-container kt-info-icon-animate-none\"><div class=\"kadence-info-box-icon-inner-container\"><span style=\"display:block;justify-content:center;align-items:center\" class=\"kt-info-svg-icon kt-info-svg-icon-ic_star\"><svg style=\"display:inline-block;vertical-align:middle\" viewbox=\"0 0 8 8\" height=\"50\" width=\"50\" fill=\"currentColor\" xmlns=\"http:\/\/www.w3.org\/2000\/svg\"><path d=\"M4 0l-1 3h-3l2.5 2-1 3 2.5-2 2.5 2-1-3 2.5-2h-3l-1-3z\"><\/path><\/svg><\/span><\/div><\/div><\/div><\/div><div class=\"kt-infobox-textcontent\"><h2 class=\"kt-blocks-info-box-title\">  O que h\u00e1 nesta p\u00e1gina!    <\/h2><p class=\"kt-blocks-info-box-text\">  Nesta se\u00e7\u00e3o s\u00e3o divulgadas as contrata\u00e7\u00f5es e aquisi\u00e7\u00f5es  destinadas ao  fornecimento de bens, \u00e0 presta\u00e7\u00e3o de servi\u00e7os, \u00e0 loca\u00e7\u00e3o de bens e \u00e0  execu\u00e7\u00e3o de obras necess\u00e1rias ao enfrentamento da emerg\u00eancia em sa\u00fade  p\u00fablica de import\u00e2ncia internacional, decorrente do coronav\u00edrus, com  fulcro na Lei Complementar 425\/2020.  <\/p><\/div><\/a><\/div>\n\n\n\n<blockquote class=\"wp-block-quote\"><p><\/p><\/blockquote>\n\n\n\n<div class=\"wp-block-advgb-accordions advgb-accordion-wrapper\">\n<div class=\"wp-block-advgb-accordion-item advgb-accordion-item\" style=\"margin-bottom:15px\"><div class=\"advgb-accordion-header\" style=\"background-color:#0071a1;color:#eee;border-style:solid;border-radius:13px\"><span class=\"advgb-accordion-header-icon\"><svg fill=\"#fff\" xmlns=\"http:\/\/www.w3.org\/2000\/svg\" width=\"24\" height=\"24\" viewbox=\"0 0 24 24\"><path fill=\"none\" d=\"M0,0h24v24H0V0z\"><\/path><path d=\"M12,5.83L15.17,9l1.41-1.41L12,3L7.41,7.59L8.83,9L12,5.83z M12,18.17L8.83,15l-1.41,1.41L12,21l4.59-4.59L15.17,15 L12,18.17z\"><\/path><\/svg><\/span><h4 class=\"advgb-accordion-header-title\" style=\"color:inherit\">   RESUMO DAS CONTRATA\u00c7\u00d5ES POR UNIDADE GESTORA   <\/h4><\/div><div class=\"advgb-accordion-body\" style=\"border-style:solid;border-radius:13px\">\n<p>  <strong>Objetivo<\/strong>: Disponibilizar ao cidad\u00e3o informa\u00e7\u00f5es  pertinentes \u00e0s aquisi\u00e7\u00f5es de Equipamentos de Prote\u00e7\u00e3o Individual \u2013 EPI\u2019s  e outros materiais necess\u00e1rios para o enfrentamento da emerg\u00eancia em  sa\u00fade p\u00fablica de import\u00e2ncia internacional, decorrente do novo  Coronav\u00edrus (Covid \u2013 19\/ S\u00edndrome Respirat\u00f3ria Aguda Grave \u2013 SRAG).    <\/p>\n<\/div><\/div>\n\n\n\n<div class=\"wp-block-advgb-accordion-item advgb-accordion-item\" style=\"margin-bottom:15px\"><div class=\"advgb-accordion-header\" style=\"background-color:#0071a1;color:#eee;border-style:solid;border-radius:13px\"><span class=\"advgb-accordion-header-icon\"><svg fill=\"#fff\" xmlns=\"http:\/\/www.w3.org\/2000\/svg\" width=\"24\" height=\"24\" viewbox=\"0 0 24 24\"><path fill=\"none\" d=\"M0,0h24v24H0V0z\"><\/path><path d=\"M12,5.83L15.17,9l1.41-1.41L12,3L7.41,7.59L8.83,9L12,5.83z M12,18.17L8.83,15l-1.41,1.41L12,21l4.59-4.59L15.17,15 L12,18.17z\"><\/path><\/svg><\/span><h4 class=\"advgb-accordion-header-title\" style=\"color:inherit\">   LEGISLA\u00c7\u00c3O E ORIENTA\u00c7\u00d5ES   <\/h4><\/div><div class=\"advgb-accordion-body\" style=\"border-style:solid;border-radius:13px\">\n<p>  Cont\u00e9m as legisla\u00e7\u00f5es pertinentes ao enfrentamento da emerg\u00eancia em  sa\u00fade p\u00fablica de import\u00e2ncia internacional, decorrente do novo  Coronav\u00edrus (Covid \u2013 19\/ S\u00edndrome Respirat\u00f3ria Aguda Grave \u2013 SRAG) e  orienta\u00e7\u00f5es atinentes aos processos de compras e contrata\u00e7\u00f5es  emergenciais relacionadas ao Covid-19.    <\/p>\n\n\n\n<div class=\"wp-block-button\"><a class=\"wp-block-button__link\" href=\"http:\/\/web.transparencia.pe.gov.br\/fiscalizacao-e-controle\/covid-19\/\">   LEGISLA\u00c7\u00d5ES COVID-19   <\/a><\/div>\n\n\n\n<p><\/p>\n\n\n\n<div class=\"wp-block-button\"><a class=\"wp-block-button__link\" href=\"http:\/\/www.pge.pe.gov.br\/PGEPE_EnfrentamentoCoronaVirus.aspx\">   ORIENTA\u00c7\u00d5ES PGE   <\/a><\/div>\n<\/div><\/div>\n\n\n\n<div class=\"wp-block-advgb-accordion-item advgb-accordion-item\" style=\"margin-bottom:15px\"><div class=\"advgb-accordion-header\" style=\"background-color:#0071a1;color:#eee;border-style:solid;border-radius:13px\"><span class=\"advgb-accordion-header-icon\"><svg fill=\"#fff\" xmlns=\"http:\/\/www.w3.org\/2000\/svg\" width=\"24\" height=\"24\" viewbox=\"0 0 24 24\"><path fill=\"none\" d=\"M0,0h24v24H0V0z\"><\/path><path d=\"M12,5.83L15.17,9l1.41-1.41L12,3L7.41,7.59L8.83,9L12,5.83z M12,18.17L8.83,15l-1.41,1.41L12,21l4.59-4.59L15.17,15 L12,18.17z\"><\/path><\/svg><\/span><h4 class=\"advgb-accordion-header-title\" style=\"color:inherit\">   AQUISI\u00c7\u00d5ES DE EQUIPAMENTOS DE PROTE\u00c7\u00c3O INDIVIDUAL &#8211; EPI&#8217;S E OUTROS MATERIAIS  <\/h4><\/div><div class=\"advgb-accordion-body\" style=\"border-style:solid;border-radius:13px\">\n<p>  <strong>Objetivo<\/strong>: Disponibilizar ao cidad\u00e3o informa\u00e7\u00f5es  pertinentes \u00e0s aquisi\u00e7\u00f5es de Equipamentos de Prote\u00e7\u00e3o Individual \u2013 EPI\u2019s  e outros materiais necess\u00e1rios para o enfrentamento da emerg\u00eancia em  sa\u00fade p\u00fablica de import\u00e2ncia internacional, decorrente do novo  Coronav\u00edrus (Covid \u2013 19\/ S\u00edndrome Respirat\u00f3ria Aguda Grave \u2013 SRAG).    <\/p>\n<\/div><\/div>\n<\/div>\n<style class=\"advgb-styles-renderer\">#kt-info-box_53ce61-d5 .kt-blocks-info-box-link-wrap {border-color:rgba(136, 136, 136, 1);border-radius:20px;background:rgba(255, 255, 255, 1);padding:20px 20px 20px 20px;border-width:2px 2px 2px 2px;}#kt-info-box_53ce61-d5 .kt-blocks-info-box-link-wrap:hover {border-color:rgba(136, 136, 136, 1);background:rgba(255, 255, 255, 1);}#kt-info-box_53ce61-d5 .kt-info-svg-icon, #kt-info-box_53ce61-d5 .kt-blocks-info-box-number {font-size:50px;}#kt-info-box_53ce61-d5 .kt-blocks-info-box-media {color:#ffffff;background:#555555;border-color:#444444;border-radius:200px;border-width:0px 0px 0px 0px;padding:20px 20px 20px 20px;margin:0px 15px 0px 15px;}#kt-info-box_53ce61-d5 .kt-blocks-info-box-media img {border-radius:200px;}#kt-info-box_53ce61-d5 .kt-blocks-info-box-link-wrap:hover .kt-blocks-info-box-media {color:#ffffff;background:#444444;border-color:#444444;}#kt-info-box_53ce61-d5 .kt-blocks-info-box-title {padding:0px 0px 0px 0px;margin:5px 0px 10px 0px;}#kt-info-box_53ce61-d5 .kt-blocks-info-box-text {}#kt-info-box_53ce61-d5 .kt-blocks-info-box-link-wrap:hover {box-shadow:0px 0px 14px 0px rgba(0,0,0,0.2);}<\/style>","protected":false},"excerpt":{"rendered":"","protected":false},"author":7,"featured_media":0,"parent":0,"menu_order":0,"comment_status":"closed","ping_status":"closed","template":"","meta":{"advgb_blocks_editor_width":"","advgb_blocks_columns_visual_guide":"","kt_blocks_editor_width":""},"featured_image_urls":{"full":"","thumbnail":"","medium":"","medium_large":"","large":"","1536x1536":"","2048x2048":""},"post_excerpt_stackable":"<p>O que h\u00e1 nesta p\u00e1gina! Nesta se\u00e7\u00e3o s\u00e3o divulgadas as contrata\u00e7\u00f5es e aquisi\u00e7\u00f5es destinadas ao fornecimento de bens, \u00e0 presta\u00e7\u00e3o de servi\u00e7os, \u00e0 loca\u00e7\u00e3o de bens e \u00e0 execu\u00e7\u00e3o de obras necess\u00e1rias ao enfrentamento da emerg\u00eancia em sa\u00fade p\u00fablica de import\u00e2ncia internacional, decorrente do coronav\u00edrus, com fulcro na Lei Complementar 425\/2020. RESUMO DAS CONTRATA\u00c7\u00d5ES POR UNIDADE GESTORA Objetivo: Disponibilizar ao cidad\u00e3o informa\u00e7\u00f5es pertinentes \u00e0s aquisi\u00e7\u00f5es de Equipamentos de Prote\u00e7\u00e3o Individual \u2013 EPI\u2019s e outros materiais necess\u00e1rios para o enfrentamento da emerg\u00eancia em sa\u00fade p\u00fablica de import\u00e2ncia internacional, decorrente do novo Coronav\u00edrus (Covid \u2013 19\/ S\u00edndrome Respirat\u00f3ria Aguda Grave \u2013 SRAG).&hellip;<\/p>\n","category_list":"","author_info":{"name":"luizalbuquerque","url":"https:\/\/www.lai.pe.gov.br\/secmulher\/author\/luizalbuquerque\/"},"comments_num":"0 coment\u00e1rio","_links":{"self":[{"href":"https:\/\/www.lai.pe.gov.br\/secmulher\/wp-json\/wp\/v2\/pages\/710"}],"collection":[{"href":"https:\/\/www.lai.pe.gov.br\/secmulher\/wp-json\/wp\/v2\/pages"}],"about":[{"href":"https:\/\/www.lai.pe.gov.br\/secmulher\/wp-json\/wp\/v2\/types\/page"}],"author":[{"embeddable":true,"href":"https:\/\/www.lai.pe.gov.br\/secmulher\/wp-json\/wp\/v2\/users\/7"}],"replies":[{"embeddable":true,"href":"https:\/\/www.lai.pe.gov.br\/secmulher\/wp-json\/wp\/v2\/comments?post=710"}],"version-history":[{"count":3,"href":"https:\/\/www.lai.pe.gov.br\/secmulher\/wp-json\/wp\/v2\/pages\/710\/revisions"}],"predecessor-version":[{"id":779,"href":"https:\/\/www.lai.pe.gov.br\/secmulher\/wp-json\/wp\/v2\/pages\/710\/revisions\/779"}],"wp:attachment":[{"href":"https:\/\/www.lai.pe.gov.br\/secmulher\/wp-json\/wp\/v2\/media?parent=710"}],"curies":[{"name":"wp","href":"https:\/\/api.w.org\/{rel}","templated":true}]}}