{"id":310,"date":"2019-03-25T10:36:47","date_gmt":"2019-03-25T13:36:47","guid":{"rendered":"https:\/\/www.lai.pe.gov.br\/secmulher\/?page_id=310"},"modified":"2022-10-18T14:14:45","modified_gmt":"2022-10-18T17:14:45","slug":"convenios","status":"publish","type":"page","link":"https:\/\/www.lai.pe.gov.br\/secmulher\/convenios\/","title":{"rendered":"Conv\u00eanios"},"content":{"rendered":"\n<div id=\"kt-info-box_36c228-f9\" class=\"wp-block-kadence-infobox\"><a class=\"kt-blocks-info-box-link-wrap kt-blocks-info-box-media-align-left kt-info-halign-left\"><div class=\"kt-blocks-info-box-media kt-info-media-animate-flip\"><div class=\"kadence-info-box-icon-container kt-info-icon-animate-flip\"><div class=\"kadence-info-box-icon-inner-container\"><span style=\"justify-content:center;align-items:center\" class=\"kt-info-svg-icon kt-info-svg-icon-fas_info\"><svg viewbox=\"0 0 192 512\" height=\"50\" width=\"50\" xmlns=\"http:\/\/www.w3.org\/2000\/svg\"><path d=\"M20 424.229h20V279.771H20c-11.046 0-20-8.954-20-20V212c0-11.046 8.954-20 20-20h112c11.046 0 20 8.954 20 20v212.229h20c11.046 0 20 8.954 20 20V492c0 11.046-8.954 20-20 20H20c-11.046 0-20-8.954-20-20v-47.771c0-11.046 8.954-20 20-20zM96 0C56.235 0 24 32.235 24 72s32.235 72 72 72 72-32.235 72-72S135.764 0 96 0z\"><\/path><\/svg><\/span><span style=\"justify-content:center;align-items:center\" class=\"kt-info-svg-icon-flip kt-info-svg-icon-ic_info\"><svg viewbox=\"0 0 8 8\" height=\"50\" width=\"50\" xmlns=\"http:\/\/www.w3.org\/2000\/svg\"><path d=\"M3 0c-.55 0-1 .45-1 1s.45 1 1 1 1-.45 1-1-.45-1-1-1zm-1.5 2.5c-.83 0-1.5.67-1.5 1.5h1c0-.28.22-.5.5-.5s.5.22.5.5-1 1.64-1 2.5c0 .86.67 1.5 1.5 1.5s1.5-.67 1.5-1.5h-1c0 .28-.22.5-.5.5s-.5-.22-.5-.5c0-.36 1-1.84 1-2.5 0-.81-.67-1.5-1.5-1.5z\"><\/path><\/svg><\/span><\/div><\/div><\/div><div class=\"kt-infobox-textcontent\"><h2 class=\"kt-blocks-info-box-title\">O que h\u00e1 nesta p\u00e1gina!<\/h2><p class=\"kt-blocks-info-box-text\">Nesta se\u00e7\u00e3o s\u00e3o divulgadas informa\u00e7\u00f5es sobre os repasses e transfer\u00eancias de recursos financeiros efetuados pelo \u00f3rg\u00e3o ou entidade. As autoridades de monitoramento de cada \u00f3rg\u00e3o\/entidade ficam respons\u00e1veis por atualizar este m\u00f3dulo.<\/p><\/div><\/a><\/div>\n\n\n\n<h2>Documentos<\/h2>\n\n\n\n<h3><strong>Conv\u00eanios de Despesa<\/strong><\/h3>\n\n\n\n<p>A SecMulher n\u00e3o possui Conv\u00eanios de Despesa<\/p>\n\n\n\n<h3><strong>Conv\u00eanios de Coopera\u00e7\u00e3o T\u00e9cnica<\/strong><\/h3>\n\n\n\n<p>A SecMulher n\u00e3o possui Conv\u00eanios de Coopera\u00e7\u00e3o T\u00e9cnica<\/p>\n\n\n\n<h3><strong>Conv\u00eanios de Repasses ou Transfer\u00eancias de Recursos Financeiros<\/strong><\/h3>\n\n\n\n<div class=\"wp-block-file\"><a href=\"https:\/\/www.lai.pe.gov.br\/secmulher\/wp-content\/uploads\/sites\/93\/2022\/10\/Relatorio-de-Convenio-SECMULHER-2022-2.xlsx\" target=\"_blank\" rel=\"noreferrer noopener\">Relat\u00f3rio de Conv\u00eanio &#8211; SECMULHER 2022<\/a><a href=\"https:\/\/www.lai.pe.gov.br\/secmulher\/wp-content\/uploads\/sites\/93\/2022\/10\/Relatorio-de-Convenio-SECMULHER-2022-2.xlsx\" class=\"wp-block-file__button\" download>Baixar<\/a><\/div>\n\n\n\n<div class=\"wp-block-file\"><a href=\"https:\/\/www.lai.pe.gov.br\/secmulher\/wp-content\/uploads\/sites\/93\/2021\/10\/Relatorio-de-Convenio-SECMULHER-2021.xlsx\" target=\"_blank\" rel=\"noreferrer noopener\">Relat\u00f3rio de Conv\u00eanio &#8211; SECMULHER 2021<\/a><a href=\"https:\/\/www.lai.pe.gov.br\/secmulher\/wp-content\/uploads\/sites\/93\/2021\/10\/Relatorio-de-Convenio-SECMULHER-2021.xlsx\" class=\"wp-block-file__button\" download>Baixar<\/a><\/div>\n\n\n\n<div class=\"wp-block-file\"><a href=\"https:\/\/www.lai.pe.gov.br\/secmulher\/wp-content\/uploads\/sites\/93\/2021\/01\/Relatorio-de-Convenio-SECMULHER-2020.xls\" target=\"_blank\" rel=\"noreferrer noopener\">Relat\u00f3rio de Conv\u00eanio &#8211; SECMULHER 2020<\/a><a href=\"https:\/\/www.lai.pe.gov.br\/secmulher\/wp-content\/uploads\/sites\/93\/2021\/01\/Relatorio-de-Convenio-SECMULHER-2020.xls\" class=\"wp-block-file__button\" download>Baixar<\/a><\/div>\n\n\n\n<div class=\"wp-block-file\"><a href=\"https:\/\/www.lai.pe.gov.br\/secmulher\/wp-content\/uploads\/sites\/93\/2019\/08\/SecMulherPE_Conv\u00eanios_2019.xls\" target=\"_blank\" rel=\"noreferrer noopener\">Relat\u00f3rio de Conv\u00eanio &#8211; SECMULHER 2019<\/a><a href=\"https:\/\/www.lai.pe.gov.br\/secmulher\/wp-content\/uploads\/sites\/93\/2019\/08\/SecMulherPE_Conv\u00eanios_2019.xls\" class=\"wp-block-file__button\" download>Baixar<\/a><\/div>\n\n\n\n<div class=\"wp-block-file\"><a href=\"https:\/\/www.lai.pe.gov.br\/secmulher\/wp-content\/uploads\/sites\/93\/2019\/04\/SecMulherPE_Conv\u00eanios_2018.xls\" target=\"_blank\" rel=\"noreferrer noopener\">Relat\u00f3rio de Conv\u00eanio &#8211; SECMULHER 2018<\/a><a href=\"https:\/\/www.lai.pe.gov.br\/secmulher\/wp-content\/uploads\/sites\/93\/2019\/04\/SecMulherPE_Conv\u00eanios_2018.xls\" class=\"wp-block-file__button\" download>Baixar<\/a><\/div>\n\n\n\n<div class=\"wp-block-file\"><a href=\"https:\/\/www.lai.pe.gov.br\/secmulher\/wp-content\/uploads\/sites\/93\/2019\/04\/SecMulherPE_Conv\u00eanios_2017.xls\" target=\"_blank\" rel=\"noreferrer noopener\">Relat\u00f3rio de Conv\u00eanio &#8211; SECMULHER 2017<\/a><a href=\"https:\/\/www.lai.pe.gov.br\/secmulher\/wp-content\/uploads\/sites\/93\/2019\/04\/SecMulherPE_Conv\u00eanios_2017.xls\" class=\"wp-block-file__button\" download>Baixar<\/a><\/div>\n\n\n\n<div class=\"wp-block-file\"><a href=\"https:\/\/www.lai.pe.gov.br\/secmulher\/wp-content\/uploads\/sites\/93\/2019\/04\/SecMulherPE_Conv\u00eanios_2016.xls\" target=\"_blank\" rel=\"noreferrer noopener\">Relat\u00f3rio de Conv\u00eanio &#8211; SECMULHER 2016<\/a><a href=\"https:\/\/www.lai.pe.gov.br\/secmulher\/wp-content\/uploads\/sites\/93\/2019\/04\/SecMulherPE_Conv\u00eanios_2016.xls\" class=\"wp-block-file__button\" download>Baixar<\/a><\/div>\n\n\n\n<div class=\"wp-block-file\"><a href=\"https:\/\/www.lai.pe.gov.br\/secmulher\/wp-content\/uploads\/sites\/93\/2019\/04\/SecMulherPE_Conv\u00eanios_2015.xls\" target=\"_blank\" rel=\"noreferrer noopener\">Relat\u00f3rio de Conv\u00eanio &#8211; SECMULHER 2015<\/a><a href=\"https:\/\/www.lai.pe.gov.br\/secmulher\/wp-content\/uploads\/sites\/93\/2019\/04\/SecMulherPE_Conv\u00eanios_2015.xls\" class=\"wp-block-file__button\" download>Baixar<\/a><\/div>\n\n\n\n<p><\/p>\n<style class=\"advgb-styles-renderer\">#kt-info-box_36c228-f9 .kt-blocks-info-box-link-wrap {border-color:rgba(136, 136, 136, 1);border-radius:20px;background:rgba(255, 255, 255, 1);padding:20px 20px 20px 20px;border-width:2px 2px 2px 2px;}#kt-info-box_36c228-f9 .kt-blocks-info-box-link-wrap:hover {border-color:rgba(136, 136, 136, 1);background:rgba(255, 255, 255, 1);}#kt-info-box_36c228-f9 .kt-info-svg-icon, #kt-info-box_36c228-f9 .kt-blocks-info-box-number {font-size:50px;}#kt-info-box_36c228-f9 .kt-blocks-info-box-media {color:#ffffff;background:#555555;border-color:#444444;border-radius:200px;border-width:0px 0px 0px 0px;padding:20px 20px 20px 20px;margin:0px 15px 0px 15px;}#kt-info-box_36c228-f9 .kt-blocks-info-box-media img {border-radius:200px;}#kt-info-box_36c228-f9 .kt-blocks-info-box-link-wrap:hover .kt-blocks-info-box-media {color:#ffffff;background:#444444;border-color:#444444;}#kt-info-box_36c228-f9 .kt-blocks-info-box-title {padding:0px 0px 0px 0px;margin:5px 0px 10px 0px;}#kt-info-box_36c228-f9 .kt-blocks-info-box-text {}#kt-info-box_36c228-f9 .kt-blocks-info-box-link-wrap:hover {box-shadow:0px 0px 14px 0px rgba(0,0,0,0.2);}<\/style>","protected":false},"excerpt":{"rendered":"<p>Documentos Conv\u00eanios de Despesa A SecMulher n\u00e3o possui Conv\u00eanios de Despesa Conv\u00eanios de Coopera\u00e7\u00e3o T\u00e9cnica A SecMulher n\u00e3o possui Conv\u00eanios de Coopera\u00e7\u00e3o T\u00e9cnica Conv\u00eanios de Repasses ou Transfer\u00eancias de Recursos Financeiros<\/p>\n","protected":false},"author":4,"featured_media":0,"parent":0,"menu_order":0,"comment_status":"closed","ping_status":"closed","template":"","meta":{"advgb_blocks_editor_width":"","advgb_blocks_columns_visual_guide":"","kt_blocks_editor_width":""},"featured_image_urls":{"full":"","thumbnail":"","medium":"","medium_large":"","large":"","1536x1536":"","2048x2048":""},"post_excerpt_stackable":"<p>O que h\u00e1 nesta p\u00e1gina!Nesta se\u00e7\u00e3o s\u00e3o divulgadas informa\u00e7\u00f5es sobre os repasses e transfer\u00eancias de recursos financeiros efetuados pelo \u00f3rg\u00e3o ou entidade. As autoridades de monitoramento de cada \u00f3rg\u00e3o\/entidade ficam respons\u00e1veis por atualizar este m\u00f3dulo. Documentos Conv\u00eanios de Despesa A SecMulher n\u00e3o possui Conv\u00eanios de Despesa Conv\u00eanios de Coopera\u00e7\u00e3o T\u00e9cnica A SecMulher n\u00e3o possui Conv\u00eanios de Coopera\u00e7\u00e3o T\u00e9cnica Conv\u00eanios de Repasses ou Transfer\u00eancias de Recursos Financeiros Relat\u00f3rio de Conv\u00eanio &#8211; SECMULHER 2022Baixar Relat\u00f3rio de Conv\u00eanio &#8211; SECMULHER 2021Baixar Relat\u00f3rio de Conv\u00eanio &#8211; SECMULHER 2020Baixar Relat\u00f3rio de Conv\u00eanio &#8211; SECMULHER 2019Baixar Relat\u00f3rio de Conv\u00eanio &#8211; SECMULHER 2018Baixar Relat\u00f3rio de Conv\u00eanio &#8211;&hellip;<\/p>\n","category_list":"","author_info":{"name":"Admin","url":"https:\/\/www.lai.pe.gov.br\/secmulher\/author\/admintemp\/"},"comments_num":"0 coment\u00e1rio","_links":{"self":[{"href":"https:\/\/www.lai.pe.gov.br\/secmulher\/wp-json\/wp\/v2\/pages\/310"}],"collection":[{"href":"https:\/\/www.lai.pe.gov.br\/secmulher\/wp-json\/wp\/v2\/pages"}],"about":[{"href":"https:\/\/www.lai.pe.gov.br\/secmulher\/wp-json\/wp\/v2\/types\/page"}],"author":[{"embeddable":true,"href":"https:\/\/www.lai.pe.gov.br\/secmulher\/wp-json\/wp\/v2\/users\/4"}],"replies":[{"embeddable":true,"href":"https:\/\/www.lai.pe.gov.br\/secmulher\/wp-json\/wp\/v2\/comments?post=310"}],"version-history":[{"count":36,"href":"https:\/\/www.lai.pe.gov.br\/secmulher\/wp-json\/wp\/v2\/pages\/310\/revisions"}],"predecessor-version":[{"id":1400,"href":"https:\/\/www.lai.pe.gov.br\/secmulher\/wp-json\/wp\/v2\/pages\/310\/revisions\/1400"}],"wp:attachment":[{"href":"https:\/\/www.lai.pe.gov.br\/secmulher\/wp-json\/wp\/v2\/media?parent=310"}],"curies":[{"name":"wp","href":"https:\/\/api.w.org\/{rel}","templated":true}]}}