{"id":291,"date":"2019-03-25T10:24:42","date_gmt":"2019-03-25T13:24:42","guid":{"rendered":"https:\/\/www.lai.pe.gov.br\/secmulher\/?page_id=291"},"modified":"2024-07-12T09:16:20","modified_gmt":"2024-07-12T12:16:20","slug":"execucao-orcamentaria-e-financeira","status":"publish","type":"page","link":"https:\/\/www.lai.pe.gov.br\/secmulher\/execucao-orcamentaria-e-financeira\/","title":{"rendered":"Execu\u00e7\u00e3o Or\u00e7ament\u00e1ria e Financeira"},"content":{"rendered":"\n<div id=\"kt-info-box_36c228-f9\" class=\"wp-block-kadence-infobox\"><a class=\"kt-blocks-info-box-link-wrap kt-blocks-info-box-media-align-left kt-info-halign-left\"><div class=\"kt-blocks-info-box-media kt-info-media-animate-flip\"><div class=\"kadence-info-box-icon-container kt-info-icon-animate-flip\"><div class=\"kadence-info-box-icon-inner-container\"><span style=\"justify-content:center;align-items:center\" class=\"kt-info-svg-icon kt-info-svg-icon-fas_info\"><svg viewbox=\"0 0 192 512\" height=\"50\" width=\"50\" xmlns=\"http:\/\/www.w3.org\/2000\/svg\"><path d=\"M20 424.229h20V279.771H20c-11.046 0-20-8.954-20-20V212c0-11.046 8.954-20 20-20h112c11.046 0 20 8.954 20 20v212.229h20c11.046 0 20 8.954 20 20V492c0 11.046-8.954 20-20 20H20c-11.046 0-20-8.954-20-20v-47.771c0-11.046 8.954-20 20-20zM96 0C56.235 0 24 32.235 24 72s32.235 72 72 72 72-32.235 72-72S135.764 0 96 0z\"><\/path><\/svg><\/span><span style=\"justify-content:center;align-items:center\" class=\"kt-info-svg-icon-flip kt-info-svg-icon-ic_info\"><svg viewbox=\"0 0 8 8\" height=\"50\" width=\"50\" xmlns=\"http:\/\/www.w3.org\/2000\/svg\"><path d=\"M3 0c-.55 0-1 .45-1 1s.45 1 1 1 1-.45 1-1-.45-1-1-1zm-1.5 2.5c-.83 0-1.5.67-1.5 1.5h1c0-.28.22-.5.5-.5s.5.22.5.5-1 1.64-1 2.5c0 .86.67 1.5 1.5 1.5s1.5-.67 1.5-1.5h-1c0 .28-.22.5-.5.5s-.5-.22-.5-.5c0-.36 1-1.84 1-2.5 0-.81-.67-1.5-1.5-1.5z\"><\/path><\/svg><\/span><\/div><\/div><\/div><div class=\"kt-infobox-textcontent\"><h2 class=\"kt-blocks-info-box-title\">O que h\u00e1 nesta p\u00e1gina!<\/h2><p class=\"kt-blocks-info-box-text\">Nesta se\u00e7\u00e3o s\u00e3o divulgadas informa\u00e7\u00f5es sobre a execu\u00e7\u00e3o or\u00e7ament\u00e1ria e financeira detalhada do \u00d3rg\u00e3o ou entidade.<\/p><\/div><\/a><\/div>\n\n\n\n<div style=\"height:49px\" aria-hidden=\"true\" class=\"wp-block-spacer\"><\/div>\n\n\n\n<div id=\"kt-info-box_58a8d3-32\" class=\"wp-block-kadence-infobox\"><a class=\"kt-blocks-info-box-link-wrap kt-blocks-info-box-media-align-top kt-info-halign-center\" target=\"_blank\" rel=\"noopener noreferrer\" href=\"https:\/\/transparencia.pe.gov.br\/despesas\/menu-despesas\/despesas-detalhadas\/\"><div class=\"kt-blocks-info-box-media-container\"><div class=\"kt-blocks-info-box-media kt-info-media-animate-none\"><div class=\"kadence-info-box-icon-container kt-info-icon-animate-none\"><div class=\"kadence-info-box-icon-inner-container\"><span style=\"display:block;justify-content:center;align-items:center\" class=\"kt-info-svg-icon kt-info-svg-icon-fas_file-invoice-dollar\"><svg style=\"display:inline-block;vertical-align:middle\" viewbox=\"0 0 384 512\" height=\"80\" width=\"80\" fill=\"currentColor\" xmlns=\"http:\/\/www.w3.org\/2000\/svg\"><path d=\"M377 105L279.1 7c-4.5-4.5-10.6-7-17-7H256v128h128v-6.1c0-6.3-2.5-12.4-7-16.9zm-153 31V0H24C10.7 0 0 10.7 0 24v464c0 13.3 10.7 24 24 24h336c13.3 0 24-10.7 24-24V160H248c-13.2 0-24-10.8-24-24zM64 72c0-4.42 3.58-8 8-8h80c4.42 0 8 3.58 8 8v16c0 4.42-3.58 8-8 8H72c-4.42 0-8-3.58-8-8V72zm0 80v-16c0-4.42 3.58-8 8-8h80c4.42 0 8 3.58 8 8v16c0 4.42-3.58 8-8 8H72c-4.42 0-8-3.58-8-8zm144 263.88V440c0 4.42-3.58 8-8 8h-16c-4.42 0-8-3.58-8-8v-24.29c-11.29-.58-22.27-4.52-31.37-11.35-3.9-2.93-4.1-8.77-.57-12.14l11.75-11.21c2.77-2.64 6.89-2.76 10.13-.73 3.87 2.42 8.26 3.72 12.82 3.72h28.11c6.5 0 11.8-5.92 11.8-13.19 0-5.95-3.61-11.19-8.77-12.73l-45-13.5c-18.59-5.58-31.58-23.42-31.58-43.39 0-24.52 19.05-44.44 42.67-45.07V232c0-4.42 3.58-8 8-8h16c4.42 0 8 3.58 8 8v24.29c11.29.58 22.27 4.51 31.37 11.35 3.9 2.93 4.1 8.77.57 12.14l-11.75 11.21c-2.77 2.64-6.89 2.76-10.13.73-3.87-2.43-8.26-3.72-12.82-3.72h-28.11c-6.5 0-11.8 5.92-11.8 13.19 0 5.95 3.61 11.19 8.77 12.73l45 13.5c18.59 5.58 31.58 23.42 31.58 43.39 0 24.53-19.05 44.44-42.67 45.07z\"><\/path><\/svg><\/span><\/div><\/div><\/div><\/div><div class=\"kt-infobox-textcontent\"><h2 class=\"kt-blocks-info-box-title\">As despesas da SECMULHER poder\u00e3o ser consultadas atrav\u00e9s do Portal da Transpar\u00eancia<\/h2><div class=\"kt-blocks-info-box-learnmore-wrap\"><span class=\"kt-blocks-info-box-learnmore\">Clique aqui<\/span><\/div><\/div><\/a><\/div>\n\n\n\n<h2>Documentos<\/h2>\n\n\n\n<h3>Despesas com Viagens<\/h3>\n\n\n\n<div class=\"wp-block-file\"><a href=\"https:\/\/www.lai.pe.gov.br\/secmulher\/wp-content\/uploads\/sites\/93\/2023\/07\/Anexo-VII-Diarias-e-Passagens-item-2023-4.xlsx\" target=\"_blank\" rel=\"noreferrer noopener\">MAPA DE DI\u00c1RIAS E PASSAGENS &#8211; SECMULHER 2023 <\/a><a href=\"https:\/\/www.lai.pe.gov.br\/secmulher\/wp-content\/uploads\/sites\/93\/2023\/07\/Anexo-VII-Diarias-e-Passagens-item-2023-4.xlsx\" class=\"wp-block-file__button\" download>Baixar<\/a><\/div>\n\n\n\n<div class=\"wp-block-file\"><a href=\"https:\/\/www.lai.pe.gov.br\/secmulher\/wp-content\/uploads\/sites\/93\/2022\/12\/MAPA-DE-DIARIAS-E-PASSAGENS-SECMULHER-2022.xlsx\" target=\"_blank\" rel=\"noreferrer noopener\">MAPA DE DI\u00c1RIAS E PASSAGENS &#8211; SECMULHER 2022<\/a><a href=\"https:\/\/www.lai.pe.gov.br\/secmulher\/wp-content\/uploads\/sites\/93\/2022\/12\/MAPA-DE-DIARIAS-E-PASSAGENS-SECMULHER-2022.xlsx\" class=\"wp-block-file__button\" download>Baixar<\/a><\/div>\n\n\n\n<div class=\"wp-block-file\"><a href=\"https:\/\/www.lai.pe.gov.br\/secmulher\/wp-content\/uploads\/sites\/93\/2022\/01\/MAPA-DE-VIAGENS-E-DIARIAS-SECMULHER-2021.xlsx\" target=\"_blank\" rel=\"noreferrer noopener\">MAPA DE VIAGENS E DI\u00c1RIAS &#8211; SECMULHER 2021<\/a><a href=\"https:\/\/www.lai.pe.gov.br\/secmulher\/wp-content\/uploads\/sites\/93\/2022\/01\/MAPA-DE-VIAGENS-E-DIARIAS-SECMULHER-2021.xlsx\" class=\"wp-block-file__button\" download>Baixar<\/a><\/div>\n\n\n\n<div class=\"wp-block-file\"><a href=\"https:\/\/www.lai.pe.gov.br\/secmulher\/wp-content\/uploads\/sites\/93\/2021\/01\/MAPA-DE-VIAGENS-E-DIARIAS-SECMULHER-2021.xls\" target=\"_blank\" rel=\"noreferrer noopener\">MAPA DE VIAGENS E DI\u00c1RIAS &#8211; SECMULHER 2020<\/a><a href=\"https:\/\/www.lai.pe.gov.br\/secmulher\/wp-content\/uploads\/sites\/93\/2021\/01\/MAPA-DE-VIAGENS-E-DIARIAS-SECMULHER-2021.xls\" class=\"wp-block-file__button\" download>Baixar<\/a><\/div>\n\n\n\n<div class=\"wp-block-file\"><a href=\"https:\/\/www.lai.pe.gov.br\/secmulher\/wp-content\/uploads\/sites\/93\/2020\/01\/SecMulherPE_Execu\u00e7\u00e3o-Financeira-Mapa-de-Viagens-2019.xls\" target=\"_blank\" rel=\"noreferrer noopener\">MAPA DE VIAGENS E DI\u00c1RIAS &#8211; SECMULHER 2019<\/a><a href=\"https:\/\/www.lai.pe.gov.br\/secmulher\/wp-content\/uploads\/sites\/93\/2020\/01\/SecMulherPE_Execu\u00e7\u00e3o-Financeira-Mapa-de-Viagens-2019.xls\" class=\"wp-block-file__button\" download>Baixar<\/a><\/div>\n\n\n\n<div class=\"wp-block-file\"><a href=\"https:\/\/www.lai.pe.gov.br\/secmulher\/wp-content\/uploads\/sites\/93\/2019\/04\/SecMulherPE_Execu\u00e7\u00e3o-Financeira-Mapa-de-Viagens-2018.xls\" target=\"_blank\" rel=\"noreferrer noopener\">MAPA DE VIAGENS E DI\u00c1RIAS &#8211; SECMULHER 2018<\/a><a href=\"https:\/\/www.lai.pe.gov.br\/secmulher\/wp-content\/uploads\/sites\/93\/2019\/04\/SecMulherPE_Execu\u00e7\u00e3o-Financeira-Mapa-de-Viagens-2018.xls\" class=\"wp-block-file__button\" download>Baixar<\/a><\/div>\n\n\n\n<div class=\"wp-block-file\"><a href=\"https:\/\/www.lai.pe.gov.br\/secmulher\/wp-content\/uploads\/sites\/93\/2019\/04\/SecMulherPE_Execu\u00e7\u00e3o-Financeira-Mapa-de-Viagens_2017.xlsx\" target=\"_blank\" rel=\"noreferrer noopener\">MAPA DE VIAGENS E DI\u00c1RIAS &#8211; SECMULHER 2017<\/a><a href=\"https:\/\/www.lai.pe.gov.br\/secmulher\/wp-content\/uploads\/sites\/93\/2019\/04\/SecMulherPE_Execu\u00e7\u00e3o-Financeira-Mapa-de-Viagens_2017.xlsx\" class=\"wp-block-file__button\" download>Baixar<\/a><\/div>\n\n\n\n<div class=\"wp-block-file\"><a href=\"https:\/\/www.lai.pe.gov.br\/secmulher\/wp-content\/uploads\/sites\/93\/2019\/04\/SecMulherPE_Execu\u00e7\u00e3o-Financeira-Mapa-de-Viagens_2016.xls\" target=\"_blank\" rel=\"noreferrer noopener\">MAPA DE VIAGENS E DI\u00c1RIAS &#8211; SECMULHER 2016<\/a><a href=\"https:\/\/www.lai.pe.gov.br\/secmulher\/wp-content\/uploads\/sites\/93\/2019\/04\/SecMulherPE_Execu\u00e7\u00e3o-Financeira-Mapa-de-Viagens_2016.xls\" class=\"wp-block-file__button\" download>Baixar<\/a><\/div>\n\n\n\n<div class=\"wp-block-file\"><a href=\"https:\/\/www.lai.pe.gov.br\/secmulher\/wp-content\/uploads\/sites\/93\/2019\/04\/SecMulherPE_Execu\u00e7\u00e3o-Financeira-Mapa-de-Viagens_2015.xls\" target=\"_blank\" rel=\"noreferrer noopener\">MAPA DE VIAGENS E DI\u00c1RIAS &#8211;  SECMULHER 2015<\/a><a href=\"https:\/\/www.lai.pe.gov.br\/secmulher\/wp-content\/uploads\/sites\/93\/2019\/04\/SecMulherPE_Execu\u00e7\u00e3o-Financeira-Mapa-de-Viagens_2015.xls\" class=\"wp-block-file__button\" download>Baixar<\/a><\/div>\n\n\n\n<p><\/p>\n\n\n\n<h3>Terceirizados<\/h3>\n\n\n\n<div class=\"wp-block-file\"><a href=\"https:\/\/www.lai.pe.gov.br\/secmulher\/wp-content\/uploads\/sites\/93\/2022\/12\/MAPA-DEMONSTRATIVO-DE-TERCEIRIZADOS-SECMULHER-2022-7.xlsx\" target=\"_blank\" rel=\"noreferrer noopener\">MAPA DEMONSTRATIVO DE TERCEIRIZADOS SECMULHER &#8211; 2022<\/a><a href=\"https:\/\/www.lai.pe.gov.br\/secmulher\/wp-content\/uploads\/sites\/93\/2022\/12\/MAPA-DEMONSTRATIVO-DE-TERCEIRIZADOS-SECMULHER-2022-7.xlsx\" class=\"wp-block-file__button\" download>Baixar<\/a><\/div>\n\n\n\n<div class=\"wp-block-file\"><a href=\"https:\/\/www.lai.pe.gov.br\/secmulher\/wp-content\/uploads\/sites\/93\/2021\/11\/MAPA-DEMONSTRATIVO-DE-TERCEIRIZADOS-SECMULHER-2021.xlsx\" target=\"_blank\" rel=\"noreferrer noopener\">MAPA DEMONSTRATIVO DE TERCEIRIZADOS SECMULHER &#8211; 2021<\/a><a href=\"https:\/\/www.lai.pe.gov.br\/secmulher\/wp-content\/uploads\/sites\/93\/2021\/11\/MAPA-DEMONSTRATIVO-DE-TERCEIRIZADOS-SECMULHER-2021.xlsx\" class=\"wp-block-file__button\" download>Baixar<\/a><\/div>\n\n\n\n<div class=\"wp-block-file\"><a href=\"https:\/\/www.lai.pe.gov.br\/secmulher\/wp-content\/uploads\/sites\/93\/2020\/12\/MAPA-DEMONSTRATIVO-DE-TERCEIRIZADOS-SECMULHER-2020.xlsx\" target=\"_blank\" rel=\"noreferrer noopener\">MAPA DEMONSTRATIVO DE TERCEIRIZADOS SECMULHER &#8211; 2020<\/a><a href=\"https:\/\/www.lai.pe.gov.br\/secmulher\/wp-content\/uploads\/sites\/93\/2020\/12\/MAPA-DEMONSTRATIVO-DE-TERCEIRIZADOS-SECMULHER-2020.xlsx\" class=\"wp-block-file__button\" download>Baixar<\/a><\/div>\n\n\n\n<div class=\"wp-block-file\"><a href=\"https:\/\/www.lai.pe.gov.br\/secmulher\/wp-content\/uploads\/sites\/93\/2020\/06\/MAPA-DEMONSTRATIVO-DE-TERCEIRIZADOS-SECMULHER-2019.xlsx\" target=\"_blank\" rel=\"noreferrer noopener\">MAPA DEMONSTRATIVO DE TERCEIRIZADOS SECMULHER &#8211; 2019<\/a><a href=\"https:\/\/www.lai.pe.gov.br\/secmulher\/wp-content\/uploads\/sites\/93\/2020\/06\/MAPA-DEMONSTRATIVO-DE-TERCEIRIZADOS-SECMULHER-2019.xlsx\" class=\"wp-block-file__button\" download>Baixar<\/a><\/div>\n\n\n\n<div class=\"wp-block-file\"><a href=\"https:\/\/www.lai.pe.gov.br\/secmulher\/wp-content\/uploads\/sites\/93\/2020\/06\/MAPA-DEMONSTRATIVO-DE-TERCEIRIZADOS-SECMULHER-2018.xlsx\" target=\"_blank\" rel=\"noreferrer noopener\">MAPA DEMONSTRATIVO DE TERCEIRIZADOS SECMULHER &#8211; 2018<\/a><a href=\"https:\/\/www.lai.pe.gov.br\/secmulher\/wp-content\/uploads\/sites\/93\/2020\/06\/MAPA-DEMONSTRATIVO-DE-TERCEIRIZADOS-SECMULHER-2018.xlsx\" class=\"wp-block-file__button\" download>Baixar<\/a><\/div>\n\n\n\n<div class=\"wp-block-file\"><a href=\"https:\/\/www.lai.pe.gov.br\/secmulher\/wp-content\/uploads\/sites\/93\/2019\/04\/SecMulherPE_Execu\u00e7\u00e3o-Financeira-Mapa_Terceirizadasos_2017.xlsx\" target=\"_blank\" rel=\"noreferrer noopener\"> MAPA DEMONSTRATIVO DE TERCEIRIZADOS SECMULHER &#8211; 2017<\/a><a href=\"https:\/\/www.lai.pe.gov.br\/secmulher\/wp-content\/uploads\/sites\/93\/2019\/04\/SecMulherPE_Execu\u00e7\u00e3o-Financeira-Mapa_Terceirizadasos_2017.xlsx\" class=\"wp-block-file__button\" download>Baixar<\/a><\/div>\n\n\n\n<div class=\"wp-block-file\"><a href=\"https:\/\/www.lai.pe.gov.br\/secmulher\/wp-content\/uploads\/sites\/93\/2020\/06\/SecMulherPE_Execu\u00e7\u00e3o-Financeira-Mapa_Terceirizadasos_2016.xlsx\" target=\"_blank\" rel=\"noreferrer noopener\">MAPA DEMONSTRATIVO DE TERCEIRIZADOS SECMULHER &#8211; 2016 <\/a><a href=\"https:\/\/www.lai.pe.gov.br\/secmulher\/wp-content\/uploads\/sites\/93\/2020\/06\/SecMulherPE_Execu\u00e7\u00e3o-Financeira-Mapa_Terceirizadasos_2016.xlsx\" class=\"wp-block-file__button\" download>Baixar<\/a><\/div>\n\n\n\n<div class=\"wp-block-file\"><a href=\"https:\/\/www.lai.pe.gov.br\/secmulher\/wp-content\/uploads\/sites\/93\/2020\/06\/SecMulherPE_Execu\u00e7\u00e3o-Financeira-Mapa_Terceirizadasos_2015.xlsx\" target=\"_blank\" rel=\"noreferrer noopener\">MAPA DEMONSTRATIVO DE TERCEIRIZADOS SECMULHER &#8211; 2015 <\/a><a href=\"https:\/\/www.lai.pe.gov.br\/secmulher\/wp-content\/uploads\/sites\/93\/2020\/06\/SecMulherPE_Execu\u00e7\u00e3o-Financeira-Mapa_Terceirizadasos_2015.xlsx\" class=\"wp-block-file__button\" download>Baixar<\/a><\/div>\n\n\n\n<p><\/p>\n<style class=\"advgb-styles-renderer\">#kt-info-box_36c228-f9 .kt-blocks-info-box-link-wrap {border-color:rgba(136, 136, 136, 1);border-radius:20px;background:rgba(255, 255, 255, 1);padding:20px 20px 20px 20px;border-width:2px 2px 2px 2px;}#kt-info-box_36c228-f9 .kt-blocks-info-box-link-wrap:hover {border-color:rgba(136, 136, 136, 1);background:rgba(255, 255, 255, 1);}#kt-info-box_36c228-f9 .kt-info-svg-icon, #kt-info-box_36c228-f9 .kt-blocks-info-box-number {font-size:50px;}#kt-info-box_36c228-f9 .kt-blocks-info-box-media {color:#ffffff;background:#555555;border-color:#444444;border-radius:200px;border-width:0px 0px 0px 0px;padding:20px 20px 20px 20px;margin:0px 15px 0px 15px;}#kt-info-box_36c228-f9 .kt-blocks-info-box-media img {border-radius:200px;}#kt-info-box_36c228-f9 .kt-blocks-info-box-link-wrap:hover .kt-blocks-info-box-media {color:#ffffff;background:#444444;border-color:#444444;}#kt-info-box_36c228-f9 .kt-blocks-info-box-title {padding:0px 0px 0px 0px;margin:5px 0px 10px 0px;}#kt-info-box_36c228-f9 .kt-blocks-info-box-text {}#kt-info-box_36c228-f9 .kt-blocks-info-box-link-wrap:hover {box-shadow:0px 0px 14px 0px rgba(0,0,0,0.2);}#kt-info-box_58a8d3-32 .kt-blocks-info-box-link-wrap {background:rgba(10, 102, 137, 1);padding:20px 20px 20px 20px;border-width:0px 0px 0px 0px;}#kt-info-box_58a8d3-32 .kt-blocks-info-box-link-wrap:hover {border-color:rgba(238, 238, 238, 1);background:rgba(10, 102, 137, 1);}#kt-info-box_58a8d3-32 .kt-info-svg-icon, #kt-info-box_58a8d3-32 .kt-blocks-info-box-number {font-size:80px;}#kt-info-box_58a8d3-32 .kt-blocks-info-box-media {color:#ffffff;background:transparent;border-color:#444444;border-width:0px 0px 0px 0px;padding:10px 10px 10px 10px;}#kt-info-box_58a8d3-32 .kt-blocks-info-box-media-container {margin:0px 15px 0px 15px;}#kt-info-box_58a8d3-32 .kt-blocks-info-box-link-wrap:hover .kt-blocks-info-box-media {color:#ffffff;background:transparent;border-color:#444444;}#kt-info-box_58a8d3-32 .kt-blocks-info-box-title {color:#ffffff;padding:0px 0px 0px 0px;margin:5px 0px 10px 0px;}#kt-info-box_58a8d3-32 .kt-blocks-info-box-link-wrap:hover .kt-blocks-info-box-title {color:#ffffff;}#kt-info-box_58a8d3-32 .kt-blocks-info-box-text {color:#ffffff;}#kt-info-box_58a8d3-32 .kt-blocks-info-box-link-wrap:hover .kt-blocks-info-box-text {color:#ffffff;}#kt-info-box_58a8d3-32 .kt-blocks-info-box-learnmore {color:#ffffff;background:#0A6689;border-color:#ffffff;border-width:0px 0px 0px 0px;padding:4px 8px 4px 8px;margin:10px 0px 10px 0px;}#kt-info-box_58a8d3-32 .kt-blocks-info-box-link-wrap:hover .kt-blocks-info-box-learnmore {color:#0A6689;background:#ffffff;border-color:#ffffff;}<\/style>","protected":false},"excerpt":{"rendered":"<p>Documentos Despesas com Viagens Terceirizados<\/p>\n","protected":false},"author":4,"featured_media":0,"parent":0,"menu_order":0,"comment_status":"closed","ping_status":"closed","template":"","meta":{"advgb_blocks_editor_width":"","advgb_blocks_columns_visual_guide":"","kt_blocks_editor_width":""},"featured_image_urls":{"full":"","thumbnail":"","medium":"","medium_large":"","large":"","1536x1536":"","2048x2048":""},"post_excerpt_stackable":"<p>O que h\u00e1 nesta p\u00e1gina!Nesta se\u00e7\u00e3o s\u00e3o divulgadas informa\u00e7\u00f5es sobre a execu\u00e7\u00e3o or\u00e7ament\u00e1ria e financeira detalhada do \u00d3rg\u00e3o ou entidade. As despesas da SECMULHER poder\u00e3o ser consultadas atrav\u00e9s do Portal da Transpar\u00eanciaClique aqui Documentos Despesas com Viagens MAPA DE DI\u00c1RIAS E PASSAGENS &#8211; SECMULHER 2023 Baixar MAPA DE DI\u00c1RIAS E PASSAGENS &#8211; SECMULHER 2022Baixar MAPA DE VIAGENS E DI\u00c1RIAS &#8211; SECMULHER 2021Baixar MAPA DE VIAGENS E DI\u00c1RIAS &#8211; SECMULHER 2020Baixar MAPA DE VIAGENS E DI\u00c1RIAS &#8211; SECMULHER 2019Baixar MAPA DE VIAGENS E DI\u00c1RIAS &#8211; SECMULHER 2018Baixar MAPA DE VIAGENS E DI\u00c1RIAS &#8211; SECMULHER 2017Baixar MAPA DE VIAGENS E DI\u00c1RIAS &#8211;&hellip;<\/p>\n","category_list":"","author_info":{"name":"Admin","url":"https:\/\/www.lai.pe.gov.br\/secmulher\/author\/admintemp\/"},"comments_num":"0 coment\u00e1rio","_links":{"self":[{"href":"https:\/\/www.lai.pe.gov.br\/secmulher\/wp-json\/wp\/v2\/pages\/291"}],"collection":[{"href":"https:\/\/www.lai.pe.gov.br\/secmulher\/wp-json\/wp\/v2\/pages"}],"about":[{"href":"https:\/\/www.lai.pe.gov.br\/secmulher\/wp-json\/wp\/v2\/types\/page"}],"author":[{"embeddable":true,"href":"https:\/\/www.lai.pe.gov.br\/secmulher\/wp-json\/wp\/v2\/users\/4"}],"replies":[{"embeddable":true,"href":"https:\/\/www.lai.pe.gov.br\/secmulher\/wp-json\/wp\/v2\/comments?post=291"}],"version-history":[{"count":85,"href":"https:\/\/www.lai.pe.gov.br\/secmulher\/wp-json\/wp\/v2\/pages\/291\/revisions"}],"predecessor-version":[{"id":1522,"href":"https:\/\/www.lai.pe.gov.br\/secmulher\/wp-json\/wp\/v2\/pages\/291\/revisions\/1522"}],"wp:attachment":[{"href":"https:\/\/www.lai.pe.gov.br\/secmulher\/wp-json\/wp\/v2\/media?parent=291"}],"curies":[{"name":"wp","href":"https:\/\/api.w.org\/{rel}","templated":true}]}}