{"id":1228,"date":"2022-07-12T07:08:32","date_gmt":"2022-07-12T10:08:32","guid":{"rendered":"https:\/\/www.lai.pe.gov.br\/secmulher\/?page_id=1228"},"modified":"2022-11-10T07:54:47","modified_gmt":"2022-11-10T10:54:47","slug":"obras-e-servicos-de-engenharia","status":"publish","type":"page","link":"https:\/\/www.lai.pe.gov.br\/secmulher\/obras-e-servicos-de-engenharia\/","title":{"rendered":"Obras e Servi\u00e7os de Engenharia"},"content":{"rendered":"\n<div id=\"kt-info-box_36c228-f9\" class=\"wp-block-kadence-infobox\"><a class=\"kt-blocks-info-box-link-wrap kt-blocks-info-box-media-align-left kt-info-halign-left\"><div class=\"kt-blocks-info-box-media-container\"><div class=\"kt-blocks-info-box-media kt-info-media-animate-flip\"><div class=\"kadence-info-box-icon-container kt-info-icon-animate-flip\"><div class=\"kadence-info-box-icon-inner-container\"><span style=\"display:block;justify-content:center;align-items:center\" class=\"kt-info-svg-icon kt-info-svg-icon-fas_info\"><svg style=\"display:inline-block;vertical-align:middle\" viewbox=\"0 0 192 512\" height=\"50\" width=\"50\" fill=\"currentColor\" xmlns=\"http:\/\/www.w3.org\/2000\/svg\"><path d=\"M20 424.229h20V279.771H20c-11.046 0-20-8.954-20-20V212c0-11.046 8.954-20 20-20h112c11.046 0 20 8.954 20 20v212.229h20c11.046 0 20 8.954 20 20V492c0 11.046-8.954 20-20 20H20c-11.046 0-20-8.954-20-20v-47.771c0-11.046 8.954-20 20-20zM96 0C56.235 0 24 32.235 24 72s32.235 72 72 72 72-32.235 72-72S135.764 0 96 0z\"><\/path><\/svg><\/span><span style=\"display:block;justify-content:center;align-items:center\" class=\"kt-info-svg-icon-flip kt-info-svg-icon-ic_info\"><svg style=\"display:inline-block;vertical-align:middle\" viewbox=\"0 0 8 8\" height=\"50\" width=\"50\" fill=\"currentColor\" xmlns=\"http:\/\/www.w3.org\/2000\/svg\"><path d=\"M3 0c-.55 0-1 .45-1 1s.45 1 1 1 1-.45 1-1-.45-1-1-1zm-1.5 2.5c-.83 0-1.5.67-1.5 1.5h1c0-.28.22-.5.5-.5s.5.22.5.5-1 1.64-1 2.5c0 .86.67 1.5 1.5 1.5s1.5-.67 1.5-1.5h-1c0 .28-.22.5-.5.5s-.5-.22-.5-.5c0-.36 1-1.84 1-2.5 0-.81-.67-1.5-1.5-1.5z\" transform=\"translate(2)\"><\/path><\/svg><\/span><\/div><\/div><\/div><\/div><div class=\"kt-infobox-textcontent\"><h2 class=\"kt-blocks-info-box-title\">O que h\u00e1 nesta p\u00e1gina!<\/h2><p class=\"kt-blocks-info-box-text\">Nesta se\u00e7\u00e3o s\u00e3o divulgadas informa\u00e7\u00f5es referentes a execu\u00e7\u00e3o de obras  e servi\u00e7os de engenharias custeados, direta ou indiretamente, integral ou parcialmente com recursos p\u00fablicos estaduais. <\/p><\/div><\/a><\/div>\n\n\n\n<div style=\"height:20px\" aria-hidden=\"true\" class=\"wp-block-spacer\"><\/div>\n\n\n\n<p class=\"has-normal-font-size\">A divulga\u00e7\u00e3o  em s\u00edtios oficiais na rede mundial de computadores (internet), de dados atualizados sobre o acompanhamento execu\u00e7\u00e3o das obras e servi\u00e7os de engenharia ser\u00e1 estruturada sob os princ\u00edpios da transpar\u00eancia e efici\u00eancia, implementados pela Administra\u00e7\u00e3o P\u00fablica.  Neste espa\u00e7o est\u00e3o publicados, no m\u00ednimo, as seguintes informa\u00e7\u00f5es: <\/p>\n\n\n\n<div class=\"wp-block-ugb-icon-list ugb-icon-list ugb-2d230f8 ugb-icon-list--v2 ugb-icon--icon-check ugb-main-block\" id=\"\"><div class=\"ugb-inner-block\"><div class=\"ugb-block-content\"><ul><li><span style=\"color: #000000\" class=\"ugb-highlight\">Relat\u00f3rio com m\u00ednimo as seguintes informa\u00e7\u00f5es da obra\/ servi\u00e7os: empresas contratadas, identificadas com o respectivo Cadastro Nacional de Pessoa Jur\u00eddica e o n\u00famero do processo licitat\u00f3rio referente a obra em quest\u00e3o, etc. ;<\/span><\/li><li><span style=\"color: #000000\" class=\"ugb-highlight\">Editais e extratos de publica\u00e7\u00e3o;<\/span><\/li><li><span style=\"color: #000000\" class=\"ugb-highlight\">C\u00f3pia digital, com suas altera\u00e7\u00f5es, dos instrumentos de contrato, parceria, conv\u00eanios ou qualquer outro acordo para transfer\u00eancia de recursos;<\/span><\/li><li><span style=\"color: #000000\" class=\"ugb-highlight\">Cronograma de execu\u00e7\u00e3o f\u00edsico e financeiro, incluindo eventuais altera\u00e7\u00f5es, em caso de paralisa\u00e7\u00e3o da obra, atraso ou altera\u00e7\u00e3o de cronograma e as justificativas;<\/span><\/li><li><span style=\"color: #000000\" class=\"ugb-highlight\">Relat\u00f3rio trimestral de execu\u00e7\u00e3o da obra, contendo informa\u00e7\u00f5es sobre o cumprimento do cronograma, as medi\u00e7\u00f5es realizadas e os pagamentos efetuados;<\/span><\/li><\/ul><\/div><\/div><\/div>\n\n\n\n<p>Caso a entidade n\u00e3o esteja realizando obras e servi\u00e7os de engenharia deve apresentar c\u00f3pia da declara\u00e7\u00e3o negativa encaminhada ao TCE.<\/p>\n\n\n\n<h2>Informa\u00e7\u00f5es Gerais das Obras<\/h2>\n\n\n\n<div class=\"wp-block-file\"><a href=\"https:\/\/www.lai.pe.gov.br\/secmulher\/wp-content\/uploads\/sites\/93\/2022\/11\/ANEXO-III-INFORMACOES-GERAIS-DE-OBRAS-E-SERVICOS-DE-ENGENHARIA-item-7.1.xlsx\">Dados Gerais das Obras<\/a><a href=\"https:\/\/www.lai.pe.gov.br\/secmulher\/wp-content\/uploads\/sites\/93\/2022\/11\/ANEXO-III-INFORMACOES-GERAIS-DE-OBRAS-E-SERVICOS-DE-ENGENHARIA-item-7.1.xlsx\" class=\"wp-block-file__button\" download>Baixar<\/a><\/div>\n\n\n\n<h2>Rela\u00e7\u00e3o de obras\/ Servi\u00e7os<\/h2>\n\n\n\n<div class=\"wp-block-advgb-accordions advgb-accordion-wrapper\">\n<div class=\"wp-block-advgb-accordion-item advgb-accordion-item\" style=\"margin-bottom:15px\"><div class=\"advgb-accordion-header\" style=\"background-color:#4a6795;color:#eee;border-style:solid;border-radius:12px\"><span class=\"advgb-accordion-header-icon\"><svg fill=\"#fff\" xmlns=\"http:\/\/www.w3.org\/2000\/svg\" width=\"24\" height=\"24\" viewbox=\"0 0 24 24\"><path fill=\"none\" d=\"M0,0h24v24H0V0z\"><\/path><path d=\"M13,7h-2v4H7v2h4v4h2v-4h4v-2h-4V7z M12,2C6.48,2,2,6.48,2,12s4.48,10,10,10s10-4.48,10-10S17.52,2,12,2z M12,20 c-4.41,0-8-3.59-8-8s3.59-8,8-8s8,3.59,8,8S16.41,20,12,20z\"><\/path><\/svg><\/span><h4 class=\"advgb-accordion-header-title\" style=\"color:inherit\">Demonstrativos de Obras e Servi\u00e7os de Engenharia<\/h4><\/div><div class=\"advgb-accordion-body\" style=\"border-style:solid !important;border-color:undefined !important;border-top:none !important;border-radius:12px !important\">\n<h5><strong>Obras na vig\u00eancia da Lei n\u00ba 17078\/2020<\/strong><\/h5>\n\n\n\n<div class=\"wp-block-file\"><a href=\"https:\/\/www.lai.pe.gov.br\/secmulher\/wp-content\/uploads\/sites\/93\/2022\/10\/Mapa-Demonstrativo-de-Obras-1o-Trimestre-2022.pdf\">Mapa Demonstrativo de Obras 1\u00ba Trimestre 2022<\/a><a href=\"https:\/\/www.lai.pe.gov.br\/secmulher\/wp-content\/uploads\/sites\/93\/2022\/10\/Mapa-Demonstrativo-de-Obras-1o-Trimestre-2022.pdf\" class=\"wp-block-file__button\" download>Baixar<\/a><\/div>\n\n\n\n<div class=\"wp-block-file\"><a href=\"https:\/\/www.lai.pe.gov.br\/secmulher\/wp-content\/uploads\/sites\/93\/2022\/10\/Mapa-Demonstrativo-de-Obras-2-Trimestre-2022.ods\">Mapa Demonstrativo de Obras 2\u00ba&nbsp;Trimestre 2022<\/a><a href=\"https:\/\/www.lai.pe.gov.br\/secmulher\/wp-content\/uploads\/sites\/93\/2022\/10\/Mapa-Demonstrativo-de-Obras-2-Trimestre-2022.ods\" class=\"wp-block-file__button\" download>Baixar<\/a><\/div>\n\n\n\n<div class=\"wp-block-file\"><a href=\"https:\/\/www.lai.pe.gov.br\/secmulher\/wp-content\/uploads\/sites\/93\/2022\/10\/Relatorio-Consolidado-1-Trimestre-2022.doc\">Relat\u00f3rio Consolidado &#8211; 1\u00ba Trimestre 2022<\/a><a href=\"https:\/\/www.lai.pe.gov.br\/secmulher\/wp-content\/uploads\/sites\/93\/2022\/10\/Relatorio-Consolidado-1-Trimestre-2022.doc\" class=\"wp-block-file__button\" download>Baixar<\/a><\/div>\n\n\n\n<div class=\"wp-block-file\"><a href=\"https:\/\/www.lai.pe.gov.br\/secmulher\/wp-content\/uploads\/sites\/93\/2022\/10\/Relatorio-Consolidado-Segundo-Trimestre-2022.doc\">Relat\u00f3rio Consolidado &#8211; 2\u00ba Trimestre 2022<\/a><a href=\"https:\/\/www.lai.pe.gov.br\/secmulher\/wp-content\/uploads\/sites\/93\/2022\/10\/Relatorio-Consolidado-Segundo-Trimestre-2022.doc\" class=\"wp-block-file__button\" download>Baixar<\/a><\/div>\n\n\n\n<div class=\"wp-block-file\"><a href=\"https:\/\/www.lai.pe.gov.br\/secmulher\/wp-content\/uploads\/sites\/93\/2021\/10\/Mapa-Demonstrativo-2021-3.pdf\" target=\"_blank\" rel=\"noreferrer noopener\">Mapa Demonstrativo Consolidado 2021<\/a><a href=\"https:\/\/www.lai.pe.gov.br\/secmulher\/wp-content\/uploads\/sites\/93\/2021\/10\/Mapa-Demonstrativo-2021-3.pdf\" class=\"wp-block-file__button\" download>Baixar<\/a><\/div>\n\n\n\n<div class=\"wp-block-file\"><a href=\"https:\/\/www.lai.pe.gov.br\/secmulher\/wp-content\/uploads\/sites\/93\/2022\/10\/Relatorio-Consolidado-Obras-e-Servicos-de-Engenharia-2021.pdf\" target=\"_blank\" rel=\"noreferrer noopener\">Relat\u00f3rio Consolidado 2021<\/a><a href=\"https:\/\/www.lai.pe.gov.br\/secmulher\/wp-content\/uploads\/sites\/93\/2022\/10\/Relatorio-Consolidado-Obras-e-Servicos-de-Engenharia-2021.pdf\" class=\"wp-block-file__button\" download>Baixar<\/a><\/div>\n\n\n\n<h5>Obras anteriores a vig\u00eancia da Lei n\u00ba 17078\/2020<\/h5>\n\n\n\n<div class=\"wp-block-file\"><a href=\"https:\/\/www.lai.pe.gov.br\/secmulher\/wp-content\/uploads\/sites\/93\/2021\/06\/Mapa-Demonstrativo-Condolidado-2020.pdf\" target=\"_blank\" rel=\"noreferrer noopener\">Mapa Demonstrativo Consolidado 2020<\/a><a href=\"https:\/\/www.lai.pe.gov.br\/secmulher\/wp-content\/uploads\/sites\/93\/2021\/06\/Mapa-Demonstrativo-Condolidado-2020.pdf\" class=\"wp-block-file__button\" download>Baixar<\/a><\/div>\n\n\n\n<div class=\"wp-block-file\"><a href=\"https:\/\/www.lai.pe.gov.br\/secmulher\/wp-content\/uploads\/sites\/93\/2020\/03\/Mapa-Demonstrativo-Consolidado-2019.pdf\" target=\"_blank\" rel=\"noreferrer noopener\">Mapa Demonstrativo Consolidado 2019<\/a><a href=\"https:\/\/www.lai.pe.gov.br\/secmulher\/wp-content\/uploads\/sites\/93\/2020\/03\/Mapa-Demonstrativo-Consolidado-2019.pdf\" class=\"wp-block-file__button\" download>Baixar<\/a><\/div>\n<\/div><\/div>\n<\/div>\n\n\n\n<h2><span style=\"color: #000000\" class=\"ugb-highlight\">Decis\u00f5es Finais do Tribunal de Contas<\/span><\/h2>\n\n\n\n<p><strong>Nota:<\/strong> N\u00e3o existe registro de Decis\u00f5es finais do TCE com rela\u00e7\u00e3o a irregularidades relacionadas a despesas de obras<\/p>\n\n\n\n<p><em><span style=\"color: #000000\" class=\"ugb-highlight\">Para obter informa\u00e7\u00f5es referentes as presta\u00e7\u00f5es de contas realizadas pelo Tribunal de Contas do Estado (TCE-PE)<strong>,&nbsp;<\/strong><\/span><\/em><a rel=\"noreferrer noopener\" href=\"https:\/\/etce.tce.pe.gov.br\/epp\/ConsultaPublica\/listView.seam\" target=\"_blank\"><span style=\"color: #0693e3\" class=\"ugb-highlight\"><strong>CLIQUE<\/strong><\/span><span style=\"color: #8ed1fc\" class=\"ugb-highlight\"><strong> <\/strong><\/span><span style=\"color: #0693e3\" class=\"ugb-highlight\"><strong>AQUI<\/strong><\/span><\/a><em><span style=\"color: #0693e3\" class=\"ugb-highlight\"><strong>,<\/strong><\/span><span style=\"color: #00d084\" class=\"ugb-highlight\"><strong> <\/strong><\/span><\/em><\/p>\n<style class=\"advgb-styles-renderer\">#kt-info-box_36c228-f9 .kt-blocks-info-box-link-wrap {border-color:rgba(136, 136, 136, 1);border-radius:20px;background:rgba(255, 255, 255, 1);padding:20px 20px 20px 20px;border-width:2px 2px 2px 2px;}#kt-info-box_36c228-f9 .kt-blocks-info-box-link-wrap:hover {border-color:rgba(136, 136, 136, 1);background:rgba(255, 255, 255, 1);}#kt-info-box_36c228-f9 .kt-info-svg-icon, #kt-info-box_36c228-f9 .kt-blocks-info-box-number {font-size:50px;}#kt-info-box_36c228-f9 .kt-blocks-info-box-media {color:#ffffff;background:#555555;border-color:#444444;border-radius:200px;border-width:0px 0px 0px 0px;padding:20px 20px 20px 20px;margin:0px 15px 0px 15px;}#kt-info-box_36c228-f9 .kt-blocks-info-box-media img {border-radius:200px;}#kt-info-box_36c228-f9 .kt-blocks-info-box-link-wrap:hover .kt-blocks-info-box-media {color:#ffffff;background:#444444;border-color:#444444;}#kt-info-box_36c228-f9 .kt-blocks-info-box-title {padding:0px 0px 0px 0px;margin:5px 0px 10px 0px;}#kt-info-box_36c228-f9 .kt-blocks-info-box-text {color:#000000;}#kt-info-box_36c228-f9 .kt-blocks-info-box-link-wrap:hover {box-shadow:0px 0px 14px 0px rgba(0,0,0,0.2);}.ugb-2d230f8 li{--icon-size:20px;margin-bottom:16px !important}.ugb-2d230f8 li::before{height:20px !important;width:20px !important;background-image:url('data:image\/svg+xml;base64,PHN2ZyB2aWV3Qm94PSIwIDAgMTkwIDE5MCIgeG1sbnM9Imh0dHA6Ly93d3cudzMub3JnLzIwMDAvc3ZnIj48cGF0aCBkPSJNMTczLjggMjguNEw2MC40IDE0MS44IDE1LjcgOTcuMiA1LjEgMTA3LjggNjAuNCAxNjNsMTI0LTEyNC0xMC42LTEwLjZ6Ij48L3BhdGg+PC9zdmc+')}.ugb-2d230f8 li ul{margin-bottom:16px !important}.ugb-2d230f8.ugb-icon-list ul{columns:1}<\/style>","protected":false},"excerpt":{"rendered":"<p>A divulga\u00e7\u00e3o em s\u00edtios oficiais na rede mundial de computadores (internet), de dados atualizados sobre o acompanhamento execu\u00e7\u00e3o das obras e servi\u00e7os de engenharia ser\u00e1 estruturada sob os princ\u00edpios da transpar\u00eancia e efici\u00eancia, implementados pela Administra\u00e7\u00e3o P\u00fablica. Neste espa\u00e7o est\u00e3o publicados, no m\u00ednimo, as seguintes informa\u00e7\u00f5es: Caso a entidade n\u00e3o esteja realizando obras e servi\u00e7os [&hellip;]<\/p>\n","protected":false},"author":222,"featured_media":0,"parent":0,"menu_order":0,"comment_status":"closed","ping_status":"closed","template":"","meta":{"advgb_blocks_editor_width":"","advgb_blocks_columns_visual_guide":"","kt_blocks_editor_width":""},"featured_image_urls":{"full":"","thumbnail":"","medium":"","medium_large":"","large":"","1536x1536":"","2048x2048":""},"post_excerpt_stackable":"<p>O que h\u00e1 nesta p\u00e1gina!Nesta se\u00e7\u00e3o s\u00e3o divulgadas informa\u00e7\u00f5es referentes a execu\u00e7\u00e3o de obras e servi\u00e7os de engenharias custeados, direta ou indiretamente, integral ou parcialmente com recursos p\u00fablicos estaduais. A divulga\u00e7\u00e3o em s\u00edtios oficiais na rede mundial de computadores (internet), de dados atualizados sobre o acompanhamento execu\u00e7\u00e3o das obras e servi\u00e7os de engenharia ser\u00e1 estruturada sob os princ\u00edpios da transpar\u00eancia e efici\u00eancia, implementados pela Administra\u00e7\u00e3o P\u00fablica. Neste espa\u00e7o est\u00e3o publicados, no m\u00ednimo, as seguintes informa\u00e7\u00f5es: Relat\u00f3rio com m\u00ednimo as seguintes informa\u00e7\u00f5es da obra\/ servi\u00e7os: empresas contratadas, identificadas com o respectivo Cadastro Nacional de Pessoa Jur\u00eddica e o n\u00famero do processo&hellip;<\/p>\n","category_list":"","author_info":{"name":"sandrabsilva","url":"https:\/\/www.lai.pe.gov.br\/secmulher\/author\/sandrabsilva\/"},"comments_num":"0 coment\u00e1rio","_links":{"self":[{"href":"https:\/\/www.lai.pe.gov.br\/secmulher\/wp-json\/wp\/v2\/pages\/1228"}],"collection":[{"href":"https:\/\/www.lai.pe.gov.br\/secmulher\/wp-json\/wp\/v2\/pages"}],"about":[{"href":"https:\/\/www.lai.pe.gov.br\/secmulher\/wp-json\/wp\/v2\/types\/page"}],"author":[{"embeddable":true,"href":"https:\/\/www.lai.pe.gov.br\/secmulher\/wp-json\/wp\/v2\/users\/222"}],"replies":[{"embeddable":true,"href":"https:\/\/www.lai.pe.gov.br\/secmulher\/wp-json\/wp\/v2\/comments?post=1228"}],"version-history":[{"count":30,"href":"https:\/\/www.lai.pe.gov.br\/secmulher\/wp-json\/wp\/v2\/pages\/1228\/revisions"}],"predecessor-version":[{"id":1464,"href":"https:\/\/www.lai.pe.gov.br\/secmulher\/wp-json\/wp\/v2\/pages\/1228\/revisions\/1464"}],"wp:attachment":[{"href":"https:\/\/www.lai.pe.gov.br\/secmulher\/wp-json\/wp\/v2\/media?parent=1228"}],"curies":[{"name":"wp","href":"https:\/\/api.w.org\/{rel}","templated":true}]}}