{"id":12,"date":"2019-03-13T16:54:38","date_gmt":"2019-03-13T19:54:38","guid":{"rendered":"https:\/\/www.lai.pe.gov.br\/secmulher\/?page_id=12"},"modified":"2023-07-14T16:19:43","modified_gmt":"2023-07-14T19:19:43","slug":"quem-e-quem","status":"publish","type":"page","link":"https:\/\/www.lai.pe.gov.br\/secmulher\/quem-e-quem\/","title":{"rendered":"Quem \u00e9 quem"},"content":{"rendered":"\n<div id=\"kt-info-box_36c228-f9\" class=\"wp-block-kadence-infobox\"><a class=\"kt-blocks-info-box-link-wrap kt-blocks-info-box-media-align-left kt-info-halign-left\"><div class=\"kt-blocks-info-box-media-container\"><div class=\"kt-blocks-info-box-media kt-info-media-animate-flip\"><div class=\"kadence-info-box-icon-container kt-info-icon-animate-flip\"><div class=\"kadence-info-box-icon-inner-container\"><span style=\"display:block;justify-content:center;align-items:center\" class=\"kt-info-svg-icon kt-info-svg-icon-fas_info\"><svg viewbox=\"0 0 192 512\" height=\"50\" width=\"50\" xmlns=\"http:\/\/www.w3.org\/2000\/svg\"><path d=\"M20 424.229h20V279.771H20c-11.046 0-20-8.954-20-20V212c0-11.046 8.954-20 20-20h112c11.046 0 20 8.954 20 20v212.229h20c11.046 0 20 8.954 20 20V492c0 11.046-8.954 20-20 20H20c-11.046 0-20-8.954-20-20v-47.771c0-11.046 8.954-20 20-20zM96 0C56.235 0 24 32.235 24 72s32.235 72 72 72 72-32.235 72-72S135.764 0 96 0z\"><\/path><\/svg><\/span><span style=\"display:block;justify-content:center;align-items:center\" class=\"kt-info-svg-icon-flip kt-info-svg-icon-ic_info\"><svg viewbox=\"0 0 8 8\" height=\"50\" width=\"50\" xmlns=\"http:\/\/www.w3.org\/2000\/svg\"><path d=\"M3 0c-.55 0-1 .45-1 1s.45 1 1 1 1-.45 1-1-.45-1-1-1zm-1.5 2.5c-.83 0-1.5.67-1.5 1.5h1c0-.28.22-.5.5-.5s.5.22.5.5-1 1.64-1 2.5c0 .86.67 1.5 1.5 1.5s1.5-.67 1.5-1.5h-1c0 .28-.22.5-.5.5s-.5-.22-.5-.5c0-.36 1-1.84 1-2.5 0-.81-.67-1.5-1.5-1.5z\"><\/path><\/svg><\/span><\/div><\/div><\/div><\/div><div class=\"kt-infobox-textcontent\"><h2 class=\"kt-blocks-info-box-title\">O que h\u00e1 nesta p\u00e1gina!<\/h2><p class=\"kt-blocks-info-box-text\">Nesta se\u00e7\u00e3o s\u00e3o divulgadas informa\u00e7\u00f5es com a lista dos principais cargos e seus respectivos ocupantes, seus respectivos telefones e e-mails de contato.<\/p><\/div><\/a><\/div>\n\n\n\n<div class=\"wp-block-ugb-team-member ugb-team-member ugb-92f5960 ugb-team-member--v3 ugb-team-member--design-plain ugb-team-member--columns-3 ugb-main-block\" id=\"\"><div class=\"ugb-inner-block\"><div class=\"ugb-block-content\"><div class=\"ugb-team-member__item ugb-team-member__item1\"><div class=\"ugb-team-member__content\"><div class=\"ugb-team-member__title\"><h4 class=\"ugb-team-member__name\">Regina C\u00e9lia Barbosa<\/h4><p class=\"ugb-team-member__position\">Secret\u00e1ria da Mulher (DAS)<\/p><\/div><p class=\"ugb-team-member__description\"><strong>Email:<\/strong><br>regina.almeida@secmulher.pe.gov.br<br><strong>Telefone:<br><\/strong>(081) 3183-2950<br><\/p><\/div><\/div><div class=\"ugb-team-member__item ugb-team-member__item2\"><div class=\"ugb-team-member__content\"><div class=\"ugb-team-member__title\"><h4 class=\"ugb-team-member__name\">Juliana Gouveia Alves da Silva<\/h4><p class=\"ugb-team-member__position\">Secret\u00e1ria Executiva da Mulher (DAS-1)<\/p><\/div><p class=\"ugb-team-member__description\"><strong>Email:<\/strong><br>juliana.gouveia@secmulher.pe.gov.br<br><strong>Telefone:<br><\/strong>(081) 3183-2950<\/p><\/div><\/div><div class=\"ugb-team-member__item ugb-team-member__item3\"><div class=\"ugb-team-member__content\"><div class=\"ugb-team-member__title\"><h4 class=\"ugb-team-member__name\">Darcy Vieira<\/h4><p class=\"ugb-team-member__position\">Chefe de Gabinete (DAS-5)<\/p><\/div><p class=\"ugb-team-member__description\"><strong>Email:<\/strong><br>darcy.vieira@secmulher.pe.gov.br<br><strong>Telefone:<\/strong><br>(081) 3183-2952<\/p><\/div><\/div><\/div><\/div><\/div>\n\n\n\n<div class=\"wp-block-ugb-team-member ugb-team-member ugb-5c1c346 ugb-team-member--v3 ugb-team-member--design-plain ugb-team-member--columns-3 ugb-main-block\" id=\"\"><div class=\"ugb-inner-block\"><div class=\"ugb-block-content\"><div class=\"ugb-team-member__item ugb-team-member__item1\"><div class=\"ugb-team-member__content\"><div class=\"ugb-team-member__title\"><h4 class=\"ugb-team-member__name\">Waneska Viana<\/h4><p class=\"ugb-team-member__position\">Diretora de Pol\u00edticas P\u00fablicas para as Mulheres (DAS-1)<\/p><\/div><p class=\"ugb-team-member__description\"><strong>Email:<\/strong><br>waneska.viana@secmulher.pe.gov.br<br><strong>Telefone:<br><\/strong>(081) 3183-2986<br><\/p><\/div><\/div><div class=\"ugb-team-member__item ugb-team-member__item2\"><div class=\"ugb-team-member__content\"><div class=\"ugb-team-member__title\"><h4 class=\"ugb-team-member__name\">Amanda Valen\u00e7a<\/h4><p class=\"ugb-team-member__position\">Diretora de Planejamento e Gest\u00e3o (DAS-1)<\/p><\/div><p class=\"ugb-team-member__description\"><strong>Email:<\/strong><br>waneska.viana@secmulher.pe.gov.br<br><strong>Telefone:<br><\/strong>(081) 3183-2966<\/p><\/div><\/div><div class=\"ugb-team-member__item ugb-team-member__item3\"><div class=\"ugb-team-member__content\"><div class=\"ugb-team-member__title\"><h4 class=\"ugb-team-member__name\">Nadiedja Matias<\/h4><p class=\"ugb-team-member__position\">Diretora de Enfrentamento a Viol\u00eancia de G\u00eanero (DAS-1)<\/p><\/div><p class=\"ugb-team-member__description\"><strong>Email:<\/strong><br>nadiedja.matias@secmulher.pe.gov.br<br><strong>Telefone:<\/strong><br>(081) 3183-2959<\/p><\/div><\/div><\/div><\/div><\/div>\n\n\n\n<div class=\"wp-block-ugb-team-member ugb-team-member ugb-79aca7d ugb-team-member--v3 ugb-team-member--design-plain ugb-team-member--columns-3 ugb-main-block\" id=\"\"><div class=\"ugb-inner-block\"><div class=\"ugb-block-content\"><div class=\"ugb-team-member__item ugb-team-member__item1\"><div class=\"ugb-team-member__content\"><div class=\"ugb-team-member__title\"><h4 class=\"ugb-team-member__name\">Paloma Raquel<\/h4><p class=\"ugb-team-member__position\">Gerente de Forma\u00e7\u00e3o em G\u00eanero (DAS-3)<\/p><\/div><p class=\"ugb-team-member__description\"><strong>Email:<\/strong><br>paloma.raquel@secmulher.pe.gov.br<br><strong>Telefone:<br><\/strong>(081) 3183-2961<br><\/p><\/div><\/div><div class=\"ugb-team-member__item ugb-team-member__item2\"><div class=\"ugb-team-member__content\"><div class=\"ugb-team-member__title\"><h4 class=\"ugb-team-member__name\">Concei\u00e7\u00e3o Santos<\/h4><p class=\"ugb-team-member__position\">Gerente de Forma\u00e7\u00e3o Sociopol\u00edtica (DAS-3)<\/p><\/div><p class=\"ugb-team-member__description\"><strong>Email:<\/strong><br>ceca.santos@secmulher.pe.gov.br<br><strong>Telefone:<br><\/strong>(081) 3183-2974<\/p><\/div><\/div><div class=\"ugb-team-member__item ugb-team-member__item3\"><div class=\"ugb-team-member__content\"><div class=\"ugb-team-member__title\"><h4 class=\"ugb-team-member__name\">Ayna Miranda<\/h4><p class=\"ugb-team-member__position\">Gerente de Articula\u00e7\u00e3o e Interioriza\u00e7\u00e3o das A\u00e7\u00f5es de G\u00eanero (DAS-3)<\/p><\/div><p class=\"ugb-team-member__description\"><strong>Email:<\/strong><br>ayna.miranda@secmulher.pe.gov.br<br><strong>Telefone:<\/strong><br>(081) 3183-2971<\/p><\/div><\/div><\/div><\/div><\/div>\n\n\n\n<div class=\"wp-block-ugb-team-member ugb-team-member ugb-a9a4b07 ugb-team-member--v3 ugb-team-member--design-plain ugb-team-member--columns-3 ugb-main-block\" id=\"\"><div class=\"ugb-inner-block\"><div class=\"ugb-block-content\"><div class=\"ugb-team-member__item ugb-team-member__item1\"><div class=\"ugb-team-member__content\"><div class=\"ugb-team-member__title\"><h4 class=\"ugb-team-member__name\">\u00c9lida Rodrigues<\/h4><p class=\"ugb-team-member__position\">Assessora Especial de Controle Interno (CAA-2)<\/p><\/div><p class=\"ugb-team-member__description\"><strong>Email:<\/strong><br>elida.rodrigues@secmulher.pe.gov.br<br><strong>Telefone:<br><\/strong>(081) 3183-2988<br><\/p><\/div><\/div><div class=\"ugb-team-member__item ugb-team-member__item2\"><div class=\"ugb-team-member__content\"><div class=\"ugb-team-member__title\"><h4 class=\"ugb-team-member__name\">Katiheen Tuanny<\/h4><p class=\"ugb-team-member__position\">Assessora Especial (DAS-5)<\/p><\/div><p class=\"ugb-team-member__description\"><br><strong>Email:<\/strong><br>tuanny.marques@secmulher.pe.gov.br<br><strong>Telefone:<br><\/strong>(081) 3183-2952<\/p><\/div><\/div><div class=\"ugb-team-member__item ugb-team-member__item3\"><div class=\"ugb-team-member__content\"><div class=\"ugb-team-member__title\"><h4 class=\"ugb-team-member__name\">Jocl\u00e9ia Coelho<\/h4><p class=\"ugb-team-member__position\">Assessora de Comunica\u00e7\u00e3o e Imprensa (CAA-1)<\/p><\/div><p class=\"ugb-team-member__description\"><strong>Email:<\/strong><br>jocleia.coelho@secmulher.pe.gov.br<br><strong>Telefone:<\/strong><br>(081) 3183-2955<\/p><\/div><\/div><\/div><\/div><\/div>\n\n\n\n<div class=\"wp-block-group\"><div class=\"wp-block-group__inner-container\"><\/div><\/div>\n\n\n\n<h2>Cargos Comissionados e Fun\u00e7\u00f5es Gratificadas<\/h2>\n\n\n\n<div class=\"wp-block-file\"><a href=\"https:\/\/www.lai.pe.gov.br\/secmulher\/wp-content\/uploads\/sites\/93\/2023\/07\/Anexo-II-Cargos-em-comissoes-e-funcoes-gratificadas-descritivo-07.2023.xlsx\" target=\"_blank\" rel=\"noreferrer noopener\">Cargos Comissionados e Fun\u00e7\u00f5es Gratificadas &#8211; SECMULHER 2023<\/a><a href=\"https:\/\/www.lai.pe.gov.br\/secmulher\/wp-content\/uploads\/sites\/93\/2023\/07\/Anexo-II-Cargos-em-comissoes-e-funcoes-gratificadas-descritivo-07.2023.xlsx\" class=\"wp-block-file__button\" download>Baixar<\/a><\/div>\n\n\n\n<div class=\"wp-block-file\"><a href=\"https:\/\/www.lai.pe.gov.br\/secmulher\/wp-content\/uploads\/sites\/93\/2022\/12\/Cargos-Comissionados-e-Funcoes-Gratificadas-SECMULHER-2022.xlsx\" target=\"_blank\" rel=\"noreferrer noopener\">Cargos Comissionados e Fun\u00e7\u00f5es Gratificadas &#8211; SECMULHER 2022<\/a><a href=\"https:\/\/www.lai.pe.gov.br\/secmulher\/wp-content\/uploads\/sites\/93\/2022\/12\/Cargos-Comissionados-e-Funcoes-Gratificadas-SECMULHER-2022.xlsx\" class=\"wp-block-file__button\" download>Baixar<\/a><\/div>\n\n\n\n<div class=\"wp-block-file\"><a href=\"https:\/\/www.lai.pe.gov.br\/secmulher\/wp-content\/uploads\/sites\/93\/2022\/01\/Cargos-Comissionados-e-Funcoes-Gratificadas-2021.xlsx\" target=\"_blank\" rel=\"noreferrer noopener\">Cargos Comissionados e Fun\u00e7\u00f5es Gratificadas 2021<\/a><a href=\"https:\/\/www.lai.pe.gov.br\/secmulher\/wp-content\/uploads\/sites\/93\/2022\/01\/Cargos-Comissionados-e-Funcoes-Gratificadas-2021.xlsx\" class=\"wp-block-file__button\" download>Baixar<\/a><\/div>\n\n\n\n<div class=\"wp-block-file\"><a href=\"https:\/\/www.lai.pe.gov.br\/secmulher\/wp-content\/uploads\/sites\/93\/2021\/04\/Cargos-Comissionados-e-Funcoes-Gratificadas-2020.xls\" target=\"_blank\" rel=\"noreferrer noopener\">Cargos Comissionados e Fun\u00e7\u00f5es Gratificadas 2020<\/a><a href=\"https:\/\/www.lai.pe.gov.br\/secmulher\/wp-content\/uploads\/sites\/93\/2021\/04\/Cargos-Comissionados-e-Funcoes-Gratificadas-2020.xls\" class=\"wp-block-file__button\" download>Baixar<\/a><\/div>\n\n\n\n<div class=\"wp-block-file\"><a href=\"https:\/\/www.lai.pe.gov.br\/secmulher\/wp-content\/uploads\/sites\/93\/2019\/04\/SecMulherPE_-Servidores-2019.xls\" target=\"_blank\" rel=\"noreferrer noopener\"> Cargos Comissionados e Fun\u00e7\u00f5es Gratificadas  2019<\/a><a href=\"https:\/\/www.lai.pe.gov.br\/secmulher\/wp-content\/uploads\/sites\/93\/2019\/04\/SecMulherPE_-Servidores-2019.xls\" class=\"wp-block-file__button\" download>Baixar<\/a><\/div>\n\n\n\n<div class=\"wp-block-file\"><a href=\"https:\/\/www.lai.pe.gov.br\/secmulher\/wp-content\/uploads\/sites\/93\/2019\/04\/SecMulherPE_-Servidores-2018.xls\" target=\"_blank\" rel=\"noreferrer noopener\"> Cargos Comissionados e Fun\u00e7\u00f5es Gratificadas  2018<\/a><a href=\"https:\/\/www.lai.pe.gov.br\/secmulher\/wp-content\/uploads\/sites\/93\/2019\/04\/SecMulherPE_-Servidores-2018.xls\" class=\"wp-block-file__button\" download>Baixar<\/a><\/div>\n\n\n\n<div class=\"wp-block-file\"><a href=\"https:\/\/www.lai.pe.gov.br\/secmulher\/wp-content\/uploads\/sites\/93\/2019\/04\/SecMulherPE_-Servidores-2017.xls\" target=\"_blank\" rel=\"noreferrer noopener\"> Cargos Comissionados e Fun\u00e7\u00f5es Gratificadas  2017<\/a><a href=\"https:\/\/www.lai.pe.gov.br\/secmulher\/wp-content\/uploads\/sites\/93\/2019\/04\/SecMulherPE_-Servidores-2017.xls\" class=\"wp-block-file__button\" download>Baixar<\/a><\/div>\n\n\n\n<div class=\"wp-block-file\"><a href=\"https:\/\/www.lai.pe.gov.br\/secmulher\/wp-content\/uploads\/sites\/93\/2019\/04\/SecMulherPE_Servidoras_2016.xls\" target=\"_blank\" rel=\"noreferrer noopener\"> Cargos Comissionados e Fun\u00e7\u00f5es Gratificadas  2016<\/a><a href=\"https:\/\/www.lai.pe.gov.br\/secmulher\/wp-content\/uploads\/sites\/93\/2019\/04\/SecMulherPE_Servidoras_2016.xls\" class=\"wp-block-file__button\" download>Baixar<\/a><\/div>\n\n\n\n<p><\/p>\n<style class=\"advgb-styles-renderer\">#kt-info-box_36c228-f9 .kt-blocks-info-box-link-wrap {border-color:rgba(136, 136, 136, 1);border-radius:20px;background:rgba(255, 255, 255, 1);padding:20px 20px 20px 20px;border-width:2px 2px 2px 2px;}#kt-info-box_36c228-f9 .kt-blocks-info-box-link-wrap:hover {border-color:rgba(136, 136, 136, 1);background:rgba(255, 255, 255, 1);}#kt-info-box_36c228-f9 .kt-info-svg-icon, #kt-info-box_36c228-f9 .kt-blocks-info-box-number {font-size:50px;}#kt-info-box_36c228-f9 .kt-blocks-info-box-media {color:#ffffff;background:#555555;border-color:#444444;border-radius:200px;border-width:0px 0px 0px 0px;padding:20px 20px 20px 20px;margin:0px 15px 0px 15px;}#kt-info-box_36c228-f9 .kt-blocks-info-box-media img {border-radius:200px;}#kt-info-box_36c228-f9 .kt-blocks-info-box-link-wrap:hover .kt-blocks-info-box-media {color:#ffffff;background:#444444;border-color:#444444;}#kt-info-box_36c228-f9 .kt-blocks-info-box-title {padding:0px 0px 0px 0px;margin:5px 0px 10px 0px;}#kt-info-box_36c228-f9 .kt-blocks-info-box-text {}#kt-info-box_36c228-f9 .kt-blocks-info-box-link-wrap:hover {box-shadow:0px 0px 14px 0px rgba(0,0,0,0.2);}.ugb-92f5960 .ugb-team-member__name{font-size:14px}.ugb-92f5960 .ugb-team-member__position{font-size:13px}.ugb-92f5960 .ugb-team-member__description{font-size:12px}.ugb-5c1c346 .ugb-team-member__name{font-size:14px}.ugb-5c1c346 .ugb-team-member__position{font-size:13px}.ugb-5c1c346 .ugb-team-member__description{font-size:12px}.ugb-79aca7d .ugb-team-member__name{font-size:14px;text-align:center !important}.ugb-79aca7d .ugb-team-member__position{font-size:13px;text-align:center !important}.ugb-79aca7d .ugb-team-member__description{font-size:12px;text-align:center !important}.ugb-79aca7d .ugb-inner-block{text-align:center}.ugb-a9a4b07 .ugb-team-member__name{font-size:14px;text-align:center !important}.ugb-a9a4b07 .ugb-team-member__position{font-size:13px;text-align:center !important}.ugb-a9a4b07 .ugb-team-member__description{font-size:12px;text-align:center !important}.ugb-a9a4b07 .ugb-inner-block{text-align:center}<\/style>","protected":false},"excerpt":{"rendered":"<p>Cargos Comissionados e Fun\u00e7\u00f5es Gratificadas<\/p>\n","protected":false},"author":1,"featured_media":0,"parent":0,"menu_order":0,"comment_status":"closed","ping_status":"closed","template":"","meta":{"advgb_blocks_editor_width":"","advgb_blocks_columns_visual_guide":"","kt_blocks_editor_width":""},"featured_image_urls":{"full":"","thumbnail":"","medium":"","medium_large":"","large":"","1536x1536":"","2048x2048":""},"post_excerpt_stackable":"<p>O que h\u00e1 nesta p\u00e1gina!Nesta se\u00e7\u00e3o s\u00e3o divulgadas informa\u00e7\u00f5es com a lista dos principais cargos e seus respectivos ocupantes, seus respectivos telefones e e-mails de contato. Regina C\u00e9lia BarbosaSecret\u00e1ria da Mulher (DAS)Email:regina.almeida@secmulher.pe.gov.brTelefone:(081) 3183-2950Juliana Gouveia Alves da SilvaSecret\u00e1ria Executiva da Mulher (DAS-1)Email:juliana.gouveia@secmulher.pe.gov.brTelefone:(081) 3183-2950Darcy VieiraChefe de Gabinete (DAS-5)Email:darcy.vieira@secmulher.pe.gov.brTelefone:(081) 3183-2952 Waneska VianaDiretora de Pol\u00edticas P\u00fablicas para as Mulheres (DAS-1)Email:waneska.viana@secmulher.pe.gov.brTelefone:(081) 3183-2986Amanda Valen\u00e7aDiretora de Planejamento e Gest\u00e3o (DAS-1)Email:waneska.viana@secmulher.pe.gov.brTelefone:(081) 3183-2966Nadiedja MatiasDiretora de Enfrentamento a Viol\u00eancia de G\u00eanero (DAS-1)Email:nadiedja.matias@secmulher.pe.gov.brTelefone:(081) 3183-2959 Paloma RaquelGerente de Forma\u00e7\u00e3o em G\u00eanero (DAS-3)Email:paloma.raquel@secmulher.pe.gov.brTelefone:(081) 3183-2961Concei\u00e7\u00e3o SantosGerente de Forma\u00e7\u00e3o Sociopol\u00edtica (DAS-3)Email:ceca.santos@secmulher.pe.gov.brTelefone:(081) 3183-2974Ayna MirandaGerente de Articula\u00e7\u00e3o e Interioriza\u00e7\u00e3o das A\u00e7\u00f5es de G\u00eanero (DAS-3)Email:ayna.miranda@secmulher.pe.gov.brTelefone:(081) 3183-2971 \u00c9lida RodriguesAssessora&hellip;<\/p>\n","category_list":"","author_info":{"name":"nilo.martins","url":"https:\/\/www.lai.pe.gov.br\/secmulher\/author\/nilo-martins\/"},"comments_num":"0 coment\u00e1rio","_links":{"self":[{"href":"https:\/\/www.lai.pe.gov.br\/secmulher\/wp-json\/wp\/v2\/pages\/12"}],"collection":[{"href":"https:\/\/www.lai.pe.gov.br\/secmulher\/wp-json\/wp\/v2\/pages"}],"about":[{"href":"https:\/\/www.lai.pe.gov.br\/secmulher\/wp-json\/wp\/v2\/types\/page"}],"author":[{"embeddable":true,"href":"https:\/\/www.lai.pe.gov.br\/secmulher\/wp-json\/wp\/v2\/users\/1"}],"replies":[{"embeddable":true,"href":"https:\/\/www.lai.pe.gov.br\/secmulher\/wp-json\/wp\/v2\/comments?post=12"}],"version-history":[{"count":84,"href":"https:\/\/www.lai.pe.gov.br\/secmulher\/wp-json\/wp\/v2\/pages\/12\/revisions"}],"predecessor-version":[{"id":1505,"href":"https:\/\/www.lai.pe.gov.br\/secmulher\/wp-json\/wp\/v2\/pages\/12\/revisions\/1505"}],"wp:attachment":[{"href":"https:\/\/www.lai.pe.gov.br\/secmulher\/wp-json\/wp\/v2\/media?parent=12"}],"curies":[{"name":"wp","href":"https:\/\/api.w.org\/{rel}","templated":true}]}}