{"id":10,"date":"2019-03-13T16:53:48","date_gmt":"2019-03-13T19:53:48","guid":{"rendered":"https:\/\/www.lai.pe.gov.br\/secmulher\/?page_id=10"},"modified":"2022-01-13T09:18:59","modified_gmt":"2022-01-13T12:18:59","slug":"competencias","status":"publish","type":"page","link":"https:\/\/www.lai.pe.gov.br\/secmulher\/competencias\/","title":{"rendered":"Compet\u00eancias"},"content":{"rendered":"\n<div id=\"kt-info-box_36c228-f9\" class=\"wp-block-kadence-infobox\"><a class=\"kt-blocks-info-box-link-wrap kt-blocks-info-box-media-align-left kt-info-halign-left\"><div class=\"kt-blocks-info-box-media-container\"><div class=\"kt-blocks-info-box-media kt-info-media-animate-flip\"><div class=\"kadence-info-box-icon-container kt-info-icon-animate-flip\"><div class=\"kadence-info-box-icon-inner-container\"><span style=\"display:block;justify-content:center;align-items:center\" class=\"kt-info-svg-icon kt-info-svg-icon-fas_info\"><svg viewbox=\"0 0 192 512\" height=\"50\" width=\"50\" xmlns=\"http:\/\/www.w3.org\/2000\/svg\"><path d=\"M20 424.229h20V279.771H20c-11.046 0-20-8.954-20-20V212c0-11.046 8.954-20 20-20h112c11.046 0 20 8.954 20 20v212.229h20c11.046 0 20 8.954 20 20V492c0 11.046-8.954 20-20 20H20c-11.046 0-20-8.954-20-20v-47.771c0-11.046 8.954-20 20-20zM96 0C56.235 0 24 32.235 24 72s32.235 72 72 72 72-32.235 72-72S135.764 0 96 0z\"><\/path><\/svg><\/span><span style=\"display:block;justify-content:center;align-items:center\" class=\"kt-info-svg-icon-flip kt-info-svg-icon-ic_info\"><svg viewbox=\"0 0 8 8\" height=\"50\" width=\"50\" xmlns=\"http:\/\/www.w3.org\/2000\/svg\"><path d=\"M3 0c-.55 0-1 .45-1 1s.45 1 1 1 1-.45 1-1-.45-1-1-1zm-1.5 2.5c-.83 0-1.5.67-1.5 1.5h1c0-.28.22-.5.5-.5s.5.22.5.5-1 1.64-1 2.5c0 .86.67 1.5 1.5 1.5s1.5-.67 1.5-1.5h-1c0 .28-.22.5-.5.5s-.5-.22-.5-.5c0-.36 1-1.84 1-2.5 0-.81-.67-1.5-1.5-1.5z\"><\/path><\/svg><\/span><\/div><\/div><\/div><\/div><div class=\"kt-infobox-textcontent\"><h2 class=\"kt-blocks-info-box-title\">O que h\u00e1 nesta p\u00e1gina!<\/h2><p class=\"kt-blocks-info-box-text\">Nesta se\u00e7\u00e3o s\u00e3o divulgadas a descri\u00e7\u00e3o das principais atribui\u00e7\u00f5es do \u00f3rg\u00e3o\/entidade, base jur\u00eddica da sua estrutura organizacional e das suas compet\u00eancias, inclusive regimentos internos, quando existirem.<\/p><\/div><\/a><\/div>\n\n\n\n<div style=\"height:29px\" aria-hidden=\"true\" class=\"wp-block-spacer\"><\/div>\n\n\n\n<p class=\"has-medium-font-size\">O Decreto n\u00b0 42.110, de 03 de setembro de 2015, que disp\u00f5e sobre o Regulamento da Secretaria da Mulher, define as compet\u00eancias da Secretaria da Mulher (SECMULHER-PE) conforme segue:<\/p>\n\n\n\n<div class=\"wp-block-ugb-blockquote ugb-blockquote ugb-0e166ed ugb-blockquote--v3 ugb-blockquote--design-plain ugb-main-block\" id=\"\"><div class=\"ugb-inner-block\"><div class=\"ugb-block-content\"><div class=\"ugb-blockquote__item\"><svg viewbox=\"0 0 50 50\" xmlns=\"http:\/\/www.w3.org\/2000\/svg\" class=\"ugb-blockquote__quote\" width=\"70\" height=\"70\"><path d=\"M19.8 9.3C10.5 11.8 4.6 17 2.1 24.8c2.3-3.6 5.6-5.4 9.9-5.4 3.3 0 6 1.1 8.3 3.3 2.2 2.2 3.4 5 3.4 8.3 0 3.2-1.1 5.8-3.3 8-2.2 2.2-5.1 3.2-8.7 3.2-3.7 0-6.5-1.2-8.6-3.5C1 36.3 0 33.1 0 29 0 18.3 6.5 11.2 19.6 7.9l.2 1.4zm26.4 0C36.9 11.9 31 17 28.5 24.8c2.2-3.6 5.5-5.4 9.8-5.4 3.2 0 6 1.1 8.3 3.2 2.3 2.2 3.4 4.9 3.4 8.3 0 3.1-1.1 5.8-3.3 7.9-2.2 2.2-5.1 3.3-8.6 3.3-3.7 0-6.6-1.1-8.6-3.4-2.1-2.3-3.1-5.5-3.1-9.7 0-10.7 6.6-17.8 19.7-21.1l.1 1.4z\"><\/path><\/svg><div class=\"ugb-blockquote__content\"><p class=\"ugb-blockquote__text\">\u201cA Secretaria da Mulher, \u00f3rg\u00e3o da Administra\u00e7\u00e3o Direta do Poder Executivo Estadual, tem como finalidade e compet\u00eancia formular, estabelecer, coordenar e articular as pol\u00edticas para as mulheres, bem como elaborar e implementar campanhas educativas de combate \u00e0 discrimina\u00e7\u00e3o e \u00e0 viol\u00eancia de g\u00eanero, no \u00e2mbito estadual; elaborar o planejamento de g\u00eanero que contribua na a\u00e7\u00e3o do governo estadual com vistas \u00e0 promo\u00e7\u00e3o da igualdade; e articular, promover e executar programas de coopera\u00e7\u00e3o com organismos p\u00fablicos e privados,  voltados \u00e0 implementa\u00e7\u00e3o de pol\u00edticas para as mulheres\u201d.<\/p><\/div><\/div><\/div><\/div><\/div>\n\n\n\n<p><strong>Base Jur\u00eddica:<\/strong><\/p>\n\n\n\n<p><a href=\"http:\/\/legis.alepe.pe.gov.br\/arquivoTexto.aspx?tiponorma=6&amp;numero=42110&amp;complemento=0&amp;ano=2015&amp;tipo=\" target=\"_blank\" rel=\"noreferrer noopener\">Decreto N\u00b0 42.110, de 03 de setembro de 2015<\/a>: aprova o Regulamento da Secretaria da Mulher;<\/p>\n\n\n\n<p><a href=\"http:\/\/legis.alepe.pe.gov.br\/arquivoTexto.aspx?tiponorma=6&amp;numero=42338&amp;complemento=0&amp;ano=2015&amp;tipo=\" target=\"_blank\" rel=\"noreferrer noopener\">Decreto N\u00b0 42.338, de 12 de novembro de 2015<\/a>: aprova o Manual de Servi\u00e7os da Secretaria da Mulher.<\/p>\n\n\n\n<div style=\"height:20px\" aria-hidden=\"true\" class=\"wp-block-spacer\"><\/div>\n\n\n\n<h2>Legisla\u00e7\u00e3o Aplic\u00e1vel<\/h2>\n\n\n\n<h4>LEGISLA\u00c7\u00c3O APLIC\u00c1VEL EM TODO O TERRIT\u00d3RIO ESTADUAL<\/h4>\n\n\n\n<div class=\"wp-block-file\"><a href=\"https:\/\/www.lai.pe.gov.br\/secmulher\/wp-content\/uploads\/sites\/93\/2022\/01\/LEI-No-17.159-de-08.01.2021-Servico-de-Abrigamento.pdf\" target=\"_blank\" rel=\"noreferrer noopener\">LEI N\u00ba 17.159 de 08.01.2021 Servi\u00e7o de Abrigamento<\/a><a href=\"https:\/\/www.lai.pe.gov.br\/secmulher\/wp-content\/uploads\/sites\/93\/2022\/01\/LEI-No-17.159-de-08.01.2021-Servico-de-Abrigamento.pdf\" class=\"wp-block-file__button\" download>Baixar<\/a><\/div>\n\n\n\n<div class=\"wp-block-file\"><a href=\"https:\/\/www.lai.pe.gov.br\/secmulher\/wp-content\/uploads\/sites\/93\/2022\/01\/Portaria-Conjuta-01.11.2020-Patrulha-Maria-da-Penha.pdf\" target=\"_blank\" rel=\"noreferrer noopener\">Portaria Conjunta N\u00ba 01 de 01.11.2020 &#8211; Patrulha Maria da Penha<\/a><a href=\"https:\/\/www.lai.pe.gov.br\/secmulher\/wp-content\/uploads\/sites\/93\/2022\/01\/Portaria-Conjuta-01.11.2020-Patrulha-Maria-da-Penha.pdf\" class=\"wp-block-file__button\" download>Baixar<\/a><\/div>\n\n\n\n<div class=\"wp-block-file\"><a href=\"https:\/\/www.lai.pe.gov.br\/secmulher\/wp-content\/uploads\/sites\/93\/2019\/04\/Portaria-EMTU-N\u00ba-1162F2004-Parada-Segura.pdf\" target=\"_blank\" rel=\"noreferrer noopener\">Portaria EMTU N\u00ba 11 de 6%2F2004 &#8211; Parada Segura<\/a><a href=\"https:\/\/www.lai.pe.gov.br\/secmulher\/wp-content\/uploads\/sites\/93\/2019\/04\/Portaria-EMTU-N\u00ba-1162F2004-Parada-Segura.pdf\" class=\"wp-block-file__button\" download>Baixar<\/a><\/div>\n\n\n\n<div class=\"wp-block-file\"><a href=\"https:\/\/www.lai.pe.gov.br\/secmulher\/wp-content\/uploads\/sites\/93\/2019\/04\/Portaria-Conjunta-N\u00ba-532F2015-190-Mulher.pdf\" target=\"_blank\" rel=\"noreferrer noopener\">Portaria Conjunta N\u00ba 53 de 06.11.2015 &#8211; 190 Mulher<\/a><a href=\"https:\/\/www.lai.pe.gov.br\/secmulher\/wp-content\/uploads\/sites\/93\/2019\/04\/Portaria-Conjunta-N\u00ba-532F2015-190-Mulher.pdf\" class=\"wp-block-file__button\" download>Baixar<\/a><\/div>\n\n\n\n<div class=\"wp-block-file\"><a href=\"https:\/\/www.lai.pe.gov.br\/secmulher\/wp-content\/uploads\/sites\/93\/2019\/04\/Portaria-Conjunta-N\u00ba-0502F2015-Monitoramento-Eletr\u00f4nico-LMP.pdf\" target=\"_blank\" rel=\"noreferrer noopener\">Portaria Conjunta N\u00ba 050 de 05.10.2015 &#8211; Monitoramento Eletr\u00f4nico LMP<\/a><a href=\"https:\/\/www.lai.pe.gov.br\/secmulher\/wp-content\/uploads\/sites\/93\/2019\/04\/Portaria-Conjunta-N\u00ba-0502F2015-Monitoramento-Eletr\u00f4nico-LMP.pdf\" class=\"wp-block-file__button\" download>Baixar<\/a><\/div>\n\n\n\n<div class=\"wp-block-file\"><a href=\"https:\/\/www.lai.pe.gov.br\/secmulher\/wp-content\/uploads\/sites\/93\/2019\/04\/Portaria-Conjunta-N\u00ba-0412F2015-Patrulha_Maria_da_Penha.pdf\" target=\"_blank\" rel=\"noreferrer noopener\">Portaria Conjunta N\u00ba 041 de 04.08.2015 &#8211; Patrulha Maria da Penha<\/a><a href=\"https:\/\/www.lai.pe.gov.br\/secmulher\/wp-content\/uploads\/sites\/93\/2019\/04\/Portaria-Conjunta-N\u00ba-0412F2015-Patrulha_Maria_da_Penha.pdf\" class=\"wp-block-file__button\" download>Baixar<\/a><\/div>\n\n\n\n<div class=\"wp-block-file\"><a href=\"https:\/\/www.lai.pe.gov.br\/secmulher\/wp-content\/uploads\/sites\/93\/2019\/04\/LEI-N\u00ba-15.7222F2016-Divulga\u00e7\u00e3o-Ouvidoria.pdf\" target=\"_blank\" rel=\"noreferrer noopener\">LEI N\u00ba 15.722 de 08.03.2016 &#8211; Divulga\u00e7\u00e3o Ouvidoria<\/a><a href=\"https:\/\/www.lai.pe.gov.br\/secmulher\/wp-content\/uploads\/sites\/93\/2019\/04\/LEI-N\u00ba-15.7222F2016-Divulga\u00e7\u00e3o-Ouvidoria.pdf\" class=\"wp-block-file__button\" download>Baixar<\/a><\/div>\n\n\n\n<div class=\"wp-block-file\"><a href=\"https:\/\/www.lai.pe.gov.br\/secmulher\/wp-content\/uploads\/sites\/93\/2019\/04\/LEI-N\u00ba-15.0832F2013-Divulga\u00e7\u00e3o-LMP.pdf\" target=\"_blank\" rel=\"noreferrer noopener\">LEI N\u00ba 15.083%2F2013 &#8211; Divulga\u00e7\u00e3o LMP<\/a><a href=\"https:\/\/www.lai.pe.gov.br\/secmulher\/wp-content\/uploads\/sites\/93\/2019\/04\/LEI-N\u00ba-15.0832F2013-Divulga\u00e7\u00e3o-LMP.pdf\" class=\"wp-block-file__button\" download>Baixar<\/a><\/div>\n\n\n\n<div class=\"wp-block-file\"><a href=\"https:\/\/www.lai.pe.gov.br\/secmulher\/wp-content\/uploads\/sites\/93\/2019\/04\/LEI-N\u00ba-14.8042F2012-Acesso-Informa\u00e7\u00e3o-PE.pdf\" target=\"_blank\" rel=\"noreferrer noopener\">LEI N\u00ba 14.804%2F2012 &#8211; Acesso Informa\u00e7\u00e3o PE<\/a><a href=\"https:\/\/www.lai.pe.gov.br\/secmulher\/wp-content\/uploads\/sites\/93\/2019\/04\/LEI-N\u00ba-14.8042F2012-Acesso-Informa\u00e7\u00e3o-PE.pdf\" class=\"wp-block-file__button\" download>Baixar<\/a><\/div>\n\n\n\n<div class=\"wp-block-file\"><a href=\"https:\/\/www.lai.pe.gov.br\/secmulher\/wp-content\/uploads\/sites\/93\/2019\/04\/LEI-N\u00ba-14.8012F2012-Amamenta\u00e7\u00e3o-PE.pdf\" target=\"_blank\" rel=\"noreferrer noopener\">LEI N\u00ba 14.801 de 25.10.2012 &#8211; Amamenta\u00e7\u00e3o PE<\/a><a href=\"https:\/\/www.lai.pe.gov.br\/secmulher\/wp-content\/uploads\/sites\/93\/2019\/04\/LEI-N\u00ba-14.8012F2012-Amamenta\u00e7\u00e3o-PE.pdf\" class=\"wp-block-file__button\" download>Baixar<\/a><\/div>\n\n\n\n<div class=\"wp-block-file\"><a href=\"https:\/\/www.lai.pe.gov.br\/secmulher\/wp-content\/uploads\/sites\/93\/2019\/04\/LEI-N\u00ba-14.6332F2012-Notifica\u00e7\u00e3o-Compuls\u00f3ria-PE.pdf\" target=\"_blank\" rel=\"noreferrer noopener\">LEI N\u00ba 14.633%2F2012 &#8211; Notifica\u00e7\u00e3o Compuls\u00f3ria PE<\/a><a href=\"https:\/\/www.lai.pe.gov.br\/secmulher\/wp-content\/uploads\/sites\/93\/2019\/04\/LEI-N\u00ba-14.6332F2012-Notifica\u00e7\u00e3o-Compuls\u00f3ria-PE.pdf\" class=\"wp-block-file__button\" download>Baixar<\/a><\/div>\n\n\n\n<div class=\"wp-block-file\"><a href=\"https:\/\/www.lai.pe.gov.br\/secmulher\/wp-content\/uploads\/sites\/93\/2019\/04\/LEI-N\u00ba-13.9772F2009-Abrigamento.pdf\" target=\"_blank\" rel=\"noreferrer noopener\">LEI N\u00ba 13.977 de 16.12.2009 &#8211; Servi\u00e7o de Abrigamento<\/a><a href=\"https:\/\/www.lai.pe.gov.br\/secmulher\/wp-content\/uploads\/sites\/93\/2019\/04\/LEI-N\u00ba-13.9772F2009-Abrigamento.pdf\" class=\"wp-block-file__button\" download>Baixar<\/a><\/div>\n\n\n\n<div class=\"wp-block-file\"><a href=\"https:\/\/www.lai.pe.gov.br\/secmulher\/wp-content\/uploads\/sites\/93\/2019\/04\/LEI-N\u00ba-13.4222F2008-CEDIM2FPE.pdf\" target=\"_blank\" rel=\"noreferrer noopener\">LEI N\u00ba 13.422 de 04.04.2008 &#8211; Conselho Estadual dos Direitos da Mulher<\/a><a href=\"https:\/\/www.lai.pe.gov.br\/secmulher\/wp-content\/uploads\/sites\/93\/2019\/04\/LEI-N\u00ba-13.4222F2008-CEDIM2FPE.pdf\" class=\"wp-block-file__button\" download>Baixar<\/a><\/div>\n\n\n\n<div class=\"wp-block-file\"><a href=\"https:\/\/www.lai.pe.gov.br\/secmulher\/wp-content\/uploads\/sites\/93\/2019\/04\/LEI-N\u00ba-13.3142F2007-Ass\u00e9dio-Moral-PE.pdf\" target=\"_blank\" rel=\"noreferrer noopener\">LEI N\u00ba 13.314%2F2007 &#8211; Ass\u00e9dio Moral PE<\/a><a href=\"https:\/\/www.lai.pe.gov.br\/secmulher\/wp-content\/uploads\/sites\/93\/2019\/04\/LEI-N\u00ba-13.3142F2007-Ass\u00e9dio-Moral-PE.pdf\" class=\"wp-block-file__button\" download>Baixar<\/a><\/div>\n\n\n\n<div class=\"wp-block-file\"><a href=\"https:\/\/www.lai.pe.gov.br\/secmulher\/wp-content\/uploads\/sites\/93\/2019\/04\/Lei-N\u00ba-15.7722F2016-Algema-em-gestante.pdf\" target=\"_blank\" rel=\"noreferrer noopener\">Lei N\u00ba 15.772%2F2016 &#8211; Algema em gestante<\/a><a href=\"https:\/\/www.lai.pe.gov.br\/secmulher\/wp-content\/uploads\/sites\/93\/2019\/04\/Lei-N\u00ba-15.7722F2016-Algema-em-gestante.pdf\" class=\"wp-block-file__button\" download>Baixar<\/a><\/div>\n\n\n\n<div class=\"wp-block-file\"><a href=\"https:\/\/www.lai.pe.gov.br\/secmulher\/wp-content\/uploads\/sites\/93\/2019\/04\/LEI-N\u00b0-16.1962F2017-Dia-Estadual-de-Combate-ao-Feminic\u00eddio.pdf\" target=\"_blank\" rel=\"noreferrer noopener\">LEI N\u00b0 16.196%2F2017 &#8211; Dia Estadual de Combate ao Feminic\u00eddio<\/a><a href=\"https:\/\/www.lai.pe.gov.br\/secmulher\/wp-content\/uploads\/sites\/93\/2019\/04\/LEI-N\u00b0-16.1962F2017-Dia-Estadual-de-Combate-ao-Feminic\u00eddio.pdf\" class=\"wp-block-file__button\" download>Baixar<\/a><\/div>\n\n\n\n<div class=\"wp-block-file\"><a href=\"https:\/\/www.lai.pe.gov.br\/secmulher\/wp-content\/uploads\/sites\/93\/2019\/04\/DECRETO-N\u00ba-41.5642F2015-FEM-Mulher.pdf\" target=\"_blank\" rel=\"noreferrer noopener\">DECRETO N\u00ba 41.564%2F2015 &#8211; FEM Mulher<\/a><a href=\"https:\/\/www.lai.pe.gov.br\/secmulher\/wp-content\/uploads\/sites\/93\/2019\/04\/DECRETO-N\u00ba-41.5642F2015-FEM-Mulher.pdf\" class=\"wp-block-file__button\" download>Baixar<\/a><\/div>\n\n\n\n<div class=\"wp-block-file\"><a href=\"https:\/\/www.lai.pe.gov.br\/secmulher\/wp-content\/uploads\/sites\/93\/2019\/04\/DECRETO-N\u00ba-41.4682F2015-Comite-Trabalho-e-Renda.pdf\" target=\"_blank\" rel=\"noreferrer noopener\">DECRETO N\u00ba 41.468%2F2015 &#8211; Comite Trabalho e Renda<\/a><a href=\"https:\/\/www.lai.pe.gov.br\/secmulher\/wp-content\/uploads\/sites\/93\/2019\/04\/DECRETO-N\u00ba-41.4682F2015-Comite-Trabalho-e-Renda.pdf\" class=\"wp-block-file__button\" download>Baixar<\/a><\/div>\n\n\n\n<div class=\"wp-block-file\"><a href=\"https:\/\/www.lai.pe.gov.br\/secmulher\/wp-content\/uploads\/sites\/93\/2019\/04\/DECRETO-N\u00ba-38.7872F2012-Acesso-Informa\u00e7\u00e3o.pdf\" target=\"_blank\" rel=\"noreferrer noopener\">DECRETO N\u00ba 38.787 de 30.10.2012 &#8211; Acesso Informa\u00e7\u00e3o<\/a><a href=\"https:\/\/www.lai.pe.gov.br\/secmulher\/wp-content\/uploads\/sites\/93\/2019\/04\/DECRETO-N\u00ba-38.7872F2012-Acesso-Informa\u00e7\u00e3o.pdf\" class=\"wp-block-file__button\" download>Baixar<\/a><\/div>\n\n\n\n<div class=\"wp-block-file\"><a href=\"https:\/\/www.lai.pe.gov.br\/secmulher\/wp-content\/uploads\/sites\/93\/2019\/04\/DECRETO-N\u00ba-37.4932F2011-CPMR2FPE.pdf\" target=\"_blank\" rel=\"noreferrer noopener\">DECRETO N\u00ba 37.493%2F2011 &#8211; CPMR%2FPE<\/a><a href=\"https:\/\/www.lai.pe.gov.br\/secmulher\/wp-content\/uploads\/sites\/93\/2019\/04\/DECRETO-N\u00ba-37.4932F2011-CPMR2FPE.pdf\" class=\"wp-block-file__button\" download>Baixar<\/a><\/div>\n\n\n\n<div class=\"wp-block-file\"><a href=\"https:\/\/www.lai.pe.gov.br\/secmulher\/wp-content\/uploads\/sites\/93\/2019\/04\/DECRETO-N\u00b0-44.9512F2017-Institui\u00e7\u00e3o-do-Grupo-de-Trabalho-Interinstitucional-sobre-Feminic\u00eddio-GTIF.pdf\" target=\"_blank\" rel=\"noreferrer noopener\">DECRETO N\u00b0 44.951%2F2017 &#8211; Institui\u00e7\u00e3o do Grupo de Trabalho Interinstitucional sobre Feminic\u00eddio &#8211; GTIF<\/a><a href=\"https:\/\/www.lai.pe.gov.br\/secmulher\/wp-content\/uploads\/sites\/93\/2019\/04\/DECRETO-N\u00b0-44.9512F2017-Institui\u00e7\u00e3o-do-Grupo-de-Trabalho-Interinstitucional-sobre-Feminic\u00eddio-GTIF.pdf\" class=\"wp-block-file__button\" download>Baixar<\/a><\/div>\n\n\n\n<div class=\"wp-block-file\"><a href=\"https:\/\/www.lai.pe.gov.br\/secmulher\/wp-content\/uploads\/sites\/93\/2019\/04\/DECRETO-N\u00b0-44.9502F2017-Registro-do-Crime-de-Feminic\u00eddio-PE.pdf\" target=\"_blank\" rel=\"noreferrer noopener\">DECRETO N\u00b0 44.950 de 04.09.2017 &#8211; Registro do Crime de Feminic\u00eddio PE<\/a><a href=\"https:\/\/www.lai.pe.gov.br\/secmulher\/wp-content\/uploads\/sites\/93\/2019\/04\/DECRETO-N\u00b0-44.9502F2017-Registro-do-Crime-de-Feminic\u00eddio-PE.pdf\" class=\"wp-block-file__button\" download>Baixar<\/a><\/div>\n\n\n\n<p><\/p>\n\n\n\n<h4>LEGISLA\u00c7\u00c3O APLIC\u00c1VEL EM TODO O TERRIT\u00d3RIO NACIONAL<\/h4>\n\n\n\n<div class=\"wp-block-file\"><a href=\"https:\/\/www.lai.pe.gov.br\/secmulher\/wp-content\/uploads\/sites\/93\/2019\/04\/LEI-N\u00ba-11.3402F2006-Lei-Maria-da-Penha-LMP.pdf\" target=\"_blank\" rel=\"noreferrer noopener\">LEI N\u00ba 11.340 de 07.08.2006 &#8211; Lei Maria da Penha (LMP)<\/a><a href=\"https:\/\/www.lai.pe.gov.br\/secmulher\/wp-content\/uploads\/sites\/93\/2019\/04\/LEI-N\u00ba-11.3402F2006-Lei-Maria-da-Penha-LMP.pdf\" class=\"wp-block-file__button\" download>Baixar<\/a><\/div>\n\n\n\n<div class=\"wp-block-file\"><a href=\"https:\/\/www.lai.pe.gov.br\/secmulher\/wp-content\/uploads\/sites\/93\/2019\/04\/LEI-N\u00b0-13.6422F2018-Investiga\u00e7\u00e3o-de-Crimes-de-Misoginia-na-Internet.pdf\" target=\"_blank\" rel=\"noreferrer noopener\">LEI N\u00b0 13.642%2F2018 &#8211; Investiga\u00e7\u00e3o de Crimes de Misoginia na Internet<\/a><a href=\"https:\/\/www.lai.pe.gov.br\/secmulher\/wp-content\/uploads\/sites\/93\/2019\/04\/LEI-N\u00b0-13.6422F2018-Investiga\u00e7\u00e3o-de-Crimes-de-Misoginia-na-Internet.pdf\" class=\"wp-block-file__button\" download>Baixar<\/a><\/div>\n\n\n\n<div class=\"wp-block-file\"><a href=\"https:\/\/www.lai.pe.gov.br\/secmulher\/wp-content\/uploads\/sites\/93\/2019\/04\/LEI-N\u00b0-13.6412F2018-Descumprimento-de-Medidas-Protetivas-de-Urg\u00eancia.pdf\" target=\"_blank\" rel=\"noreferrer noopener\">LEI N\u00b0 13.641 de 03.04.2018 &#8211; Descumprimento de Medidas Protetivas de Urg\u00eancia<\/a><a href=\"https:\/\/www.lai.pe.gov.br\/secmulher\/wp-content\/uploads\/sites\/93\/2019\/04\/LEI-N\u00b0-13.6412F2018-Descumprimento-de-Medidas-Protetivas-de-Urg\u00eancia.pdf\" class=\"wp-block-file__button\" download>Baixar<\/a><\/div>\n\n\n\n<div class=\"wp-block-file\"><a href=\"https:\/\/www.lai.pe.gov.br\/secmulher\/wp-content\/uploads\/sites\/93\/2019\/04\/LEI-N\u00b013.4212F2017-Semana-Nacional-pela-N\u00e3o-Viol\u00eancia-contra-a-Mulher.pdf\" target=\"_blank\" rel=\"noreferrer noopener\">LEI N\u00b013.421%2F2017 &#8211; Semana Nacional pela N\u00e3o Viol\u00eancia contra a Mulher<\/a><a href=\"https:\/\/www.lai.pe.gov.br\/secmulher\/wp-content\/uploads\/sites\/93\/2019\/04\/LEI-N\u00b013.4212F2017-Semana-Nacional-pela-N\u00e3o-Viol\u00eancia-contra-a-Mulher.pdf\" class=\"wp-block-file__button\" download>Baixar<\/a><\/div>\n\n\n\n<div class=\"wp-block-file\"><a href=\"https:\/\/www.lai.pe.gov.br\/secmulher\/wp-content\/uploads\/sites\/93\/2019\/04\/LEIC2A0N\u00baC2A013.1042F2015-Feminic\u00eddio.pdf\" target=\"_blank\" rel=\"noreferrer noopener\">LEI N\u00ba 13.104 de 09.03.2015 &#8211; Feminic\u00eddio<\/a><a href=\"https:\/\/www.lai.pe.gov.br\/secmulher\/wp-content\/uploads\/sites\/93\/2019\/04\/LEIC2A0N\u00baC2A013.1042F2015-Feminic\u00eddio.pdf\" class=\"wp-block-file__button\" download>Baixar<\/a><\/div>\n\n\n\n<p><\/p>\n<style class=\"advgb-styles-renderer\">#kt-info-box_36c228-f9 .kt-blocks-info-box-link-wrap {border-color:rgba(136, 136, 136, 1);border-radius:20px;background:rgba(255, 255, 255, 1);padding:20px 20px 20px 20px;border-width:2px 2px 2px 2px;}#kt-info-box_36c228-f9 .kt-blocks-info-box-link-wrap:hover {border-color:rgba(136, 136, 136, 1);background:rgba(255, 255, 255, 1);}#kt-info-box_36c228-f9 .kt-info-svg-icon, #kt-info-box_36c228-f9 .kt-blocks-info-box-number {font-size:50px;}#kt-info-box_36c228-f9 .kt-blocks-info-box-media {color:#ffffff;background:#555555;border-color:#444444;border-radius:200px;border-width:0px 0px 0px 0px;padding:20px 20px 20px 20px;margin:0px 15px 0px 15px;}#kt-info-box_36c228-f9 .kt-blocks-info-box-media img {border-radius:200px;}#kt-info-box_36c228-f9 .kt-blocks-info-box-link-wrap:hover .kt-blocks-info-box-media {color:#ffffff;background:#444444;border-color:#444444;}#kt-info-box_36c228-f9 .kt-blocks-info-box-title {padding:0px 0px 0px 0px;margin:5px 0px 10px 0px;}#kt-info-box_36c228-f9 .kt-blocks-info-box-text {}#kt-info-box_36c228-f9 .kt-blocks-info-box-link-wrap:hover {box-shadow:0px 0px 14px 0px rgba(0,0,0,0.2);}.ugb-0e166ed .ugb-blockquote__quote{width:70px !important;height:70px !important}<\/style>","protected":false},"excerpt":{"rendered":"<p>O Decreto n\u00b0 42.110, de 03 de setembro de 2015, que disp\u00f5e sobre o Regulamento da Secretaria da Mulher, define as compet\u00eancias da Secretaria da Mulher (SECMULHER-PE) conforme segue: Base Jur\u00eddica: Decreto N\u00b0 42.110, de 03 de setembro de 2015: aprova o Regulamento da Secretaria da Mulher; Decreto N\u00b0 42.338, de 12 de novembro de [&hellip;]<\/p>\n","protected":false},"author":1,"featured_media":0,"parent":0,"menu_order":0,"comment_status":"closed","ping_status":"closed","template":"","meta":{"advgb_blocks_editor_width":"","advgb_blocks_columns_visual_guide":"","kt_blocks_editor_width":""},"featured_image_urls":{"full":"","thumbnail":"","medium":"","medium_large":"","large":"","1536x1536":"","2048x2048":""},"post_excerpt_stackable":"<p>O que h\u00e1 nesta p\u00e1gina!Nesta se\u00e7\u00e3o s\u00e3o divulgadas a descri\u00e7\u00e3o das principais atribui\u00e7\u00f5es do \u00f3rg\u00e3o\/entidade, base jur\u00eddica da sua estrutura organizacional e das suas compet\u00eancias, inclusive regimentos internos, quando existirem. O Decreto n\u00b0 42.110, de 03 de setembro de 2015, que disp\u00f5e sobre o Regulamento da Secretaria da Mulher, define as compet\u00eancias da Secretaria da Mulher (SECMULHER-PE) conforme segue: \u201cA Secretaria da Mulher, \u00f3rg\u00e3o da Administra\u00e7\u00e3o Direta do Poder Executivo Estadual, tem como finalidade e compet\u00eancia formular, estabelecer, coordenar e articular as pol\u00edticas para as mulheres, bem como elaborar e implementar campanhas educativas de combate \u00e0 discrimina\u00e7\u00e3o e \u00e0 viol\u00eancia&hellip;<\/p>\n","category_list":"","author_info":{"name":"nilo.martins","url":"https:\/\/www.lai.pe.gov.br\/secmulher\/author\/nilo-martins\/"},"comments_num":"0 coment\u00e1rio","_links":{"self":[{"href":"https:\/\/www.lai.pe.gov.br\/secmulher\/wp-json\/wp\/v2\/pages\/10"}],"collection":[{"href":"https:\/\/www.lai.pe.gov.br\/secmulher\/wp-json\/wp\/v2\/pages"}],"about":[{"href":"https:\/\/www.lai.pe.gov.br\/secmulher\/wp-json\/wp\/v2\/types\/page"}],"author":[{"embeddable":true,"href":"https:\/\/www.lai.pe.gov.br\/secmulher\/wp-json\/wp\/v2\/users\/1"}],"replies":[{"embeddable":true,"href":"https:\/\/www.lai.pe.gov.br\/secmulher\/wp-json\/wp\/v2\/comments?post=10"}],"version-history":[{"count":26,"href":"https:\/\/www.lai.pe.gov.br\/secmulher\/wp-json\/wp\/v2\/pages\/10\/revisions"}],"predecessor-version":[{"id":1131,"href":"https:\/\/www.lai.pe.gov.br\/secmulher\/wp-json\/wp\/v2\/pages\/10\/revisions\/1131"}],"wp:attachment":[{"href":"https:\/\/www.lai.pe.gov.br\/secmulher\/wp-json\/wp\/v2\/media?parent=10"}],"curies":[{"name":"wp","href":"https:\/\/api.w.org\/{rel}","templated":true}]}}