{"id":6,"date":"2019-03-13T16:51:31","date_gmt":"2019-03-13T19:51:31","guid":{"rendered":"https:\/\/www.lai.pe.gov.br\/lafepe\/?page_id=6"},"modified":"2024-03-15T13:42:51","modified_gmt":"2024-03-15T16:42:51","slug":"institucional","status":"publish","type":"page","link":"https:\/\/www.lai.pe.gov.br\/lafepe\/","title":{"rendered":"Institucional"},"content":{"rendered":"\n<div id=\"kt-info-box_36c228-f9\" class=\"wp-block-kadence-infobox\"><a class=\"kt-blocks-info-box-link-wrap kt-blocks-info-box-media-align-left kt-info-halign-left\"><div class=\"kt-blocks-info-box-media-container\"><div class=\"kt-blocks-info-box-media kt-info-media-animate-flip\"><div class=\"kadence-info-box-icon-container kt-info-icon-animate-flip\"><div class=\"kadence-info-box-icon-inner-container\"><span style=\"display:block;justify-content:center;align-items:center\" class=\"kt-info-svg-icon kt-info-svg-icon-fas_info\"><svg viewbox=\"0 0 192 512\" height=\"50\" width=\"50\" xmlns=\"http:\/\/www.w3.org\/2000\/svg\"><path d=\"M20 424.229h20V279.771H20c-11.046 0-20-8.954-20-20V212c0-11.046 8.954-20 20-20h112c11.046 0 20 8.954 20 20v212.229h20c11.046 0 20 8.954 20 20V492c0 11.046-8.954 20-20 20H20c-11.046 0-20-8.954-20-20v-47.771c0-11.046 8.954-20 20-20zM96 0C56.235 0 24 32.235 24 72s32.235 72 72 72 72-32.235 72-72S135.764 0 96 0z\"><\/path><\/svg><\/span><span style=\"display:block;justify-content:center;align-items:center\" class=\"kt-info-svg-icon-flip kt-info-svg-icon-ic_info\"><svg viewbox=\"0 0 8 8\" height=\"50\" width=\"50\" xmlns=\"http:\/\/www.w3.org\/2000\/svg\"><path d=\"M3 0c-.55 0-1 .45-1 1s.45 1 1 1 1-.45 1-1-.45-1-1-1zm-1.5 2.5c-.83 0-1.5.67-1.5 1.5h1c0-.28.22-.5.5-.5s.5.22.5.5-1 1.64-1 2.5c0 .86.67 1.5 1.5 1.5s1.5-.67 1.5-1.5h-1c0 .28-.22.5-.5.5s-.5-.22-.5-.5c0-.36 1-1.84 1-2.5 0-.81-.67-1.5-1.5-1.5z\"><\/path><\/svg><\/span><\/div><\/div><\/div><\/div><div class=\"kt-infobox-textcontent\"><h2 class=\"kt-blocks-info-box-title\">O que h\u00e1 nesta p\u00e1gina!<\/h2><p class=\"kt-blocks-info-box-text\">Nesta se\u00e7\u00e3o s\u00e3o divulgadas informa\u00e7\u00f5es institucionais e organizacionais da entidade.<\/p><\/div><\/a><\/div>\n\n\n\n<blockquote class=\"wp-block-ugb-blockquote ugb-blockquote ugb-blockquote--v2 ugb--background-opacity-5 ugb-8ad752c ugb-blockquote--v3 ugb-blockquote--design-plain ugb-main-block\" id=\"\"><div class=\"ugb-inner-block\"><div class=\"ugb-block-content\"><div class=\"ugb-blockquote__item\"><svg viewbox=\"0 0 50 50\" xmlns=\"http:\/\/www.w3.org\/2000\/svg\" class=\"ugb-blockquote__quote\" width=\"70\" height=\"70\"><path d=\"M19.8 9.3C10.5 11.8 4.6 17 2.1 24.8c2.3-3.6 5.6-5.4 9.9-5.4 3.3 0 6 1.1 8.3 3.3 2.2 2.2 3.4 5 3.4 8.3 0 3.2-1.1 5.8-3.3 8-2.2 2.2-5.1 3.2-8.7 3.2-3.7 0-6.5-1.2-8.6-3.5C1 36.3 0 33.1 0 29 0 18.3 6.5 11.2 19.6 7.9l.2 1.4zm26.4 0C36.9 11.9 31 17 28.5 24.8c2.2-3.6 5.5-5.4 9.8-5.4 3.2 0 6 1.1 8.3 3.2 2.3 2.2 3.4 4.9 3.4 8.3 0 3.1-1.1 5.8-3.3 7.9-2.2 2.2-5.1 3.3-8.6 3.3-3.7 0-6.6-1.1-8.6-3.4-2.1-2.3-3.1-5.5-3.1-9.7 0-10.7 6.6-17.8 19.7-21.1l.1 1.4z\"><\/path><\/svg><div class=\"ugb-blockquote__content\"><p class=\"ugb-blockquote__text\"><em><br><em>Criado em 1965, o Laborat\u00f3rio Farmac\u00eautico do Estado de Pernambuco Governador Miguel Arraes S\/A &#8211; LAFEPE faz parte da administra\u00e7\u00e3o indireta do Governo do Estado de Pernambuco, sendo uma sociedade de economia mista vinculada \u00e0 Secretaria de Sa\u00fade do Estado de Pernambuco. Sua atua\u00e7\u00e3o se d\u00e1 no desenvolvimento, produ\u00e7\u00e3o e comercializa\u00e7\u00e3o de medicamentos e \u00f3culos a baixo custo, destinados \u00e0s necessidades das pol\u00edticas de sa\u00fade p\u00fablica.<\/em><\/em><br><em><br><em>Com um parque industrial de alta tecnologia, o Lafepe \u00e9 classificado como um dos tr\u00eas maiores laborat\u00f3rios p\u00fablicos do Brasil. Destaca-se tamb\u00e9m pelo programa pioneiro de Farm\u00e1cias Populares instaladas em \u00e1reas de com\u00e9rcio nas diversas regi\u00f5es do Estado, atendendo a popula\u00e7\u00e3o pernambucana e servindo de modelo para o Governo Federal.<\/em><\/em><br><em><br><em>Em 1994, destacou-se como primeiro laborat\u00f3rio oficial no Brasil a produzir o Antirretroviral Zidovudina (AZT)- medicamento usado no tratamento de Aids.&nbsp;&nbsp;\u00c9 tamb\u00e9m o \u00fanico laborat\u00f3rio oficial, no mundo, fabricante do Benznidazol \u2013 medicamento usado no tratamento do Mal de Chagas.<\/em><\/em><\/p><\/div><\/div><\/div><\/div><\/blockquote>\n\n\n\n<div class=\"wp-block-ugb-container ugb-container ugb-edffcfe ugb-container--v2 ugb-container--design-basic ugb-main-block\" id=\"\"><div class=\"ugb-inner-block\"><div class=\"ugb-block-content\"><div class=\"ugb-container__wrapper ugb-edffcfe-wrapper ugb--shadow-3\"><div class=\"ugb-container__side\"><div class=\"ugb-container__content-wrapper ugb-edffcfe-content-wrapper\">\n<h4>MISS\u00c3O INSTITUCIONAL<\/h4>\n\n\n\n<p>Pesquisar, desenvolver, produzir  e distribuir  medicamentos ,produtos e servi\u00e7os para atendimento \u00e0s politicas de sa\u00fade, com garantia de seguran\u00e7a, qualidade e sustentabilidade a pre\u00e7os acess\u00edveis. <\/p>\n<\/div><\/div><\/div><\/div><\/div><\/div>\n\n\n\n<div class=\"wp-block-ugb-container ugb-container ugb-8b0cf56 ugb-container--v2 ugb-container--design-basic ugb-main-block\" id=\"\"><div class=\"ugb-inner-block\"><div class=\"ugb-block-content\"><div class=\"ugb-container__wrapper ugb-8b0cf56-wrapper ugb--shadow-3\"><div class=\"ugb-container__side\"><div class=\"ugb-container__content-wrapper ugb-8b0cf56-content-wrapper\">\n<h4>VIS\u00c3O DE FUTURO<\/h4>\n\n\n\n<p>Incorporar, at\u00e9 2023, medicamentos, tecnologias, produtos e servi\u00e7os ao portf\u00f3lio do LAFEPE, com a amplia\u00e7\u00e3o da produ\u00e7\u00e3o e internaliza\u00e7\u00e3o de novos medicamentos. <\/p>\n<\/div><\/div><\/div><\/div><\/div><\/div>\n\n\n\n<div class=\"wp-block-ugb-container ugb-container ugb-9158c35 ugb-container--v2 ugb-container--design-basic ugb-main-block\" id=\"\"><div class=\"ugb-inner-block\"><div class=\"ugb-block-content\"><div class=\"ugb-container__wrapper ugb-9158c35-wrapper ugb--shadow-3\"><div class=\"ugb-container__side\"><div class=\"ugb-container__content-wrapper ugb-9158c35-content-wrapper\">\n<h4>VALORES<\/h4>\n\n\n\n<div class=\"wp-block-ugb-icon-list ugb-icon-list ugb-icon-list-wrapper ugb-ca31be4 ugb-icon-list--v2 ugb-icon--icon-check ugb-main-block\" id=\"\"><div class=\"ugb-inner-block\"><div class=\"ugb-block-content\"><ul><li>Valoriza\u00e7\u00e3o dos colaboradores<\/li><li>Responsabilidade social e ambiental<\/li><li>Melhoria continua<\/li><li>Gest\u00e3o transparente e participativa<\/li><li>\u00c9tica, respeito e confian\u00e7a<\/li><li>Foco em resultados<\/li><\/ul><\/div><\/div><\/div>\n<\/div><\/div><\/div><\/div><\/div><\/div>\n\n\n\n<h2 class=\"has-text-align-center\">Mapa Estrat\u00e9gico<\/h2>\n\n\n\n<div class=\"wp-block-image\"><figure class=\"aligncenter size-large\"><img loading=\"lazy\" width=\"734\" height=\"894\" src=\"https:\/\/www.lai.pe.gov.br\/lafepe\/wp-content\/uploads\/sites\/89\/2021\/02\/image-1.png\" alt=\"\" class=\"wp-image-1276\" \/><\/figure><\/div>\n\n\n\n<h2>Entidades e Fundos P\u00fablicos Vinculados<\/h2>\n\n\n\n<p class=\"has-text-align-left\">O LAFEPE n\u00e3o possui entidades ou fundos vinculados.<\/p>\n\n\n\n<p><\/p>\n\n\n\n<h2>Mais informa\u00e7\u00f5es<\/h2>\n\n\n\n<p>Laborat\u00f3rio Farmac\u00eautico do Estado de Pernambuco &#8211; LAFEPE<\/p>\n\n\n\n<p>Largo de Dois Irm\u00e3os, 1117<\/p>\n\n\n\n<p>Dois Irm\u00e3os &#8211; Recife &#8211; PE<\/p>\n\n\n\n<p>CEP: 52171-010<\/p>\n\n\n\n<p>Fones: (81) 3183-1100<\/p>\n\n\n\n<p><\/p>\n\n\n\n<div id=\"kt-info-box_3dd463-a4\" class=\"wp-block-kadence-infobox\"><a class=\"kt-blocks-info-box-link-wrap kt-blocks-info-box-media-align-left kt-info-halign-left\" target=\"_blank\" rel=\"noopener noreferrer\" href=\"http:\/\/www.lafepe.pe.gov.br\/institucional\/\"><div class=\"kt-blocks-info-box-media kt-info-media-animate-none\"><div class=\"kadence-info-box-icon-container kt-info-icon-animate-none\"><div class=\"kadence-info-box-icon-inner-container\"><span style=\"justify-content:center;align-items:center\" class=\"kt-info-svg-icon kt-info-svg-icon-fe_externalLink\"><svg viewbox=\"0 0 24 24\" height=\"50\" width=\"50\" xmlns=\"http:\/\/www.w3.org\/2000\/svg\"><path d=\"M18 13v6a2 2 0 0 1-2 2H5a2 2 0 0 1-2-2V8a2 2 0 0 1 2-2h6\"><\/path><\/svg><\/span><\/div><\/div><\/div><div class=\"kt-infobox-textcontent\"><h2 class=\"kt-blocks-info-box-title\">Site da Institui\u00e7\u00e3o<\/h2><p class=\"kt-blocks-info-box-text\">Outras informa\u00e7\u00f5es institucionais est\u00e3o dispon\u00edveis no s\u00edtio institucional do LAFEPE.<\/p><\/div><\/a><\/div>\n\n\n\n<div style=\"height:35px\" aria-hidden=\"true\" class=\"wp-block-spacer\"><\/div>\n\n\n\n<p><\/p>\n<style class=\"advgb-styles-renderer\">#kt-info-box_36c228-f9 .kt-blocks-info-box-link-wrap {border-color:rgba(136, 136, 136, 1);border-radius:20px;background:rgba(255, 255, 255, 1);padding:20px 20px 20px 20px;border-width:2px 2px 2px 2px;}#kt-info-box_36c228-f9 .kt-blocks-info-box-link-wrap:hover {border-color:rgba(136, 136, 136, 1);background:rgba(255, 255, 255, 1);}#kt-info-box_36c228-f9 .kt-info-svg-icon, #kt-info-box_36c228-f9 .kt-blocks-info-box-number {font-size:50px;}#kt-info-box_36c228-f9 .kt-blocks-info-box-media {color:#ffffff;background:#555555;border-color:#444444;border-radius:200px;border-width:0px 0px 0px 0px;padding:20px 20px 20px 20px;margin:0px 15px 0px 15px;}#kt-info-box_36c228-f9 .kt-blocks-info-box-media img {border-radius:200px;}#kt-info-box_36c228-f9 .kt-blocks-info-box-link-wrap:hover .kt-blocks-info-box-media {color:#ffffff;background:#444444;border-color:#444444;}#kt-info-box_36c228-f9 .kt-blocks-info-box-title {padding:0px 0px 0px 0px;margin:5px 0px 10px 0px;}#kt-info-box_36c228-f9 .kt-blocks-info-box-text {}#kt-info-box_36c228-f9 .kt-blocks-info-box-link-wrap:hover {box-shadow:0px 0px 14px 0px rgba(0,0,0,0.2);}.ugb-8ad752c .ugb-blockquote__quote{width:70px !important;height:70px !important}.ugb-8ad752c .ugb-blockquote__text{font-size:17px !important}.ugb-8ad752c .ugb-blockquote__item{text-align:left !important}.ugb-edffcfe-wrapper.ugb-container__wrapper{border-radius:12px !important;background-color:#f1f1f1 !important}.ugb-edffcfe-content-wrapper.ugb-container__content-wrapper{width:100% !important}.ugb-edffcfe-wrapper.ugb-container__wrapper:before{background-color:#f1f1f1 !important}.ugb-edffcfe-content-wrapper &gt; h1,.ugb-edffcfe-content-wrapper &gt; h2,.ugb-edffcfe-content-wrapper &gt; h3,.ugb-edffcfe-content-wrapper &gt; h4,.ugb-edffcfe-content-wrapper &gt; h5,.ugb-edffcfe-content-wrapper &gt; h6{color:#222222}.ugb-edffcfe-content-wrapper &gt; p,.ugb-edffcfe-content-wrapper &gt; ol li,.ugb-edffcfe-content-wrapper &gt; ul li{color:#222222}.ugb-8b0cf56-wrapper.ugb-container__wrapper{border-radius:12px !important;background-color:#f1f1f1 !important}.ugb-8b0cf56-content-wrapper.ugb-container__content-wrapper{width:100% !important}.ugb-8b0cf56-wrapper.ugb-container__wrapper:before{background-color:#f1f1f1 !important}.ugb-8b0cf56-content-wrapper &gt; h1,.ugb-8b0cf56-content-wrapper &gt; h2,.ugb-8b0cf56-content-wrapper &gt; h3,.ugb-8b0cf56-content-wrapper &gt; h4,.ugb-8b0cf56-content-wrapper &gt; h5,.ugb-8b0cf56-content-wrapper &gt; h6{color:#222222}.ugb-8b0cf56-content-wrapper &gt; p,.ugb-8b0cf56-content-wrapper &gt; ol li,.ugb-8b0cf56-content-wrapper &gt; ul li{color:#222222}.ugb-9158c35-wrapper.ugb-container__wrapper{border-radius:12px !important;background-color:#f1f1f1 !important}.ugb-9158c35-content-wrapper.ugb-container__content-wrapper{width:100% !important}.ugb-9158c35-wrapper.ugb-container__wrapper:before{background-color:#f1f1f1 !important}.ugb-9158c35-content-wrapper &gt; h1,.ugb-9158c35-content-wrapper &gt; h2,.ugb-9158c35-content-wrapper &gt; h3,.ugb-9158c35-content-wrapper &gt; h4,.ugb-9158c35-content-wrapper &gt; h5,.ugb-9158c35-content-wrapper &gt; h6{color:#222222}.ugb-9158c35-content-wrapper &gt; p,.ugb-9158c35-content-wrapper &gt; ol li,.ugb-9158c35-content-wrapper &gt; ul li{color:#222222}.ugb-ca31be4 li{--icon-size:20px;margin-bottom:16px !important}.ugb-ca31be4 li::before{height:20px !important;width:20px !important;background-image:url('data:image\/svg+xml;base64,PHN2ZyB2aWV3Qm94PSIwIDAgMTkwIDE5MCIgeG1sbnM9Imh0dHA6Ly93d3cudzMub3JnLzIwMDAvc3ZnIj48cGF0aCBkPSJNMTczLjggMjguNEw2MC40IDE0MS44IDE1LjcgOTcuMiA1LjEgMTA3LjggNjAuNCAxNjNsMTI0LTEyNC0xMC42LTEwLjZ6Ij48L3BhdGg+PC9zdmc+')}.ugb-ca31be4 li ul{margin-bottom:16px !important}.ugb-ca31be4.ugb-icon-list ul{columns:2}#kt-info-box_3dd463-a4 .kt-blocks-info-box-link-wrap {border-color:rgba(136, 136, 136, 1);border-radius:20px;background:rgba(255, 255, 255, 1);padding:20px 20px 20px 20px;border-width:2px 2px 2px 2px;}#kt-info-box_3dd463-a4 .kt-blocks-info-box-link-wrap:hover {border-color:rgba(136, 136, 136, 1);background:rgba(255, 255, 255, 1);}#kt-info-box_3dd463-a4 .kt-info-svg-icon, #kt-info-box_3dd463-a4 .kt-blocks-info-box-number {font-size:50px;}#kt-info-box_3dd463-a4 .kt-blocks-info-box-media {color:#ffffff;background:#555555;border-color:#444444;border-radius:200px;border-width:0px 0px 0px 0px;padding:20px 20px 20px 20px;margin:0px 15px 0px 15px;}#kt-info-box_3dd463-a4 .kt-blocks-info-box-media img {border-radius:200px;}#kt-info-box_3dd463-a4 .kt-blocks-info-box-link-wrap:hover .kt-blocks-info-box-media {color:#ffffff;background:#444444;border-color:#444444;}#kt-info-box_3dd463-a4 .kt-blocks-info-box-title {padding:0px 0px 0px 0px;margin:5px 0px 10px 0px;}#kt-info-box_3dd463-a4 .kt-blocks-info-box-text {}#kt-info-box_3dd463-a4 .kt-blocks-info-box-link-wrap:hover {box-shadow:0px 0px 14px 0px rgba(0,0,0,0.2);}<\/style>","protected":false},"excerpt":{"rendered":"<p>Mapa Estrat\u00e9gico Entidades e Fundos P\u00fablicos Vinculados O LAFEPE n\u00e3o possui entidades ou fundos vinculados. Mais informa\u00e7\u00f5es Laborat\u00f3rio Farmac\u00eautico do Estado de Pernambuco &#8211; LAFEPE Largo de Dois Irm\u00e3os, 1117 Dois Irm\u00e3os &#8211; Recife &#8211; PE CEP: 52171-010 Fones: (81) 3183-1100<\/p>\n","protected":false},"author":180,"featured_media":0,"parent":0,"menu_order":0,"comment_status":"closed","ping_status":"closed","template":"","meta":{"advgb_blocks_editor_width":"","advgb_blocks_columns_visual_guide":"","kt_blocks_editor_width":""},"featured_image_urls":{"full":"","thumbnail":"","medium":"","medium_large":"","large":"","1536x1536":"","2048x2048":""},"post_excerpt_stackable":"<p>O que h\u00e1 nesta p\u00e1gina!Nesta se\u00e7\u00e3o s\u00e3o divulgadas informa\u00e7\u00f5es institucionais e organizacionais da entidade. Criado em 1965, o Laborat\u00f3rio Farmac\u00eautico do Estado de Pernambuco Governador Miguel Arraes S\/A &#8211; LAFEPE faz parte da administra\u00e7\u00e3o indireta do Governo do Estado de Pernambuco, sendo uma sociedade de economia mista vinculada \u00e0 Secretaria de Sa\u00fade do Estado de Pernambuco. Sua atua\u00e7\u00e3o se d\u00e1 no desenvolvimento, produ\u00e7\u00e3o e comercializa\u00e7\u00e3o de medicamentos e \u00f3culos a baixo custo, destinados \u00e0s necessidades das pol\u00edticas de sa\u00fade p\u00fablica.Com um parque industrial de alta tecnologia, o Lafepe \u00e9 classificado como um dos tr\u00eas maiores laborat\u00f3rios p\u00fablicos do Brasil. Destaca-se&hellip;<\/p>\n","category_list":"","author_info":{"name":"Filipe Petrus Bezerra de Figueiredo","url":"https:\/\/www.lai.pe.gov.br\/lafepe\/author\/filipepetrus\/"},"comments_num":"0 coment\u00e1rio","_links":{"self":[{"href":"https:\/\/www.lai.pe.gov.br\/lafepe\/wp-json\/wp\/v2\/pages\/6"}],"collection":[{"href":"https:\/\/www.lai.pe.gov.br\/lafepe\/wp-json\/wp\/v2\/pages"}],"about":[{"href":"https:\/\/www.lai.pe.gov.br\/lafepe\/wp-json\/wp\/v2\/types\/page"}],"author":[{"embeddable":true,"href":"https:\/\/www.lai.pe.gov.br\/lafepe\/wp-json\/wp\/v2\/users\/180"}],"replies":[{"embeddable":true,"href":"https:\/\/www.lai.pe.gov.br\/lafepe\/wp-json\/wp\/v2\/comments?post=6"}],"version-history":[{"count":49,"href":"https:\/\/www.lai.pe.gov.br\/lafepe\/wp-json\/wp\/v2\/pages\/6\/revisions"}],"predecessor-version":[{"id":2344,"href":"https:\/\/www.lai.pe.gov.br\/lafepe\/wp-json\/wp\/v2\/pages\/6\/revisions\/2344"}],"wp:attachment":[{"href":"https:\/\/www.lai.pe.gov.br\/lafepe\/wp-json\/wp\/v2\/media?parent=6"}],"curies":[{"name":"wp","href":"https:\/\/api.w.org\/{rel}","templated":true}]}}