{"id":278,"date":"2019-03-25T10:18:12","date_gmt":"2019-03-25T13:18:12","guid":{"rendered":"https:\/\/www.lai.pe.gov.br\/lafepe\/?page_id=278"},"modified":"2025-11-17T08:28:29","modified_gmt":"2025-11-17T11:28:29","slug":"contratos","status":"publish","type":"page","link":"https:\/\/www.lai.pe.gov.br\/lafepe\/contratos\/","title":{"rendered":"Contratos"},"content":{"rendered":"\n<div id=\"kt-info-box_36c228-f9\" class=\"wp-block-kadence-infobox\"><a class=\"kt-blocks-info-box-link-wrap kt-blocks-info-box-media-align-left kt-info-halign-left\"><div class=\"kt-blocks-info-box-media-container\"><div class=\"kt-blocks-info-box-media kt-info-media-animate-flip\"><div class=\"kadence-info-box-icon-container kt-info-icon-animate-flip\"><div class=\"kadence-info-box-icon-inner-container\"><span style=\"display:block;justify-content:center;align-items:center\" class=\"kt-info-svg-icon kt-info-svg-icon-fas_info\"><svg viewbox=\"0 0 192 512\" height=\"50\" width=\"50\" xmlns=\"http:\/\/www.w3.org\/2000\/svg\"><path d=\"M20 424.229h20V279.771H20c-11.046 0-20-8.954-20-20V212c0-11.046 8.954-20 20-20h112c11.046 0 20 8.954 20 20v212.229h20c11.046 0 20 8.954 20 20V492c0 11.046-8.954 20-20 20H20c-11.046 0-20-8.954-20-20v-47.771c0-11.046 8.954-20 20-20zM96 0C56.235 0 24 32.235 24 72s32.235 72 72 72 72-32.235 72-72S135.764 0 96 0z\"><\/path><\/svg><\/span><span style=\"display:block;justify-content:center;align-items:center\" class=\"kt-info-svg-icon-flip kt-info-svg-icon-ic_info\"><svg viewbox=\"0 0 8 8\" height=\"50\" width=\"50\" xmlns=\"http:\/\/www.w3.org\/2000\/svg\"><path d=\"M3 0c-.55 0-1 .45-1 1s.45 1 1 1 1-.45 1-1-.45-1-1-1zm-1.5 2.5c-.83 0-1.5.67-1.5 1.5h1c0-.28.22-.5.5-.5s.5.22.5.5-1 1.64-1 2.5c0 .86.67 1.5 1.5 1.5s1.5-.67 1.5-1.5h-1c0 .28-.22.5-.5.5s-.5-.22-.5-.5c0-.36 1-1.84 1-2.5 0-.81-.67-1.5-1.5-1.5z\"><\/path><\/svg><\/span><\/div><\/div><\/div><\/div><div class=\"kt-infobox-textcontent\"><h2 class=\"kt-blocks-info-box-title\">O que h\u00e1 nesta p\u00e1gina!<\/h2><p class=\"kt-blocks-info-box-text\">Nesta se\u00e7\u00e3o s\u00e3o divulgadas informa\u00e7\u00f5es sobre os contratos firmados pelo \u00f3rg\u00e3o\/entidade.<\/p><\/div><\/a><\/div>\n\n\n\n<div style=\"height:49px\" aria-hidden=\"true\" class=\"wp-block-spacer\"><\/div>\n\n\n\n<div id=\"kt-info-box_58a8d3-32\" class=\"wp-block-kadence-infobox\"><a class=\"kt-blocks-info-box-link-wrap kt-blocks-info-box-media-align-top kt-info-halign-center\" target=\"_blank\" rel=\"noopener noreferrer\" href=\"http:\/\/web.transparencia.pe.gov.br\/despesas\/contratos\/\"><div class=\"kt-blocks-info-box-media-container\"><div class=\"kt-blocks-info-box-media kt-info-media-animate-none\"><div class=\"kadence-info-box-icon-container kt-info-icon-animate-none\"><div class=\"kadence-info-box-icon-inner-container\"><span style=\"display:block;justify-content:center;align-items:center\" class=\"kt-info-svg-icon kt-info-svg-icon-fas_file-contract\"><svg viewbox=\"0 0 384 512\" height=\"80\" width=\"80\" xmlns=\"http:\/\/www.w3.org\/2000\/svg\"><path d=\"M224 136V0H24C10.7 0 0 10.7 0 24v464c0 13.3 10.7 24 24 24h336c13.3 0 24-10.7 24-24V160H248c-13.2 0-24-10.8-24-24zM64 72c0-4.42 3.58-8 8-8h80c4.42 0 8 3.58 8 8v16c0 4.42-3.58 8-8 8H72c-4.42 0-8-3.58-8-8V72zm0 64c0-4.42 3.58-8 8-8h80c4.42 0 8 3.58 8 8v16c0 4.42-3.58 8-8 8H72c-4.42 0-8-3.58-8-8v-16zm192.81 248H304c8.84 0 16 7.16 16 16s-7.16 16-16 16h-47.19c-16.45 0-31.27-9.14-38.64-23.86-2.95-5.92-8.09-6.52-10.17-6.52s-7.22.59-10.02 6.19l-7.67 15.34a15.986 15.986 0 0 1-14.31 8.84c-.38 0-.75-.02-1.14-.05-6.45-.45-12-4.75-14.03-10.89L144 354.59l-10.61 31.88c-5.89 17.66-22.38 29.53-41 29.53H80c-8.84 0-16-7.16-16-16s7.16-16 16-16h12.39c4.83 0 9.11-3.08 10.64-7.66l18.19-54.64c3.3-9.81 12.44-16.41 22.78-16.41s19.48 6.59 22.77 16.41l13.88 41.64c19.77-16.19 54.05-9.7 66 14.16 2.02 4.06 5.96 6.5 10.16 6.5zM377 105L279.1 7c-4.5-4.5-10.6-7-17-7H256v128h128v-6.1c0-6.3-2.5-12.4-7-16.9z\"><\/path><\/svg><\/span><\/div><\/div><\/div><\/div><div class=\"kt-infobox-textcontent\"><h2 class=\"kt-blocks-info-box-title\">Os contratos na \u00edntegra do LAFEPE poder\u00e3o ser consultados atrav\u00e9s do Portal da Transpar\u00eancia<\/h2><div class=\"kt-blocks-info-box-learnmore-wrap\"><span class=\"kt-blocks-info-box-learnmore\">Clique aqui<\/span><\/div><\/div><\/a><\/div>\n\n\n\n<h2>Documentos<\/h2>\n\n\n\n<h3>Contratos<\/h3>\n\n\n\n<div class=\"wp-block-advgb-accordions advgb-accordion-wrapper\">\n<div class=\"wp-block-advgb-accordion-item advgb-accordion-item\" style=\"margin-bottom:15px\"><div class=\"advgb-accordion-header\" style=\"background-color:#4a6795;color:#eee;border-style:solid;border-radius:10px\"><span class=\"advgb-accordion-header-icon\"><svg xmlns=\"http:\/\/www.w3.org\/2000\/svg\" width=\"24\" height=\"24\" viewbox=\"0 0 24 24\"><path fill=\"none\" d=\"M0,0h24v24H0V0z\"><\/path><path d=\"M12,2C6.48,2,2,6.48,2,12s4.48,10,10,10s10-4.48,10-10S17.52,2,12,2z M17,13h-4v4h-2v-4H7v-2h4V7h2v4h4V13z\"><\/path><\/svg><\/span><h4 class=\"advgb-accordion-header-title\" style=\"color:inherit\">Contratos<\/h4><\/div><div class=\"advgb-accordion-body\" style=\"border-style:solid !important;border-color:undefined !important;border-top:none !important;border-radius:10px !important\">\n<p><\/p>\n\n\n\n<div class=\"wp-block-file\"><a href=\"https:\/\/www.lai.pe.gov.br\/lafepe\/wp-content\/uploads\/sites\/89\/2025\/11\/PLANILHA-LAI-Atualizada-Dia-03.11.2025.xlsx\">Contrato 2025<\/a><a href=\"https:\/\/www.lai.pe.gov.br\/lafepe\/wp-content\/uploads\/sites\/89\/2025\/11\/PLANILHA-LAI-Atualizada-Dia-03.11.2025.xlsx\" class=\"wp-block-file__button\" download>Baixar<\/a><\/div>\n\n\n\n<div class=\"wp-block-file\"><a href=\"https:\/\/www.lai.pe.gov.br\/lafepe\/wp-content\/uploads\/sites\/89\/2025\/01\/PLANILHA-LAI-Atualizada-em-17.12.2024-Filtros.xlsx\">Contrato 2024<\/a><a href=\"https:\/\/www.lai.pe.gov.br\/lafepe\/wp-content\/uploads\/sites\/89\/2025\/01\/PLANILHA-LAI-Atualizada-em-17.12.2024-Filtros.xlsx\" class=\"wp-block-file__button\" download>Baixar<\/a><\/div>\n\n\n\n<div class=\"wp-block-file\"><a href=\"https:\/\/www.lai.pe.gov.br\/lafepe\/wp-content\/uploads\/sites\/89\/2024\/01\/PLANILHA-LAI-Atualizada-em-11.01.2024-Enviada-p-Marcelo.xlsx\">Contrato 2023 <\/a><a href=\"https:\/\/www.lai.pe.gov.br\/lafepe\/wp-content\/uploads\/sites\/89\/2024\/01\/PLANILHA-LAI-Atualizada-em-11.01.2024-Enviada-p-Marcelo.xlsx\" class=\"wp-block-file__button\" download>Baixar<\/a><\/div>\n\n\n\n<div class=\"wp-block-file\"><a href=\"https:\/\/www.lai.pe.gov.br\/lafepe\/wp-content\/uploads\/sites\/89\/2023\/01\/PLANILHA-LAI-Atualizada-em-04.01.2023.xlsx\">Contratos 2022 <\/a><a href=\"https:\/\/www.lai.pe.gov.br\/lafepe\/wp-content\/uploads\/sites\/89\/2023\/01\/PLANILHA-LAI-Atualizada-em-04.01.2023.xlsx\" class=\"wp-block-file__button\" download>Baixar<\/a><\/div>\n\n\n\n<div class=\"wp-block-file\"><a href=\"https:\/\/www.lai.pe.gov.br\/lafepe\/wp-content\/uploads\/sites\/89\/2022\/03\/Mapa-2021-CONTRATOS-VIGENTES-PARA-O-SITE-DA-LAI1-1.xlsx\">Contratos 2021<\/a><a href=\"https:\/\/www.lai.pe.gov.br\/lafepe\/wp-content\/uploads\/sites\/89\/2022\/03\/Mapa-2021-CONTRATOS-VIGENTES-PARA-O-SITE-DA-LAI1-1.xlsx\" class=\"wp-block-file__button\" download>Baixar<\/a><\/div>\n\n\n\n<div class=\"wp-block-file\"><a href=\"https:\/\/www.lai.pe.gov.br\/lafepe\/wp-content\/uploads\/sites\/89\/2022\/03\/Contratos-2020.xlsx\">Contratos 2020<\/a><a href=\"https:\/\/www.lai.pe.gov.br\/lafepe\/wp-content\/uploads\/sites\/89\/2022\/03\/Contratos-2020.xlsx\" class=\"wp-block-file__button\" download>Baixar<\/a><\/div>\n\n\n\n<div class=\"wp-block-file\"><a href=\"https:\/\/www.lai.pe.gov.br\/lafepe\/wp-content\/uploads\/sites\/89\/2020\/09\/Contratos-2019.xlsx\">Contratos 2019<\/a><a href=\"https:\/\/www.lai.pe.gov.br\/lafepe\/wp-content\/uploads\/sites\/89\/2020\/09\/Contratos-2019.xlsx\" class=\"wp-block-file__button\" download>Baixar<\/a><\/div>\n\n\n\n<div class=\"wp-block-file\"><a href=\"https:\/\/www.lai.pe.gov.br\/lafepe\/wp-content\/uploads\/sites\/89\/2020\/09\/Contratos-2018.xlsx\">Contratos 2018<\/a><a href=\"https:\/\/www.lai.pe.gov.br\/lafepe\/wp-content\/uploads\/sites\/89\/2020\/09\/Contratos-2018.xlsx\" class=\"wp-block-file__button\" download>Baixar<\/a><\/div>\n\n\n\n<div class=\"wp-block-file\"><a href=\"https:\/\/www.lai.pe.gov.br\/lafepe\/wp-content\/uploads\/sites\/89\/2020\/09\/Contratos-2017.xlsx\">Contratos 2017<\/a><a href=\"https:\/\/www.lai.pe.gov.br\/lafepe\/wp-content\/uploads\/sites\/89\/2020\/09\/Contratos-2017.xlsx\" class=\"wp-block-file__button\" download>Baixar<\/a><\/div>\n\n\n\n<div class=\"wp-block-file\"><a href=\"https:\/\/www.lai.pe.gov.br\/lafepe\/wp-content\/uploads\/sites\/89\/2020\/09\/Contratos-2016.xlsx\">Contratos 2016<\/a><a href=\"https:\/\/www.lai.pe.gov.br\/lafepe\/wp-content\/uploads\/sites\/89\/2020\/09\/Contratos-2016.xlsx\" class=\"wp-block-file__button\" download>Baixar<\/a><\/div>\n<\/div><\/div>\n<\/div>\n\n\n\n<p><\/p>\n<style class=\"advgb-styles-renderer\">#kt-info-box_36c228-f9 .kt-blocks-info-box-link-wrap {border-color:rgba(136, 136, 136, 1);border-radius:20px;background:rgba(255, 255, 255, 1);padding:20px 20px 20px 20px;border-width:2px 2px 2px 2px;}#kt-info-box_36c228-f9 .kt-blocks-info-box-link-wrap:hover {border-color:rgba(136, 136, 136, 1);background:rgba(255, 255, 255, 1);}#kt-info-box_36c228-f9 .kt-info-svg-icon, #kt-info-box_36c228-f9 .kt-blocks-info-box-number {font-size:50px;}#kt-info-box_36c228-f9 .kt-blocks-info-box-media {color:#ffffff;background:#555555;border-color:#444444;border-radius:200px;border-width:0px 0px 0px 0px;padding:20px 20px 20px 20px;margin:0px 15px 0px 15px;}#kt-info-box_36c228-f9 .kt-blocks-info-box-media img {border-radius:200px;}#kt-info-box_36c228-f9 .kt-blocks-info-box-link-wrap:hover .kt-blocks-info-box-media {color:#ffffff;background:#444444;border-color:#444444;}#kt-info-box_36c228-f9 .kt-blocks-info-box-title {padding:0px 0px 0px 0px;margin:5px 0px 10px 0px;}#kt-info-box_36c228-f9 .kt-blocks-info-box-text {}#kt-info-box_36c228-f9 .kt-blocks-info-box-link-wrap:hover {box-shadow:0px 0px 14px 0px rgba(0,0,0,0.2);}#kt-info-box_58a8d3-32 .kt-blocks-info-box-link-wrap {background:rgba(10, 102, 137, 1);padding:20px 20px 20px 20px;border-width:0px 0px 0px 0px;}#kt-info-box_58a8d3-32 .kt-blocks-info-box-link-wrap:hover {border-color:rgba(238, 238, 238, 1);background:rgba(10, 102, 137, 1);}#kt-info-box_58a8d3-32 .kt-info-svg-icon, #kt-info-box_58a8d3-32 .kt-blocks-info-box-number {font-size:80px;}#kt-info-box_58a8d3-32 .kt-blocks-info-box-media {color:#ffffff;background:transparent;border-color:#444444;border-width:0px 0px 0px 0px;padding:10px 10px 10px 10px;}#kt-info-box_58a8d3-32 .kt-blocks-info-box-media-container {margin:0px 15px 0px 15px;}#kt-info-box_58a8d3-32 .kt-blocks-info-box-link-wrap:hover .kt-blocks-info-box-media {color:#ffffff;background:transparent;border-color:#444444;}#kt-info-box_58a8d3-32 .kt-blocks-info-box-title {color:#ffffff;padding:0px 0px 0px 0px;margin:5px 0px 10px 0px;}#kt-info-box_58a8d3-32 .kt-blocks-info-box-link-wrap:hover .kt-blocks-info-box-title {color:#ffffff;}#kt-info-box_58a8d3-32 .kt-blocks-info-box-text {color:#ffffff;}#kt-info-box_58a8d3-32 .kt-blocks-info-box-link-wrap:hover .kt-blocks-info-box-text {color:#ffffff;}#kt-info-box_58a8d3-32 .kt-blocks-info-box-learnmore {color:#ffffff;background:#0A6689;border-color:#ffffff;border-width:0px 0px 0px 0px;padding:4px 8px 4px 8px;margin:10px 0px 10px 0px;}#kt-info-box_58a8d3-32 .kt-blocks-info-box-link-wrap:hover .kt-blocks-info-box-learnmore {color:#0A6689;background:#ffffff;border-color:#ffffff;}<\/style>","protected":false},"excerpt":{"rendered":"<p>Documentos Contratos<\/p>\n","protected":false},"author":4,"featured_media":0,"parent":0,"menu_order":0,"comment_status":"closed","ping_status":"closed","template":"","meta":{"advgb_blocks_editor_width":"","advgb_blocks_columns_visual_guide":"","kt_blocks_editor_width":""},"featured_image_urls":{"full":"","thumbnail":"","medium":"","medium_large":"","large":"","1536x1536":"","2048x2048":""},"post_excerpt_stackable":"<p>O que h\u00e1 nesta p\u00e1gina!Nesta se\u00e7\u00e3o s\u00e3o divulgadas informa\u00e7\u00f5es sobre os contratos firmados pelo \u00f3rg\u00e3o\/entidade. Os contratos na \u00edntegra do LAFEPE poder\u00e3o ser consultados atrav\u00e9s do Portal da Transpar\u00eanciaClique aqui Documentos Contratos Contratos Contrato 2025Baixar Contrato 2024Baixar Contrato 2023 Baixar Contratos 2022 Baixar Contratos 2021Baixar Contratos 2020Baixar Contratos 2019Baixar Contratos 2018Baixar Contratos 2017Baixar Contratos 2016Baixar<\/p>\n","category_list":"","author_info":{"name":"Admin","url":"https:\/\/www.lai.pe.gov.br\/lafepe\/author\/admintemp\/"},"comments_num":"0 coment\u00e1rio","_links":{"self":[{"href":"https:\/\/www.lai.pe.gov.br\/lafepe\/wp-json\/wp\/v2\/pages\/278"}],"collection":[{"href":"https:\/\/www.lai.pe.gov.br\/lafepe\/wp-json\/wp\/v2\/pages"}],"about":[{"href":"https:\/\/www.lai.pe.gov.br\/lafepe\/wp-json\/wp\/v2\/types\/page"}],"author":[{"embeddable":true,"href":"https:\/\/www.lai.pe.gov.br\/lafepe\/wp-json\/wp\/v2\/users\/4"}],"replies":[{"embeddable":true,"href":"https:\/\/www.lai.pe.gov.br\/lafepe\/wp-json\/wp\/v2\/comments?post=278"}],"version-history":[{"count":91,"href":"https:\/\/www.lai.pe.gov.br\/lafepe\/wp-json\/wp\/v2\/pages\/278\/revisions"}],"predecessor-version":[{"id":2699,"href":"https:\/\/www.lai.pe.gov.br\/lafepe\/wp-json\/wp\/v2\/pages\/278\/revisions\/2699"}],"wp:attachment":[{"href":"https:\/\/www.lai.pe.gov.br\/lafepe\/wp-json\/wp\/v2\/media?parent=278"}],"curies":[{"name":"wp","href":"https:\/\/api.w.org\/{rel}","templated":true}]}}