{"id":229,"date":"2019-03-25T09:50:10","date_gmt":"2019-03-25T12:50:10","guid":{"rendered":"https:\/\/www.lai.pe.gov.br\/lafepe\/?page_id=229"},"modified":"2024-07-02T14:31:14","modified_gmt":"2024-07-02T17:31:14","slug":"licitacoes","status":"publish","type":"page","link":"https:\/\/www.lai.pe.gov.br\/lafepe\/licitacoes\/","title":{"rendered":"Licita\u00e7\u00f5es"},"content":{"rendered":"\n<div id=\"kt-info-box_36c228-f9\" class=\"wp-block-kadence-infobox\"><a class=\"kt-blocks-info-box-link-wrap kt-blocks-info-box-media-align-left kt-info-halign-left\"><div class=\"kt-blocks-info-box-media-container\"><div class=\"kt-blocks-info-box-media kt-info-media-animate-flip\"><div class=\"kadence-info-box-icon-container kt-info-icon-animate-flip\"><div class=\"kadence-info-box-icon-inner-container\"><span style=\"display:block;justify-content:center;align-items:center\" class=\"kt-info-svg-icon kt-info-svg-icon-fas_info\"><svg viewbox=\"0 0 192 512\" height=\"50\" width=\"50\" xmlns=\"http:\/\/www.w3.org\/2000\/svg\"><path d=\"M20 424.229h20V279.771H20c-11.046 0-20-8.954-20-20V212c0-11.046 8.954-20 20-20h112c11.046 0 20 8.954 20 20v212.229h20c11.046 0 20 8.954 20 20V492c0 11.046-8.954 20-20 20H20c-11.046 0-20-8.954-20-20v-47.771c0-11.046 8.954-20 20-20zM96 0C56.235 0 24 32.235 24 72s32.235 72 72 72 72-32.235 72-72S135.764 0 96 0z\"><\/path><\/svg><\/span><span style=\"display:block;justify-content:center;align-items:center\" class=\"kt-info-svg-icon-flip kt-info-svg-icon-ic_info\"><svg viewbox=\"0 0 8 8\" height=\"50\" width=\"50\" xmlns=\"http:\/\/www.w3.org\/2000\/svg\"><path d=\"M3 0c-.55 0-1 .45-1 1s.45 1 1 1 1-.45 1-1-.45-1-1-1zm-1.5 2.5c-.83 0-1.5.67-1.5 1.5h1c0-.28.22-.5.5-.5s.5.22.5.5-1 1.64-1 2.5c0 .86.67 1.5 1.5 1.5s1.5-.67 1.5-1.5h-1c0 .28-.22.5-.5.5s-.5-.22-.5-.5c0-.36 1-1.84 1-2.5 0-.81-.67-1.5-1.5-1.5z\"><\/path><\/svg><\/span><\/div><\/div><\/div><\/div><div class=\"kt-infobox-textcontent\"><h2 class=\"kt-blocks-info-box-title\">O que h\u00e1 nesta p\u00e1gina!<\/h2><p class=\"kt-blocks-info-box-text\">Nesta se\u00e7\u00e3o s\u00e3o divulgadas informa\u00e7\u00f5es sobre os processos licitat\u00f3rios do \u00f3rg\u00e3o\/entidade. Acesse uma das op\u00e7\u00f5es dispon\u00edveis para realizar a consulta.<\/p><\/div><\/a><\/div>\n\n\n\n<div class=\"wp-block-ugb-container ugb-container ugb-b8289f6 ugb-container--v2 ugb-container--design-basic ugb-main-block\" id=\"\"><div class=\"ugb-inner-block\"><div class=\"ugb-block-content\"><div class=\"ugb-container__wrapper ugb-b8289f6-wrapper\"><div class=\"ugb-container__side\"><div class=\"ugb-container__content-wrapper ugb-b8289f6-content-wrapper\">\n<div class=\"wp-block-group\"><div class=\"wp-block-group__inner-container\">\n<div class=\"wp-block-ugb-container ugb-container ugb-fb38a95 ugb-container--v2 ugb-container--design-plain ugb-main-block\" id=\"\"><div class=\"ugb-inner-block\"><div class=\"ugb-block-content\"><div class=\"ugb-container__wrapper ugb-fb38a95-wrapper\"><div class=\"ugb-container__side\"><div class=\"ugb-container__content-wrapper ugb-fb38a95-content-wrapper\">\n<div class=\"wp-block-kadence-rowlayout alignnone\"><div id=\"kt-layout-id_c30f1c-51\" class=\"kt-row-layout-inner kt-layout-id_c30f1c-51\"><div class=\"kt-row-column-wrap kt-has-2-columns kt-gutter-default kt-v-gutter-default kt-row-valign-top kt-row-layout-equal kt-tab-layout-inherit kt-m-colapse-left-to-right kt-mobile-layout-row  kt-custom-first-width-50  kt-custom-second-width-50\">\n<div class=\"wp-block-kadence-column inner-column-1 kadence-column_414f93-67\"><div class=\"kt-inside-inner-col\">\n<div id=\"kt-info-box_6aac5a-e7\" class=\"wp-block-kadence-infobox\"><a class=\"kt-blocks-info-box-link-wrap kt-blocks-info-box-media-align-top kt-info-halign-center\" target=\"_blank\" rel=\"noopener noreferrer\" href=\"http:\/\/www.licitacoes.pe.gov.br\/web\/ListaLicitacao.aspx\"><div class=\"kt-blocks-info-box-media-container\"><div class=\"kt-blocks-info-box-media kt-info-media-animate-none\"><div class=\"kadence-info-box-icon-container kt-info-icon-animate-none\"><div class=\"kadence-info-box-icon-inner-container\"><span style=\"display:block;justify-content:center;align-items:center\" class=\"kt-info-svg-icon kt-info-svg-icon-fe_shoppingCart\"><svg viewbox=\"0 0 24 24\" height=\"80\" width=\"80\" xmlns=\"http:\/\/www.w3.org\/2000\/svg\"><path d=\"M1 1h4l2.68 13.39a2 2 0 0 0 2 1.61h9.72a2 2 0 0 0 2-1.61L23 6H6\"><\/path><\/svg><\/span><\/div><\/div><\/div><\/div><div class=\"kt-infobox-textcontent\"><h2 class=\"kt-blocks-info-box-title\">Para acessar o Painel de Licita\u00e7\u00f5es<\/h2><div class=\"kt-blocks-info-box-learnmore-wrap\"><span class=\"kt-blocks-info-box-learnmore\">Clique aqui<\/span><\/div><\/div><\/a><\/div>\n<\/div><\/div>\n\n\n\n<div class=\"wp-block-kadence-column inner-column-2 kadence-column_e1db42-7b\"><div class=\"kt-inside-inner-col\">\n<div id=\"kt-info-box_2ff827-85\" class=\"wp-block-kadence-infobox\"><a class=\"kt-blocks-info-box-link-wrap kt-blocks-info-box-media-align-top kt-info-halign-center\" target=\"_blank\" rel=\"noopener noreferrer\" href=\"https:\/\/transparencia.pe.gov.br\/licitacoes-e-contratos\/licitacoes-e-atas-de-registro-de-precos\/\"><div class=\"kt-blocks-info-box-media-container\"><div class=\"kt-blocks-info-box-media kt-info-media-animate-none\"><div class=\"kadence-info-box-icon-container kt-info-icon-animate-none\"><div class=\"kadence-info-box-icon-inner-container\"><span style=\"display:block;justify-content:center;align-items:center\" class=\"kt-info-svg-icon kt-info-svg-icon-fas_chart-bar\"><svg style=\"display:inline-block;vertical-align:middle\" viewbox=\"0 0 512 512\" height=\"80\" width=\"80\" fill=\"currentColor\" xmlns=\"http:\/\/www.w3.org\/2000\/svg\"><path d=\"M500 384c6.6 0 12 5.4 12 12v40c0 6.6-5.4 12-12 12H12c-6.6 0-12-5.4-12-12V76c0-6.6 5.4-12 12-12h40c6.6 0 12 5.4 12 12v308h436zm-308-44v-72c0-6.6-5.4-12-12-12h-40c-6.6 0-12 5.4-12 12v72c0 6.6 5.4 12 12 12h40c6.6 0 12-5.4 12-12zm192 0V204c0-6.6-5.4-12-12-12h-40c-6.6 0-12 5.4-12 12v136c0 6.6 5.4 12 12 12h40c6.6 0 12-5.4 12-12zm-96 0V140c0-6.6-5.4-12-12-12h-40c-6.6 0-12 5.4-12 12v200c0 6.6 5.4 12 12 12h40c6.6 0 12-5.4 12-12zm192 0V108c0-6.6-5.4-12-12-12h-40c-6.6 0-12 5.4-12 12v232c0 6.6 5.4 12 12 12h40c6.6 0 12-5.4 12-12z\"><\/path><\/svg><\/span><\/div><\/div><\/div><\/div><div class=\"kt-infobox-textcontent\"><h2 class=\"kt-blocks-info-box-title\">Licita\u00e7\u00f5es no Portal da Transpar\u00eancia<\/h2><div class=\"kt-blocks-info-box-learnmore-wrap\"><span class=\"kt-blocks-info-box-learnmore\">Clique aqui<\/span><\/div><\/div><\/a><\/div>\n<\/div><\/div>\n<\/div><\/div><\/div>\n\n\n\n<p style=\"font-size:17px\">Os processos licitat\u00f3rios do LAFEPE poder\u00e3o ser acompanhados atrav\u00e9s do PAINEL DE LICITA\u00c7\u00d5ES. Nele, s\u00e3o publicados os avisos e atos convocat\u00f3rios, bem como os procedimentos de dispensa e inexigibilidade. O cidad\u00e3o poder\u00e1 ainda realizar consultas, acompanhamento e monitoramento dos certames licitat\u00f3rios em andamento ou finalizados.<\/p>\n<\/div><\/div><\/div><\/div><\/div><\/div>\n<\/div><\/div>\n<\/div><\/div><\/div><\/div><\/div><\/div>\n<style class=\"advgb-styles-renderer\">#kt-info-box_36c228-f9 .kt-blocks-info-box-link-wrap {border-color:rgba(136, 136, 136, 1);border-radius:20px;background:rgba(255, 255, 255, 1);padding:20px 20px 20px 20px;border-width:2px 2px 2px 2px;}#kt-info-box_36c228-f9 .kt-blocks-info-box-link-wrap:hover {border-color:rgba(136, 136, 136, 1);background:rgba(255, 255, 255, 1);}#kt-info-box_36c228-f9 .kt-info-svg-icon, #kt-info-box_36c228-f9 .kt-blocks-info-box-number {font-size:50px;}#kt-info-box_36c228-f9 .kt-blocks-info-box-media {color:#ffffff;background:#555555;border-color:#444444;border-radius:200px;border-width:0px 0px 0px 0px;padding:20px 20px 20px 20px;margin:0px 15px 0px 15px;}#kt-info-box_36c228-f9 .kt-blocks-info-box-media img {border-radius:200px;}#kt-info-box_36c228-f9 .kt-blocks-info-box-link-wrap:hover .kt-blocks-info-box-media {color:#ffffff;background:#444444;border-color:#444444;}#kt-info-box_36c228-f9 .kt-blocks-info-box-title {padding:0px 0px 0px 0px;margin:5px 0px 10px 0px;}#kt-info-box_36c228-f9 .kt-blocks-info-box-text {}#kt-info-box_36c228-f9 .kt-blocks-info-box-link-wrap:hover {box-shadow:0px 0px 14px 0px rgba(0,0,0,0.2);}.ugb-fb38a95-wrapper > .ugb-container__side{padding-top:35px !important;padding-bottom:35px !important}.ugb-fb38a95-wrapper.ugb-container__wrapper{padding-top:0 !important;padding-bottom:0 !important}@media (min-width: 767px) {#kt-layout-id_c30f1c-51 > .kt-row-column-wrap > .inner-column-1 {-webkit-flex: 0 1 50%;-ms-flex: 0 1 50%;flex: 0 1 50%;}#kt-layout-id_c30f1c-51 > .kt-row-column-wrap > .inner-column-2 {-webkit-flex: 0 1 50%;-ms-flex: 0 1 50%;flex: 0 1 50%;}}#kt-info-box_6aac5a-e7 .kt-blocks-info-box-link-wrap {background:rgba(10, 102, 137, 1);padding:20px 20px 20px 20px;border-width:0px 0px 0px 0px;}#kt-info-box_6aac5a-e7 .kt-blocks-info-box-link-wrap:hover {border-color:rgba(238, 238, 238, 1);background:rgba(10, 102, 137, 1);}#kt-info-box_6aac5a-e7 .kt-info-svg-icon, #kt-info-box_6aac5a-e7 .kt-blocks-info-box-number {font-size:80px;}#kt-info-box_6aac5a-e7 .kt-blocks-info-box-media {color:#ffffff;background:transparent;border-color:#444444;border-width:0px 0px 0px 0px;padding:10px 10px 10px 10px;}#kt-info-box_6aac5a-e7 .kt-blocks-info-box-media-container {margin:0px 15px 0px 15px;}#kt-info-box_6aac5a-e7 .kt-blocks-info-box-link-wrap:hover .kt-blocks-info-box-media {color:#ffffff;background:transparent;border-color:#444444;}#kt-info-box_6aac5a-e7 .kt-blocks-info-box-title {color:#ffffff;padding:0px 0px 0px 0px;margin:5px 0px 10px 0px;}#kt-info-box_6aac5a-e7 .kt-blocks-info-box-link-wrap:hover .kt-blocks-info-box-title {color:#ffffff;}#kt-info-box_6aac5a-e7 .kt-blocks-info-box-text {color:#ffffff;}#kt-info-box_6aac5a-e7 .kt-blocks-info-box-link-wrap:hover .kt-blocks-info-box-text {color:#ffffff;}#kt-info-box_6aac5a-e7 .kt-blocks-info-box-learnmore {color:#ffffff;background:#0A6689;border-color:#ffffff;border-width:0px 0px 0px 0px;padding:4px 8px 4px 8px;margin:10px 0px 10px 0px;}#kt-info-box_6aac5a-e7 .kt-blocks-info-box-link-wrap:hover .kt-blocks-info-box-learnmore {color:#0A6689;background:#ffffff;border-color:#ffffff;}#kt-info-box_2ff827-85 .kt-blocks-info-box-link-wrap {background:rgba(10, 102, 137, 1);padding:20px 20px 20px 20px;border-width:0px 0px 0px 0px;}#kt-info-box_2ff827-85 .kt-blocks-info-box-link-wrap:hover {border-color:rgba(238, 238, 238, 1);background:rgba(10, 102, 137, 1);}#kt-info-box_2ff827-85 .kt-info-svg-icon, #kt-info-box_2ff827-85 .kt-blocks-info-box-number {font-size:80px;}#kt-info-box_2ff827-85 .kt-blocks-info-box-media {color:#ffffff;background:transparent;border-color:#444444;border-width:0px 0px 0px 0px;padding:10px 10px 10px 10px;}#kt-info-box_2ff827-85 .kt-blocks-info-box-media-container {margin:0px 15px 0px 15px;}#kt-info-box_2ff827-85 .kt-blocks-info-box-link-wrap:hover .kt-blocks-info-box-media {color:#ffffff;background:transparent;border-color:#444444;}#kt-info-box_2ff827-85 .kt-blocks-info-box-title {color:#ffffff;padding:0px 0px 0px 0px;margin:5px 0px 10px 0px;}#kt-info-box_2ff827-85 .kt-blocks-info-box-link-wrap:hover .kt-blocks-info-box-title {color:#ffffff;}#kt-info-box_2ff827-85 .kt-blocks-info-box-text {color:#ffffff;}#kt-info-box_2ff827-85 .kt-blocks-info-box-link-wrap:hover .kt-blocks-info-box-text {color:#ffffff;}#kt-info-box_2ff827-85 .kt-blocks-info-box-learnmore {color:#ffffff;background:#0A6689;border-color:#ffffff;border-width:0px 0px 0px 0px;padding:4px 8px 4px 8px;margin:10px 0px 10px 0px;}#kt-info-box_2ff827-85 .kt-blocks-info-box-link-wrap:hover .kt-blocks-info-box-learnmore {color:#0A6689;background:#ffffff;border-color:#ffffff;}<\/style>","protected":false},"excerpt":{"rendered":"","protected":false},"author":4,"featured_media":0,"parent":0,"menu_order":0,"comment_status":"closed","ping_status":"closed","template":"","meta":{"advgb_blocks_editor_width":"","advgb_blocks_columns_visual_guide":"","kt_blocks_editor_width":""},"featured_image_urls":{"full":"","thumbnail":"","medium":"","medium_large":"","large":"","1536x1536":"","2048x2048":""},"post_excerpt_stackable":"<p>O que h\u00e1 nesta p\u00e1gina!Nesta se\u00e7\u00e3o s\u00e3o divulgadas informa\u00e7\u00f5es sobre os processos licitat\u00f3rios do \u00f3rg\u00e3o\/entidade. Acesse uma das op\u00e7\u00f5es dispon\u00edveis para realizar a consulta. Para acessar o Painel de Licita\u00e7\u00f5esClique aqui Licita\u00e7\u00f5es no Portal da Transpar\u00eanciaClique aqui Os processos licitat\u00f3rios do LAFEPE poder\u00e3o ser acompanhados atrav\u00e9s do PAINEL DE LICITA\u00c7\u00d5ES. Nele, s\u00e3o publicados os avisos e atos convocat\u00f3rios, bem como os procedimentos de dispensa e inexigibilidade. O cidad\u00e3o poder\u00e1 ainda realizar consultas, acompanhamento e monitoramento dos certames licitat\u00f3rios em andamento ou finalizados.<\/p>\n","category_list":"","author_info":{"name":"Admin","url":"https:\/\/www.lai.pe.gov.br\/lafepe\/author\/admintemp\/"},"comments_num":"0 coment\u00e1rio","_links":{"self":[{"href":"https:\/\/www.lai.pe.gov.br\/lafepe\/wp-json\/wp\/v2\/pages\/229"}],"collection":[{"href":"https:\/\/www.lai.pe.gov.br\/lafepe\/wp-json\/wp\/v2\/pages"}],"about":[{"href":"https:\/\/www.lai.pe.gov.br\/lafepe\/wp-json\/wp\/v2\/types\/page"}],"author":[{"embeddable":true,"href":"https:\/\/www.lai.pe.gov.br\/lafepe\/wp-json\/wp\/v2\/users\/4"}],"replies":[{"embeddable":true,"href":"https:\/\/www.lai.pe.gov.br\/lafepe\/wp-json\/wp\/v2\/comments?post=229"}],"version-history":[{"count":20,"href":"https:\/\/www.lai.pe.gov.br\/lafepe\/wp-json\/wp\/v2\/pages\/229\/revisions"}],"predecessor-version":[{"id":2405,"href":"https:\/\/www.lai.pe.gov.br\/lafepe\/wp-json\/wp\/v2\/pages\/229\/revisions\/2405"}],"wp:attachment":[{"href":"https:\/\/www.lai.pe.gov.br\/lafepe\/wp-json\/wp\/v2\/media?parent=229"}],"curies":[{"name":"wp","href":"https:\/\/api.w.org\/{rel}","templated":true}]}}