{"id":163,"date":"2019-03-25T09:03:44","date_gmt":"2019-03-25T12:03:44","guid":{"rendered":"https:\/\/www.lai.pe.gov.br\/lafepe\/?page_id=163"},"modified":"2023-11-13T11:17:31","modified_gmt":"2023-11-13T14:17:31","slug":"auditorias","status":"publish","type":"page","link":"https:\/\/www.lai.pe.gov.br\/lafepe\/auditorias\/","title":{"rendered":"Auditorias"},"content":{"rendered":"\n<div id=\"kt-info-box_36c228-f9\" class=\"wp-block-kadence-infobox\"><a class=\"kt-blocks-info-box-link-wrap kt-blocks-info-box-media-align-left kt-info-halign-left\"><div class=\"kt-blocks-info-box-media-container\"><div class=\"kt-blocks-info-box-media kt-info-media-animate-flip\"><div class=\"kadence-info-box-icon-container kt-info-icon-animate-flip\"><div class=\"kadence-info-box-icon-inner-container\"><span style=\"display:block;justify-content:center;align-items:center\" class=\"kt-info-svg-icon kt-info-svg-icon-fas_info\"><svg viewbox=\"0 0 192 512\" height=\"50\" width=\"50\" xmlns=\"http:\/\/www.w3.org\/2000\/svg\"><path d=\"M20 424.229h20V279.771H20c-11.046 0-20-8.954-20-20V212c0-11.046 8.954-20 20-20h112c11.046 0 20 8.954 20 20v212.229h20c11.046 0 20 8.954 20 20V492c0 11.046-8.954 20-20 20H20c-11.046 0-20-8.954-20-20v-47.771c0-11.046 8.954-20 20-20zM96 0C56.235 0 24 32.235 24 72s32.235 72 72 72 72-32.235 72-72S135.764 0 96 0z\"><\/path><\/svg><\/span><span style=\"display:block;justify-content:center;align-items:center\" class=\"kt-info-svg-icon-flip kt-info-svg-icon-ic_info\"><svg viewbox=\"0 0 8 8\" height=\"50\" width=\"50\" xmlns=\"http:\/\/www.w3.org\/2000\/svg\"><path d=\"M3 0c-.55 0-1 .45-1 1s.45 1 1 1 1-.45 1-1-.45-1-1-1zm-1.5 2.5c-.83 0-1.5.67-1.5 1.5h1c0-.28.22-.5.5-.5s.5.22.5.5-1 1.64-1 2.5c0 .86.67 1.5 1.5 1.5s1.5-.67 1.5-1.5h-1c0 .28-.22.5-.5.5s-.5-.22-.5-.5c0-.36 1-1.84 1-2.5 0-.81-.67-1.5-1.5-1.5z\"><\/path><\/svg><\/span><\/div><\/div><\/div><\/div><div class=\"kt-infobox-textcontent\"><h2 class=\"kt-blocks-info-box-title\">O que h\u00e1 nesta p\u00e1gina!<\/h2><p class=\"kt-blocks-info-box-text\">Nesta se\u00e7\u00e3o s\u00e3o divulgadas informa\u00e7\u00f5es referentes ao resultado de inspe\u00e7\u00f5es, auditorias, presta\u00e7\u00f5es e tomada de contas realizadas no \u00f3rg\u00e3o\/entidade.<\/p><\/div><\/a><\/div>\n\n\n\n<blockquote class=\"wp-block-ugb-blockquote ugb-blockquote ugb-blockquote--v2 ugb--background-opacity-5 ugb-8a893ed ugb-blockquote--v3 ugb-blockquote--design-plain ugb-main-block\" id=\"\"><div class=\"ugb-inner-block\"><div class=\"ugb-block-content\"><div class=\"ugb-blockquote__item\"><svg viewbox=\"0 0 50 50\" xmlns=\"http:\/\/www.w3.org\/2000\/svg\" class=\"ugb-blockquote__quote\" width=\"70\" height=\"70\"><path d=\"M19.8 9.3C10.5 11.8 4.6 17 2.1 24.8c2.3-3.6 5.6-5.4 9.9-5.4 3.3 0 6 1.1 8.3 3.3 2.2 2.2 3.4 5 3.4 8.3 0 3.2-1.1 5.8-3.3 8-2.2 2.2-5.1 3.2-8.7 3.2-3.7 0-6.5-1.2-8.6-3.5C1 36.3 0 33.1 0 29 0 18.3 6.5 11.2 19.6 7.9l.2 1.4zm26.4 0C36.9 11.9 31 17 28.5 24.8c2.2-3.6 5.5-5.4 9.8-5.4 3.2 0 6 1.1 8.3 3.2 2.3 2.2 3.4 4.9 3.4 8.3 0 3.1-1.1 5.8-3.3 7.9-2.2 2.2-5.1 3.3-8.6 3.3-3.7 0-6.6-1.1-8.6-3.4-2.1-2.3-3.1-5.5-3.1-9.7 0-10.7 6.6-17.8 19.7-21.1l.1 1.4z\"><\/path><\/svg><div class=\"ugb-blockquote__content\"><p class=\"ugb-blockquote__text\"><em>Para obter informa\u00e7\u00f5es referentes ao resultado de inspe\u00e7\u00f5es, auditorias, presta\u00e7\u00f5es e tomadas de contas realizadas na Laborat\u00f3rio Farmac\u00eautico do Estado de Pernambuco &#8211; LAFEPE, atrav\u00e9s do Tribunal de contas do Estado (TCE-PE),&nbsp;<a rel=\"noreferrer noopener\" href=\"http:\/\/www.tce.pe.gov.br\/internet\/index.php\/cidadaoprocessos\" target=\"_blank\">CLIQUE AQUI<\/a>, selecionando a op\u00e7\u00e3o de pesquisa &#8220;Por Org\u00e3o\/ Unidade Gestora&#8221;, optando por consultar o&nbsp;<em>Laborat\u00f3rio Farmac\u00eautico do Estado de Pernambuco<\/em>.<\/em><br><br>Siga os passos abaixo:<\/p><\/div><\/div><\/div><\/div><\/blockquote>\n\n\n\n<div class=\"wp-block-image\"><figure class=\"aligncenter size-large\"><img loading=\"lazy\" width=\"644\" height=\"453\" src=\"https:\/\/www.lai.pe.gov.br\/lafepe\/wp-content\/uploads\/sites\/89\/2021\/02\/Capturar-TCE-1.png\" alt=\"\" class=\"wp-image-1336\" \/><\/figure><\/div>\n\n\n\n<div class=\"wp-block-group\"><div class=\"wp-block-group__inner-container\">\n<p><\/p>\n\n\n\n<h2 class=\"has-text-align-center\">Resultado de Auditorias Realizadas pela SCGE <\/h2>\n<\/div><\/div>\n\n\n\n<figure class=\"wp-block-image size-large is-resized\"><a href=\"http:\/\/web.transparencia.pe.gov.br\/fiscalizacao-e-controle\/resultados-de-auditoria-de-implementacao-de-recomendacao-air\/\"><img loading=\"lazy\" src=\"https:\/\/www.lai.pe.gov.br\/lafepe\/wp-content\/uploads\/sites\/89\/2021\/02\/Capturar-SCGE.png\" alt=\"\" class=\"wp-image-1339\" width=\"1008\" height=\"207\" \/><\/a><\/figure>\n\n\n\n<h2 class=\"has-text-align-center\">Planilha de auditorias realizadas no LAFEPE <\/h2>\n\n\n\n<div class=\"wp-block-file\"><a href=\"https:\/\/www.lai.pe.gov.br\/lafepe\/wp-content\/uploads\/sites\/89\/2023\/11\/Competencia-10.2023-Auditorias-LAI.docx\">Auditorias &#8211; LAFEPE<\/a><a href=\"https:\/\/www.lai.pe.gov.br\/lafepe\/wp-content\/uploads\/sites\/89\/2023\/11\/Competencia-10.2023-Auditorias-LAI.docx\" class=\"wp-block-file__button\" download>Baixar<\/a><\/div>\n\n\n\n<p><\/p>\n<style class=\"advgb-styles-renderer\">#kt-info-box_36c228-f9 .kt-blocks-info-box-link-wrap {border-color:rgba(136, 136, 136, 1);border-radius:20px;background:rgba(255, 255, 255, 1);padding:20px 20px 20px 20px;border-width:2px 2px 2px 2px;}#kt-info-box_36c228-f9 .kt-blocks-info-box-link-wrap:hover {border-color:rgba(136, 136, 136, 1);background:rgba(255, 255, 255, 1);}#kt-info-box_36c228-f9 .kt-info-svg-icon, #kt-info-box_36c228-f9 .kt-blocks-info-box-number {font-size:50px;}#kt-info-box_36c228-f9 .kt-blocks-info-box-media {color:#ffffff;background:#555555;border-color:#444444;border-radius:200px;border-width:0px 0px 0px 0px;padding:20px 20px 20px 20px;margin:0px 15px 0px 15px;}#kt-info-box_36c228-f9 .kt-blocks-info-box-media img {border-radius:200px;}#kt-info-box_36c228-f9 .kt-blocks-info-box-link-wrap:hover .kt-blocks-info-box-media {color:#ffffff;background:#444444;border-color:#444444;}#kt-info-box_36c228-f9 .kt-blocks-info-box-title {padding:0px 0px 0px 0px;margin:5px 0px 10px 0px;}#kt-info-box_36c228-f9 .kt-blocks-info-box-text {}#kt-info-box_36c228-f9 .kt-blocks-info-box-link-wrap:hover {box-shadow:0px 0px 14px 0px rgba(0,0,0,0.2);}.ugb-8a893ed .ugb-blockquote__quote{width:70px !important;height:70px !important}.ugb-8a893ed .ugb-blockquote__text{font-size:17px !important}<\/style>","protected":false},"excerpt":{"rendered":"<p>Planilha de auditorias realizadas no LAFEPE<\/p>\n","protected":false},"author":1,"featured_media":0,"parent":0,"menu_order":0,"comment_status":"closed","ping_status":"closed","template":"","meta":{"advgb_blocks_editor_width":"","advgb_blocks_columns_visual_guide":"","kt_blocks_editor_width":""},"featured_image_urls":{"full":"","thumbnail":"","medium":"","medium_large":"","large":"","1536x1536":"","2048x2048":""},"post_excerpt_stackable":"<p>O que h\u00e1 nesta p\u00e1gina!Nesta se\u00e7\u00e3o s\u00e3o divulgadas informa\u00e7\u00f5es referentes ao resultado de inspe\u00e7\u00f5es, auditorias, presta\u00e7\u00f5es e tomada de contas realizadas no \u00f3rg\u00e3o\/entidade. Para obter informa\u00e7\u00f5es referentes ao resultado de inspe\u00e7\u00f5es, auditorias, presta\u00e7\u00f5es e tomadas de contas realizadas na Laborat\u00f3rio Farmac\u00eautico do Estado de Pernambuco &#8211; LAFEPE, atrav\u00e9s do Tribunal de contas do Estado (TCE-PE),&nbsp;CLIQUE AQUI, selecionando a op\u00e7\u00e3o de pesquisa &#8220;Por Org\u00e3o\/ Unidade Gestora&#8221;, optando por consultar o&nbsp;Laborat\u00f3rio Farmac\u00eautico do Estado de Pernambuco.Siga os passos abaixo: Resultado de Auditorias Realizadas pela SCGE Planilha de auditorias realizadas no LAFEPE Auditorias &#8211; LAFEPEBaixar<\/p>\n","category_list":"","author_info":{"name":"nilo.martins","url":"https:\/\/www.lai.pe.gov.br\/lafepe\/author\/nilo-martins\/"},"comments_num":"0 coment\u00e1rio","_links":{"self":[{"href":"https:\/\/www.lai.pe.gov.br\/lafepe\/wp-json\/wp\/v2\/pages\/163"}],"collection":[{"href":"https:\/\/www.lai.pe.gov.br\/lafepe\/wp-json\/wp\/v2\/pages"}],"about":[{"href":"https:\/\/www.lai.pe.gov.br\/lafepe\/wp-json\/wp\/v2\/types\/page"}],"author":[{"embeddable":true,"href":"https:\/\/www.lai.pe.gov.br\/lafepe\/wp-json\/wp\/v2\/users\/1"}],"replies":[{"embeddable":true,"href":"https:\/\/www.lai.pe.gov.br\/lafepe\/wp-json\/wp\/v2\/comments?post=163"}],"version-history":[{"count":55,"href":"https:\/\/www.lai.pe.gov.br\/lafepe\/wp-json\/wp\/v2\/pages\/163\/revisions"}],"predecessor-version":[{"id":2233,"href":"https:\/\/www.lai.pe.gov.br\/lafepe\/wp-json\/wp\/v2\/pages\/163\/revisions\/2233"}],"wp:attachment":[{"href":"https:\/\/www.lai.pe.gov.br\/lafepe\/wp-json\/wp\/v2\/media?parent=163"}],"curies":[{"name":"wp","href":"https:\/\/api.w.org\/{rel}","templated":true}]}}