{"id":7723,"date":"2025-10-03T09:33:37","date_gmt":"2025-10-03T12:33:37","guid":{"rendered":"https:\/\/www.lai.pe.gov.br\/iterpe\/?page_id=7723"},"modified":"2026-03-03T10:46:45","modified_gmt":"2026-03-03T13:46:45","slug":"parcerias-com-osc-organizacoes-da-sociedade-civil-decreto-no-44-474-2017","status":"publish","type":"page","link":"https:\/\/www.lai.pe.gov.br\/iterpe\/parcerias-com-osc-organizacoes-da-sociedade-civil-decreto-no-44-474-2017\/","title":{"rendered":"PARCERIAS COM ORGANIZA\u00c7\u00d5ES DA SOCIEDADE CIVIL &#8211; OSC                                                                                              (DECRETO N\u00ba  44.474\/2017)A"},"content":{"rendered":"\n<p><\/p>\n\n\n\n<p> <\/p>\n\n\n\n<p><\/p>\n\n\n\n<p>.<\/p>\n\n\n\n<figure class=\"wp-block-image size-large is-resized\"><img loading=\"lazy\" src=\"https:\/\/www.lai.pe.gov.br\/iterpe\/wp-content\/uploads\/sites\/39\/2025\/01\/image-29.png\" alt=\"\" class=\"wp-image-6248\" width=\"1446\" height=\"191\" \/><\/figure>\n\n\n\n<p>.<\/p>\n\n\n\n<p>.<\/p>\n\n\n\n<p>.<\/p>\n\n\n\n<h3 class=\"has-text-align-center\"><strong><a href=\"https:\/\/www.lai.pe.gov.br\/iterpe\/wp-content\/uploads\/sites\/39\/2025\/10\/Regulamento-de-Compras-da-Fundacao-Frei-Caneca.pdf\">REGULAMENTO DE COMPRAS E CONTRATA\u00c7\u00c3O DE SERVI\u00c7OS PELA FUNDA\u00c7\u00c3O FREI CANECA<\/a><\/strong><\/h3>\n\n\n\n<h4 class=\"has-text-align-center\"><a href=\"https:\/\/www.lai.pe.gov.br\/iterpe\/wp-content\/uploads\/sites\/39\/2025\/10\/Regulamento-de-Compras-da-Fundacao-Frei-Caneca.pdf\"><strong>(Clique para visualizar)<\/strong><\/a><\/h4>\n\n\n\n<p>.<\/p>\n\n\n\n<p>.<\/p>\n\n\n\n<h3>O presente regulamento aplica-se \u00e0s compras e contrata\u00e7\u00e3o de servi\u00e7os pela Funda\u00e7\u00e3o Frei Caneca, entidade sem fins lucrativos ou econ\u00f4micos, devidamente inscrita no CNPJ N\u00b0 06.159.960\/0001-85, denominada a seguir por Funda\u00e7\u00e3o Frei Caneca, especialmente para aqueles realizados com Recursos P\u00fablicos recebidos por for\u00e7a de Instrumentos de Conv\u00eanios ou Cong\u00eaneres. <\/h3>\n\n\n\n<p>.<\/p>\n\n\n\n<p>.<\/p>\n\n\n\n<p>.<\/p>\n\n\n\n<figure class=\"wp-block-image size-large is-resized\"><img loading=\"lazy\" src=\"https:\/\/www.lai.pe.gov.br\/iterpe\/wp-content\/uploads\/sites\/39\/2025\/01\/image-29.png\" alt=\"\" class=\"wp-image-6248\" width=\"1446\" height=\"191\" \/><\/figure>\n\n\n\n<p>.<\/p>\n\n\n\n<p>.<\/p>\n\n\n\n<h3 class=\"has-text-align-center\"><strong><a href=\"https:\/\/www.lai.pe.gov.br\/iterpe\/wp-content\/uploads\/sites\/39\/2025\/10\/Termo-de-Fomento-no-002.2025-FFC-Emenda-600292025-Henrique-Filho-Itaquitinga.pdf\">TERMO DE FOMENTO N\u00ba 002\/2025 (74168544) QUE ENTRE SI CELEBRAM O INSTITUTO DE TERRAS E REFORMA AGR\u00c1RIA DO ESTADO DE PERNAMBUCO &#8211; ITERPE, E A FUNDA\u00c7\u00c3O FREI CANECA, PARA OS FINS QUE ESPECIFICA<\/a><\/strong><\/h3>\n\n\n\n<p>.<\/p>\n\n\n\n<h4 class=\"has-text-align-center\"><strong><a href=\"https:\/\/www.lai.pe.gov.br\/iterpe\/wp-content\/uploads\/sites\/39\/2025\/10\/Termo-de-Fomento-no-002.2025-FFC-Emenda-600292025-Henrique-Filho-Itaquitinga.pdf\">(Clique para visualizar)<\/a><\/strong><\/h4>\n\n\n\n<p>.<\/p>\n\n\n\n<p>.<\/p>\n\n\n\n<h3><strong>PROCESSO SEI N\u00ba <\/strong>0031200020.002428\/2025-29<br><strong>TERMO DE FOMENTO N\u00ba<\/strong> 002\/2025 (74168544)<br><strong>EMENDA PARLAMENTAR<\/strong>: 60029\/2025<br><strong>ORGANIZA\u00c7\u00c3O DA SOCIEDADE CIVIL<\/strong>: Funda\u00e7\u00e3o Frei Caneca \u2013 Pombos\/PE<br><strong>\u00c1rea de implanta\u00e7\u00e3o<\/strong>: Assentamento Estadual Pituassu em Itaquitinga\/PE<\/h3>\n\n\n\n<p>.<\/p>\n\n\n\n<p>.<\/p>\n\n\n\n<h4>Por este instrumento, o <strong>INSTITUTO DE TERRAS E REFORMA AGR\u00c1RIA DO ESTADO DE PERNAMBUCO &#8211; ITERPE<\/strong>, autarquia estadual vinculada \u00e0 Secretaria de Desenvolvimento Agr\u00e1rio, Agricultura, Pecu\u00e1ria e Pesca do Estado de Pernambuco, inscrita no CNPJ\/MF sob o n\u00ba 11.564.821\/0001-77, com sede na Avenida General San Martin, n\u00ba 1371, Bongi, Recife\/PE, CEP: 50.761-000, representado neste ato por seu Diretor-Presidente, o Sr. <strong>CLEODON RICARDO DE SOUZA LIMA<\/strong>, nomeado pelo Ato Governamental n\u00ba 3423, de 24\/05\/2024, publicado no DOE\/PE de 25\/05\/2024, no uso de suas atribui\u00e7\u00f5es, conferidas pela Lei n\u00ba 13.900, de 27\/10\/2009, de acordo com o inciso IV, artigo 11, do Regulamento aprovado pelo Decreto n\u00ba 34.497, de 31\/12\/2009 e por seu Coordenador de Planejamento e Gest\u00e3o, o Sr. <strong>RONALDO DE HOLANDA NEVES<\/strong>, nomeado pelo Ato Governamental n\u00ba 6301, de 22\/07\/2024, publicado no DOE de 23\/07\/2024, doravante designada<br>simplesmente <strong>PARCEIRO P\u00daBLICO<\/strong> , e a <strong>FUNDA\u00c7\u00c3O FREI CANECA<\/strong>, associa\u00e7\u00e3o privada, Organiza\u00e7\u00e3o da sociedade civil, inscrita no CNPJ n\u00ba: 06.159.960\/0001-85, com endere\u00e7o no Loteamento Parque S\u00e3o Luiz, n\u00ba 570, Alto do Frade, Pombos\/PE, CEP: 55.630-000, neste ato representada, conforme procura\u00e7\u00e3o p\u00fablica (73991518), pelo presidente do conselho curador, o Sr. <strong>MARCOS ANT\u00d4NIO MARTINS<\/strong>, brasileiro, solteiro, empres\u00e1rio, residente e domiciliado \u00e0 Rua Pedro Vieira, n\u00ba 01, Centro, Ita\u00edba &#8211; PE, CEP: 56.550-000, doravante denominada simplesmente <strong>OSC<\/strong>,<br>resolvem celebrar o presente Termo de Colabora\u00e7\u00e3o\/Termo de Fomento n\u00ba 002\/2025 (74168544), decorrente da <strong>Emenda Parlamentar n. 60029\/2025<\/strong>, consoante o <strong>PROCESSO SEI N\u00ba<\/strong> 0031200020.002428\/2025-29, com fundamento na Lei n\u00ba 13.019, de 31 de julho de 2.014, no Decreto Estadual n\u00ba 44.474\/2017, na Lei de Diretrizes Or\u00e7ament\u00e1rias e Lei Or\u00e7ament\u00e1ria Anual do Estado de Pernambuco vigentes no presente exerc\u00edcio, na Lei Complementar n\u00ba 101, de 04 de maio de<br>2000, na Portaria SCGE\/SEFAZ\/SEPLAG n\u00ba n\u00ba 001\/2017,de 19 de abril de 2017 e nas demais normas atinentes \u00e0 mat\u00e9ria, bem como mediante as seguintes cl\u00e1usulas e condi\u00e7\u00f5es, que mutuamente outorgam e estabelecem:<\/h4>\n\n\n\n<p>.<\/p>\n\n\n\n<p>.<\/p>\n\n\n\n<p>.<\/p>\n\n\n\n<figure class=\"wp-block-image size-large is-resized\"><img loading=\"lazy\" src=\"https:\/\/www.lai.pe.gov.br\/iterpe\/wp-content\/uploads\/sites\/39\/2025\/01\/image-29.png\" alt=\"\" class=\"wp-image-6248\" width=\"1446\" height=\"191\" \/><\/figure>\n","protected":false},"excerpt":{"rendered":"<p>. . . . REGULAMENTO DE COMPRAS E CONTRATA\u00c7\u00c3O DE SERVI\u00c7OS PELA FUNDA\u00c7\u00c3O FREI CANECA (Clique para visualizar) . . O presente regulamento aplica-se \u00e0s compras e contrata\u00e7\u00e3o de servi\u00e7os pela Funda\u00e7\u00e3o Frei Caneca, entidade sem fins lucrativos ou econ\u00f4micos, devidamente inscrita no CNPJ N\u00b0 06.159.960\/0001-85, denominada a seguir por Funda\u00e7\u00e3o Frei Caneca, especialmente para [&hellip;]<\/p>\n","protected":false},"author":300,"featured_media":0,"parent":0,"menu_order":0,"comment_status":"closed","ping_status":"closed","template":"","meta":{"advgb_blocks_editor_width":"","advgb_blocks_columns_visual_guide":"","kt_blocks_editor_width":""},"featured_image_urls":{"full":"","thumbnail":"","medium":"","medium_large":"","large":"","1536x1536":"","2048x2048":""},"post_excerpt_stackable":"<p>. . . . REGULAMENTO DE COMPRAS E CONTRATA\u00c7\u00c3O DE SERVI\u00c7OS PELA FUNDA\u00c7\u00c3O FREI CANECA (Clique para visualizar) . . O presente regulamento aplica-se \u00e0s compras e contrata\u00e7\u00e3o de servi\u00e7os pela Funda\u00e7\u00e3o Frei Caneca, entidade sem fins lucrativos ou econ\u00f4micos, devidamente inscrita no CNPJ N\u00b0 06.159.960\/0001-85, denominada a seguir por Funda\u00e7\u00e3o Frei Caneca, especialmente para aqueles realizados com Recursos P\u00fablicos recebidos por for\u00e7a de Instrumentos de Conv\u00eanios ou Cong\u00eaneres. . . . . . TERMO DE FOMENTO N\u00ba 002\/2025 (74168544) QUE ENTRE SI CELEBRAM O INSTITUTO DE TERRAS E REFORMA AGR\u00c1RIA DO ESTADO DE PERNAMBUCO &#8211; ITERPE, E A FUNDA\u00c7\u00c3O&hellip;<\/p>\n","category_list":"","author_info":{"name":"Fernanda Guedes Gon\u00e7alves de Azevedo,","url":"https:\/\/www.lai.pe.gov.br\/iterpe\/author\/fernandagazevedo\/"},"comments_num":"0 coment\u00e1rio","_links":{"self":[{"href":"https:\/\/www.lai.pe.gov.br\/iterpe\/wp-json\/wp\/v2\/pages\/7723"}],"collection":[{"href":"https:\/\/www.lai.pe.gov.br\/iterpe\/wp-json\/wp\/v2\/pages"}],"about":[{"href":"https:\/\/www.lai.pe.gov.br\/iterpe\/wp-json\/wp\/v2\/types\/page"}],"author":[{"embeddable":true,"href":"https:\/\/www.lai.pe.gov.br\/iterpe\/wp-json\/wp\/v2\/users\/300"}],"replies":[{"embeddable":true,"href":"https:\/\/www.lai.pe.gov.br\/iterpe\/wp-json\/wp\/v2\/comments?post=7723"}],"version-history":[{"count":31,"href":"https:\/\/www.lai.pe.gov.br\/iterpe\/wp-json\/wp\/v2\/pages\/7723\/revisions"}],"predecessor-version":[{"id":8325,"href":"https:\/\/www.lai.pe.gov.br\/iterpe\/wp-json\/wp\/v2\/pages\/7723\/revisions\/8325"}],"wp:attachment":[{"href":"https:\/\/www.lai.pe.gov.br\/iterpe\/wp-json\/wp\/v2\/media?parent=7723"}],"curies":[{"name":"wp","href":"https:\/\/api.w.org\/{rel}","templated":true}]}}