{"id":706,"date":"2019-04-09T11:19:23","date_gmt":"2019-04-09T14:19:23","guid":{"rendered":"https:\/\/www.lai.pe.gov.br\/iterpe\/?page_id=706"},"modified":"2026-03-03T10:51:23","modified_gmt":"2026-03-03T13:51:23","slug":"territorio-quilombola","status":"publish","type":"page","link":"https:\/\/www.lai.pe.gov.br\/iterpe\/territorio-quilombola\/","title":{"rendered":"TERRIT\u00d3RIOS QUILOMBOLAS"},"content":{"rendered":"\n<figure class=\"wp-block-image size-large is-resized\"><img loading=\"lazy\" src=\"https:\/\/www.lai.pe.gov.br\/iterpe\/wp-content\/uploads\/sites\/39\/2025\/01\/image-61.png\" alt=\"\" class=\"wp-image-6365\" width=\"1450\" height=\"191\" \/><\/figure>\n\n\n\n<div class=\"wp-block-group\"><div class=\"wp-block-group__inner-container\">\n<div id=\"\" class=\"wp-block-ugb-blockquote ugb-blockquote ugb-fa1ec9c ugb-blockquote--v3 ugb-blockquote--design-plain ugb-main-block\">\n\n<div class=\"ugb-inner-block\">\n<div class=\"ugb-block-content\">\n<div class=\"ugb-blockquote__item\">\n<div class=\"ugb-blockquote__content\">\n<h3 class=\"ugb-blockquote__text\">As a\u00e7\u00f5es do Governo do Estado de Pernambuco no \u00e2mbito da regulariza\u00e7\u00e3o fundi\u00e1ria dos territ\u00f3rios quilombolas s\u00e3o fundamentadas na legisla\u00e7\u00e3o Federal, na Lei 12.235 de 26 de junho de 2002, Lei de Terras do Estado de Pernambuco, no Decreto Estadual N\u00ba 38.960, de 17 de dezembro de 2012 e no Plano Pernambuco Quilombola. Estas a\u00e7\u00f5es s\u00e3o executadas atrav\u00e9s do ITERPE, em parceria com o INCRA, conforme determina a legisla\u00e7\u00e3o.<\/h3>\n<\/div>\n<\/div>\n<\/div>\n<\/div>\n<\/div>\n<\/div><\/div>\n\n\n\n<h2 class=\"has-text-align-center\"><strong>Im\u00f3veis Titulados para Comunidade Quilombola do Estado de Pernambuco<\/strong><\/h2>\n\n\n\n<h3 class=\"has-text-align-center\"><strong><a href=\"https:\/\/www.lai.pe.gov.br\/iterpe\/wp-content\/uploads\/sites\/39\/2023\/09\/ATUAL-SETEMBRO-NOTA-TECNICA-GERAF-No-026-2023.pdf\">NOTA T\u00c9CNICA GERAF &#8211; ITERPE No 026 \/ 2023 &#8211; Emitida em 04 de setembro de 2023<\/a><\/strong><\/h3>\n\n\n\n<h3 class=\"has-text-align-center\"><strong><a href=\"https:\/\/www.lai.pe.gov.br\/iterpe\/wp-content\/uploads\/sites\/39\/2023\/09\/ATUAL-SETEMBRO-NOTA-TECNICA-GERAF-No-026-2023.pdf\">( Clique Aqui para Visualizar )<\/a><\/strong><\/h3>\n\n\n\n<h2>Relat\u00f3rios<\/h2>\n\n\n\n<p><strong>REGULARIZA\u00c7\u00c3O FUNDI\u00c1RIA EM TERRIT\u00d3RIOS QUILOMBOLAS &#8211; 2023<\/strong><\/p>\n\n\n\n<p><\/p>\n\n\n\n<h3><\/h3>\n\n\n\n<div class=\"wp-block-file\"><a href=\"https:\/\/www.lai.pe.gov.br\/iterpe\/wp-content\/uploads\/sites\/39\/2021\/07\/TERRITORIO-QUILOMBOLA.pdf\"><strong>REGULARIZA\u00c7\u00c3O FUNDI\u00c1RIA EM TERRIT\u00d3RIOS QUILOMBOLAS 2021<\/strong><\/a><a href=\"https:\/\/www.lai.pe.gov.br\/iterpe\/wp-content\/uploads\/sites\/39\/2021\/07\/TERRITORIO-QUILOMBOLA.pdf\" class=\"wp-block-file__button\" download>Baixar<\/a><\/div>\n\n\n\n<div class=\"wp-block-file\"><a href=\"https:\/\/www.lai.pe.gov.br\/iterpe\/wp-content\/uploads\/sites\/39\/2020\/11\/Regularizacao-Fundiaria-em-Territorios-Quilombolas_2020.docx\"><strong>REGULARIZA\u00c7\u00c3O FUNDI\u00c1RIA EM TERRIT\u00d3RIOS QUILOMBOLAS 2020<\/strong><\/a><a href=\"https:\/\/www.lai.pe.gov.br\/iterpe\/wp-content\/uploads\/sites\/39\/2020\/11\/Regularizacao-Fundiaria-em-Territorios-Quilombolas_2020.docx\" class=\"wp-block-file__button\" download>Baixar<\/a><\/div>\n\n\n\n<div class=\"wp-block-file\"><a href=\"https:\/\/www.lai.pe.gov.br\/iterpe\/wp-content\/uploads\/sites\/39\/2019\/04\/Regulariza\u00e7\u00e3o-Fundi\u00e1ria-em-Territ\u00f3rios-Quilombolas.docx\"><strong>REGULARIZA\u00c7\u00c3O FUNDI\u00c1RIA EM TERRIT\u00d3RIOS QUILOMBOLAS 2018<\/strong><\/a><a href=\"https:\/\/www.lai.pe.gov.br\/iterpe\/wp-content\/uploads\/sites\/39\/2019\/04\/Regulariza\u00e7\u00e3o-Fundi\u00e1ria-em-Territ\u00f3rios-Quilombolas.docx\" class=\"wp-block-file__button\" download>Baixar<\/a><\/div>\n\n\n\n<h3>Certificados &#8211; Comunidades Quilombolas<\/h3>\n\n\n\n<div class=\"wp-block-file\"><a href=\"https:\/\/www.lai.pe.gov.br\/iterpe\/wp-content\/uploads\/sites\/39\/2019\/04\/COMUNIDADES-QUILOMBOLAS-CERTIFICADAS.pdf\">COMUNIDADES QUILOMBOLAS CERTIFICADAS (DOU 2016)<\/a><a href=\"https:\/\/www.lai.pe.gov.br\/iterpe\/wp-content\/uploads\/sites\/39\/2019\/04\/COMUNIDADES-QUILOMBOLAS-CERTIFICADAS.pdf\" class=\"wp-block-file__button\" download>Baixar<\/a><\/div>\n<style class=\"advgb-styles-renderer\">.ugb-fa1ec9c .ugb-blockquote__quote{width:70px !important;height:70px !important}<\/style>","protected":false},"excerpt":{"rendered":"<p>Im\u00f3veis Titulados para Comunidade Quilombola do Estado de Pernambuco NOTA T\u00c9CNICA GERAF &#8211; ITERPE No 026 \/ 2023 &#8211; Emitida em 04 de setembro de 2023 ( Clique Aqui para Visualizar ) Relat\u00f3rios REGULARIZA\u00c7\u00c3O FUNDI\u00c1RIA EM TERRIT\u00d3RIOS QUILOMBOLAS &#8211; 2023 Certificados &#8211; Comunidades Quilombolas<\/p>\n","protected":false},"author":4,"featured_media":0,"parent":0,"menu_order":0,"comment_status":"closed","ping_status":"closed","template":"","meta":{"advgb_blocks_editor_width":"","advgb_blocks_columns_visual_guide":"","kt_blocks_editor_width":""},"featured_image_urls":{"full":"","thumbnail":"","medium":"","medium_large":"","large":"","1536x1536":"","2048x2048":""},"post_excerpt_stackable":"<p>As a\u00e7\u00f5es do Governo do Estado de Pernambuco no \u00e2mbito da regulariza\u00e7\u00e3o fundi\u00e1ria dos territ\u00f3rios quilombolas s\u00e3o fundamentadas na legisla\u00e7\u00e3o Federal, na Lei 12.235 de 26 de junho de 2002, Lei de Terras do Estado de Pernambuco, no Decreto Estadual N\u00ba 38.960, de 17 de dezembro de 2012 e no Plano Pernambuco Quilombola. Estas a\u00e7\u00f5es s\u00e3o executadas atrav\u00e9s do ITERPE, em parceria com o INCRA, conforme determina a legisla\u00e7\u00e3o. Im\u00f3veis Titulados para Comunidade Quilombola do Estado de Pernambuco NOTA T\u00c9CNICA GERAF &#8211; ITERPE No 026 \/ 2023 &#8211; Emitida em 04 de setembro de 2023 ( Clique Aqui para Visualizar&hellip;<\/p>\n","category_list":"","author_info":{"name":"Admin","url":"https:\/\/www.lai.pe.gov.br\/iterpe\/author\/admintemp\/"},"comments_num":"0 coment\u00e1rio","_links":{"self":[{"href":"https:\/\/www.lai.pe.gov.br\/iterpe\/wp-json\/wp\/v2\/pages\/706"}],"collection":[{"href":"https:\/\/www.lai.pe.gov.br\/iterpe\/wp-json\/wp\/v2\/pages"}],"about":[{"href":"https:\/\/www.lai.pe.gov.br\/iterpe\/wp-json\/wp\/v2\/types\/page"}],"author":[{"embeddable":true,"href":"https:\/\/www.lai.pe.gov.br\/iterpe\/wp-json\/wp\/v2\/users\/4"}],"replies":[{"embeddable":true,"href":"https:\/\/www.lai.pe.gov.br\/iterpe\/wp-json\/wp\/v2\/comments?post=706"}],"version-history":[{"count":76,"href":"https:\/\/www.lai.pe.gov.br\/iterpe\/wp-json\/wp\/v2\/pages\/706\/revisions"}],"predecessor-version":[{"id":8343,"href":"https:\/\/www.lai.pe.gov.br\/iterpe\/wp-json\/wp\/v2\/pages\/706\/revisions\/8343"}],"wp:attachment":[{"href":"https:\/\/www.lai.pe.gov.br\/iterpe\/wp-json\/wp\/v2\/media?parent=706"}],"curies":[{"name":"wp","href":"https:\/\/api.w.org\/{rel}","templated":true}]}}