{"id":696,"date":"2019-04-09T11:14:20","date_gmt":"2019-04-09T14:14:20","guid":{"rendered":"https:\/\/www.lai.pe.gov.br\/iterpe\/?page_id=696"},"modified":"2026-03-03T10:50:37","modified_gmt":"2026-03-03T13:50:37","slug":"situacao-dos-processos-de-regularizacao-fundiaria","status":"publish","type":"page","link":"https:\/\/www.lai.pe.gov.br\/iterpe\/situacao-dos-processos-de-regularizacao-fundiaria\/","title":{"rendered":"SITUA\u00c7\u00c3O DOS PROCESSOS DE REGULARIZA\u00c7\u00c3O FUNDI\u00c1RIA"},"content":{"rendered":"\n<figure class=\"wp-block-image size-large is-resized\"><img loading=\"lazy\" src=\"https:\/\/www.lai.pe.gov.br\/iterpe\/wp-content\/uploads\/sites\/39\/2025\/01\/image-59.png\" alt=\"\" class=\"wp-image-6360\" width=\"1450\" height=\"191\" \/><\/figure>\n\n\n\n<p>.<\/p>\n\n\n\n<p>.<\/p>\n\n\n\n<h2>Planilhas Demonstrativas de Regulariza\u00e7\u00e3o Fundi\u00e1ria <\/h2>\n\n\n\n<p>.<\/p>\n\n\n\n<h2>Exerc\u00edcio 2026<\/h2>\n\n\n\n<h4><a href=\"https:\/\/www.lai.pe.gov.br\/iterpe\/wp-content\/uploads\/sites\/39\/2026\/02\/ATUAL-FEVEREIRO-REGULARIZACAO-GERAF-2026.xlsx\">SITUA\u00c7\u00c3O DOS PROCESSOS DE REGULARIZA\u00c7\u00c3O FUNDI\u00c1RIA &#8211; ATUALIZADO EM FEVEREIRO 2026<\/a><\/h4>\n\n\n\n<h4><a href=\"https:\/\/www.lai.pe.gov.br\/iterpe\/wp-content\/uploads\/sites\/39\/2026\/01\/ATUAL-JANEIRO-REGULARIZACAO-GERAF-2026.xlsx\">SITUA\u00c7\u00c3O DOS PROCESSOS DE REGULARIZA\u00c7\u00c3O FUNDI\u00c1RIA &#8211; ATUALIZADO EM JANEIRO 2026<\/a><\/h4>\n\n\n\n<h3><\/h3>\n\n\n\n<p>.<\/p>\n\n\n\n<p>.<\/p>\n\n\n\n<h2><strong>Exerc\u00edcio 202<\/strong>5<\/h2>\n\n\n\n<h4><a href=\"https:\/\/www.lai.pe.gov.br\/iterpe\/wp-content\/uploads\/sites\/39\/2025\/12\/ATUAL-NOVEMBRO-REGULARIZACAO-GERAF-2025.xlsx\">SITUA\u00c7\u00c3O DOS PROCESSOS DE REGULARIZA\u00c7\u00c3O FUNDI\u00c1RIA &#8211; ATUALIZADO EM DEZEMBRO 2025<\/a><\/h4>\n\n\n\n<h4><a href=\"https:\/\/www.lai.pe.gov.br\/iterpe\/wp-content\/uploads\/sites\/39\/2025\/12\/ATUAL-NOVEMBRO-REGULARIZACAO-GERAF-2025.xlsx\">SITUA\u00c7\u00c3O DOS PROCESSOS DE REGULARIZA\u00c7\u00c3O FUNDI\u00c1RIA &#8211; ATUALIZADO EM NOVEMBRO 2025<\/a><\/h4>\n\n\n\n<h4><a href=\"https:\/\/www.lai.pe.gov.br\/iterpe\/wp-content\/uploads\/sites\/39\/2025\/10\/ATUAL-OUTUBRO-REGULARIZACAO-GERAF-2025.xlsx\">SITUA\u00c7\u00c3O DOS PROCESSOS DE REGULARIZA\u00c7\u00c3O FUNDI\u00c1RIA &#8211; ATUALIZADO EM OUTUBRO 2025<\/a><\/h4>\n\n\n\n<h4><a href=\"https:\/\/www.lai.pe.gov.br\/iterpe\/wp-content\/uploads\/sites\/39\/2025\/09\/ATUAL-SETEMBRO-REGULARIZACAO-GERAF-2025.xlsx\">SITUA\u00c7\u00c3O DOS PROCESSOS DE REGULARIZA\u00c7\u00c3O FUNDI\u00c1RIA &#8211; ATUALIZADO EM SETEMBRO 2025<\/a><\/h4>\n\n\n\n<h4><a href=\"https:\/\/www.lai.pe.gov.br\/iterpe\/wp-content\/uploads\/sites\/39\/2025\/08\/ATUAL-AGOSTO-REGULARIZACAO-GERAF-2025.xlsx\">SITUA\u00c7\u00c3O DOS PROCESSOS DE REGULARIZA\u00c7\u00c3O FUNDI\u00c1RIA &#8211; ATUALIZADO EM AGOSTO 2025<\/a><\/h4>\n\n\n\n<h4><a href=\"https:\/\/www.lai.pe.gov.br\/iterpe\/wp-content\/uploads\/sites\/39\/2025\/07\/ATUAL-JULHO-REGULARIZACAO-GERAF-2025.xlsx\">SITUA\u00c7\u00c3O DOS PROCESSOS DE REGULARIZA\u00c7\u00c3O FUNDI\u00c1RIA &#8211; ATUALIZADO EM JULHO 2025<\/a><\/h4>\n\n\n\n<h4><a href=\"https:\/\/www.lai.pe.gov.br\/iterpe\/wp-content\/uploads\/sites\/39\/2025\/06\/ATUAL-JUNHO-REGULARIZACAO-GERAF-2025.xlsx\">SITUA\u00c7\u00c3O DOS PROCESSOS DE REGULARIZA\u00c7\u00c3O FUNDI\u00c1RIA &#8211; ATUALIZADO EM JUNHO 2025<\/a><\/h4>\n\n\n\n<h4><a href=\"https:\/\/www.lai.pe.gov.br\/iterpe\/wp-content\/uploads\/sites\/39\/2025\/05\/ATUAL-MAIO-REGULARIZACAO-GERAF-2025.xlsx\">SITUA\u00c7\u00c3O DOS PROCESSOS DE REGULARIZA\u00c7\u00c3O FUNDI\u00c1RIA &#8211; ATUALIZADO EM MAIO 2025<\/a><\/h4>\n\n\n\n<h4><a href=\"https:\/\/www.lai.pe.gov.br\/iterpe\/wp-content\/uploads\/sites\/39\/2025\/04\/ATUAL-ABRIL-REGULARIZACAO-GERAF-2025.xlsx\">SITUA\u00c7\u00c3O DOS PROCESSOS DE REGULARIZA\u00c7\u00c3O FUNDI\u00c1RIA &#8211; ATUALIZADO EM ABRIL 2025<\/a><\/h4>\n\n\n\n<h4><a href=\"https:\/\/www.lai.pe.gov.br\/iterpe\/wp-content\/uploads\/sites\/39\/2025\/03\/ATUAL-MARCO-REGULARIZACAO-GERAF-2025.xlsx\">SITUA\u00c7\u00c3O DOS PROCESSOS DE REGULARIZA\u00c7\u00c3O FUNDI\u00c1RIA &#8211; ATUALIZADO EM MAR\u00c7O 2025<\/a><\/h4>\n\n\n\n<h4><a href=\"https:\/\/www.lai.pe.gov.br\/iterpe\/wp-content\/uploads\/sites\/39\/2025\/02\/ATUAL-FEVEREIRO-REGULARIZACAO-GERAF-2025.xlsx\">SITUA\u00c7\u00c3O DOS PROCESSOS DE REGULARIZA\u00c7\u00c3O FUNDI\u00c1RIA &#8211; ATUALIZADO EM FEVEREIRO 2025<\/a><\/h4>\n\n\n\n<h4><a href=\"https:\/\/www.lai.pe.gov.br\/iterpe\/wp-content\/uploads\/sites\/39\/2025\/01\/ATUAL-JANEIRO-REGULARIZACAO-GERAF-2025.xlsx\">SITUA\u00c7\u00c3O DOS PROCESSOS DE REGULARIZA\u00c7\u00c3O FUNDI\u00c1RIA &#8211; ATUALIZADO EM JANEIRO 2025<\/a><\/h4>\n\n\n\n<p>.<\/p>\n\n\n\n<p>.<\/p>\n\n\n\n<p>.<\/p>\n\n\n\n<p>.<\/p>\n\n\n\n<h2><strong>Exerc\u00edcio 2024<\/strong><\/h2>\n\n\n\n<h4><a href=\"https:\/\/www.lai.pe.gov.br\/iterpe\/wp-content\/uploads\/sites\/39\/2024\/12\/ATUAL-DEZEMBRO-REGULARIZACAO-GERAF-2024.xlsx\">SITUA\u00c7\u00c3O DOS PROCESSOS DE REGULARIZA\u00c7\u00c3O FUNDI\u00c1RIA &#8211; ATUALIZADO EM DEZEMBRO 2024<\/a><\/h4>\n\n\n\n<h4><a href=\"https:\/\/www.lai.pe.gov.br\/iterpe\/wp-content\/uploads\/sites\/39\/2024\/11\/ATUAL-NOVEMBRO-REGULARIZACAO-GERAF-2024.xlsx\">SITUA\u00c7\u00c3O DOS PROCESSOS DE REGULARIZA\u00c7\u00c3O FUNDI\u00c1RIA &#8211; ATUALIZADO EM NOVEMBRO 2024<\/a><\/h4>\n\n\n\n<h4><a href=\"https:\/\/www.lai.pe.gov.br\/iterpe\/wp-content\/uploads\/sites\/39\/2024\/10\/ATUAL-OUTUBRO-REGULARIZACAO-GERAF-2024.xlsx\">SITUA\u00c7\u00c3O DOS PROCESSOS DE REGULARIZA\u00c7\u00c3O FUNDI\u00c1RIA &#8211; ATUALIZADO EM OUTUBRO 2024<\/a><\/h4>\n\n\n\n<h4><a href=\"https:\/\/www.lai.pe.gov.br\/iterpe\/wp-content\/uploads\/sites\/39\/2024\/09\/ATUAL-SETEMBRO-ACOES-FUNDIARIAS-GERAF-2024.xlsx\">SITUA\u00c7\u00c3O DOS PROCESSOS DE REGULARIZA\u00c7\u00c3O FUNDI\u00c1RIA &#8211; ATUALIZADO EM SETEMBRO 2024<\/a><\/h4>\n\n\n\n<h4><a href=\"https:\/\/www.lai.pe.gov.br\/iterpe\/wp-content\/uploads\/sites\/39\/2024\/08\/ATUAL-AGOSTO-ACOES-FUNDIARIAS-GERAF-2024.xlsx\">SITUA\u00c7\u00c3O DOS PROCESSOS DE REGULARIZA\u00c7\u00c3O FUNDI\u00c1RIA &#8211; ATUALIZADO EM AGOSTO 2024<\/a><\/h4>\n\n\n\n<h4><a href=\"https:\/\/www.lai.pe.gov.br\/iterpe\/wp-content\/uploads\/sites\/39\/2024\/07\/ATUAL-JULHO-ACOES-FUNDIARIAS-GERAF-2024.xlsx\">SITUA\u00c7\u00c3O DOS PROCESSOS DE REGULARIZA\u00c7\u00c3O FUNDI\u00c1RIA &#8211; ATUALIZADO EM JULHO 2024<\/a><\/h4>\n\n\n\n<h4><a href=\"https:\/\/www.lai.pe.gov.br\/iterpe\/wp-content\/uploads\/sites\/39\/2024\/06\/ATUAL-JUNHO-ACOES-FUNDIARIAS-GERAF-2024.xlsx\">SITUA\u00c7\u00c3O DOS PROCESSOS DE REGULARIZA\u00c7\u00c3O FUNDI\u00c1RIA &#8211; ATUALIZADO EM JUNHO 2024<\/a><\/h4>\n\n\n\n<h4><a href=\"https:\/\/www.lai.pe.gov.br\/iterpe\/wp-content\/uploads\/sites\/39\/2024\/05\/ABRIL-ACOES-FUNDIARIAS-GERAF-2024.xlsx\">SITUA\u00c7\u00c3O DOS PROCESSOS DE REGULARIZA\u00c7\u00c3O FUNDI\u00c1RIA &#8211; ATUALIZADO EM MAIO 2024<\/a><\/h4>\n\n\n\n<h4><a href=\"https:\/\/www.lai.pe.gov.br\/iterpe\/wp-content\/uploads\/sites\/39\/2024\/05\/ABRIL-REGULARIZACAO-GERAF-2024.xlsx\">SITUA\u00c7\u00c3O DOS PROCESSOS DE REGULARIZA\u00c7\u00c3O FUNDI\u00c1RIA &#8211; ATUALIZADO EM ABRIL 2024<\/a><\/h4>\n\n\n\n<h4><a href=\"https:\/\/www.lai.pe.gov.br\/iterpe\/wp-content\/uploads\/sites\/39\/2024\/03\/NAO-MARCO-REGULARIZACAO-GERAF-2024.xlsx\">SITUA\u00c7\u00c3O DOS PROCESSOS DE REGULARIZA\u00c7\u00c3O FUNDI\u00c1RIA &#8211; ATUALIZADO EM MAR\u00c7O 2024<\/a><\/h4>\n\n\n\n<h4><a href=\"https:\/\/www.lai.pe.gov.br\/iterpe\/wp-content\/uploads\/sites\/39\/2024\/02\/ATUAL-SIM-FEVEREIRO-REGULARIZACAO-GERAF-2024.xlsx\">SITUA\u00c7\u00c3O DOS PROCESSOS DE REGULARIZA\u00c7\u00c3O FUNDI\u00c1RIA &#8211; ATUALIZADO EM FEVEREIRO 2024<\/a><\/h4>\n\n\n\n<h4><a href=\"https:\/\/www.lai.pe.gov.br\/iterpe\/wp-content\/uploads\/sites\/39\/2024\/01\/ATUAL-JANEIRO-REGULARIZACAO-GERAF-2023-1.xlsx\">SITUA\u00c7\u00c3O DOS PROCESSOS DE REGULARIZA\u00c7\u00c3O FUNDI\u00c1RIA &#8211; ATUALIZADO EM JANEIRO 2024<\/a><\/h4>\n\n\n\n<h2>EXERC\u00cdCIO 2023<\/h2>\n\n\n\n<h4><a href=\"https:\/\/www.lai.pe.gov.br\/iterpe\/wp-content\/uploads\/sites\/39\/2023\/12\/DEZEMBRO-REGULARIZACAO-GERAF-2023-1.xlsx\">SITUA\u00c7\u00c3O DOS PROCESSOS DE REGULARIZA\u00c7\u00c3O FUNDI\u00c1RIA &#8211; ATUALIZADO EM DEZEMBRO 2023<\/a><\/h4>\n\n\n\n<h4><a href=\"https:\/\/www.lai.pe.gov.br\/iterpe\/wp-content\/uploads\/sites\/39\/2023\/11\/ATUAL-NOVEMBRO-REGULARIZACAO-GERAF-2023-1.xlsx\">SITUA\u00c7\u00c3O DOS PROCESSOS DE REGULARIZA\u00c7\u00c3O FUNDI\u00c1RIA &#8211; ATUALIZADO EM NOVEMBRO 2023<\/a><\/h4>\n\n\n\n<h4><a href=\"https:\/\/www.lai.pe.gov.br\/iterpe\/wp-content\/uploads\/sites\/39\/2023\/10\/ATUAL-OUTUBRO-REGULARIZACAO-GERAF-2023-1.xlsx\">SITUA\u00c7\u00c3O DOS PROCESSOS DE REGULARIZA\u00c7\u00c3O FUNDI\u00c1RIA &#8211; ATUALIZADO EM OUTUBRO 2023<\/a><\/h4>\n\n\n\n<h4><a href=\"https:\/\/www.lai.pe.gov.br\/iterpe\/wp-content\/uploads\/sites\/39\/2023\/09\/ATUAL-SETEMBRO-REGULARIZACAO-GERAF-2023-1.xlsx\">SITUA\u00c7\u00c3O DOS PROCESSOS DE REGULARIZA\u00c7\u00c3O FUNDI\u00c1RIA &#8211; ATUALIZADO EM SETEMBRO 2023<\/a><\/h4>\n\n\n\n<h4><a href=\"https:\/\/www.lai.pe.gov.br\/iterpe\/wp-content\/uploads\/sites\/39\/2023\/08\/ATUAL-AGOSTO-REGULARIZACAO-GERAF-2023-1.xlsx\">SITUA\u00c7\u00c3O DOS PROCESSOS DE REGULARIZA\u00c7\u00c3O FUNDI\u00c1RIA &#8211; ATUALIZADO EM AGOSTO 2023<\/a><\/h4>\n\n\n\n<h4><a href=\"https:\/\/www.lai.pe.gov.br\/iterpe\/wp-content\/uploads\/sites\/39\/2023\/07\/ATUAL-REGULARIZACAO-GERAF-2023.xlsx\">SITUA\u00c7\u00c3O DOS PROCESSOS DE REGULARIZA\u00c7\u00c3O FUNDI\u00c1RIA &#8211; ATUALIZADO EM JULHO 2023<\/a><\/h4>\n\n\n\n<p><\/p>\n\n\n\n<p><\/p>\n\n\n\n<h2>Exerc\u00edcios Anteriores:<\/h2>\n\n\n\n<div class=\"wp-block-file\"><a href=\"https:\/\/www.lai.pe.gov.br\/iterpe\/wp-content\/uploads\/sites\/39\/2021\/07\/SITUACAO-DOS-PROCESSOS-DE-REG.-FUND..pdf\">SITUA\u00c7\u00c3O DOS PROCESSOS DE REGULARIZA\u00c7\u00c3O FUNDI\u00c1RIA &#8211; 2021<\/a><a href=\"https:\/\/www.lai.pe.gov.br\/iterpe\/wp-content\/uploads\/sites\/39\/2021\/07\/SITUACAO-DOS-PROCESSOS-DE-REG.-FUND..pdf\" class=\"wp-block-file__button\" download>Baixar<\/a><\/div>\n\n\n\n<div class=\"wp-block-file\"><a href=\"https:\/\/www.lai.pe.gov.br\/iterpe\/wp-content\/uploads\/sites\/39\/2019\/04\/relacao_araripina_12092018_situacao.pdf\">relacao_araripina_12092018_situacao<\/a><a href=\"https:\/\/www.lai.pe.gov.br\/iterpe\/wp-content\/uploads\/sites\/39\/2019\/04\/relacao_araripina_12092018_situacao.pdf\" class=\"wp-block-file__button\" download>Baixar<\/a><\/div>\n\n\n\n<div class=\"wp-block-file\"><a href=\"https:\/\/www.lai.pe.gov.br\/iterpe\/wp-content\/uploads\/sites\/39\/2019\/04\/relacao_ouricuri_12092018_situacao.pdf\">relacao_ouricuri_12092018_situacao<\/a><a href=\"https:\/\/www.lai.pe.gov.br\/iterpe\/wp-content\/uploads\/sites\/39\/2019\/04\/relacao_ouricuri_12092018_situacao.pdf\" class=\"wp-block-file__button\" download>Baixar<\/a><\/div>\n\n\n\n<div class=\"wp-block-file\"><a href=\"https:\/\/www.lai.pe.gov.br\/iterpe\/wp-content\/uploads\/sites\/39\/2019\/04\/JUPI_JUCATI-PEND\u00caNCIAS.docx\">JUPI_JUCATI-PEND\u00caNCIAS<\/a><a href=\"https:\/\/www.lai.pe.gov.br\/iterpe\/wp-content\/uploads\/sites\/39\/2019\/04\/JUPI_JUCATI-PEND\u00caNCIAS.docx\" class=\"wp-block-file__button\" download>Baixar<\/a><\/div>\n\n\n\n<div style=\"height:31px\" aria-hidden=\"true\" class=\"wp-block-spacer\"><\/div>\n","protected":false},"excerpt":{"rendered":"<p>. . Planilhas Demonstrativas de Regulariza\u00e7\u00e3o Fundi\u00e1ria . Exerc\u00edcio 2026 SITUA\u00c7\u00c3O DOS PROCESSOS DE REGULARIZA\u00c7\u00c3O FUNDI\u00c1RIA &#8211; ATUALIZADO EM FEVEREIRO 2026 SITUA\u00c7\u00c3O DOS PROCESSOS DE REGULARIZA\u00c7\u00c3O FUNDI\u00c1RIA &#8211; ATUALIZADO EM JANEIRO 2026 . . Exerc\u00edcio 2025 SITUA\u00c7\u00c3O DOS PROCESSOS DE REGULARIZA\u00c7\u00c3O FUNDI\u00c1RIA &#8211; ATUALIZADO EM DEZEMBRO 2025 SITUA\u00c7\u00c3O DOS PROCESSOS DE REGULARIZA\u00c7\u00c3O FUNDI\u00c1RIA &#8211; ATUALIZADO [&hellip;]<\/p>\n","protected":false},"author":4,"featured_media":0,"parent":0,"menu_order":0,"comment_status":"closed","ping_status":"closed","template":"","meta":{"advgb_blocks_editor_width":"","advgb_blocks_columns_visual_guide":"","kt_blocks_editor_width":""},"featured_image_urls":{"full":"","thumbnail":"","medium":"","medium_large":"","large":"","1536x1536":"","2048x2048":""},"post_excerpt_stackable":"<p>. . Planilhas Demonstrativas de Regulariza\u00e7\u00e3o Fundi\u00e1ria . Exerc\u00edcio 2026 SITUA\u00c7\u00c3O DOS PROCESSOS DE REGULARIZA\u00c7\u00c3O FUNDI\u00c1RIA &#8211; ATUALIZADO EM FEVEREIRO 2026 SITUA\u00c7\u00c3O DOS PROCESSOS DE REGULARIZA\u00c7\u00c3O FUNDI\u00c1RIA &#8211; ATUALIZADO EM JANEIRO 2026 . . Exerc\u00edcio 2025 SITUA\u00c7\u00c3O DOS PROCESSOS DE REGULARIZA\u00c7\u00c3O FUNDI\u00c1RIA &#8211; ATUALIZADO EM DEZEMBRO 2025 SITUA\u00c7\u00c3O DOS PROCESSOS DE REGULARIZA\u00c7\u00c3O FUNDI\u00c1RIA &#8211; ATUALIZADO EM NOVEMBRO 2025 SITUA\u00c7\u00c3O DOS PROCESSOS DE REGULARIZA\u00c7\u00c3O FUNDI\u00c1RIA &#8211; ATUALIZADO EM OUTUBRO 2025 SITUA\u00c7\u00c3O DOS PROCESSOS DE REGULARIZA\u00c7\u00c3O FUNDI\u00c1RIA &#8211; ATUALIZADO EM SETEMBRO 2025 SITUA\u00c7\u00c3O DOS PROCESSOS DE REGULARIZA\u00c7\u00c3O FUNDI\u00c1RIA &#8211; ATUALIZADO EM AGOSTO 2025 SITUA\u00c7\u00c3O DOS PROCESSOS DE REGULARIZA\u00c7\u00c3O FUNDI\u00c1RIA &#8211; ATUALIZADO EM&hellip;<\/p>\n","category_list":"","author_info":{"name":"Admin","url":"https:\/\/www.lai.pe.gov.br\/iterpe\/author\/admintemp\/"},"comments_num":"0 coment\u00e1rio","_links":{"self":[{"href":"https:\/\/www.lai.pe.gov.br\/iterpe\/wp-json\/wp\/v2\/pages\/696"}],"collection":[{"href":"https:\/\/www.lai.pe.gov.br\/iterpe\/wp-json\/wp\/v2\/pages"}],"about":[{"href":"https:\/\/www.lai.pe.gov.br\/iterpe\/wp-json\/wp\/v2\/types\/page"}],"author":[{"embeddable":true,"href":"https:\/\/www.lai.pe.gov.br\/iterpe\/wp-json\/wp\/v2\/users\/4"}],"replies":[{"embeddable":true,"href":"https:\/\/www.lai.pe.gov.br\/iterpe\/wp-json\/wp\/v2\/comments?post=696"}],"version-history":[{"count":105,"href":"https:\/\/www.lai.pe.gov.br\/iterpe\/wp-json\/wp\/v2\/pages\/696\/revisions"}],"predecessor-version":[{"id":8339,"href":"https:\/\/www.lai.pe.gov.br\/iterpe\/wp-json\/wp\/v2\/pages\/696\/revisions\/8339"}],"wp:attachment":[{"href":"https:\/\/www.lai.pe.gov.br\/iterpe\/wp-json\/wp\/v2\/media?parent=696"}],"curies":[{"name":"wp","href":"https:\/\/api.w.org\/{rel}","templated":true}]}}