{"id":692,"date":"2019-04-09T11:10:42","date_gmt":"2019-04-09T14:10:42","guid":{"rendered":"https:\/\/www.lai.pe.gov.br\/iterpe\/?page_id=692"},"modified":"2026-03-03T10:48:18","modified_gmt":"2026-03-03T13:48:18","slug":"programas-e-projetos-de-regularizacao-fundiaria","status":"publish","type":"page","link":"https:\/\/www.lai.pe.gov.br\/iterpe\/programas-e-projetos-de-regularizacao-fundiaria\/","title":{"rendered":"PROGRAMAS E PROJETOS DE A\u00c7\u00d5ES DE REGULARIZA\u00c7\u00c3O  FUNDI\u00c1RIA &#8211; ITERPE"},"content":{"rendered":"\n<figure class=\"wp-block-image size-large is-resized\"><img loading=\"lazy\" src=\"https:\/\/www.lai.pe.gov.br\/iterpe\/wp-content\/uploads\/sites\/39\/2025\/01\/image-53.png\" alt=\"\" class=\"wp-image-6346\" width=\"1450\" height=\"191\" \/><\/figure>\n\n\n\n<h2>Planilhas Demonstrativas de Regulariza\u00e7\u00e3o Fundi\u00e1ria &#8211; Exerc\u00edcio 2026<\/h2>\n\n\n\n<p>.<\/p>\n\n\n\n<h4><strong><a href=\"https:\/\/www.lai.pe.gov.br\/iterpe\/wp-content\/uploads\/sites\/39\/2026\/02\/ATUAL-FEVEREIRO-REGULARIZACAO-GERAF-2026.xlsx\">PROGRAMAS E PROJETOS DE A\u00c7\u00d5ES DE REGULARIZA\u00c7\u00c3O FUNDI\u00c1RIA &#8211; ATUALIZADO EM FEVEREIRO 2026<\/a><\/strong><\/h4>\n\n\n\n<h4><strong><a href=\"https:\/\/www.lai.pe.gov.br\/iterpe\/wp-content\/uploads\/sites\/39\/2026\/01\/ATUAL-JANEIRO-REGULARIZACAO-GERAF-2026.xlsx\">PROGRAMAS E PROJETOS DE A\u00c7\u00d5ES DE REGULARIZA\u00c7\u00c3O FUNDI\u00c1RIA &#8211; ATUALIZADO EM JANEIRO 2026<\/a><\/strong><\/h4>\n\n\n\n<p>.<\/p>\n\n\n\n<p>.<\/p>\n\n\n\n<p>.<\/p>\n\n\n\n<p>.<\/p>\n\n\n\n<h2>Planilhas Demonstrativas de Regulariza\u00e7\u00e3o Fundi\u00e1ria &#8211; Exerc\u00edcio 2025<\/h2>\n\n\n\n<p>.<\/p>\n\n\n\n<h4><strong><a href=\"https:\/\/www.lai.pe.gov.br\/iterpe\/wp-content\/uploads\/sites\/39\/2025\/12\/ATUAL-NOVEMBRO-REGULARIZACAO-GERAF-2025.xlsx\">PROGRAMAS E PROJETOS DE A\u00c7\u00d5ES DE REGULARIZA\u00c7\u00c3O FUNDI\u00c1RIA &#8211; ATUALIZADO EM DEZEMBRO 2025<\/a><\/strong><\/h4>\n\n\n\n<h4><strong><a href=\"https:\/\/www.lai.pe.gov.br\/iterpe\/wp-content\/uploads\/sites\/39\/2025\/12\/ATUAL-NOVEMBRO-REGULARIZACAO-GERAF-2025.xlsx\">PROGRAMAS E PROJETOS DE A\u00c7\u00d5ES DE REGULARIZA\u00c7\u00c3O FUNDI\u00c1RIA &#8211; ATUALIZADO EM NOVEMBRO 2025<\/a><\/strong><\/h4>\n\n\n\n<h4><a href=\"https:\/\/www.lai.pe.gov.br\/iterpe\/wp-content\/uploads\/sites\/39\/2025\/10\/ATUAL-OUTUBRO-REGULARIZACAO-GERAF-2025.xlsx\"><strong>PROGRAMAS E PROJETOS DE A\u00c7\u00d5ES DE REGULARIZA\u00c7\u00c3O FUNDI\u00c1RIA &#8211; ATUALIZADO EM OUTUBRO 2025<\/strong><\/a><\/h4>\n\n\n\n<h4><strong><a href=\"https:\/\/www.lai.pe.gov.br\/iterpe\/wp-content\/uploads\/sites\/39\/2025\/09\/ATUAL-SETEMBRO-REGULARIZACAO-GERAF-2025.xlsx\">PROGRAMAS E PROJETOS DE A\u00c7\u00d5ES DE REGULARIZA\u00c7\u00c3O FUNDI\u00c1RIA &#8211; ATUALIZADO EM SETEMBRO 2025<\/a><\/strong><\/h4>\n\n\n\n<h4><strong><a href=\"https:\/\/www.lai.pe.gov.br\/iterpe\/wp-content\/uploads\/sites\/39\/2025\/08\/ATUAL-AGOSTO-REGULARIZACAO-GERAF-2025.xlsx\">PROGRAMAS E PROJETOS DE A\u00c7\u00d5ES DE REGULARIZA\u00c7\u00c3O FUNDI\u00c1RIA &#8211; ATUALIZADO EM AGOSTO 2025<\/a><\/strong><\/h4>\n\n\n\n<h4><strong><a href=\"https:\/\/www.lai.pe.gov.br\/iterpe\/wp-content\/uploads\/sites\/39\/2025\/07\/ATUAL-JULHO-REGULARIZACAO-GERAF-2025.xlsx\">PROGRAMAS E PROJETOS DE A\u00c7\u00d5ES DE REGULARIZA\u00c7\u00c3O FUNDI\u00c1RIA &#8211; ATUALIZADO EM JULHO 2025<\/a><\/strong><\/h4>\n\n\n\n<h4><strong><a href=\"https:\/\/www.lai.pe.gov.br\/iterpe\/wp-content\/uploads\/sites\/39\/2025\/06\/ATUAL-JUNHO-REGULARIZACAO-GERAF-2025.xlsx\">PROGRAMAS E PROJETOS DE A\u00c7\u00d5ES DE REGULARIZA\u00c7\u00c3O FUNDI\u00c1RIA &#8211; ATUALIZADO EM JUNHO 2025<\/a><\/strong><\/h4>\n\n\n\n<h4><strong><a href=\"https:\/\/www.lai.pe.gov.br\/iterpe\/wp-content\/uploads\/sites\/39\/2025\/05\/ATUAL-MAIO-REGULARIZACAO-GERAF-2025.xlsx\">PROGRAMAS E PROJETOS DE A\u00c7\u00d5ES DE REGULARIZA\u00c7\u00c3O FUNDI\u00c1RIA &#8211; ATUALIZADO EM MAIO 2025<\/a><\/strong><\/h4>\n\n\n\n<h4><strong><a href=\"https:\/\/www.lai.pe.gov.br\/iterpe\/wp-content\/uploads\/sites\/39\/2025\/04\/ATUAL-ABRIL-REGULARIZACAO-GERAF-2025.xlsx\">PROGRAMAS E PROJETOS DE A\u00c7\u00d5ES DE REGULARIZA\u00c7\u00c3O FUNDI\u00c1RIA &#8211; ATUALIZADO EM ABRIL 2025<\/a><\/strong><\/h4>\n\n\n\n<h4><a href=\"https:\/\/www.lai.pe.gov.br\/iterpe\/wp-content\/uploads\/sites\/39\/2025\/03\/ATUAL-MARCO-REGULARIZACAO-GERAF-2025.xlsx\"><strong>PROGRAMAS E PROJETOS DE A\u00c7\u00d5ES DE REGULARIZA\u00c7\u00c3O FUNDI\u00c1RIA &#8211; ATUALIZADO EM MAR\u00c7O 2025<\/strong><\/a><\/h4>\n\n\n\n<h4><a href=\"https:\/\/www.lai.pe.gov.br\/iterpe\/wp-content\/uploads\/sites\/39\/2025\/02\/ATUAL-FEVEREIRO-REGULARIZACAO-GERAF-2025.xlsx\"><strong>PROGRAMAS E PROJETOS DE A\u00c7\u00d5ES DE REGULARIZA\u00c7\u00c3O FUNDI\u00c1RIA &#8211; ATUALIZADO EM FEVEREIRO 2025<\/strong><\/a><\/h4>\n\n\n\n<h4><a href=\"https:\/\/www.lai.pe.gov.br\/iterpe\/wp-content\/uploads\/sites\/39\/2025\/01\/ATUAL-JANEIRO-REGULARIZACAO-GERAF-2025.xlsx\"><strong>PROGRAMAS E PROJETOS DE A\u00c7\u00d5ES DE REGULARIZA\u00c7\u00c3O FUNDI\u00c1RIA &#8211; ATUALIZADO EM JANEIRO 2025<\/strong><\/a><\/h4>\n\n\n\n<h4><\/h4>\n\n\n\n<p>.<\/p>\n\n\n\n<p>.<\/p>\n\n\n\n<p>.<\/p>\n\n\n\n<h2>Planilhas Demonstrativas de Regulariza\u00e7\u00e3o Fundi\u00e1ria &#8211; Exerc\u00edcio 2024<\/h2>\n\n\n\n<p>.<\/p>\n\n\n\n<h4><a href=\"https:\/\/www.lai.pe.gov.br\/iterpe\/wp-content\/uploads\/sites\/39\/2024\/12\/ATUAL-DEZEMBRO-REGULARIZACAO-GERAF-2024.xlsx\">PROGRAMAS E PROJETOS DE A\u00c7\u00d5ES DE REGULARIZA\u00c7\u00c3O FUNDI\u00c1RIA &#8211; ATUALIZADO EM DEZEMBRO 2024<\/a><\/h4>\n\n\n\n<h4><a href=\"https:\/\/www.lai.pe.gov.br\/iterpe\/wp-content\/uploads\/sites\/39\/2024\/11\/ATUAL-NOVEMBRO-REGULARIZACAO-GERAF-2024.xlsx\">PROGRAMAS E PROJETOS DE A\u00c7\u00d5ES DE REGULARIZA\u00c7\u00c3O FUNDI\u00c1RIA &#8211; ATUALIZADO EM NOVEMBRO 2024<\/a><\/h4>\n\n\n\n<h4><a href=\"https:\/\/www.lai.pe.gov.br\/iterpe\/wp-content\/uploads\/sites\/39\/2024\/10\/ATUAL-OUTUBRO-REGULARIZACAO-GERAF-2024.xlsx\">PROGRAMAS E PROJETOS DE A\u00c7\u00d5ES DE REGULARIZA\u00c7\u00c3O FUNDI\u00c1RIA &#8211; ATUALIZADO EM OUTUBRO 2024<\/a><\/h4>\n\n\n\n<h4><a href=\"https:\/\/www.lai.pe.gov.br\/iterpe\/wp-content\/uploads\/sites\/39\/2024\/09\/ATUAL-SETEMBRO-ACOES-FUNDIARIAS-GERAF-2024.xlsx\">PROGRAMAS E PROJETOS DE A\u00c7\u00d5ES DE REGULARIZA\u00c7\u00c3O FUNDI\u00c1RIA &#8211; ATUALIZADO EM SETEMBRO 2024<\/a><\/h4>\n\n\n\n<h4><a href=\"https:\/\/www.lai.pe.gov.br\/iterpe\/wp-content\/uploads\/sites\/39\/2024\/08\/ATUAL-AGOSTO-ACOES-FUNDIARIAS-GERAF-2024.xlsx\">PROGRAMAS E PROJETOS DE A\u00c7\u00d5ES DE REGULARIZA\u00c7\u00c3O FUNDI\u00c1RIA &#8211; ATUALIZADO EM AGOSTO 2024<\/a><\/h4>\n\n\n\n<h4><a href=\"https:\/\/www.lai.pe.gov.br\/iterpe\/wp-content\/uploads\/sites\/39\/2024\/07\/ATUAL-JULHO-ACOES-FUNDIARIAS-GERAF-2024.xlsx\">PROGRAMAS E PROJETOS DE A\u00c7\u00d5ES DE REGULARIZA\u00c7\u00c3O FUNDI\u00c1RIA &#8211; ATUALIZADO EM JULHO 2024<\/a><\/h4>\n\n\n\n<h4><a href=\"https:\/\/www.lai.pe.gov.br\/iterpe\/wp-content\/uploads\/sites\/39\/2024\/06\/ATUAL-JUNHO-ACOES-FUNDIARIAS-GERAF-2024.xlsx\">PROGRAMAS E PROJETOS DE A\u00c7\u00d5ES DE REGULARIZA\u00c7\u00c3O FUNDI\u00c1RIA &#8211; ATUALIZADO EM JUNHO 2024<\/a><\/h4>\n\n\n\n<h4><a href=\"https:\/\/www.lai.pe.gov.br\/iterpe\/wp-content\/uploads\/sites\/39\/2024\/05\/ABRIL-ACOES-FUNDIARIAS-GERAF-2024.xlsx\">PROGRAMAS E PROJETOS DE A\u00c7\u00d5ES DE REGULARIZA\u00c7\u00c3O FUNDI\u00c1RIA &#8211; ATUALIZADO EM MAIO 2024<\/a><\/h4>\n\n\n\n<h4><a href=\"https:\/\/www.lai.pe.gov.br\/iterpe\/wp-content\/uploads\/sites\/39\/2024\/05\/ABRIL-REGULARIZACAO-GERAF-2024.xlsx\">PROGRAMAS E PROJETOS DE A\u00c7\u00d5ES DE REGULARIZA\u00c7\u00c3O FUNDI\u00c1RIA &#8211; ATUALIZADO EM ABRIL 2024<\/a><\/h4>\n\n\n\n<h4><a href=\"https:\/\/www.lai.pe.gov.br\/iterpe\/wp-content\/uploads\/sites\/39\/2024\/03\/NAO-MARCO-REGULARIZACAO-GERAF-2024.xlsx\">PROGRAMAS E PROJETOS DE A\u00c7\u00d5ES DE REGULARIZA\u00c7\u00c3O FUNDI\u00c1RIA &#8211; ATUALIZADO EM MAR\u00c7O 2024<\/a><\/h4>\n\n\n\n<h4><a href=\"https:\/\/www.lai.pe.gov.br\/iterpe\/wp-content\/uploads\/sites\/39\/2024\/02\/ATUAL-SIM-FEVEREIRO-REGULARIZACAO-GERAF-2024.xlsx\">PROGRAMAS E PROJETOS DE A\u00c7\u00d5ES DE REGULARIZA\u00c7\u00c3O FUNDI\u00c1RIA &#8211; ATUALIZADO EM FEVEREIRO 2024<\/a><\/h4>\n\n\n\n<h4><a href=\"https:\/\/www.lai.pe.gov.br\/iterpe\/wp-content\/uploads\/sites\/39\/2024\/01\/ATUAL-JANEIRO-REGULARIZACAO-GERAF-2023-1.xlsx\">PROGRAMAS E PROJETOS DE A\u00c7\u00d5ES DE REGULARIZA\u00c7\u00c3O FUNDI\u00c1RIA &#8211; ATUALIZADO EM JANEIRO 2024<\/a><\/h4>\n\n\n\n<p>.<\/p>\n\n\n\n<p>.<\/p>\n\n\n\n<p>.<\/p>\n\n\n\n<h3>Planilhas demonstrativas &#8211; Exerc\u00edcios Anteriores<\/h3>\n\n\n\n<h3>Exerc\u00edcio 2023<\/h3>\n\n\n\n<p>.<\/p>\n\n\n\n<h4><a href=\"https:\/\/www.lai.pe.gov.br\/iterpe\/wp-content\/uploads\/sites\/39\/2023\/12\/DEZEMBRO-REGULARIZACAO-GERAF-2023-1.xlsx\">PROGRAMAS E PROJETOS DE A\u00c7\u00d5ES DE REGULARIZA\u00c7\u00c3O FUNDI\u00c1RIA &#8211; ATUALIZADO EM DEZEMBRO 2023<\/a><\/h4>\n\n\n\n<h4><a href=\"https:\/\/www.lai.pe.gov.br\/iterpe\/wp-content\/uploads\/sites\/39\/2023\/11\/ATUAL-NOVEMBRO-REGULARIZACAO-GERAF-2023-1.xlsx\">PROGRAMAS E PROJETOS DE A\u00c7\u00d5ES DE REGULARIZA\u00c7\u00c3O FUNDI\u00c1RIA &#8211; ATUALIZADO EM NOVEMBRO 2023<\/a><\/h4>\n\n\n\n<h4><a href=\"https:\/\/www.lai.pe.gov.br\/iterpe\/wp-content\/uploads\/sites\/39\/2023\/10\/ATUAL-OUTUBRO-REGULARIZACAO-GERAF-2023-1.xlsx\">PROGRAMAS E PROJETOS DE A\u00c7\u00d5ES DE REGULARIZA\u00c7\u00c3O FUNDI\u00c1RIA &#8211; ATUALIZADO EM OUTUBRO 2023<\/a><\/h4>\n\n\n\n<h4><a href=\"https:\/\/www.lai.pe.gov.br\/iterpe\/wp-content\/uploads\/sites\/39\/2023\/09\/ATUAL-SETEMBRO-REGULARIZACAO-GERAF-2023-1.xlsx\">PROGRAMAS E PROJETOS DE A\u00c7\u00d5ES DE REGULARIZA\u00c7\u00c3O FUNDI\u00c1RIA &#8211; ATUALIZADO EM SETEMBRO 2023<\/a><\/h4>\n\n\n\n<h4><a href=\"https:\/\/www.lai.pe.gov.br\/iterpe\/wp-content\/uploads\/sites\/39\/2023\/08\/ATUAL-AGOSTO-REGULARIZACAO-GERAF-2023-1.xlsx\">PROGRAMAS E PROJETOS DE A\u00c7\u00d5ES DE REGULARIZA\u00c7\u00c3O FUNDI\u00c1RIA &#8211; ATUALIZADO EM AGOSTO 2023<\/a><\/h4>\n\n\n\n<h4><a href=\"https:\/\/www.lai.pe.gov.br\/iterpe\/wp-content\/uploads\/sites\/39\/2023\/07\/ATUAL-REGULARIZACAO-GERAF-2023.xlsx\">PROGRAMAS E PROJETOS DE A\u00c7\u00d5ES DE REGULARIZA\u00c7\u00c3O FUNDI\u00c1RIA &#8211; ATUALIZADO EM JULHO 2023<\/a><\/h4>\n\n\n\n<h4><a href=\"https:\/\/www.lai.pe.gov.br\/iterpe\/wp-content\/uploads\/sites\/39\/2023\/06\/Z-REGULARIZACAO-GERAF-JUNHO-2023.xlsx\">PROGRAMAS E PROJETOS DE A\u00c7\u00d5ES DE REGULARIZA\u00c7\u00c3O FUNDI\u00c1RIA &#8211; ATUALIZADO EM JUNHO 2023<\/a><\/h4>\n\n\n\n<h4><a href=\"https:\/\/www.lai.pe.gov.br\/iterpe\/wp-content\/uploads\/sites\/39\/2023\/05\/Z-REGULARIZACAO-GERAF-ABRIL-2023.xlsx\">PROGRAMAS E PROJETOS DE A\u00c7\u00d5ES DE REGULARIZA\u00c7\u00c3O FUNDI\u00c1RIA &#8211; ATUALIZADO EM ABRIL 2023<\/a><\/h4>\n\n\n\n<h4><a href=\"https:\/\/www.lai.pe.gov.br\/iterpe\/wp-content\/uploads\/sites\/39\/2023\/04\/Z-REGULARIZACAO-GERAF-MARCO-2023.xlsx\">PROGRAMAS E PROJETOS DE A\u00c7\u00d5ES DE REGULARIZA\u00c7\u00c3O FUNDI\u00c1RIA &#8211; ATUALIZADO EM MAR\u00c7O 2023<\/a><\/h4>\n\n\n\n<div style=\"height:32px\" aria-hidden=\"true\" class=\"wp-block-spacer\"><\/div>\n\n\n\n<h3>Exerc\u00edcio 2022<\/h3>\n\n\n\n<p><a href=\"https:\/\/www.lai.pe.gov.br\/iterpe\/wp-content\/uploads\/sites\/39\/2022\/11\/REGULARIZACAO-GERAF-NOVEMBRO-2022.xlsx\">PROGRAMAS E PROJETOS DE REGULARIZA\u00c7\u00c3O FUNDI\u00c1RIA &#8211; ATUALIZADO EM NOVEMBRO 2022<\/a><\/p>\n\n\n\n<p><a href=\"https:\/\/www.lai.pe.gov.br\/iterpe\/wp-content\/uploads\/sites\/39\/2022\/10\/REGULARIZACAO-GERAF-OUTUBRO-2022.xlsx\">PROGRAMAS E PROJETOS DE REGULARIZA\u00c7\u00c3O FUNDI\u00c1RIA &#8211; ATUALIZADO EM OUTUBRO 2022<\/a><\/p>\n\n\n\n<p><a href=\"https:\/\/www.lai.pe.gov.br\/iterpe\/wp-content\/uploads\/sites\/39\/2022\/09\/PLANILHA-DE-DIARIAS-SETEMBRO-2022.xlsx\">PROGRAMAS E PROJETOS DE REGULARIZA\u00c7\u00c3O FUNDI\u00c1RIA &#8211; ATUALIZADA EM SETEMBRO 2022<\/a><\/p>\n\n\n\n<p><a href=\"https:\/\/www.lai.pe.gov.br\/iterpe\/wp-content\/uploads\/sites\/39\/2022\/08\/REGULARIZACAO-GERAF-AGOSTO-2022.xlsx\">PROGRAMAS E PROJETOS DE REGULARIZA\u00c7\u00c3O FUNDI\u00c1RIA &#8211; ATUALIZADA EM AGOSTO 2022<\/a><\/p>\n\n\n\n<p><a href=\"https:\/\/www.lai.pe.gov.br\/iterpe\/wp-content\/uploads\/sites\/39\/2022\/07\/LAI-REGULARIZACAO-GERAF-2022.xlsx\">PROGRAMAS E PROJETOS DE REGULARIZA\u00c7\u00c3O FUNDI\u00c1RIA &#8211; ATUALIZA\u00c7\u00c3O EM JULHO 2022<\/a><\/p>\n\n\n\n<p><\/p>\n\n\n\n<p><\/p>\n\n\n\n<div style=\"height:42px\" aria-hidden=\"true\" class=\"wp-block-spacer\"><\/div>\n","protected":false},"excerpt":{"rendered":"<p>Planilhas Demonstrativas de Regulariza\u00e7\u00e3o Fundi\u00e1ria &#8211; Exerc\u00edcio 2026 . PROGRAMAS E PROJETOS DE A\u00c7\u00d5ES DE REGULARIZA\u00c7\u00c3O FUNDI\u00c1RIA &#8211; ATUALIZADO EM FEVEREIRO 2026 PROGRAMAS E PROJETOS DE A\u00c7\u00d5ES DE REGULARIZA\u00c7\u00c3O FUNDI\u00c1RIA &#8211; ATUALIZADO EM JANEIRO 2026 . . . . Planilhas Demonstrativas de Regulariza\u00e7\u00e3o Fundi\u00e1ria &#8211; Exerc\u00edcio 2025 . PROGRAMAS E PROJETOS DE A\u00c7\u00d5ES DE REGULARIZA\u00c7\u00c3O [&hellip;]<\/p>\n","protected":false},"author":4,"featured_media":0,"parent":0,"menu_order":0,"comment_status":"closed","ping_status":"closed","template":"","meta":{"advgb_blocks_editor_width":"","advgb_blocks_columns_visual_guide":"","kt_blocks_editor_width":""},"featured_image_urls":{"full":"","thumbnail":"","medium":"","medium_large":"","large":"","1536x1536":"","2048x2048":""},"post_excerpt_stackable":"<p>Planilhas Demonstrativas de Regulariza\u00e7\u00e3o Fundi\u00e1ria &#8211; Exerc\u00edcio 2026 . PROGRAMAS E PROJETOS DE A\u00c7\u00d5ES DE REGULARIZA\u00c7\u00c3O FUNDI\u00c1RIA &#8211; ATUALIZADO EM FEVEREIRO 2026 PROGRAMAS E PROJETOS DE A\u00c7\u00d5ES DE REGULARIZA\u00c7\u00c3O FUNDI\u00c1RIA &#8211; ATUALIZADO EM JANEIRO 2026 . . . . Planilhas Demonstrativas de Regulariza\u00e7\u00e3o Fundi\u00e1ria &#8211; Exerc\u00edcio 2025 . PROGRAMAS E PROJETOS DE A\u00c7\u00d5ES DE REGULARIZA\u00c7\u00c3O FUNDI\u00c1RIA &#8211; ATUALIZADO EM DEZEMBRO 2025 PROGRAMAS E PROJETOS DE A\u00c7\u00d5ES DE REGULARIZA\u00c7\u00c3O FUNDI\u00c1RIA &#8211; ATUALIZADO EM NOVEMBRO 2025 PROGRAMAS E PROJETOS DE A\u00c7\u00d5ES DE REGULARIZA\u00c7\u00c3O FUNDI\u00c1RIA &#8211; ATUALIZADO EM OUTUBRO 2025 PROGRAMAS E PROJETOS DE A\u00c7\u00d5ES DE REGULARIZA\u00c7\u00c3O FUNDI\u00c1RIA &#8211; ATUALIZADO EM SETEMBRO 2025&hellip;<\/p>\n","category_list":"","author_info":{"name":"Admin","url":"https:\/\/www.lai.pe.gov.br\/iterpe\/author\/admintemp\/"},"comments_num":"0 coment\u00e1rio","_links":{"self":[{"href":"https:\/\/www.lai.pe.gov.br\/iterpe\/wp-json\/wp\/v2\/pages\/692"}],"collection":[{"href":"https:\/\/www.lai.pe.gov.br\/iterpe\/wp-json\/wp\/v2\/pages"}],"about":[{"href":"https:\/\/www.lai.pe.gov.br\/iterpe\/wp-json\/wp\/v2\/types\/page"}],"author":[{"embeddable":true,"href":"https:\/\/www.lai.pe.gov.br\/iterpe\/wp-json\/wp\/v2\/users\/4"}],"replies":[{"embeddable":true,"href":"https:\/\/www.lai.pe.gov.br\/iterpe\/wp-json\/wp\/v2\/comments?post=692"}],"version-history":[{"count":143,"href":"https:\/\/www.lai.pe.gov.br\/iterpe\/wp-json\/wp\/v2\/pages\/692\/revisions"}],"predecessor-version":[{"id":8333,"href":"https:\/\/www.lai.pe.gov.br\/iterpe\/wp-json\/wp\/v2\/pages\/692\/revisions\/8333"}],"wp:attachment":[{"href":"https:\/\/www.lai.pe.gov.br\/iterpe\/wp-json\/wp\/v2\/media?parent=692"}],"curies":[{"name":"wp","href":"https:\/\/api.w.org\/{rel}","templated":true}]}}