{"id":684,"date":"2019-04-09T11:08:50","date_gmt":"2019-04-09T14:08:50","guid":{"rendered":"https:\/\/www.lai.pe.gov.br\/iterpe\/?page_id=684"},"modified":"2026-03-03T10:41:22","modified_gmt":"2026-03-03T13:41:22","slug":"imoveis-rurais-titulados-pelo-estado","status":"publish","type":"page","link":"https:\/\/www.lai.pe.gov.br\/iterpe\/imoveis-rurais-titulados-pelo-estado\/","title":{"rendered":"IM\u00d3VEIS RURAIS TITULADOS PELO ESTADO"},"content":{"rendered":"\n<figure class=\"wp-block-image size-large is-resized\"><img loading=\"lazy\" src=\"https:\/\/www.lai.pe.gov.br\/iterpe\/wp-content\/uploads\/sites\/39\/2025\/01\/image-39.png\" alt=\"\" class=\"wp-image-6277\" width=\"1450\" height=\"191\" \/><\/figure>\n\n\n\n<div class=\"wp-block-group\"><div class=\"wp-block-group__inner-container\">\n<blockquote class=\"wp-block-ugb-blockquote ugb-blockquote ugb-blockquote--v2 ugb--background-opacity-5 ugb-2d785fe ugb-blockquote--v3 ugb-blockquote--design-plain ugb-main-block\" id=\"\"><div class=\"ugb-inner-block\"><div class=\"ugb-block-content\"><div class=\"ugb-blockquote__item\"><svg viewbox=\"0 0 50 50\" xmlns=\"http:\/\/www.w3.org\/2000\/svg\" class=\"ugb-blockquote__quote\" width=\"70\" height=\"70\"><path d=\"M19.8 9.3C10.5 11.8 4.6 17 2.1 24.8c2.3-3.6 5.6-5.4 9.9-5.4 3.3 0 6 1.1 8.3 3.3 2.2 2.2 3.4 5 3.4 8.3 0 3.2-1.1 5.8-3.3 8-2.2 2.2-5.1 3.2-8.7 3.2-3.7 0-6.5-1.2-8.6-3.5C1 36.3 0 33.1 0 29 0 18.3 6.5 11.2 19.6 7.9l.2 1.4zm26.4 0C36.9 11.9 31 17 28.5 24.8c2.2-3.6 5.5-5.4 9.8-5.4 3.2 0 6 1.1 8.3 3.2 2.3 2.2 3.4 4.9 3.4 8.3 0 3.1-1.1 5.8-3.3 7.9-2.2 2.2-5.1 3.3-8.6 3.3-3.7 0-6.6-1.1-8.6-3.4-2.1-2.3-3.1-5.5-3.1-9.7 0-10.7 6.6-17.8 19.7-21.1l.1 1.4z\"><\/path><\/svg><div class=\"ugb-blockquote__content\"><p class=\"ugb-blockquote__text\"><strong>Os benefici\u00e1rios da Regulariza\u00e7\u00e3o Fundi\u00e1ria  Rural s\u00e3o aquelas fam\u00edlias que exercem a posse em terras p\u00fablicas  integrantes do patrim\u00f4nio fundi\u00e1rio do Estado de Pernambuco que  receber\u00e3o o T\u00edtulo de Dom\u00ednio. Bem como, as pessoas que comprovem que o  im\u00f3vel rural possui registro imobili\u00e1rio h\u00e1 mais de quinze anos, as  quais receber\u00e3o o T\u00edtulo de Reconhecimento de Dom\u00ednio.<\/strong><\/p><\/div><\/div><\/div><\/div><\/blockquote>\n<\/div><\/div>\n\n\n\n<h2>Documentos<\/h2>\n\n\n\n<h3>T\u00edtulos Gerais<\/h3>\n\n\n\n<div class=\"wp-block-file\"><a href=\"https:\/\/www.lai.pe.gov.br\/iterpe\/wp-content\/uploads\/sites\/39\/2021\/07\/IMOVEIS-RURAIS-TITULADOS.pdf\">NOTA T\u00c9CNICA &#8211; IM\u00d3VEIS RURAIS TITULADOS PELO ESTADO 2021<\/a><a href=\"https:\/\/www.lai.pe.gov.br\/iterpe\/wp-content\/uploads\/sites\/39\/2021\/07\/IMOVEIS-RURAIS-TITULADOS.pdf\" class=\"wp-block-file__button\" download>Baixar<\/a><\/div>\n\n\n\n<h3>T\u00edtulos Agreste Meridional<\/h3>\n\n\n\n<div class=\"wp-block-file\"><a href=\"https:\/\/www.lai.pe.gov.br\/iterpe\/wp-content\/uploads\/sites\/39\/2019\/10\/LAI-PLANILHA-CARNA\u00cdBA.pdf\">PLANILHA CARNA\u00cdBA<\/a><a href=\"https:\/\/www.lai.pe.gov.br\/iterpe\/wp-content\/uploads\/sites\/39\/2019\/10\/LAI-PLANILHA-CARNA\u00cdBA.pdf\" class=\"wp-block-file__button\" download>Baixar<\/a><\/div>\n\n\n\n<div class=\"wp-block-file\"><a href=\"https:\/\/www.lai.pe.gov.br\/iterpe\/wp-content\/uploads\/sites\/39\/2019\/10\/PLANILHA-ANGELIM-AGRESTE-MERIDIONAL.pdf\">PLANILHA ANGELIM &#8211; AGRESTE MERIDIONAL<\/a><a href=\"https:\/\/www.lai.pe.gov.br\/iterpe\/wp-content\/uploads\/sites\/39\/2019\/10\/PLANILHA-ANGELIM-AGRESTE-MERIDIONAL.pdf\" class=\"wp-block-file__button\" download>Baixar<\/a><\/div>\n\n\n\n<div class=\"wp-block-file\"><a href=\"https:\/\/www.lai.pe.gov.br\/iterpe\/wp-content\/uploads\/sites\/39\/2019\/10\/PLANILHA-BOM-CONSELHO-AGRESTE-MERIDIONAL.pdf\">PLANILHA BOM CONSELHO &#8211; AGRESTE-MERIDIONAL<\/a><a href=\"https:\/\/www.lai.pe.gov.br\/iterpe\/wp-content\/uploads\/sites\/39\/2019\/10\/PLANILHA-BOM-CONSELHO-AGRESTE-MERIDIONAL.pdf\" class=\"wp-block-file__button\" download>Baixar<\/a><\/div>\n\n\n\n<div class=\"wp-block-file\"><a href=\"https:\/\/www.lai.pe.gov.br\/iterpe\/wp-content\/uploads\/sites\/39\/2019\/10\/PLANILHA-BREJ\u00c3O-AGRESTE-MERIDIONAL.pdf\">PLANILHA BREJ\u00c3O &#8211; AGRESTE MERIDIONAL<\/a><a href=\"https:\/\/www.lai.pe.gov.br\/iterpe\/wp-content\/uploads\/sites\/39\/2019\/10\/PLANILHA-BREJ\u00c3O-AGRESTE-MERIDIONAL.pdf\" class=\"wp-block-file__button\" download>Baixar<\/a><\/div>\n\n\n\n<div class=\"wp-block-file\"><a href=\"https:\/\/www.lai.pe.gov.br\/iterpe\/wp-content\/uploads\/sites\/39\/2019\/10\/PLANILHA-CAET\u00c9S-AGRESTE-MERIDIONAL.pdf\">PLANILHA CAET\u00c9S &#8211; AGRESTEMERIDIONAL<\/a><a href=\"https:\/\/www.lai.pe.gov.br\/iterpe\/wp-content\/uploads\/sites\/39\/2019\/10\/PLANILHA-CAET\u00c9S-AGRESTE-MERIDIONAL.pdf\" class=\"wp-block-file__button\" download>Baixar<\/a><\/div>\n\n\n\n<div class=\"wp-block-file\"><a href=\"https:\/\/www.lai.pe.gov.br\/iterpe\/wp-content\/uploads\/sites\/39\/2019\/10\/PLANILHA-CAL\u00c7ADO-AGRESTE-MERIDIONAL.pdf\">PLANILHA CAL\u00c7ADO &#8211; AGRESTE MERIDIONAL<\/a><a href=\"https:\/\/www.lai.pe.gov.br\/iterpe\/wp-content\/uploads\/sites\/39\/2019\/10\/PLANILHA-CAL\u00c7ADO-AGRESTE-MERIDIONAL.pdf\" class=\"wp-block-file__button\" download>Baixar<\/a><\/div>\n\n\n\n<div class=\"wp-block-file\"><a href=\"https:\/\/www.lai.pe.gov.br\/iterpe\/wp-content\/uploads\/sites\/39\/2019\/10\/PLANILHA-CANHOTINHO-AGRESTE-MERIDIONAL.pdf\">PLANILHA CANHOTINHO &#8211; AGRESTE MERIDIONAL<\/a><a href=\"https:\/\/www.lai.pe.gov.br\/iterpe\/wp-content\/uploads\/sites\/39\/2019\/10\/PLANILHA-CANHOTINHO-AGRESTE-MERIDIONAL.pdf\" class=\"wp-block-file__button\" download>Baixar<\/a><\/div>\n\n\n\n<div class=\"wp-block-file\"><a href=\"https:\/\/www.lai.pe.gov.br\/iterpe\/wp-content\/uploads\/sites\/39\/2019\/10\/PLANILHA-CORRENTES-AGRESTE-MERIDIONAL.pdf\">PLANILHA CORRENTES &#8211; AGRESTE MERIDIONAL<\/a><a href=\"https:\/\/www.lai.pe.gov.br\/iterpe\/wp-content\/uploads\/sites\/39\/2019\/10\/PLANILHA-CORRENTES-AGRESTE-MERIDIONAL.pdf\" class=\"wp-block-file__button\" download>Baixar<\/a><\/div>\n\n\n\n<div class=\"wp-block-file\"><a href=\"https:\/\/www.lai.pe.gov.br\/iterpe\/wp-content\/uploads\/sites\/39\/2019\/10\/PLANILHA-GARANHUNS-AGRESTE-MERIDIONAL.pdf\">PLANILHA GARANHUNS &#8211; AGRESTE MERIDIONAL<\/a><a href=\"https:\/\/www.lai.pe.gov.br\/iterpe\/wp-content\/uploads\/sites\/39\/2019\/10\/PLANILHA-GARANHUNS-AGRESTE-MERIDIONAL.pdf\" class=\"wp-block-file__button\" download>Baixar<\/a><\/div>\n\n\n\n<div class=\"wp-block-file\"><a href=\"https:\/\/www.lai.pe.gov.br\/iterpe\/wp-content\/uploads\/sites\/39\/2019\/10\/PLANILHA-IATI-AGRESTE-MERIDIONAL.pdf\">PLANILHA IATI &#8211; AGRESTE MERIDIONAL<\/a><a href=\"https:\/\/www.lai.pe.gov.br\/iterpe\/wp-content\/uploads\/sites\/39\/2019\/10\/PLANILHA-IATI-AGRESTE-MERIDIONAL.pdf\" class=\"wp-block-file__button\" download>Baixar<\/a><\/div>\n\n\n\n<div class=\"wp-block-file\"><a href=\"https:\/\/www.lai.pe.gov.br\/iterpe\/wp-content\/uploads\/sites\/39\/2019\/10\/PLANILHA-JUCATI-AGRESTE-MERIDIONAL.pdf\">PLANILHA JUCATI &#8211; AGRESTE MERIDIONAL<\/a><a href=\"https:\/\/www.lai.pe.gov.br\/iterpe\/wp-content\/uploads\/sites\/39\/2019\/10\/PLANILHA-JUCATI-AGRESTE-MERIDIONAL.pdf\" class=\"wp-block-file__button\" download>Baixar<\/a><\/div>\n\n\n\n<div class=\"wp-block-file\"><a href=\"https:\/\/www.lai.pe.gov.br\/iterpe\/wp-content\/uploads\/sites\/39\/2019\/10\/PLANILHA-JUPI-AGRESTE-MERIDIONAL.pdf\">PLANILHA JUPI &#8211; AGRESTE MERIDIONAL<\/a><a href=\"https:\/\/www.lai.pe.gov.br\/iterpe\/wp-content\/uploads\/sites\/39\/2019\/10\/PLANILHA-JUPI-AGRESTE-MERIDIONAL.pdf\" class=\"wp-block-file__button\" download>Baixar<\/a><\/div>\n\n\n\n<div class=\"wp-block-file\"><a href=\"https:\/\/www.lai.pe.gov.br\/iterpe\/wp-content\/uploads\/sites\/39\/2019\/10\/PLANILHA-JUREMA-AGRESTE-MERIDIONAL.pdf\">PLANILHA JUREMA &#8211; AGRESTE MERIDIONAL<\/a><a href=\"https:\/\/www.lai.pe.gov.br\/iterpe\/wp-content\/uploads\/sites\/39\/2019\/10\/PLANILHA-JUREMA-AGRESTE-MERIDIONAL.pdf\" class=\"wp-block-file__button\" download>Baixar<\/a><\/div>\n\n\n\n<div class=\"wp-block-file\"><a href=\"https:\/\/www.lai.pe.gov.br\/iterpe\/wp-content\/uploads\/sites\/39\/2019\/10\/PLANILHA-LAGOA-DO-OURO-AGRESTE-MERIDIONAL.pdf\">PLANILHA LAGOA DO OURO &#8211; AGRESTE MERIDIONAL<\/a><a href=\"https:\/\/www.lai.pe.gov.br\/iterpe\/wp-content\/uploads\/sites\/39\/2019\/10\/PLANILHA-LAGOA-DO-OURO-AGRESTE-MERIDIONAL.pdf\" class=\"wp-block-file__button\" download>Baixar<\/a><\/div>\n\n\n\n<div class=\"wp-block-file\"><a href=\"https:\/\/www.lai.pe.gov.br\/iterpe\/wp-content\/uploads\/sites\/39\/2019\/10\/PLANILHA-LAJEDO-AGRESTE-MERIDIONAL.pdf\">PLANILHA LAJEDO &#8211; AGRESTE MERIDIONAL<\/a><a href=\"https:\/\/www.lai.pe.gov.br\/iterpe\/wp-content\/uploads\/sites\/39\/2019\/10\/PLANILHA-LAJEDO-AGRESTE-MERIDIONAL.pdf\" class=\"wp-block-file__button\" download>Baixar<\/a><\/div>\n\n\n\n<div class=\"wp-block-file\"><a href=\"https:\/\/www.lai.pe.gov.br\/iterpe\/wp-content\/uploads\/sites\/39\/2019\/10\/PLANILHA-PALMEIRINA-AGRESTE-MERIDIONAL.pdf\">PLANILHA PALMEIRINA &#8211; AGRESTE MERIDIONAL<\/a><a href=\"https:\/\/www.lai.pe.gov.br\/iterpe\/wp-content\/uploads\/sites\/39\/2019\/10\/PLANILHA-PALMEIRINA-AGRESTE-MERIDIONAL.pdf\" class=\"wp-block-file__button\" download>Baixar<\/a><\/div>\n\n\n\n<div class=\"wp-block-file\"><a href=\"https:\/\/www.lai.pe.gov.br\/iterpe\/wp-content\/uploads\/sites\/39\/2019\/10\/PLANILHA-PARANATAMA-AGRESTE-MERIDIONAL.pdf\">PLANILHA PARANATAMA &#8211; AGRESTE MERIDIONAL<\/a><a href=\"https:\/\/www.lai.pe.gov.br\/iterpe\/wp-content\/uploads\/sites\/39\/2019\/10\/PLANILHA-PARANATAMA-AGRESTE-MERIDIONAL.pdf\" class=\"wp-block-file__button\" download>Baixar<\/a><\/div>\n\n\n\n<div class=\"wp-block-file\"><a href=\"https:\/\/www.lai.pe.gov.br\/iterpe\/wp-content\/uploads\/sites\/39\/2019\/10\/PLANILHA-SALO\u00c1-AGRESTE-MERIDIONAL.pdf\">PLANILHA SALO\u00c1 &#8211; AGRESTE MERIDIONAL<\/a><a href=\"https:\/\/www.lai.pe.gov.br\/iterpe\/wp-content\/uploads\/sites\/39\/2019\/10\/PLANILHA-SALO\u00c1-AGRESTE-MERIDIONAL.pdf\" class=\"wp-block-file__button\" download>Baixar<\/a><\/div>\n\n\n\n<div class=\"wp-block-file\"><a href=\"https:\/\/www.lai.pe.gov.br\/iterpe\/wp-content\/uploads\/sites\/39\/2019\/10\/PLANILHA-S\u00c3O-JO\u00c3O-AGRESTE-MERIDIONAL.pdf\">PLANILHA S\u00c3O JO\u00c3O &#8211; AGRESTE MERIDIONAL<\/a><a href=\"https:\/\/www.lai.pe.gov.br\/iterpe\/wp-content\/uploads\/sites\/39\/2019\/10\/PLANILHA-S\u00c3O-JO\u00c3O-AGRESTE-MERIDIONAL.pdf\" class=\"wp-block-file__button\" download>Baixar<\/a><\/div>\n\n\n\n<div class=\"wp-block-file\"><a href=\"https:\/\/www.lai.pe.gov.br\/iterpe\/wp-content\/uploads\/sites\/39\/2019\/10\/PLANILHA-TEREZINHA-AGRESTE-MERIDIONAL.pdf\">PLANILHA TEREZINHA &#8211; AGRESTE MERIDIONAL<\/a><a href=\"https:\/\/www.lai.pe.gov.br\/iterpe\/wp-content\/uploads\/sites\/39\/2019\/10\/PLANILHA-TEREZINHA-AGRESTE-MERIDIONAL.pdf\" class=\"wp-block-file__button\" download>Baixar<\/a><\/div>\n\n\n\n<div class=\"wp-block-file\"><a href=\"https:\/\/www.lai.pe.gov.br\/iterpe\/wp-content\/uploads\/sites\/39\/2019\/04\/LEVANTAMENTO-DOS-T\u00cdTULOS-AGRESTE-MERIDIONAL-CONV\u00caNIO-722071.2009-SEM-CPF.doc\">LEVANTAMENTO DOS T\u00cdTULOS AGRESTE MERIDIONAL &#8211; CONV\u00caNIO 722071.2009 &#8211; SEM CPF<\/a><a href=\"https:\/\/www.lai.pe.gov.br\/iterpe\/wp-content\/uploads\/sites\/39\/2019\/04\/LEVANTAMENTO-DOS-T\u00cdTULOS-AGRESTE-MERIDIONAL-CONV\u00caNIO-722071.2009-SEM-CPF.doc\" class=\"wp-block-file__button\" download>Baixar<\/a><\/div>\n\n\n\n<h3>T\u00edtulos<\/h3>\n\n\n\n<div class=\"wp-block-file\"><a href=\"https:\/\/www.lai.pe.gov.br\/iterpe\/wp-content\/uploads\/sites\/39\/2019\/10\/PLANILHA-DE-TITULOS-ARARIPINA.pdf\">PLANILHA DE T\u00cdTULOS &#8211; ARARIPINA<\/a><a href=\"https:\/\/www.lai.pe.gov.br\/iterpe\/wp-content\/uploads\/sites\/39\/2019\/10\/PLANILHA-DE-TITULOS-ARARIPINA.pdf\" class=\"wp-block-file__button\" download>Baixar<\/a><\/div>\n\n\n\n<div class=\"wp-block-file\"><a href=\"https:\/\/www.lai.pe.gov.br\/iterpe\/wp-content\/uploads\/sites\/39\/2019\/10\/PLANILHA-TITULOS-BODOC\u00d3.pdf\">PLANILHA T\u00cdTULOS &#8211;  BODOC\u00d3<\/a><a href=\"https:\/\/www.lai.pe.gov.br\/iterpe\/wp-content\/uploads\/sites\/39\/2019\/10\/PLANILHA-TITULOS-BODOC\u00d3.pdf\" class=\"wp-block-file__button\" download>Baixar<\/a><\/div>\n\n\n\n<div class=\"wp-block-file\"><a href=\"https:\/\/www.lai.pe.gov.br\/iterpe\/wp-content\/uploads\/sites\/39\/2019\/10\/PLANILHA-DE-TITULOS-OURICURI-1.pdf\">PLANILHA DE T\u00cdTULOS &#8211; OURICURI<\/a><a href=\"https:\/\/www.lai.pe.gov.br\/iterpe\/wp-content\/uploads\/sites\/39\/2019\/10\/PLANILHA-DE-TITULOS-OURICURI-1.pdf\" class=\"wp-block-file__button\" download>Baixar<\/a><\/div>\n\n\n\n<div class=\"wp-block-file\"><a href=\"https:\/\/www.lai.pe.gov.br\/iterpe\/wp-content\/uploads\/sites\/39\/2019\/04\/relacao_araripina_12092018_Sem-CPF.doc\">RELA\u00c7\u00c3O ARARIPINA &#8211; 2018 SEM CPF<\/a><a href=\"https:\/\/www.lai.pe.gov.br\/iterpe\/wp-content\/uploads\/sites\/39\/2019\/04\/relacao_araripina_12092018_Sem-CPF.doc\" class=\"wp-block-file__button\" download>Baixar<\/a><\/div>\n\n\n\n<div class=\"wp-block-file\"><a href=\"https:\/\/www.lai.pe.gov.br\/iterpe\/wp-content\/uploads\/sites\/39\/2019\/04\/relacao_bodoco_12092018_Sem-CPF.doc\">RELA\u00c7\u00c3O BODOC\u00d3 &#8211; 2018 SEM CPF<\/a><a href=\"https:\/\/www.lai.pe.gov.br\/iterpe\/wp-content\/uploads\/sites\/39\/2019\/04\/relacao_bodoco_12092018_Sem-CPF.doc\" class=\"wp-block-file__button\" download>Baixar<\/a><\/div>\n\n\n\n<div class=\"wp-block-file\"><a href=\"https:\/\/www.lai.pe.gov.br\/iterpe\/wp-content\/uploads\/sites\/39\/2019\/04\/relacao_ouricuri_12092018_Sem-CPF.doc\">RELA\u00c7\u00c3O OURICURI &#8211; 2018 SEM CPF<\/a><a href=\"https:\/\/www.lai.pe.gov.br\/iterpe\/wp-content\/uploads\/sites\/39\/2019\/04\/relacao_ouricuri_12092018_Sem-CPF.doc\" class=\"wp-block-file__button\" download>Baixar<\/a><\/div>\n\n\n\n<div class=\"wp-block-file\"><a href=\"https:\/\/www.lai.pe.gov.br\/iterpe\/wp-content\/uploads\/sites\/39\/2019\/04\/CARNA\u00cdBA.docx\">CARNA\u00cdBA<\/a><a href=\"https:\/\/www.lai.pe.gov.br\/iterpe\/wp-content\/uploads\/sites\/39\/2019\/04\/CARNA\u00cdBA.docx\" class=\"wp-block-file__button\" download>Baixar<\/a><\/div>\n\n\n\n<div style=\"height:41px\" aria-hidden=\"true\" class=\"wp-block-spacer\"><\/div>\n<style class=\"advgb-styles-renderer\">.ugb-2d785fe .ugb-blockquote__quote{width:70px !important;height:70px !important}<\/style>","protected":false},"excerpt":{"rendered":"<p>Documentos T\u00edtulos Gerais T\u00edtulos Agreste Meridional T\u00edtulos<\/p>\n","protected":false},"author":4,"featured_media":0,"parent":0,"menu_order":0,"comment_status":"closed","ping_status":"closed","template":"","meta":{"advgb_blocks_editor_width":"","advgb_blocks_columns_visual_guide":"","kt_blocks_editor_width":""},"featured_image_urls":{"full":"","thumbnail":"","medium":"","medium_large":"","large":"","1536x1536":"","2048x2048":""},"post_excerpt_stackable":"<p>Os benefici\u00e1rios da Regulariza\u00e7\u00e3o Fundi\u00e1ria Rural s\u00e3o aquelas fam\u00edlias que exercem a posse em terras p\u00fablicas integrantes do patrim\u00f4nio fundi\u00e1rio do Estado de Pernambuco que receber\u00e3o o T\u00edtulo de Dom\u00ednio. Bem como, as pessoas que comprovem que o im\u00f3vel rural possui registro imobili\u00e1rio h\u00e1 mais de quinze anos, as quais receber\u00e3o o T\u00edtulo de Reconhecimento de Dom\u00ednio. Documentos T\u00edtulos Gerais NOTA T\u00c9CNICA &#8211; IM\u00d3VEIS RURAIS TITULADOS PELO ESTADO 2021Baixar T\u00edtulos Agreste Meridional PLANILHA CARNA\u00cdBABaixar PLANILHA ANGELIM &#8211; AGRESTE MERIDIONALBaixar PLANILHA BOM CONSELHO &#8211; AGRESTE-MERIDIONALBaixar PLANILHA BREJ\u00c3O &#8211; AGRESTE MERIDIONALBaixar PLANILHA CAET\u00c9S &#8211; AGRESTEMERIDIONALBaixar PLANILHA CAL\u00c7ADO &#8211; AGRESTE MERIDIONALBaixar PLANILHA CANHOTINHO&hellip;<\/p>\n","category_list":"","author_info":{"name":"Admin","url":"https:\/\/www.lai.pe.gov.br\/iterpe\/author\/admintemp\/"},"comments_num":"0 coment\u00e1rio","_links":{"self":[{"href":"https:\/\/www.lai.pe.gov.br\/iterpe\/wp-json\/wp\/v2\/pages\/684"}],"collection":[{"href":"https:\/\/www.lai.pe.gov.br\/iterpe\/wp-json\/wp\/v2\/pages"}],"about":[{"href":"https:\/\/www.lai.pe.gov.br\/iterpe\/wp-json\/wp\/v2\/types\/page"}],"author":[{"embeddable":true,"href":"https:\/\/www.lai.pe.gov.br\/iterpe\/wp-json\/wp\/v2\/users\/4"}],"replies":[{"embeddable":true,"href":"https:\/\/www.lai.pe.gov.br\/iterpe\/wp-json\/wp\/v2\/comments?post=684"}],"version-history":[{"count":63,"href":"https:\/\/www.lai.pe.gov.br\/iterpe\/wp-json\/wp\/v2\/pages\/684\/revisions"}],"predecessor-version":[{"id":8315,"href":"https:\/\/www.lai.pe.gov.br\/iterpe\/wp-json\/wp\/v2\/pages\/684\/revisions\/8315"}],"wp:attachment":[{"href":"https:\/\/www.lai.pe.gov.br\/iterpe\/wp-json\/wp\/v2\/media?parent=684"}],"curies":[{"name":"wp","href":"https:\/\/api.w.org\/{rel}","templated":true}]}}