{"id":679,"date":"2019-04-09T11:05:36","date_gmt":"2019-04-09T14:05:36","guid":{"rendered":"https:\/\/www.lai.pe.gov.br\/iterpe\/?page_id=679"},"modified":"2026-03-03T10:39:30","modified_gmt":"2026-03-03T13:39:30","slug":"conflitos-agrarios","status":"publish","type":"page","link":"https:\/\/www.lai.pe.gov.br\/iterpe\/conflitos-agrarios\/","title":{"rendered":"CONFLITOS AGR\u00c1RIOS E FUNDI\u00c1RIOS"},"content":{"rendered":"\n<figure class=\"wp-block-image size-large is-resized\"><img loading=\"lazy\" src=\"https:\/\/www.lai.pe.gov.br\/iterpe\/wp-content\/uploads\/sites\/39\/2025\/01\/image-32.png\" alt=\"\" class=\"wp-image-6255\" width=\"1448\" height=\"191\" \/><\/figure>\n\n\n\n<p>.<\/p>\n\n\n\n<h3><em>A disputa pela posse e pela propriedade das terras rurais gera conflito<\/em>s<em> agr\u00e1rios, o &nbsp;que, segundo a doutrina, \u00e9 a situa\u00e7\u00e3o de antagonismo expl\u00edcito ou potencial entre pessoas &nbsp;f\u00edsicas ou jur\u00eddicas, detentoras de im\u00f3veis rurais a qualquer t\u00edtulo, e trabalhadores que demandam provid\u00eancias do poder p\u00fablico para a promo\u00e7\u00e3o de seu acesso \u00e0 terra e para a &nbsp;execu\u00e7\u00e3o das a\u00e7\u00f5es previstas nos programas, projetos de reforma agr\u00e1ria e &nbsp;desenvolvimento rural.<\/em><\/h3>\n\n\n\n<p>.<\/p>\n\n\n\n<p>.<\/p>\n\n\n\n<h2>Conflitos Agr\u00e1rios &#8211; ( 2023\/2024 )<\/h2>\n\n\n\n<h3><br><a href=\"https:\/\/www.lai.pe.gov.br\/iterpe\/wp-content\/uploads\/sites\/39\/2024\/06\/AREAS-DE-CONFLITOS-AGRARIO-EM-TRAMITACAO-NO-ITERPE-E-MP.pdf\">\u00c1REAS DE CONFLITOS AGR\u00c1RIOS EM TRAMITA\u00c7\u00c3O NO MPPE \/ SAD \/ DPE E NO ITERPE &#8211; 2023\/2024    <\/a><\/h3>\n\n\n\n<h3 class=\"has-text-align-center\"><a href=\"https:\/\/www.lai.pe.gov.br\/iterpe\/wp-content\/uploads\/sites\/39\/2024\/06\/AREAS-DE-CONFLITOS-AGRARIO-EM-TRAMITACAO-NO-ITERPE-E-MP.pdf\">(Clique para visualizar)<\/a><\/h3>\n\n\n\n<h3>                                 <\/h3>\n\n\n\n<h3><br>Atividades solicitadas pelo MPPE, DPE e SAD referente a execu\u00e7\u00e3o de vistorias t\u00e9cnicas s\u00f3cio-ocupacional, produtiva e georreferenciamento em \u00e1reas de conflitos agr\u00e1rios entre camponeses sem terras, usineiros e fazendeiros, com objetivo de encontrar medidas adequadas para sanar os conflitos agr\u00e1rios e fundi\u00e1rios. <\/h3>\n\n\n\n<p>.<\/p>\n\n\n\n<p>.<\/p>\n\n\n\n<p>.<\/p>\n\n\n\n<p>.<\/p>\n\n\n\n<h2>Conflitos Agr\u00e1rios &#8211; ( 2022 )<\/h2>\n\n\n\n<h3><a href=\"https:\/\/www.lai.pe.gov.br\/iterpe\/wp-content\/uploads\/sites\/39\/2022\/08\/CONFLITOS-AGRARIOS-2022-Mata-Sul.docx\">Relat\u00f3rio de Conflitos Agr\u00e1rios &#8211; 2022 <\/a><\/h3>\n\n\n\n<p><\/p>\n\n\n\n<div class=\"wp-block-ugb-container ugb-container ugb-2667b01 ugb-container--v2 ugb-container--design-basic ugb-main-block\" id=\"\"><div class=\"ugb-inner-block\"><div class=\"ugb-block-content\"><div class=\"ugb-container__wrapper ugb-2667b01-wrapper\"><div class=\"ugb-container__side\"><div class=\"ugb-container__content-wrapper ugb-2667b01-content-wrapper\">\n<div class=\"wp-block-group\"><div class=\"wp-block-group__inner-container\">\n<div class=\"wp-block-file\"><a href=\"https:\/\/www.lai.pe.gov.br\/iterpe\/wp-content\/uploads\/sites\/39\/2019\/09\/Relat\u00f3rio-dos-Conflitos-Agr\u00e1rios-PE.docx\"><br><br><br><br><br><br><br>Relat\u00f3rio dos Conflitos Agr\u00e1rios &#8211; Mar\u00e7o 2019 &#8211; PE<\/a><a href=\"https:\/\/www.lai.pe.gov.br\/iterpe\/wp-content\/uploads\/sites\/39\/2019\/09\/Relat\u00f3rio-dos-Conflitos-Agr\u00e1rios-PE.docx\" class=\"wp-block-file__button\" download>Baixar<\/a><\/div>\n<\/div><\/div>\n<\/div><\/div><\/div><\/div><\/div><\/div>\n\n\n\n<div class=\"wp-block-file\"><a href=\"https:\/\/www.lai.pe.gov.br\/iterpe\/wp-content\/uploads\/sites\/39\/2019\/04\/Portaria-de-Nomea\u00e7\u00e3o-dos-membros-da-Comiss\u00e3o-de-Media\u00e7\u00e3o-de-Conflitos-Agr\u00e1rias-SERA.pdf\">Portaria de Nomea\u00e7\u00e3o dos membros da Comiss\u00e3o de Media\u00e7\u00e3o de Conflitos Agr\u00e1rias &#8211; SERA<\/a><a href=\"https:\/\/www.lai.pe.gov.br\/iterpe\/wp-content\/uploads\/sites\/39\/2019\/04\/Portaria-de-Nomea\u00e7\u00e3o-dos-membros-da-Comiss\u00e3o-de-Media\u00e7\u00e3o-de-Conflitos-Agr\u00e1rias-SERA.pdf\" class=\"wp-block-file__button\" download>Baixar<\/a><\/div>\n\n\n\n<div class=\"wp-block-file\"><a href=\"https:\/\/www.lai.pe.gov.br\/iterpe\/wp-content\/uploads\/sites\/39\/2019\/04\/\u00c1reas-emblem\u00e1ticas-de-conflitos-agr\u00e1rios-em-Pernambuco.xlsx\">\u00c1reas emblem\u00e1ticas de conflitos agr\u00e1rios em Pernambuco<\/a><a href=\"https:\/\/www.lai.pe.gov.br\/iterpe\/wp-content\/uploads\/sites\/39\/2019\/04\/\u00c1reas-emblem\u00e1ticas-de-conflitos-agr\u00e1rios-em-Pernambuco.xlsx\" class=\"wp-block-file__button\" download>Baixar<\/a><\/div>\n\n\n\n<div style=\"height:39px\" aria-hidden=\"true\" class=\"wp-block-spacer\"><\/div>\n\n\n\n<div class=\"wp-block-file\"><a href=\"https:\/\/www.lai.pe.gov.br\/iterpe\/wp-content\/uploads\/sites\/39\/2020\/11\/Relatorio_dos_Conflitos_Fundiarios-PE_2020.docx\">Relatorio_dos_Conflitos_Fundiarios-PE_2020<\/a><a href=\"https:\/\/www.lai.pe.gov.br\/iterpe\/wp-content\/uploads\/sites\/39\/2020\/11\/Relatorio_dos_Conflitos_Fundiarios-PE_2020.docx\" class=\"wp-block-file__button\" download>Baixar<\/a><\/div>\n","protected":false},"excerpt":{"rendered":"<p>. A disputa pela posse e pela propriedade das terras rurais gera conflitos agr\u00e1rios, o &nbsp;que, segundo a doutrina, \u00e9 a situa\u00e7\u00e3o de antagonismo expl\u00edcito ou potencial entre pessoas &nbsp;f\u00edsicas ou jur\u00eddicas, detentoras de im\u00f3veis rurais a qualquer t\u00edtulo, e trabalhadores que demandam provid\u00eancias do poder p\u00fablico para a promo\u00e7\u00e3o de seu acesso \u00e0 terra [&hellip;]<\/p>\n","protected":false},"author":4,"featured_media":0,"parent":0,"menu_order":0,"comment_status":"closed","ping_status":"closed","template":"","meta":{"advgb_blocks_editor_width":"","advgb_blocks_columns_visual_guide":"","kt_blocks_editor_width":""},"featured_image_urls":{"full":"","thumbnail":"","medium":"","medium_large":"","large":"","1536x1536":"","2048x2048":""},"post_excerpt_stackable":"<p>. A disputa pela posse e pela propriedade das terras rurais gera conflitos agr\u00e1rios, o &nbsp;que, segundo a doutrina, \u00e9 a situa\u00e7\u00e3o de antagonismo expl\u00edcito ou potencial entre pessoas &nbsp;f\u00edsicas ou jur\u00eddicas, detentoras de im\u00f3veis rurais a qualquer t\u00edtulo, e trabalhadores que demandam provid\u00eancias do poder p\u00fablico para a promo\u00e7\u00e3o de seu acesso \u00e0 terra e para a &nbsp;execu\u00e7\u00e3o das a\u00e7\u00f5es previstas nos programas, projetos de reforma agr\u00e1ria e &nbsp;desenvolvimento rural. . . Conflitos Agr\u00e1rios &#8211; ( 2023\/2024 ) \u00c1REAS DE CONFLITOS AGR\u00c1RIOS EM TRAMITA\u00c7\u00c3O NO MPPE \/ SAD \/ DPE E NO ITERPE &#8211; 2023\/2024 (Clique para visualizar) Atividades&hellip;<\/p>\n","category_list":"","author_info":{"name":"Admin","url":"https:\/\/www.lai.pe.gov.br\/iterpe\/author\/admintemp\/"},"comments_num":"0 coment\u00e1rio","_links":{"self":[{"href":"https:\/\/www.lai.pe.gov.br\/iterpe\/wp-json\/wp\/v2\/pages\/679"}],"collection":[{"href":"https:\/\/www.lai.pe.gov.br\/iterpe\/wp-json\/wp\/v2\/pages"}],"about":[{"href":"https:\/\/www.lai.pe.gov.br\/iterpe\/wp-json\/wp\/v2\/types\/page"}],"author":[{"embeddable":true,"href":"https:\/\/www.lai.pe.gov.br\/iterpe\/wp-json\/wp\/v2\/users\/4"}],"replies":[{"embeddable":true,"href":"https:\/\/www.lai.pe.gov.br\/iterpe\/wp-json\/wp\/v2\/comments?post=679"}],"version-history":[{"count":64,"href":"https:\/\/www.lai.pe.gov.br\/iterpe\/wp-json\/wp\/v2\/pages\/679\/revisions"}],"predecessor-version":[{"id":8306,"href":"https:\/\/www.lai.pe.gov.br\/iterpe\/wp-json\/wp\/v2\/pages\/679\/revisions\/8306"}],"wp:attachment":[{"href":"https:\/\/www.lai.pe.gov.br\/iterpe\/wp-json\/wp\/v2\/media?parent=679"}],"curies":[{"name":"wp","href":"https:\/\/api.w.org\/{rel}","templated":true}]}}