{"id":6,"date":"2019-03-13T16:51:31","date_gmt":"2019-03-13T19:51:31","guid":{"rendered":"https:\/\/www.lai.pe.gov.br\/iterpe\/?page_id=6"},"modified":"2026-03-03T10:41:54","modified_gmt":"2026-03-03T13:41:54","slug":"institucional","status":"publish","type":"page","link":"https:\/\/www.lai.pe.gov.br\/iterpe\/","title":{"rendered":"INFORMA\u00c7\u00d5ES INSTITUCIONAIS"},"content":{"rendered":"\n<figure class=\"wp-block-image size-large is-resized\"><img loading=\"lazy\" src=\"https:\/\/www.lai.pe.gov.br\/iterpe\/wp-content\/uploads\/sites\/39\/2025\/01\/image-41.png\" alt=\"\" class=\"wp-image-6283\" width=\"1450\" height=\"191\" \/><\/figure>\n\n\n\n<div class=\"wp-block-ugb-container ugb-container ugb-664808c ugb-container--v2 ugb-container--design-basic ugb-main-block\" id=\"\"><div class=\"ugb-inner-block\"><div class=\"ugb-block-content\"><div class=\"ugb-container__wrapper ugb-664808c-wrapper ugb--shadow-3\"><div class=\"ugb-container__side\"><div class=\"ugb-container__content-wrapper ugb-664808c-content-wrapper\">\n<h3><strong>IDENTIDADE INSTITUCIONAL<\/strong><\/h3>\n\n\n\n<h4>O INSTITUTO DE TERRAS E REFORMA AGR\u00c1RIA DO ESTADO DE PERNAMBUCO &#8211; ITERPE, \u00e9 uma autarquia vinculada \u00e0 Secretaria de Desenvolvimento Agr\u00e1rio, Agricultura, Pecu\u00e1ria e Pesca &#8211; SDAAPP, dotada de autonomia administrativa e financeira, regida pela <a href=\"https:\/\/legis.alepe.pe.gov.br\/texto.aspx?id=4809&amp;tipo=\"><strong>lei n\u00ba 13.900 de 27 de outubro de 2009<\/strong><\/a> e regulamentada pelo decreto <a href=\"https:\/\/legis.alepe.pe.gov.br\/texto.aspx?tiponorma=6&amp;numero=34497&amp;complemento=0&amp;ano=2009&amp;tipo=&amp;url=\"><strong>n\u00ba 34.497 de 31 de dezembro de 2009<\/strong><\/a>, em substitui\u00e7\u00e3o \u00e0 Unidade T\u00e9cnica Fundo de Terras do Estado de Pernambuco (FUNTEPE).<br><br>O Instituto tem como principal prerrogativa o controle das terras p\u00fablicas, a reformula\u00e7\u00e3o fundi\u00e1ria do territ\u00f3rio estadual, a implanta\u00e7\u00e3o de assentamentos e a operacionaliza\u00e7\u00e3o do Programa Nacional de Cr\u00e9dito Fundi\u00e1rio &#8211; PNCF.<\/h4>\n<\/div><\/div><\/div><\/div><\/div><\/div>\n\n\n\n<div class=\"wp-block-group\"><div class=\"wp-block-group__inner-container\"><\/div><\/div>\n\n\n\n<div class=\"wp-block-ugb-container ugb-container ugb-145b037 ugb-container--v2 ugb-container--design-basic ugb-main-block\" id=\"\"><div class=\"ugb-inner-block\"><div class=\"ugb-block-content\"><div class=\"ugb-container__wrapper ugb-145b037-wrapper ugb--shadow-3\"><div class=\"ugb-container__side\"><div class=\"ugb-container__content-wrapper ugb-145b037-content-wrapper\">\n<h3><strong>MISS\u00c3O INSTITUCIONAL<\/strong><\/h3>\n\n\n\n<h4>Contribuir para a execu\u00e7\u00e3o da pol\u00edtica agr\u00e1ria, de regulariza\u00e7\u00e3o, ordena\u00e7\u00e3o e reordena\u00e7\u00e3o fundi\u00e1ria rural do Estado de Pernambuco; <\/h4>\n\n\n\n<h4>Intermediar conflitos pela posse de terras; <\/h4>\n\n\n\n<h4>Adquirir propriedades para assentamento de agricultores sem terra; e, Gerir os assentamentos p\u00fablicos estaduais, promovendo os meios para o desenvolvimento socioecon\u00f4mico e ambiental das fam\u00edlias assentadas.<\/h4>\n<\/div><\/div><\/div><\/div><\/div><\/div>\n\n\n\n<div class=\"wp-block-ugb-container ugb-container ugb-d98eb4e ugb-container--v2 ugb-container--design-basic ugb-main-block\" id=\"\"><div class=\"ugb-inner-block\"><div class=\"ugb-block-content\"><div class=\"ugb-container__wrapper ugb-d98eb4e-wrapper ugb--shadow-3\"><div class=\"ugb-container__side\"><div class=\"ugb-container__content-wrapper ugb-d98eb4e-content-wrapper\">\n<h3><strong>VIS\u00c3O DE FUTURO<\/strong><\/h3>\n\n\n\n<h4>Permanecer promovendo a cidadania de homens e mulheres no meio rural e manter-se em constante busca pela melhora da qualidade de vida destas pessoas.<\/h4>\n<\/div><\/div><\/div><\/div><\/div><\/div>\n\n\n\n<div class=\"wp-block-ugb-container ugb-container ugb-29d8319 ugb-container--v2 ugb-container--design-basic ugb-main-block\" id=\"\"><div class=\"ugb-inner-block\"><div class=\"ugb-block-content\"><div class=\"ugb-container__wrapper ugb-29d8319-wrapper\"><div class=\"ugb-container__side\"><div class=\"ugb-container__content-wrapper ugb-29d8319-content-wrapper\">\n<h3><strong>VALORES DO ITERPE<\/strong><\/h3>\n\n\n\n<h4>Sustentabilidade socioambiental;<\/h4>\n\n\n\n<h4>Valoriza\u00e7\u00e3o da agricultura;<\/h4>\n\n\n\n<h4>Efici\u00eancia;<\/h4>\n\n\n\n<h4>Transpar\u00eancia;<\/h4>\n\n\n\n<h4>Compromisso com os interesses agr\u00e1rios.<\/h4>\n<\/div><\/div><\/div><\/div><\/div><\/div>\n\n\n\n<div class=\"wp-block-ugb-container ugb-container ugb-0c4fbd5 ugb-container--v2 ugb-container--design-basic ugb-main-block\" id=\"\"><div class=\"ugb-inner-block\"><div class=\"ugb-block-content\"><div class=\"ugb-container__wrapper ugb-0c4fbd5-wrapper ugb--shadow-3\"><div class=\"ugb-container__side\"><div class=\"ugb-container__content-wrapper ugb-0c4fbd5-content-wrapper\">\n<h3><strong>PRINCIPAIS ATIVIDADES<\/strong><\/h3>\n\n\n\n<h4>Executar a pol\u00edtica agr\u00e1ria, ordena\u00e7\u00e3o e reordena\u00e7\u00e3o fundi\u00e1ria rural do Estado de Pernambuco;<\/h4>\n\n\n\n<h4>Intermediar conflitos pela posse de terras;<\/h4>\n\n\n\n<h4>Adquirir propriedades para assentamentos de agricultores sem terra;<\/h4>\n\n\n\n<h4>Representar o Estado para promover a discrimina\u00e7\u00e3o administrativa e judicial das terras localizadas em seu territ\u00f3rio;<\/h4>\n\n\n\n<h4>Promover a\u00e7\u00f5es destinadas \u00e0 democratiza\u00e7\u00e3o do acesso e fixa\u00e7\u00e3o do homem \u00e0 terra,  conforme as diretrizes do desenvolvimento sustent\u00e1vel e do Governo do  Estado;<\/h4>\n\n\n\n<h4>Adquirir terras atrav\u00e9s de procedimentos judiciais ou extrajudiciais para regulariza\u00e7\u00e3o fundi\u00e1ria urbana e rural;<\/h4>\n\n\n\n<h4>Promover  a regulariza\u00e7\u00e3o fundi\u00e1ria e a legaliza\u00e7\u00e3o das terras p\u00fablicas para o  assentamento de agricultores familiares sem ou com pouca terra;<\/h4>\n\n\n\n<h4>Mediar  e prevenir conflitos agr\u00e1rios pela posse de terras, contribuindo para a  efetiva promo\u00e7\u00e3o e defesa dos direitos humanos e civis no campo.<\/h4>\n<\/div><\/div><\/div><\/div><\/div><\/div>\n\n\n\n<p><\/p>\n\n\n\n<p><\/p>\n<style class=\"advgb-styles-renderer\">.ugb-664808c-wrapper.ugb-container__wrapper{border-radius:12px !important;background-color:#f1f1f1 !important}.ugb-664808c-content-wrapper.ugb-container__content-wrapper{width:100% !important}.ugb-664808c-wrapper.ugb-container__wrapper:before{background-color:#f1f1f1 !important}.ugb-664808c-content-wrapper &gt; h1,.ugb-664808c-content-wrapper &gt; h2,.ugb-664808c-content-wrapper &gt; h3,.ugb-664808c-content-wrapper &gt; h4,.ugb-664808c-content-wrapper &gt; h5,.ugb-664808c-content-wrapper &gt; h6{color:#222222}.ugb-664808c-content-wrapper &gt; p,.ugb-664808c-content-wrapper &gt; ol li,.ugb-664808c-content-wrapper &gt; ul li{color:#222222}.ugb-145b037-wrapper.ugb-container__wrapper{border-radius:12px !important;background-color:#f1f1f1 !important}.ugb-145b037-content-wrapper.ugb-container__content-wrapper{width:100% !important}.ugb-145b037-wrapper.ugb-container__wrapper:before{background-color:#f1f1f1 !important}.ugb-145b037-content-wrapper &gt; h1,.ugb-145b037-content-wrapper &gt; h2,.ugb-145b037-content-wrapper &gt; h3,.ugb-145b037-content-wrapper &gt; h4,.ugb-145b037-content-wrapper &gt; h5,.ugb-145b037-content-wrapper &gt; h6{color:#222222}.ugb-145b037-content-wrapper &gt; p,.ugb-145b037-content-wrapper &gt; ol li,.ugb-145b037-content-wrapper &gt; ul li{color:#222222}.ugb-d98eb4e-wrapper.ugb-container__wrapper{border-radius:12px !important;background-color:#f1f1f1 !important}.ugb-d98eb4e-content-wrapper.ugb-container__content-wrapper{width:100% !important}.ugb-d98eb4e-wrapper.ugb-container__wrapper:before{background-color:#f1f1f1 !important}.ugb-d98eb4e-content-wrapper &gt; h1,.ugb-d98eb4e-content-wrapper &gt; h2,.ugb-d98eb4e-content-wrapper &gt; h3,.ugb-d98eb4e-content-wrapper &gt; h4,.ugb-d98eb4e-content-wrapper &gt; h5,.ugb-d98eb4e-content-wrapper &gt; h6{color:#222222}.ugb-d98eb4e-content-wrapper &gt; p,.ugb-d98eb4e-content-wrapper &gt; ol li,.ugb-d98eb4e-content-wrapper &gt; ul li{color:#222222}.ugb-29d8319-wrapper.ugb-container__wrapper{background-color:#f2f2f2 !important}.ugb-29d8319-wrapper.ugb-container__wrapper:before{background-color:#f2f2f2 !important}.ugb-29d8319-content-wrapper &gt; h1,.ugb-29d8319-content-wrapper &gt; h2,.ugb-29d8319-content-wrapper &gt; h3,.ugb-29d8319-content-wrapper &gt; h4,.ugb-29d8319-content-wrapper &gt; h5,.ugb-29d8319-content-wrapper &gt; h6{color:#222222}.ugb-29d8319-content-wrapper &gt; p,.ugb-29d8319-content-wrapper &gt; ol li,.ugb-29d8319-content-wrapper &gt; ul li{color:#222222}.ugb-0c4fbd5-wrapper.ugb-container__wrapper{border-radius:12px !important;background-color:#f1f1f1 !important}.ugb-0c4fbd5-content-wrapper.ugb-container__content-wrapper{width:100% !important}.ugb-0c4fbd5-wrapper.ugb-container__wrapper:before{background-color:#f1f1f1 !important}.ugb-0c4fbd5-content-wrapper &gt; h1,.ugb-0c4fbd5-content-wrapper &gt; h2,.ugb-0c4fbd5-content-wrapper &gt; h3,.ugb-0c4fbd5-content-wrapper &gt; h4,.ugb-0c4fbd5-content-wrapper &gt; h5,.ugb-0c4fbd5-content-wrapper &gt; h6{color:#222222}.ugb-0c4fbd5-content-wrapper &gt; p,.ugb-0c4fbd5-content-wrapper &gt; ol li,.ugb-0c4fbd5-content-wrapper &gt; ul li{color:#222222}<\/style>","protected":false},"excerpt":{"rendered":"","protected":false},"author":182,"featured_media":0,"parent":0,"menu_order":0,"comment_status":"closed","ping_status":"closed","template":"","meta":{"advgb_blocks_editor_width":"","advgb_blocks_columns_visual_guide":"","kt_blocks_editor_width":""},"featured_image_urls":{"full":"","thumbnail":"","medium":"","medium_large":"","large":"","1536x1536":"","2048x2048":""},"post_excerpt_stackable":"<p>IDENTIDADE INSTITUCIONAL O INSTITUTO DE TERRAS E REFORMA AGR\u00c1RIA DO ESTADO DE PERNAMBUCO &#8211; ITERPE, \u00e9 uma autarquia vinculada \u00e0 Secretaria de Desenvolvimento Agr\u00e1rio, Agricultura, Pecu\u00e1ria e Pesca &#8211; SDAAPP, dotada de autonomia administrativa e financeira, regida pela lei n\u00ba 13.900 de 27 de outubro de 2009 e regulamentada pelo decreto n\u00ba 34.497 de 31 de dezembro de 2009, em substitui\u00e7\u00e3o \u00e0 Unidade T\u00e9cnica Fundo de Terras do Estado de Pernambuco (FUNTEPE).O Instituto tem como principal prerrogativa o controle das terras p\u00fablicas, a reformula\u00e7\u00e3o fundi\u00e1ria do territ\u00f3rio estadual, a implanta\u00e7\u00e3o de assentamentos e a operacionaliza\u00e7\u00e3o do Programa Nacional de Cr\u00e9dito&hellip;<\/p>\n","category_list":"","author_info":{"name":"Jo\u00e3o Vitor","url":"https:\/\/www.lai.pe.gov.br\/iterpe\/author\/joaocarmo\/"},"comments_num":"0 coment\u00e1rio","_links":{"self":[{"href":"https:\/\/www.lai.pe.gov.br\/iterpe\/wp-json\/wp\/v2\/pages\/6"}],"collection":[{"href":"https:\/\/www.lai.pe.gov.br\/iterpe\/wp-json\/wp\/v2\/pages"}],"about":[{"href":"https:\/\/www.lai.pe.gov.br\/iterpe\/wp-json\/wp\/v2\/types\/page"}],"author":[{"embeddable":true,"href":"https:\/\/www.lai.pe.gov.br\/iterpe\/wp-json\/wp\/v2\/users\/182"}],"replies":[{"embeddable":true,"href":"https:\/\/www.lai.pe.gov.br\/iterpe\/wp-json\/wp\/v2\/comments?post=6"}],"version-history":[{"count":146,"href":"https:\/\/www.lai.pe.gov.br\/iterpe\/wp-json\/wp\/v2\/pages\/6\/revisions"}],"predecessor-version":[{"id":8318,"href":"https:\/\/www.lai.pe.gov.br\/iterpe\/wp-json\/wp\/v2\/pages\/6\/revisions\/8318"}],"wp:attachment":[{"href":"https:\/\/www.lai.pe.gov.br\/iterpe\/wp-json\/wp\/v2\/media?parent=6"}],"curies":[{"name":"wp","href":"https:\/\/api.w.org\/{rel}","templated":true}]}}