{"id":3947,"date":"2024-02-15T10:49:55","date_gmt":"2024-02-15T13:49:55","guid":{"rendered":"https:\/\/www.lai.pe.gov.br\/iterpe\/?page_id=3947"},"modified":"2026-03-03T10:47:52","modified_gmt":"2026-03-03T13:47:52","slug":"programa-pernambuco-mais-integro-ppmi","status":"publish","type":"page","link":"https:\/\/www.lai.pe.gov.br\/iterpe\/programa-pernambuco-mais-integro-ppmi\/","title":{"rendered":"PROGRAMA PERNAMBUCO MAIS  \u00cdNTEGRO &#8211; PPMI"},"content":{"rendered":"\n<figure class=\"wp-block-image size-large is-resized\"><img loading=\"lazy\" src=\"https:\/\/www.lai.pe.gov.br\/iterpe\/wp-content\/uploads\/sites\/39\/2025\/01\/image-52.png\" alt=\"\" class=\"wp-image-6342\" width=\"1450\" height=\"191\" \/><\/figure>\n\n\n\n<h3 class=\"has-text-align-center\"><strong>Altera\u00e7\u00e3o da composi\u00e7\u00e3o<\/strong> <strong>da comiss\u00e3o respons\u00e1vel pela elabora\u00e7\u00e3o e implanta\u00e7\u00e3o do plano e do Programa Pernambuco Mais \u00cdntegro \u2013 PPMI, no \u00e2mbito do ITERPE:<\/strong><\/h3>\n\n\n\n<p>.<\/p>\n\n\n\n<h3><a href=\"https:\/\/www.lai.pe.gov.br\/iterpe\/wp-content\/uploads\/sites\/39\/2024\/12\/PPMI.pdf\"><strong>Portaria n\u00ba 024, de 13\/12\/2024, publicada no Di\u00e1rio Oficial de Pernambuco de 14\/12\/2024<\/strong><\/a><\/h3>\n\n\n\n<h3 class=\"has-text-align-center\"><a href=\"https:\/\/www.lai.pe.gov.br\/iterpe\/wp-content\/uploads\/sites\/39\/2024\/12\/PPMI.pdf\"><strong>(clique para visualizar)<\/strong><\/a><\/h3>\n\n\n\n<p>.<\/p>\n\n\n\n<h4>O Diretor-Presidente do Instituto de Terras e Reforma Agr\u00e1ria do Estado de Pernambuco \u2013 ITERPE, no uso de suas atribui\u00e7\u00f5es, conferidas pelo Ato n\u00ba 3423, de 24\/05\/2024, publicado no DOE\/PE de 25\/05\/2024, em atendimento ao Decreto Estadual n\u00ba 54.436\/2023 e considerando que a comiss\u00e3o respons\u00e1vel pela elabora\u00e7\u00e3o e implanta\u00e7\u00e3o do plano e do Programa Pernambuco Mais \u00cdntegro \u2013 PPMI, no \u00e2mbito do ITERPE, foi institu\u00edda e designada pela Portaria n\u00ba 004, de 8 de fevereiro de 2024,<\/h4>\n\n\n\n<h4>RESOLVE:<br>Art. 1\u00ba Designar, para compor a referida Comiss\u00e3o, os seguintes servidores:<\/h4>\n\n\n\n<h4><br>I \u2013 George Luiz de Oliveira, assistente, matr\u00edcula: 2189178\/03, na fun\u00e7\u00e3o de Presidente, em substitui\u00e7\u00e3o a Jorge Lu\u00eds Souza da Silva;<\/h4>\n\n\n\n<h4>.<br>II \u2013 Margarida Maria Cerqueira Wanderley, Analista em Gest\u00e3o Aut\u00e1rquica e Fundacional-ANGAF, matr\u00edcula: 1466070\/06, na fun\u00e7\u00e3o de membro, em substitui\u00e7\u00e3o a Cleodon Ricardo de Souza Lima.<\/h4>\n\n\n\n<h4>.<br>Art. 2\u00ba Esta portaria entra em vigor na data de sua publica\u00e7\u00e3o. <\/h4>\n\n\n\n<h4>.<\/h4>\n\n\n\n<h4 class=\"has-text-align-center\" id=\"block-28bc33fd-a160-47dc-b38e-f305770cfe84\"><strong>Cleodon Ricardo de Souza Lima<br>Diretor-Presidente<\/strong><\/h4>\n\n\n\n<p>.<\/p>\n\n\n\n<p>.<\/p>\n\n\n\n<p>.<\/p>\n\n\n\n<h3 class=\"has-text-align-left\"><strong>Constitui\u00e7\u00e3o da comiss\u00e3o respons\u00e1vel pela elabora\u00e7\u00e3o e implanta\u00e7\u00e3o do plano e do Programa Pernambuco Mais \u00cdntegro \u2013 PPMI, no \u00e2mbito do ITERPE:<\/strong><\/h3>\n\n\n\n<h3 class=\"has-text-align-left\"><a href=\"https:\/\/www.lai.pe.gov.br\/iterpe\/wp-content\/uploads\/sites\/39\/2024\/02\/Publicacao-da-Portaria-no-004.2024-Comissao-do-PPMI.pdf\">Portaria N\u00ba 004, de 08\/02\/2024 publicada no Di\u00e1rio Oficial de Pernambuco de 09\/02\/2024<\/a><\/h3>\n\n\n\n<h3 class=\"has-text-align-center\"><a href=\"https:\/\/www.lai.pe.gov.br\/iterpe\/wp-content\/uploads\/sites\/39\/2024\/02\/Publicacao-da-Portaria-no-004.2024-Comissao-do-PPMI.pdf\">( Clique aqui para visualizar )<\/a><\/h3>\n\n\n\n<h3 class=\"has-text-align-left\"><\/h3>\n\n\n\n<p><\/p>\n\n\n\n<h3><br>O Diretor-Presidente do Instituto de Terras e Reforma Agr\u00e1ria do Estado de Pernambuco \u2013 ITERPE, no uso de suas atribui\u00e7\u00f5es, conferidas pelo Ato n\u00ba 2145, publicado no DOE do dia 04\/03\/2023, considerando a publica\u00e7\u00e3o do Decreto Estadual n\u00ba 54.436, de 9 de fevereiro de 2023 (Programa Pernambuco Mais \u00cdntegro &#8211; PPMI), e a necessidade de prover a institui\u00e7\u00e3o de mecanismos direcionados ao fortalecimento da \u00e9tica, dos controles internos e de preven\u00e7\u00e3o, identifica\u00e7\u00e3o e combate \u00e0 fraude, \u00e0 corrup\u00e7\u00e3o, irregularidades e outros atos il\u00edcitos:<br>RESOLVE:<\/h3>\n\n\n\n<p>.<\/p>\n\n\n\n<h3>Art. 1\u00ba Instituir e instaurar, conforme disposto no Decreto Estadual n\u00ba 54.436, de 9 de fevereiro de 2023, em seu art. 6\u00ba, a comiss\u00e3o respons\u00e1vel pela elabora\u00e7\u00e3o e implanta\u00e7\u00e3o do plano e do Programa Pernambuco Mais \u00cdntegro \u2013 PPMI, no \u00e2mbito do ITERPE:<\/h3>\n\n\n\n<h3>Art. 2\u00ba Designar, para compor a referida Comiss\u00e3o, os seguintes servidores: <\/h3>\n\n\n\n<p><\/p>\n\n\n\n<h3>I \u2013  JORGE LU\u00cdS SOUZA DA SILVA, professor, matr\u00edcula: 12289-0, na fun\u00e7\u00e3o de Presidente; <\/h3>\n\n\n\n<p><\/p>\n\n\n\n<h3>II \u2013  MARIA JOS\u00c9 GOMES SIQUEIRA, T\u00e9cnica de Desenvolvimento, matr\u00edcula n\u00ba 12293-9, na fun\u00e7\u00e3o de secret\u00e1ria; <\/h3>\n\n\n\n<p><\/p>\n\n\n\n<h3>III \u2013 CLEODON RICARDO DE SOUZA LIMA,<br>Gerente de Cr\u00e9dito Fundi\u00e1rio, matr\u00edcula: 12.191-6, na fun\u00e7\u00e3o de membro; <\/h3>\n\n\n\n<p><\/p>\n\n\n\n<h3>IV &#8211; FERNANDA GUEDES GON\u00c7ALVESs DE AZEVEDO PEREIRA DE LEMOS, analista, matr\u00edcula n\u00ba 12292-0, na qualidade de membro respons\u00e1vel pelo Controle Interno do Iterpe.<br><\/h3>\n\n\n\n<p><\/p>\n","protected":false},"excerpt":{"rendered":"<p>Altera\u00e7\u00e3o da composi\u00e7\u00e3o da comiss\u00e3o respons\u00e1vel pela elabora\u00e7\u00e3o e implanta\u00e7\u00e3o do plano e do Programa Pernambuco Mais \u00cdntegro \u2013 PPMI, no \u00e2mbito do ITERPE: . Portaria n\u00ba 024, de 13\/12\/2024, publicada no Di\u00e1rio Oficial de Pernambuco de 14\/12\/2024 (clique para visualizar) . O Diretor-Presidente do Instituto de Terras e Reforma Agr\u00e1ria do Estado de Pernambuco [&hellip;]<\/p>\n","protected":false},"author":300,"featured_media":0,"parent":0,"menu_order":0,"comment_status":"closed","ping_status":"closed","template":"","meta":{"advgb_blocks_editor_width":"","advgb_blocks_columns_visual_guide":"","kt_blocks_editor_width":""},"featured_image_urls":{"full":"","thumbnail":"","medium":"","medium_large":"","large":"","1536x1536":"","2048x2048":""},"post_excerpt_stackable":"<p>Altera\u00e7\u00e3o da composi\u00e7\u00e3o da comiss\u00e3o respons\u00e1vel pela elabora\u00e7\u00e3o e implanta\u00e7\u00e3o do plano e do Programa Pernambuco Mais \u00cdntegro \u2013 PPMI, no \u00e2mbito do ITERPE: . Portaria n\u00ba 024, de 13\/12\/2024, publicada no Di\u00e1rio Oficial de Pernambuco de 14\/12\/2024 (clique para visualizar) . O Diretor-Presidente do Instituto de Terras e Reforma Agr\u00e1ria do Estado de Pernambuco \u2013 ITERPE, no uso de suas atribui\u00e7\u00f5es, conferidas pelo Ato n\u00ba 3423, de 24\/05\/2024, publicado no DOE\/PE de 25\/05\/2024, em atendimento ao Decreto Estadual n\u00ba 54.436\/2023 e considerando que a comiss\u00e3o respons\u00e1vel pela elabora\u00e7\u00e3o e implanta\u00e7\u00e3o do plano e do Programa Pernambuco Mais \u00cdntegro \u2013&hellip;<\/p>\n","category_list":"","author_info":{"name":"Fernanda Guedes Gon\u00e7alves de Azevedo,","url":"https:\/\/www.lai.pe.gov.br\/iterpe\/author\/fernandagazevedo\/"},"comments_num":"0 coment\u00e1rio","_links":{"self":[{"href":"https:\/\/www.lai.pe.gov.br\/iterpe\/wp-json\/wp\/v2\/pages\/3947"}],"collection":[{"href":"https:\/\/www.lai.pe.gov.br\/iterpe\/wp-json\/wp\/v2\/pages"}],"about":[{"href":"https:\/\/www.lai.pe.gov.br\/iterpe\/wp-json\/wp\/v2\/types\/page"}],"author":[{"embeddable":true,"href":"https:\/\/www.lai.pe.gov.br\/iterpe\/wp-json\/wp\/v2\/users\/300"}],"replies":[{"embeddable":true,"href":"https:\/\/www.lai.pe.gov.br\/iterpe\/wp-json\/wp\/v2\/comments?post=3947"}],"version-history":[{"count":82,"href":"https:\/\/www.lai.pe.gov.br\/iterpe\/wp-json\/wp\/v2\/pages\/3947\/revisions"}],"predecessor-version":[{"id":8331,"href":"https:\/\/www.lai.pe.gov.br\/iterpe\/wp-json\/wp\/v2\/pages\/3947\/revisions\/8331"}],"wp:attachment":[{"href":"https:\/\/www.lai.pe.gov.br\/iterpe\/wp-json\/wp\/v2\/media?parent=3947"}],"curies":[{"name":"wp","href":"https:\/\/api.w.org\/{rel}","templated":true}]}}