{"id":2531,"date":"2022-10-11T15:06:17","date_gmt":"2022-10-11T18:06:17","guid":{"rendered":"https:\/\/www.lai.pe.gov.br\/iterpe\/?page_id=2531"},"modified":"2026-03-03T10:37:59","modified_gmt":"2026-03-03T13:37:59","slug":"acordos-de-cooperacao-tecnica","status":"publish","type":"page","link":"https:\/\/www.lai.pe.gov.br\/iterpe\/acordos-de-cooperacao-tecnica\/","title":{"rendered":"ACORDOS DE COOPERA\u00c7\u00c3O T\u00c9CNICA &#8211; ACT &#8211; ITERPE"},"content":{"rendered":"\n<figure class=\"wp-block-image size-large is-resized\"><img loading=\"lazy\" src=\"https:\/\/www.lai.pe.gov.br\/iterpe\/wp-content\/uploads\/sites\/39\/2025\/01\/image-25.png\" alt=\"\" class=\"wp-image-6236\" width=\"1450\" height=\"191\" \/><\/figure>\n\n\n\n<p>.<\/p>\n\n\n\n<p>.<\/p>\n\n\n\n<h4><strong><a href=\"https:\/\/www.lai.pe.gov.br\/iterpe\/wp-content\/uploads\/sites\/39\/2024\/07\/ATUAL-JULHO-PLANILHA-LAI-ACT-2024.xlsx\">PLANILHA DE ACORDOS DE COOPERA\u00c7\u00c3O T\u00c9CNICA &#8211; ACT &#8230;&#8230;( ATUALIZADA EM 22 DE JULHO DE 2024 )<\/a><\/strong><\/h4>\n\n\n\n<p>.<\/p>\n\n\n\n<h4><a href=\"https:\/\/www.lai.pe.gov.br\/iterpe\/wp-content\/uploads\/sites\/39\/2022\/10\/PLANILHA-ACT-OUTUBRO-2022.xlsx\"><strong>PLANILHA DE ACORDOS DE COOPERA\u00c7\u00c3O T\u00c9CNICA &#8211; OUTUBRO 2022<\/strong><\/a><\/h4>\n","protected":false},"excerpt":{"rendered":"<p>. . PLANILHA DE ACORDOS DE COOPERA\u00c7\u00c3O T\u00c9CNICA &#8211; ACT &#8230;&#8230;( ATUALIZADA EM 22 DE JULHO DE 2024 ) . PLANILHA DE ACORDOS DE COOPERA\u00c7\u00c3O T\u00c9CNICA &#8211; OUTUBRO 2022<\/p>\n","protected":false},"author":210,"featured_media":0,"parent":0,"menu_order":0,"comment_status":"closed","ping_status":"closed","template":"","meta":{"advgb_blocks_editor_width":"","advgb_blocks_columns_visual_guide":"","kt_blocks_editor_width":""},"featured_image_urls":{"full":"","thumbnail":"","medium":"","medium_large":"","large":"","1536x1536":"","2048x2048":""},"post_excerpt_stackable":"<p>. . PLANILHA DE ACORDOS DE COOPERA\u00c7\u00c3O T\u00c9CNICA &#8211; ACT &#8230;&#8230;( ATUALIZADA EM 22 DE JULHO DE 2024 ) . PLANILHA DE ACORDOS DE COOPERA\u00c7\u00c3O T\u00c9CNICA &#8211; OUTUBRO 2022<\/p>\n","category_list":"","author_info":{"name":"Valdomiro Santos da Silva Filho","url":"https:\/\/www.lai.pe.gov.br\/iterpe\/author\/valdomirosantos\/"},"comments_num":"0 coment\u00e1rio","_links":{"self":[{"href":"https:\/\/www.lai.pe.gov.br\/iterpe\/wp-json\/wp\/v2\/pages\/2531"}],"collection":[{"href":"https:\/\/www.lai.pe.gov.br\/iterpe\/wp-json\/wp\/v2\/pages"}],"about":[{"href":"https:\/\/www.lai.pe.gov.br\/iterpe\/wp-json\/wp\/v2\/types\/page"}],"author":[{"embeddable":true,"href":"https:\/\/www.lai.pe.gov.br\/iterpe\/wp-json\/wp\/v2\/users\/210"}],"replies":[{"embeddable":true,"href":"https:\/\/www.lai.pe.gov.br\/iterpe\/wp-json\/wp\/v2\/comments?post=2531"}],"version-history":[{"count":69,"href":"https:\/\/www.lai.pe.gov.br\/iterpe\/wp-json\/wp\/v2\/pages\/2531\/revisions"}],"predecessor-version":[{"id":8300,"href":"https:\/\/www.lai.pe.gov.br\/iterpe\/wp-json\/wp\/v2\/pages\/2531\/revisions\/8300"}],"wp:attachment":[{"href":"https:\/\/www.lai.pe.gov.br\/iterpe\/wp-json\/wp\/v2\/media?parent=2531"}],"curies":[{"name":"wp","href":"https:\/\/api.w.org\/{rel}","templated":true}]}}