{"id":197,"date":"2019-03-25T10:04:32","date_gmt":"2019-03-25T13:04:32","guid":{"rendered":"https:\/\/www.lai.pe.gov.br\/iterpe\/?page_id=197"},"modified":"2026-03-03T10:41:41","modified_gmt":"2026-03-03T13:41:41","slug":"informacoes-classificadas","status":"publish","type":"page","link":"https:\/\/www.lai.pe.gov.br\/iterpe\/informacoes-classificadas\/","title":{"rendered":"INFORMA\u00c7\u00d5ES CLASSIFICADAS"},"content":{"rendered":"\n<figure class=\"wp-block-image size-large is-resized\"><img loading=\"lazy\" src=\"https:\/\/www.lai.pe.gov.br\/iterpe\/wp-content\/uploads\/sites\/39\/2025\/01\/image-40.png\" alt=\"\" class=\"wp-image-6280\" width=\"1450\" height=\"191\" \/><\/figure>\n\n\n<div id=\"\" class=\"wp-block-ugb-blockquote ugb-blockquote ugb-17967da ugb-blockquote--v3 ugb-blockquote--design-plain ugb-main-block\">\n\n<div class=\"ugb-inner-block\">\n<div class=\"ugb-block-content\">\n<div class=\"ugb-blockquote__item\">\n<div class=\"ugb-blockquote__content\">\n<h3 class=\"ugb-blockquote__text\"><strong>De acordo com o art. 29 do Decreto 38.787 de 30 de outubro de 2012 consideram-se informa\u00e7\u00f5es imprescind\u00edveis \u00e0 seguran\u00e7a da sociedade ou do Estado, cuja divulga\u00e7\u00e3o ou acesso irrestrito possam: <\/strong><\/h3>\n<p><\/p>\n<p><strong>I &#8211; p\u00f4r em risco a vida, a seguran\u00e7a ou a sa\u00fade da popula\u00e7\u00e3o;<\/strong><\/p>\n<p><strong>II &#8211; prejudicar ou causar risco a planos ou opera\u00e7\u00f5es<\/strong> <strong>estrat\u00e9gicos de \u00f3rg\u00e3os de seguran\u00e7a p\u00fablica do Estado;<\/strong><\/p>\n<p><strong>III &#8211; prejudicar ou causar risco a projetos de pesquisa e desenvolvimento cient\u00edfico ou tecnol\u00f3gico, assim como a sistemas, bens, instala\u00e7\u00f5es ou \u00e1reas de interesse estrat\u00e9gico estadual;<\/strong><\/p>\n<p><strong>IV &#8211; p\u00f4r em risco a seguran\u00e7a de institui\u00e7\u00f5es ou de autoridades estaduais; ou<\/strong><\/p>\n<p><strong>V &#8211; comprometer atividades de intelig\u00eancia, bem como de investiga\u00e7\u00e3o ou fiscaliza\u00e7\u00e3o em andamento, relacionadas \u00e0 preven\u00e7\u00e3o ou \u00e0 repress\u00e3o de infra\u00e7\u00f5es.<\/strong><\/p>\n<p>.<\/p>\n<p>.<\/p>\n<\/div>\n<\/div>\n<\/div>\n<\/div>\n<\/div>\n\n\n<div class=\"wp-block-group\"><div class=\"wp-block-group__inner-container\">\n<div class=\"wp-block-group\"><div class=\"wp-block-group__inner-container\">\n<h3><strong><em>O ITERPE n\u00e3o possui informa\u00e7\u00f5es classificadas como sigilosas.<\/em> <\/strong><\/h3>\n<\/div><\/div>\n<\/div><\/div>\n\n\n\n<div style=\"height:30px\" aria-hidden=\"true\" class=\"wp-block-spacer\"><\/div>\n\n\n\n<p><\/p>\n<style class=\"advgb-styles-renderer\">.ugb-17967da .ugb-blockquote__quote{width:70px !important;height:70px !important}<\/style>","protected":false},"excerpt":{"rendered":"<p>De acordo com o art. 29 do Decreto 38.787 de 30 de outubro de 2012 consideram-se informa\u00e7\u00f5es imprescind\u00edveis \u00e0 seguran\u00e7a da sociedade ou do Estado, cuja divulga\u00e7\u00e3o ou acesso irrestrito possam: I &#8211; p\u00f4r em risco a vida, a seguran\u00e7a ou a sa\u00fade da popula\u00e7\u00e3o; II &#8211; prejudicar ou causar risco a planos ou opera\u00e7\u00f5es [&hellip;]<\/p>\n","protected":false},"author":4,"featured_media":0,"parent":0,"menu_order":0,"comment_status":"closed","ping_status":"closed","template":"","meta":{"advgb_blocks_editor_width":"","advgb_blocks_columns_visual_guide":"","kt_blocks_editor_width":""},"featured_image_urls":{"full":"","thumbnail":"","medium":"","medium_large":"","large":"","1536x1536":"","2048x2048":""},"post_excerpt_stackable":"<p>De acordo com o art. 29 do Decreto 38.787 de 30 de outubro de 2012 consideram-se informa\u00e7\u00f5es imprescind\u00edveis \u00e0 seguran\u00e7a da sociedade ou do Estado, cuja divulga\u00e7\u00e3o ou acesso irrestrito possam: I &#8211; p\u00f4r em risco a vida, a seguran\u00e7a ou a sa\u00fade da popula\u00e7\u00e3o; II &#8211; prejudicar ou causar risco a planos ou opera\u00e7\u00f5es estrat\u00e9gicos de \u00f3rg\u00e3os de seguran\u00e7a p\u00fablica do Estado; III &#8211; prejudicar ou causar risco a projetos de pesquisa e desenvolvimento cient\u00edfico ou tecnol\u00f3gico, assim como a sistemas, bens, instala\u00e7\u00f5es ou \u00e1reas de interesse estrat\u00e9gico estadual; IV &#8211; p\u00f4r em risco a seguran\u00e7a de institui\u00e7\u00f5es ou&hellip;<\/p>\n","category_list":"","author_info":{"name":"Admin","url":"https:\/\/www.lai.pe.gov.br\/iterpe\/author\/admintemp\/"},"comments_num":"0 coment\u00e1rio","_links":{"self":[{"href":"https:\/\/www.lai.pe.gov.br\/iterpe\/wp-json\/wp\/v2\/pages\/197"}],"collection":[{"href":"https:\/\/www.lai.pe.gov.br\/iterpe\/wp-json\/wp\/v2\/pages"}],"about":[{"href":"https:\/\/www.lai.pe.gov.br\/iterpe\/wp-json\/wp\/v2\/types\/page"}],"author":[{"embeddable":true,"href":"https:\/\/www.lai.pe.gov.br\/iterpe\/wp-json\/wp\/v2\/users\/4"}],"replies":[{"embeddable":true,"href":"https:\/\/www.lai.pe.gov.br\/iterpe\/wp-json\/wp\/v2\/comments?post=197"}],"version-history":[{"count":88,"href":"https:\/\/www.lai.pe.gov.br\/iterpe\/wp-json\/wp\/v2\/pages\/197\/revisions"}],"predecessor-version":[{"id":8317,"href":"https:\/\/www.lai.pe.gov.br\/iterpe\/wp-json\/wp\/v2\/pages\/197\/revisions\/8317"}],"wp:attachment":[{"href":"https:\/\/www.lai.pe.gov.br\/iterpe\/wp-json\/wp\/v2\/media?parent=197"}],"curies":[{"name":"wp","href":"https:\/\/api.w.org\/{rel}","templated":true}]}}