{"id":1693,"date":"2021-02-08T11:39:03","date_gmt":"2021-02-08T14:39:03","guid":{"rendered":"https:\/\/www.lai.pe.gov.br\/iterpe\/?page_id=1693"},"modified":"2026-03-03T10:48:42","modified_gmt":"2026-03-03T13:48:42","slug":"protecao-de-dados-pessoais","status":"publish","type":"page","link":"https:\/\/www.lai.pe.gov.br\/iterpe\/protecao-de-dados-pessoais\/","title":{"rendered":"PROTE\u00c7\u00c3O DE DADOS PESSOAIS &#8211; (LEI GERAL DE PROTE\u00c7\u00c3O DE DADOS &#8211; LGPD)"},"content":{"rendered":"\n<figure class=\"wp-block-image size-large is-resized\"><img loading=\"lazy\" src=\"https:\/\/www.lai.pe.gov.br\/iterpe\/wp-content\/uploads\/sites\/39\/2025\/01\/image-54.png\" alt=\"\" class=\"wp-image-6348\" width=\"1450\" height=\"191\" \/><\/figure>\n\n\n\n<p>.<\/p>\n\n\n\n<h3 class=\"has-text-align-center\"><strong>LEI GERAL DE PROTE\u00c7\u00c3O DE DADOS &#8211; LGPD<\/strong><\/h3>\n\n\n\n<h3 class=\"has-text-align-center\"><strong><a href=\"https:\/\/www.lai.pe.gov.br\/iterpe\/wp-content\/uploads\/sites\/39\/2026\/02\/Publicacao_da_Portaria_nA___002.2026_Etica_LGPD_e_Gestao_de_Risco.pdf\">PORTARIA N\u00ba 002, de 16\/01\/2026<\/a><\/strong><\/h3>\n\n\n\n<h4 class=\"has-text-align-center\"><strong><a href=\"https:\/\/www.lai.pe.gov.br\/iterpe\/wp-content\/uploads\/sites\/39\/2026\/02\/Publicacao_da_Portaria_nA___002.2026_Etica_LGPD_e_Gestao_de_Risco.pdf\">(Clique para visualizar)<\/a><\/strong><\/h4>\n\n\n\n<p>.<\/p>\n\n\n\n<h3 class=\"has-text-align-left\">Designa  a servidora p\u00fablica <strong>Ver\u00f4nica da Concei\u00e7\u00e3o Padilha Reis<\/strong>, v\u00ednculo funcional n\u00ba 26697\/05, para exercer o encargo de <strong>Encarregada de Prote\u00e7\u00e3o de Dados e Monitoramento das adequa\u00e7\u00f5es \u00e0 Lei Geral de Prote\u00e7\u00e3o de Dados Pessoais &#8211; LGPD<\/strong>, em substitui\u00e7\u00e3o a <strong>George Luiz de Oliveira.<\/strong><\/h3>\n\n\n\n<h3><br><\/h3>\n\n\n\n<div class=\"wp-block-ugb-team-member ugb-team-member ugb-e8495ef ugb-team-member--v3 ugb-team-member--design-basic ugb-team-member--columns-3 ugb-main-block\" id=\"\"><div class=\"ugb-inner-block\"><div class=\"ugb-block-content\"><div class=\"ugb-team-member__item ugb-team-member__item1 ugb--shadow-3\"><div class=\"ugb-team-member__content\"><p class=\"ugb-team-member__description\"><br><\/p><\/div><\/div><div class=\"ugb-team-member__item ugb-team-member__item2 ugb--shadow-3\"><div class=\"ugb-team-member__image\"><img class=\"ugb-img wp-image-8261 ugb-img--shape\" src=\"https:\/\/www.lai.pe.gov.br\/iterpe\/wp-content\/uploads\/sites\/39\/2026\/02\/IMG-20260223-WA00252.jpg\" width=\"150\" \/><\/div><div class=\"ugb-team-member__content\"><p class=\"ugb-team-member__description\"><strong>VER\u00d4NICA DA CONCEI\u00c7\u00c3O PADILHA REIS<\/strong><br><br><strong>SUPERVISORA S\u00cdMBOLO FGA-2;<\/strong><br>.<strong><br>ENCARREGADA DA LEI GERAL DE PROTE\u00c7\u00c3O DE DADOS &#8211; LGPD<\/strong>;<br>.<br><strong>PRESIDENTE DA COMISS\u00c3O DE \u00c9TICA P\u00daBLICA;<\/strong><br>.<br><strong>PRESIDENTE DO COMIT\u00ca INTERNO DE GOVERNAN\u00c7A PARA GEST\u00c3O DE RISCOS NAS CONTRATA\u00c7\u00d5ES P\u00daBLICAS;<\/strong><br>.<br><br><br><strong>Email:<\/strong><br><strong>veronica.padilha@iterpe.pe.gov.br<\/strong><br><br><strong>Telefones:<br>(81) 3184 5222<\/strong><br><strong>(81) 3184 5210<\/strong><br><strong><strong>(81) 3184 5220<\/strong><br><br><\/strong><\/p><\/div><\/div><div class=\"ugb-team-member__item ugb-team-member__item3 ugb--shadow-3\"><div class=\"ugb-team-member__content\"><p class=\"ugb-team-member__description\"><strong><br><\/strong><\/p><\/div><\/div><\/div><\/div><\/div>\n\n\n\n<p>.<\/p>\n\n\n\n<p>.<\/p>\n\n\n\n<p>.<\/p>\n\n\n\n<p>.<\/p>\n\n\n\n<figure class=\"wp-block-image size-large is-resized\"><img loading=\"lazy\" src=\"https:\/\/www.lai.pe.gov.br\/iterpe\/wp-content\/uploads\/sites\/39\/2025\/01\/image-54.png\" alt=\"\" class=\"wp-image-6348\" width=\"1450\" height=\"191\" \/><\/figure>\n\n\n\n<p>.<\/p>\n\n\n\n<h2 class=\"has-text-align-center\"><strong>PORTARIAS ANTERIORES<\/strong><\/h2>\n\n\n\n<p>.<\/p>\n\n\n\n<p>.<\/p>\n\n\n\n<p>.<\/p>\n\n\n\n<p>.<\/p>\n\n\n\n<h3 class=\"has-text-align-center\"><strong>LEI GERAL DE PROTE\u00c7\u00c3O DE DADOS &#8211; LGPD<\/strong><\/h3>\n\n\n\n<h3 class=\"has-text-align-center\"><strong><a href=\"https:\/\/www.lai.pe.gov.br\/iterpe\/wp-content\/uploads\/sites\/39\/2024\/11\/Portaria-021.2024-LGPD.pdf\">PORTARIA N\u00ba 021, de 22\/11\/2024<\/a><\/strong><\/h3>\n\n\n\n<h4 class=\"has-text-align-center\"><strong><a href=\"https:\/\/www.lai.pe.gov.br\/iterpe\/wp-content\/uploads\/sites\/39\/2024\/11\/Portaria-021.2024-LGPD.pdf\">(Clique para visualizar)<\/a><\/strong><\/h4>\n\n\n\n<p>.<\/p>\n\n\n\n<h3 class=\"has-text-align-left\"><strong>Designa Servidores para as Fun\u00e7\u00f5es de Encarregado e Suplente da Lei de Prote\u00e7\u00e3o de Dados e Monitoramento das adequa\u00e7\u00f5es \u00e0 Lei Geral de Prote\u00e7\u00e3o de Dados Pessoais-LGPD<\/strong><\/h3>\n\n\n\n<h3>.<br><strong>Art.1\u00ba<\/strong> Designar o servidor <strong>George Luiz de Oliveira<\/strong>, assistente, matr\u00edcula: 2189178\/03, e-mail: george.oliveiral@iterpe.pe.gov.br, telefone: (81) 3184-5220, para exercer a fun\u00e7\u00e3o de Encarregado de Prote\u00e7\u00e3o de Dados e Monitoramento das adequa\u00e7\u00f5es \u00e0 Lei Geral de Prote\u00e7\u00e3o de Dados Pessoais-LGPD, em substitui\u00e7\u00e3o \u00e0 <strong>Fernanda Guedes Gon\u00e7alves de Azevedo Pereira de Lemos.<\/strong><\/h3>\n\n\n\n<h3>.<br><strong>Art. 2\u00ba<\/strong> Designar a servidora <strong>Fernanda Guedes Gon\u00e7alves de Azevedo Pereira de Lemos<\/strong>, analista, matr\u00edcula: 2197413\/04, telefone: (81) 3184-5222, e-mail: fernanda.gazevedo@iterpe.pe.gov.br, como suplente.<\/h3>\n\n\n\n<p>.<\/p>\n\n\n\n<p>.<\/p>\n\n\n\n<p>.<\/p>\n\n\n\n<p>.<\/p>\n\n\n\n<p>.<\/p>\n\n\n\n<p>.<\/p>\n\n\n\n<p>.<\/p>\n\n\n\n<p>.<\/p>\n\n\n\n<h3 class=\"has-text-align-center\"><strong>LEI GERAL DE PROTE\u00c7\u00c3O DE DADOS &#8211; LGPD<\/strong><\/h3>\n\n\n\n<h3 class=\"has-text-align-center\"><strong>RECONDU\u00c7\u00c3O DE SERVIDORA<\/strong><\/h3>\n\n\n\n<h3 class=\"has-text-align-center\"><a href=\"https:\/\/www.lai.pe.gov.br\/iterpe\/wp-content\/uploads\/sites\/39\/2024\/09\/Publicacao-da-Portaria-015.2024-LGPD-Iterpe.pdf\" target=\"_blank\" rel=\"noreferrer noopener\"><strong>PORTARIA N\u00ba 015 de 13\/09\/2024 <\/strong> <\/a><\/h3>\n\n\n\n<h4 class=\"has-text-align-center\"><strong><a href=\"https:\/\/www.lai.pe.gov.br\/iterpe\/wp-content\/uploads\/sites\/39\/2024\/09\/Publicacao-da-Portaria-015.2024-LGPD-Iterpe.pdf\">(Clique aqui para visualizar)<\/a><\/strong><\/h4>\n\n\n\n<h3 class=\"has-text-align-center\">Reconduziu a servidora <strong>Fernanda Guedes Gon\u00e7alves de Azevedo Pereira de Lemos<\/strong>, analista, matr\u00edcula: 122920, telefone: (81) 3184-5222, e-mail: fernanda.gazevedo@iterpe.pe.gov.br, para exercer a fun\u00e7\u00e3o de <strong>Encarregada de Prote\u00e7\u00e3o de Dados e Monitoramento das adequa\u00e7\u00f5es \u00e0 Lei Geral de Prote\u00e7\u00e3o de Dados Pessoais-LGPD.<\/strong><\/h3>\n\n\n\n<p>.<\/p>\n\n\n\n<p>.<\/p>\n\n\n\n<p>.<\/p>\n\n\n\n<p>.<\/p>\n\n\n\n<p>.<\/p>\n\n\n\n<p>.<\/p>\n\n\n\n<p>.<\/p>\n\n\n\n<p>.<\/p>\n\n\n\n<h3 class=\"has-text-align-center\"><strong>LEI GERAL DE PROTE\u00c7\u00c3O DE DADOS &#8211; LGPD<\/strong><\/h3>\n\n\n\n<h3 class=\"has-text-align-center\"><a href=\"https:\/\/www.lai.pe.gov.br\/iterpe\/wp-content\/uploads\/sites\/39\/2023\/10\/Publicacao_3FJC0O7DNG-GZ8URL2WUI-P2TH9ZW2VI.pdf\"><strong>PORTARIA N\u00ba 018 de 16\/10\/2023<\/strong> <\/a><\/h3>\n\n\n\n<h4 class=\"has-text-align-center\"><strong><a href=\"https:\/\/www.lai.pe.gov.br\/iterpe\/wp-content\/uploads\/sites\/39\/2023\/10\/Publicacao_3FJC0O7DNG-GZ8URL2WUI-P2TH9ZW2VI.pdf\">(Clique aqui para visualizar)<\/a><\/strong><\/h4>\n\n\n\n<p><\/p>\n\n\n\n<h3 class=\"has-text-align-left\">Designou a servidora <strong>Fernanda Guedes Gon\u00e7alves de Azevedo Pereira de Lemos<\/strong>, matr\u00edcula 12292-0, para exercer a fun\u00e7\u00e3o de <strong>Encarregada da Lei Geral de Prote\u00e7\u00e3o de Dados &#8211; LGPD<\/strong>.<\/h3>\n\n\n\n<p>.<\/p>\n\n\n\n<p>.<\/p>\n\n\n\n<p>.<\/p>\n\n\n\n<p>.<\/p>\n\n\n\n<p>.<\/p>\n\n\n\n<p>.<\/p>\n\n\n\n<p>.<\/p>\n\n\n\n<p><\/p>\n\n\n\n<div style=\"height:33px\" aria-hidden=\"true\" class=\"wp-block-spacer\"><\/div>\n\n\n\n<figure class=\"wp-block-image size-large\"><img src=\"https:\/\/www.lai.pe.gov.br\/scge\/wp-content\/uploads\/sites\/2\/2021\/05\/direitos.png\" alt=\"\" class=\"wp-image-1495\" \/><\/figure>\n\n\n\n<div id=\"kt-info-box_6d1a9e-a0\" class=\"wp-block-kadence-infobox\"><a class=\"kt-blocks-info-box-link-wrap kt-blocks-info-box-media-align-top kt-info-halign-center\" target=\"_blank\" rel=\"noopener noreferrer\" href=\"https:\/\/www.scge.pe.gov.br\/ouvidoria-geral\/\"><div class=\"kt-blocks-info-box-media-container\"><div class=\"kt-blocks-info-box-media kt-info-media-animate-none\"><div class=\"kadence-info-box-icon-container kt-info-icon-animate-none\"><div class=\"kadence-info-box-icon-inner-container\"><span style=\"display:block;justify-content:center;align-items:center\" class=\"kt-info-svg-icon kt-info-svg-icon-ic_audio\"><svg viewbox=\"0 0 8 8\" height=\"50\" width=\"50\" xmlns=\"http:\/\/www.w3.org\/2000\/svg\"><path d=\"M1.16 0c-.72.72-1.16 1.71-1.16 2.81s.43 2.12 1.16 2.84l.72-.72c-.54-.54-.88-1.29-.88-2.13 0-.83.33-1.55.88-2.09l-.72-.72zm5.69 0l-.72.72c.54.54.88 1.26.88 2.09 0 .83-.33 1.58-.88 2.13l.72.72c.72-.72 1.16-1.74 1.16-2.84 0-1.1-.43-2.09-1.16-2.81zm-4.25 1.41c-.36.36-.59.86-.59 1.41 0 .55.23 1.08.59 1.44l.69-.72c-.18-.18-.28-.44-.28-.72 0-.28.1-.5.28-.69l-.69-.72zm2.81 0l-.69.72c.18.18.28.41.28.69 0 .28-.1.54-.28.72l.69.72c.36-.36.59-.89.59-1.44 0-.55-.23-1.05-.59-1.41z\"><\/path><\/svg><\/span><\/div><\/div><\/div><\/div><div class=\"kt-infobox-textcontent\"><h2 class=\"kt-blocks-info-box-title\">Ouvidoria- Geral do Estado de Pernambuco<\/h2><p class=\"kt-blocks-info-box-text\">Use este espa\u00e7o para \u00a0encaminhar den\u00fancias, reclama\u00e7\u00f5es, elogios, sugest\u00f5es e pedidos de informa\u00e7\u00e3o referentes a procedimentos e a\u00e7\u00f5es de agentes, \u00f3rg\u00e3os e entidades do Executivo estadual<\/p><div class=\"kt-blocks-info-box-learnmore-wrap\"><span class=\"kt-blocks-info-box-learnmore\">Clique Aqui<\/span><\/div><\/div><\/a><\/div>\n<style class=\"advgb-styles-renderer\">.ugb-e8495ef .ugb-team-member__item{border-radius:12px !important}.ugb-e8495ef .ugb-img{width:150px;height:150px !important;-webkit-mask-image:url('data:image\/svg+xml;base64,PHN2ZyB2aWV3Qm94PSIwIDAgMTAwIDEwMCIgeG1sbnM9Imh0dHA6Ly93d3cudzMub3JnLzIwMDAvc3ZnIj48Y2lyY2xlIGN4PSI1MCIgY3k9IjUwIiByPSI1MCI+PC9jaXJjbGU+PC9zdmc+');mask-image:url('data:image\/svg+xml;base64,PHN2ZyB2aWV3Qm94PSIwIDAgMTAwIDEwMCIgeG1sbnM9Imh0dHA6Ly93d3cudzMub3JnLzIwMDAvc3ZnIj48Y2lyY2xlIGN4PSI1MCIgY3k9IjUwIiByPSI1MCI+PC9jaXJjbGU+PC9zdmc+')}.ugb-e8495ef .ugb-team-member__image{width:150px !important}#kt-info-box_6d1a9e-a0 .kt-blocks-info-box-link-wrap {border-radius:10px;background:rgba(74, 103, 149, 1);}#kt-info-box_6d1a9e-a0 .kt-blocks-info-box-link-wrap:hover {border-color:rgba(238, 238, 238, 1);background:rgba(74, 103, 149, 1);}#kt-info-box_6d1a9e-a0 .kt-info-svg-icon, #kt-info-box_6d1a9e-a0 .kt-blocks-info-box-number {font-size:50px;}#kt-info-box_6d1a9e-a0 .kt-blocks-info-box-media {color:#ffffff;background:transparent;border-color:#ffffff;border-width:0px 0px 0px 0px;padding:10px 10px 10px 10px;}#kt-info-box_6d1a9e-a0 .kt-blocks-info-box-media-container {margin:0px 15px 0px 15px;}#kt-info-box_6d1a9e-a0 .kt-blocks-info-box-link-wrap:hover .kt-blocks-info-box-media {color:#ffffff;background:transparent;border-color:#444444;}#kt-info-box_6d1a9e-a0 .kt-blocks-info-box-title {color:#ffffff;}#kt-info-box_6d1a9e-a0 .kt-blocks-info-box-text {color:#ffffff;}#kt-info-box_6d1a9e-a0 .kt-blocks-info-box-learnmore {background:#ffffff;border-color:#ffffff;border-width:0px 0px 0px 0px;padding:4px 8px 4px 8px;margin:10px 0px 10px 0px;}#kt-info-box_6d1a9e-a0 .kt-blocks-info-box-link-wrap:hover .kt-blocks-info-box-learnmore {color:#000000;background:#ffffff;border-color:#444444;}<\/style>","protected":false},"excerpt":{"rendered":"<p>. LEI GERAL DE PROTE\u00c7\u00c3O DE DADOS &#8211; LGPD PORTARIA N\u00ba 002, de 16\/01\/2026 (Clique para visualizar) . Designa a servidora p\u00fablica Ver\u00f4nica da Concei\u00e7\u00e3o Padilha Reis, v\u00ednculo funcional n\u00ba 26697\/05, para exercer o encargo de Encarregada de Prote\u00e7\u00e3o de Dados e Monitoramento das adequa\u00e7\u00f5es \u00e0 Lei Geral de Prote\u00e7\u00e3o de Dados Pessoais &#8211; LGPD, [&hellip;]<\/p>\n","protected":false},"author":126,"featured_media":0,"parent":0,"menu_order":0,"comment_status":"closed","ping_status":"closed","template":"","meta":{"advgb_blocks_editor_width":"","advgb_blocks_columns_visual_guide":"","kt_blocks_editor_width":""},"featured_image_urls":{"full":"","thumbnail":"","medium":"","medium_large":"","large":"","1536x1536":"","2048x2048":""},"post_excerpt_stackable":"<p>. LEI GERAL DE PROTE\u00c7\u00c3O DE DADOS &#8211; LGPD PORTARIA N\u00ba 002, de 16\/01\/2026 (Clique para visualizar) . Designa a servidora p\u00fablica Ver\u00f4nica da Concei\u00e7\u00e3o Padilha Reis, v\u00ednculo funcional n\u00ba 26697\/05, para exercer o encargo de Encarregada de Prote\u00e7\u00e3o de Dados e Monitoramento das adequa\u00e7\u00f5es \u00e0 Lei Geral de Prote\u00e7\u00e3o de Dados Pessoais &#8211; LGPD, em substitui\u00e7\u00e3o a George Luiz de Oliveira. VER\u00d4NICA DA CONCEI\u00c7\u00c3O PADILHA REISSUPERVISORA S\u00cdMBOLO FGA-2;.ENCARREGADA DA LEI GERAL DE PROTE\u00c7\u00c3O DE DADOS &#8211; LGPD;.PRESIDENTE DA COMISS\u00c3O DE \u00c9TICA P\u00daBLICA;.PRESIDENTE DO COMIT\u00ca INTERNO DE GOVERNAN\u00c7A PARA GEST\u00c3O DE RISCOS NAS CONTRATA\u00c7\u00d5ES P\u00daBLICAS;.Email:veronica.padilha@iterpe.pe.gov.brTelefones:(81) 3184 5222(81) 3184 5210(81) 3184&hellip;<\/p>\n","category_list":"","author_info":{"name":"flaviaaguiar","url":"https:\/\/www.lai.pe.gov.br\/iterpe\/author\/flaviaaguiar\/"},"comments_num":"0 coment\u00e1rio","_links":{"self":[{"href":"https:\/\/www.lai.pe.gov.br\/iterpe\/wp-json\/wp\/v2\/pages\/1693"}],"collection":[{"href":"https:\/\/www.lai.pe.gov.br\/iterpe\/wp-json\/wp\/v2\/pages"}],"about":[{"href":"https:\/\/www.lai.pe.gov.br\/iterpe\/wp-json\/wp\/v2\/types\/page"}],"author":[{"embeddable":true,"href":"https:\/\/www.lai.pe.gov.br\/iterpe\/wp-json\/wp\/v2\/users\/126"}],"replies":[{"embeddable":true,"href":"https:\/\/www.lai.pe.gov.br\/iterpe\/wp-json\/wp\/v2\/comments?post=1693"}],"version-history":[{"count":113,"href":"https:\/\/www.lai.pe.gov.br\/iterpe\/wp-json\/wp\/v2\/pages\/1693\/revisions"}],"predecessor-version":[{"id":8334,"href":"https:\/\/www.lai.pe.gov.br\/iterpe\/wp-json\/wp\/v2\/pages\/1693\/revisions\/8334"}],"wp:attachment":[{"href":"https:\/\/www.lai.pe.gov.br\/iterpe\/wp-json\/wp\/v2\/media?parent=1693"}],"curies":[{"name":"wp","href":"https:\/\/api.w.org\/{rel}","templated":true}]}}