{"id":163,"date":"2019-03-25T09:03:44","date_gmt":"2019-03-25T12:03:44","guid":{"rendered":"https:\/\/www.lai.pe.gov.br\/iterpe\/?page_id=163"},"modified":"2026-03-03T10:38:32","modified_gmt":"2026-03-03T13:38:32","slug":"auditorias","status":"publish","type":"page","link":"https:\/\/www.lai.pe.gov.br\/iterpe\/auditorias\/","title":{"rendered":"AUDITORIAS E CONTROLE INTERNO DO ITERPE"},"content":{"rendered":"\n<p>.<\/p>\n\n\n\n<p>.<\/p>\n\n\n\n<h1 class=\"has-text-align-center\"><strong>AUDITORIAS<\/strong><\/h1>\n\n\n\n<h2 class=\"has-text-align-center\"><\/h2>\n\n\n\n<div id=\"kt-info-box_ecf1e7-d0\" class=\"wp-block-kadence-infobox\"><a class=\"kt-blocks-info-box-link-wrap kt-blocks-info-box-media-align-left kt-info-halign-center\" target=\"_blank\" rel=\"noopener noreferrer\" href=\"http:\/\/web.transparencia.pe.gov.br\/fiscalizacao-e-controle\/resultados-de-auditoria-de-implementacao-de-recomendacao-air\/\"><div class=\"kt-blocks-info-box-media-container\"><div class=\"kt-blocks-info-box-media kt-info-media-animate-none\"><div class=\"kadence-info-box-icon-container kt-info-icon-animate-none\"><div class=\"kadence-info-box-icon-inner-container\"><span style=\"display:block;justify-content:center;align-items:center\" class=\"kt-info-svg-icon kt-info-svg-icon-fas_search\"><svg viewbox=\"0 0 512 512\" height=\"50\" width=\"50\" xmlns=\"http:\/\/www.w3.org\/2000\/svg\"><path d=\"M505 442.7L405.3 343c-4.5-4.5-10.6-7-17-7H372c27.6-35.3 44-79.7 44-128C416 93.1 322.9 0 208 0S0 93.1 0 208s93.1 208 208 208c48.3 0 92.7-16.4 128-44v16.3c0 6.4 2.5 12.5 7 17l99.7 99.7c9.4 9.4 24.6 9.4 33.9 0l28.3-28.3c9.4-9.4 9.4-24.6.1-34zM208 336c-70.7 0-128-57.2-128-128 0-70.7 57.2-128 128-128 70.7 0 128 57.2 128 128 0 70.7-57.2 128-128 128z\"><\/path><\/svg><\/span><\/div><\/div><\/div><\/div><div class=\"kt-infobox-textcontent\"><h4 class=\"kt-blocks-info-box-title\"><em>Para obter informa\u00e7\u00f5es referentes ao resultado de inspe\u00e7\u00f5es, auditorias, presta\u00e7\u00f5es e tomadas de contas realizadas no Instituto de Terras e Reforma Agr\u00e1ria de Pernambuco &#8211; ITERPE, atrav\u00e9s da Secretaria da Controladoria Geral do Estado (SCGE-PE).<\/em><\/h4><div class=\"kt-blocks-info-box-learnmore-wrap\"><span class=\"kt-blocks-info-box-learnmore\">Clique aqui!<\/span><\/div><\/div><\/a><\/div>\n\n\n\n<blockquote class=\"wp-block-ugb-blockquote ugb-blockquote ugb-f6aba22 ugb-blockquote--v3 ugb-blockquote--design-plain ugb-main-block\" id=\"\"><div class=\"ugb-inner-block\"><div class=\"ugb-block-content\"><div class=\"ugb-blockquote__item\"><svg viewbox=\"0 0 50 50\" xmlns=\"http:\/\/www.w3.org\/2000\/svg\" class=\"ugb-blockquote__quote\" width=\"70\" height=\"70\"><path d=\"M19.8 9.3C10.5 11.8 4.6 17 2.1 24.8c2.3-3.6 5.6-5.4 9.9-5.4 3.3 0 6 1.1 8.3 3.3 2.2 2.2 3.4 5 3.4 8.3 0 3.2-1.1 5.8-3.3 8-2.2 2.2-5.1 3.2-8.7 3.2-3.7 0-6.5-1.2-8.6-3.5C1 36.3 0 33.1 0 29 0 18.3 6.5 11.2 19.6 7.9l.2 1.4zm26.4 0C36.9 11.9 31 17 28.5 24.8c2.2-3.6 5.5-5.4 9.8-5.4 3.2 0 6 1.1 8.3 3.2 2.3 2.2 3.4 4.9 3.4 8.3 0 3.1-1.1 5.8-3.3 7.9-2.2 2.2-5.1 3.3-8.6 3.3-3.7 0-6.6-1.1-8.6-3.4-2.1-2.3-3.1-5.5-3.1-9.7 0-10.7 6.6-17.8 19.7-21.1l.1 1.4z\"><\/path><\/svg><div class=\"ugb-blockquote__content\"><p class=\"ugb-blockquote__text\"><strong>Para obter informa\u00e7\u00f5es referentes ao resultado de INSPE\u00c7\u00d5ES, AUDITORIAS E PRESTA\u00c7\u00d5ES DE CONTAS E TOMADAS DE CONTAS realizadas no Instituto de Terras e Reforma Agr\u00e1ria do Estado de Pernambuco (ITERPE), atrav\u00e9s do Tribunal de Contas do Estado (TCE-PE), <a href=\"http:\/\/www.tce.pe.gov.br\/internet\/index.php\/cidadaoprocessos\">CLIQUE AQUI<\/a>, selecionando a op\u00e7\u00e3o de pesquisa &#8220;Por Org\u00e3o\/Unidade Gestora&#8221;, optando por consultar o Instituto de Terras e Reforma Agr\u00e1ria do Estado.<\/strong><br><br><br><br> <\/p><\/div><\/div><\/div><\/div><\/blockquote>\n\n\n\n<div class=\"wp-block-image\"><figure class=\"aligncenter size-large is-resized\"><img loading=\"lazy\" src=\"https:\/\/www.lai.pe.gov.br\/iterpe\/wp-content\/uploads\/sites\/39\/2025\/01\/image-27.png\" alt=\"\" class=\"wp-image-6241\" width=\"1448\" height=\"191\" \/><\/figure><\/div>\n\n\n\n<h3 class=\"has-text-align-center\"><strong>AUTORIZA\u00c7\u00c3O PARA CONTRATA\u00c7\u00c3O DIRETA<\/strong><\/h3>\n\n\n\n<h3 class=\"has-text-align-left\"><a href=\"https:\/\/www.lai.pe.gov.br\/iterpe\/wp-content\/uploads\/sites\/39\/2025\/05\/Autorizacao.pdf\">Autoriza\u00e7\u00e3o para deflagra\u00e7\u00e3o do processo de Contrata\u00e7\u00e3o Direta, Dispensa de Licita\u00e7\u00e3o, com fundamento no Art. 75, incido II da Lei 14.133\/21, a fim de contratar empresa especializada na presta\u00e7\u00e3o de assessoria e execu\u00e7\u00e3o de servi\u00e7os de natureza Cont\u00e1bil, Financeira, Fiscal, Patrimonial, de Presta\u00e7\u00e3o de Contas e Conv\u00eanio para o Instituto de Terras e Reforma Agr\u00e1ria do Estado de Pernambuco &#8211; ITERPE, em conformidade com \u00e0s exig\u00eancias da legisla\u00e7\u00e3o pertinente, considerando as normas e procedimentos legais.<\/a><\/h3>\n\n\n\n<h4 class=\"has-text-align-center\"><a href=\"https:\/\/www.lai.pe.gov.br\/iterpe\/wp-content\/uploads\/sites\/39\/2025\/05\/Autorizacao.pdf\"><strong>(Clique para visualizar)<\/strong><\/a><\/h4>\n\n\n\n<p>.<\/p>\n\n\n\n<p>.<\/p>\n\n\n\n<p>.<\/p>\n\n\n\n<h3 class=\"has-text-align-center\"><strong>ATO DE RATIFICA\u00c7\u00c3O PARA COMPRA DIRETA<\/strong><\/h3>\n\n\n\n<h3 class=\"has-text-align-center\"><a href=\"https:\/\/www.lai.pe.gov.br\/iterpe\/wp-content\/uploads\/sites\/39\/2025\/05\/Ato_de_Ratificacao.pdf\">Ato de Ratifica\u00e7\u00e3o de Compra Direta n\u00ba 0002.2025.CCD.DL.0002.ITERPE<\/a><\/h3>\n\n\n\n<h3><a href=\"https:\/\/www.lai.pe.gov.br\/iterpe\/wp-content\/uploads\/sites\/39\/2025\/05\/Ato_de_Ratificacao.pdf\">DISPENSA para contrata\u00e7\u00e3o de empresa especializada na presta\u00e7\u00e3o de assessoria e execu\u00e7\u00e3o de servi\u00e7os de natureza Cont\u00e1bil, Financeira, Fiscal, Patrimonial, de Presta\u00e7\u00e3o de Contas e Conv\u00eanio., em favor da empresa: RBO CONSULTORES &amp; AUDITORES LTDA<\/a><\/h3>\n\n\n\n<h4 class=\"has-text-align-center\"><strong><a href=\"https:\/\/www.lai.pe.gov.br\/iterpe\/wp-content\/uploads\/sites\/39\/2025\/05\/Ato_de_Ratificacao.pdf\">(Clique para visualizar)<\/a><\/strong><\/h4>\n\n\n\n<p>.<\/p>\n\n\n\n<p>.<\/p>\n\n\n\n<p>.<\/p>\n\n\n\n<h3 class=\"has-text-align-center\"><strong>NOTA DE EMPENHO<\/strong><\/h3>\n\n\n\n<h3 class=\"has-text-align-center\"><a href=\"https:\/\/www.lai.pe.gov.br\/iterpe\/wp-content\/uploads\/sites\/39\/2025\/05\/Nota_de_Emepnho_RBO.pdf\"><strong>Nota de Empenho<\/strong><\/a> <a href=\"https:\/\/www.lai.pe.gov.br\/iterpe\/wp-content\/uploads\/sites\/39\/2025\/05\/Nota_de_Emepnho_RBO.pdf\"><strong>n\u00ba 2025NE000093 do ITERPE de 14\/05\/2025<\/strong><\/a><\/h3>\n\n\n\n<h3 class=\"has-text-align-center\"><a href=\"https:\/\/www.lai.pe.gov.br\/iterpe\/wp-content\/uploads\/sites\/39\/2025\/05\/Nota_de_Emepnho_RBO.pdf\"><strong>CREDOR : RBO CONSULTORES &amp; AUDITORES LTDA<\/strong><\/a><\/h3>\n\n\n\n<h4 class=\"has-text-align-center\"><a href=\"https:\/\/www.lai.pe.gov.br\/iterpe\/wp-content\/uploads\/sites\/39\/2025\/05\/Nota_de_Emepnho_RBO.pdf\"><strong>(Clique para visualizar)<\/strong><\/a><\/h4>\n\n\n\n<p>.<\/p>\n\n\n\n<p>.<\/p>\n\n\n\n<p>.<\/p>\n\n\n\n<p>.<\/p>\n\n\n\n<div class=\"wp-block-image\"><figure class=\"aligncenter size-large is-resized\"><img loading=\"lazy\" src=\"https:\/\/www.lai.pe.gov.br\/iterpe\/wp-content\/uploads\/sites\/39\/2025\/01\/image-27.png\" alt=\"\" class=\"wp-image-6241\" width=\"1448\" height=\"191\" \/><\/figure><\/div>\n\n\n\n<p><\/p>\n\n\n\n<h3 class=\"has-text-align-center\"><strong><a href=\"https:\/\/www.lai.pe.gov.br\/iterpe\/wp-content\/uploads\/sites\/39\/2025\/05\/Portaria-Iterpe-no-009.2025-Ordem-Cronologica-de-Pagamento-das-Obrigacoes.pdf\">PORTARIA N\u00ba 009, DE 12 DE MAIO DE 2025<\/a><\/strong><\/h3>\n\n\n\n<h4 class=\"has-text-align-center\"><strong><a href=\"https:\/\/www.lai.pe.gov.br\/iterpe\/wp-content\/uploads\/sites\/39\/2025\/05\/Portaria-Iterpe-no-009.2025-Ordem-Cronologica-de-Pagamento-das-Obrigacoes.pdf\">(Clique para visualizar)<\/a><\/strong><\/h4>\n\n\n\n<h4 class=\"has-text-align-center\"><strong>Disp\u00f5e sobre a observ\u00e2ncia da ordem cronol\u00f3gica de pagamento das obriga\u00e7\u00f5es relativas ao fornecimento de bens, loca\u00e7\u00f5es, presta\u00e7\u00e3o de servi\u00e7os e realiza\u00e7\u00e3o de obras, no \u00e2mbito do Instituto de Terras e Reforma Agr\u00e1ria do Estado de Pernambuco \u2013 ITERPE.<\/strong><\/h4>\n\n\n\n<p>.<\/p>\n\n\n\n<p>.<\/p>\n\n\n\n<p>.<\/p>\n\n\n\n<h3 class=\"has-text-align-center\"><strong><a href=\"https:\/\/www.lai.pe.gov.br\/iterpe\/wp-content\/uploads\/sites\/39\/2025\/05\/Publicacao-do-Extrato-da-Portaria-no-009.2025-Ordem-Cronologica-de-Pagamentos.pdf\">EXTRATO DA PORTARIA N\u00ba 009, DE 12 DE MAIO DE 2025<\/a><\/strong><\/h3>\n\n\n\n<h4 class=\"has-text-align-center\"><strong><a href=\"https:\/\/www.lai.pe.gov.br\/iterpe\/wp-content\/uploads\/sites\/39\/2025\/05\/Publicacao-do-Extrato-da-Portaria-no-009.2025-Ordem-Cronologica-de-Pagamentos.pdf\">(Clique para visualizar)<\/a><\/strong><\/h4>\n\n\n\n<h4 class=\"has-text-align-center\"><strong>Estabelece, no \u00e2mbito do ITERPE, a ordem cronol\u00f3gica quanto \u00e0s obriga\u00e7\u00f5es decorrentes de contratos regidos pelas Leis Federais n\u00ba 8.666\/1993 e 14.133\/2021, seguindo o padr\u00e3o da portaria SCGE n\u00ba 20, de 27 de fevereiro de 2025.<\/strong><\/h4>\n\n\n\n<p>.<\/p>\n\n\n\n<p>.<\/p>\n\n\n\n<div class=\"wp-block-image\"><figure class=\"aligncenter size-large is-resized\"><img loading=\"lazy\" src=\"https:\/\/www.lai.pe.gov.br\/iterpe\/wp-content\/uploads\/sites\/39\/2025\/01\/image-27.png\" alt=\"\" class=\"wp-image-6241\" width=\"1448\" height=\"191\" \/><\/figure><\/div>\n\n\n\n<p>.<\/p>\n\n\n\n<p>.<\/p>\n\n\n\n<p>.<\/p>\n\n\n\n<h1 class=\"has-text-align-center\"><strong>CONTROLE INTERNO<\/strong> <\/h1>\n\n\n\n<p>.<\/p>\n\n\n\n<h3 class=\"has-text-align-center\"><strong>Substitui\u00e7\u00e3o do Titular da Unidade de Controle Interno<\/strong> do <strong>ITERPE<\/strong><\/h3>\n\n\n\n<p><\/p>\n\n\n\n<h3 class=\"has-text-align-center\"><strong><a href=\"https:\/\/www.lai.pe.gov.br\/iterpe\/wp-content\/uploads\/sites\/39\/2025\/05\/Publicacao-da-Portaria-no-008.2025-UCI.pdf\">PORTARIA N\u00ba 008, DE 12\/05\/2025 E PUBLICADA NO DI\u00c1RIO OFICIAL DE PERNAMBUCO EM 14\/05\/2025<\/a><\/strong><\/h3>\n\n\n\n<h4 class=\"has-text-align-center\"><strong><a href=\"https:\/\/www.lai.pe.gov.br\/iterpe\/wp-content\/uploads\/sites\/39\/2025\/05\/Publicacao-da-Portaria-no-008.2025-UCI.pdf\">(Clique para visualizar)<\/a><\/strong><\/h4>\n\n\n\n<h3>Designa o servidor <strong>Manoel Saraiva Marques<\/strong>, Assistente T\u00e9cnico de Pesquisa e Extens\u00e3o, matr\u00edcula n\u00ba 2187434\/02, e-mail: manoel.saraiva@iterpe.pe.gov.br, telefone: (81) 3184-5220, para responder como titular da Unidade de Controle Interno, em substitui\u00e7\u00e3o a <strong>Fernanda Guedes Gon\u00e7alves de Azevedo Pereira de Lemos. <\/strong><\/h3>\n\n\n\n<p><\/p>\n\n\n\n<div class=\"wp-block-ugb-team-member ugb-team-member ugb-492e136 ugb-team-member--v3 ugb-team-member--design-basic ugb-team-member--columns-3 ugb-main-block\" id=\"\"><div class=\"ugb-inner-block\"><div class=\"ugb-block-content\"><div class=\"ugb-team-member__item ugb-team-member__item1 ugb--shadow-3\"><div class=\"ugb-team-member__content\"><p class=\"ugb-team-member__description\"><br><\/p><\/div><\/div><div class=\"ugb-team-member__item ugb-team-member__item2 ugb--shadow-3\"><div class=\"ugb-team-member__image\"><img class=\"ugb-img wp-image-7215 ugb-img--shape\" src=\"https:\/\/www.lai.pe.gov.br\/iterpe\/wp-content\/uploads\/sites\/39\/2025\/06\/IMG-20250611-WA00311.jpg\" width=\"150\" \/><\/div><div class=\"ugb-team-member__content\"><p class=\"ugb-team-member__description\"><strong>MANOEL SARAIVA MARQUES<\/strong><br><br><strong>TITULAR DO CONTROLE INTERNO<\/strong> <strong>DO ITERPE<\/strong><br>.<br><strong>E EXERCE FUN\u00c7\u00c3O GRATIFICADA DE SUPERVIS\u00c3O 1<\/strong><br><strong><br>E-mail: manoel.saraiva@iterpe.pe.gov.br<\/strong><br><strong>Telefones:<\/strong><br><strong>(81) 3184 5220<\/strong><\/p><\/div><\/div><div class=\"ugb-team-member__item ugb-team-member__item3 ugb--shadow-3\"><div class=\"ugb-team-member__content\"><p class=\"ugb-team-member__description\"><br><\/p><\/div><\/div><\/div><\/div><\/div>\n\n\n\n<div class=\"wp-block-image\"><figure class=\"aligncenter size-large is-resized\"><img loading=\"lazy\" src=\"https:\/\/www.lai.pe.gov.br\/iterpe\/wp-content\/uploads\/sites\/39\/2025\/01\/image-27.png\" alt=\"\" class=\"wp-image-6241\" width=\"1432\" height=\"191\" \/><\/figure><\/div>\n\n\n\n<h3 class=\"has-text-align-center\"><strong>Dispensa de Servidores das fun\u00e7\u00f5es na Unidade de Controle Interno<\/strong><\/h3>\n\n\n\n<h3 class=\"has-text-align-center\"><strong><a href=\"https:\/\/www.lai.pe.gov.br\/iterpe\/wp-content\/uploads\/sites\/39\/2025\/09\/PORTARIA-No-016-DE-23-DE-SETEMBRO-DE-2025-UCI.pdf\">PORTARIA N\u00ba 016, DE 23\/09\/2025 E PUBLICADA NO DI\u00c1RIO OFICIAL DE PERNAMBUCO EM 24\/09\/2025<\/a><\/strong><\/h3>\n\n\n\n<h4 class=\"has-text-align-center\"><strong><a href=\"https:\/\/www.lai.pe.gov.br\/iterpe\/wp-content\/uploads\/sites\/39\/2025\/09\/PORTARIA-No-016-DE-23-DE-SETEMBRO-DE-2025-UCI.pdf\">(Clique para visualizar)<\/a><\/strong><\/h4>\n\n\n\n<h4><br>O Diretor-Presidente do Instituto de Terras e Reforma Agr\u00e1ria do Estado de Pernambuco \u2013 ITERPE, nomeado pelo Ato Governamental n\u00ba 3423, de 24\/05\/2024, publicado no DOE\/PE de 25\/05\/2024, no uso de suas atribui\u00e7\u00f5es, conferidas pela Lei n\u00ba 13.900\/2009, de acordo com o inciso IV, art. 11, do Regulamento aprovado pelo Decreto n\u00ba 34.497\/2009; e em observ\u00e2ncia ao Decreto n\u00ba 47.087\/2019, <strong>RESOLVE:<\/strong><\/h4>\n\n\n\n<p><\/p>\n\n\n\n<h4>Dispensar <strong>Fernanda Guedes Gon\u00e7alves de Azevedo Pereira de Lemos e Francisco de Assis Lopes de Aguiar<\/strong> do exerc\u00edcio das fun\u00e7\u00f5es na Unidade de Controle Interno, a partir de 18\/09\/2025.<br><\/h4>\n\n\n\n<h4 class=\"has-text-align-center\"><strong>Cleodon Ricardo de Souza Lima<br>Diretor-President<\/strong>e<\/h4>\n\n\n\n<p>.<\/p>\n\n\n\n<div class=\"wp-block-image\"><figure class=\"aligncenter size-large is-resized\"><img loading=\"lazy\" src=\"https:\/\/www.lai.pe.gov.br\/iterpe\/wp-content\/uploads\/sites\/39\/2025\/01\/image-27.png\" alt=\"\" class=\"wp-image-6241\" width=\"1448\" height=\"191\" \/><\/figure><\/div>\n\n\n\n<p>.<\/p>\n\n\n\n<h3 class=\"has-text-align-center\"><strong>GOVERNO DO ESTADO DE PERNAMBUCO<\/strong><\/h3>\n\n\n\n<p><\/p>\n\n\n\n<h3 class=\"has-text-align-center\"><a href=\"https:\/\/www.lai.pe.gov.br\/iterpe\/wp-content\/uploads\/sites\/39\/2025\/09\/ISI-No-002.2025-Sergio-Membro_Adjunto_da_UCI.pdf\"><strong>SECRETARIA DE DESENVOLVIMENTO AGR\u00c1RIO, AGRICULTURA, PECU\u00c1RIA E PESCA &#8211; SDA<\/strong><br><strong>INSTITUTO DE TERRAS E REFORMA AGR\u00c1RIA DO ESTADO DE PERNAMBUCO \u2013 ITERPE<br>INSTRU\u00c7\u00c3O DE SERVI\u00c7O INTERNO &#8211; ISI N\u00ba 002\/2025, DE 23 DE SETEMBRO DE 2025<\/strong><\/a><\/h3>\n\n\n\n<h4 class=\"has-text-align-left\"><strong>O Diretor-Presidente<\/strong> do Instituto de Terras e Reforma Agr\u00e1ria do Estado de Pernambuco \u2013 <strong>ITERPE<\/strong>, nomeado pelo Ato Governamental n\u00ba 3423, de 24\/05\/2024, publicado no DOE\/PE de 25\/05\/2024, no uso de suas atribui\u00e7\u00f5es, conferidas pela Lei n\u00ba 13.900, de 27 de outubro de 2009, de acordo com o inciso IV, art. 11, do Regulamento aprovado pelo Decreto n\u00ba 34.497, de 31 de dezembro de 2009; e em observ\u00e2ncia ao Decreto n\u00ba 47.087\/2019, <strong>RESOLVE:<\/strong><\/h4>\n\n\n\n<h4>.<br><strong>Art. 1\u00ba<\/strong> Atribuir a <strong>S\u00c9RGIO GUSTAVO ANDRADE DA CRUZ GOUVEIA<\/strong>, T\u00e9cnico Administrativo &#8211; N\u00edvel II, terceirizado, inscrito no CPF: 021.723.444-51, portador do RG: 5.057.511, SSP\/PE, telefone: (81) 3184-5222, o exerc\u00edcio das suas atividades de apoio como <strong>membro adjunto da Unidade de Controle Interno.<\/strong><\/h4>\n\n\n\n<p>.<\/p>\n\n\n\n<p>.<\/p>\n\n\n\n<p>.<\/p>\n\n\n\n<p>.<\/p>\n\n\n\n<p>.<\/p>\n\n\n\n<div class=\"wp-block-image\"><figure class=\"aligncenter size-large is-resized\"><img loading=\"lazy\" src=\"https:\/\/www.lai.pe.gov.br\/iterpe\/wp-content\/uploads\/sites\/39\/2025\/01\/image-27.png\" alt=\"\" class=\"wp-image-6241\" width=\"1448\" height=\"191\" \/><\/figure><\/div>\n\n\n\n<p>.<\/p>\n\n\n\n<h3 class=\"has-text-align-center\"><strong><a href=\"https:\/\/www.lai.pe.gov.br\/iterpe\/wp-content\/uploads\/sites\/39\/2023\/10\/Publicacao-da-Portaria-no-017.2023-de-02-de-outubro-de-2023.pdf\">PORTARIA N\u00ba 017 de 02\/10\/2023 <\/a><\/strong><\/h3>\n\n\n\n<h4 class=\"has-text-align-center\"><strong><a href=\"https:\/\/www.lai.pe.gov.br\/iterpe\/wp-content\/uploads\/sites\/39\/2023\/10\/Publicacao-da-Portaria-no-017.2023-de-02-de-outubro-de-2023.pdf\">(Clique aqui para visualizar)<\/a><\/strong><\/h4>\n\n\n\n<p>.<\/p>\n\n\n\n<h3 class=\"has-text-align-center\"><strong><a href=\"https:\/\/www.lai.pe.gov.br\/iterpe\/wp-content\/uploads\/sites\/39\/2023\/10\/Publicacao-da-Portaria-no-017.2023-de-02-de-outubro-de-2023.pdf\">A Portaria n\u00ba 017 de 02\/10\/2023, <\/a><\/strong>designa a servidora <strong>Fernanda Guedes Gon\u00e7alves de Azevedo<\/strong> <strong>Pereira de Lemos<\/strong>, matr\u00edcula <strong>12292-0<\/strong>, abaixo identificada, para responder como <strong>Titular do Controle Interno do ITERPE<\/strong>.<\/h3>\n\n\n\n<p>.<\/p>\n\n\n\n<p>.<\/p>\n\n\n\n<div class=\"wp-block-image\"><figure class=\"aligncenter size-large is-resized\"><img loading=\"lazy\" src=\"https:\/\/www.lai.pe.gov.br\/iterpe\/wp-content\/uploads\/sites\/39\/2025\/01\/image-27.png\" alt=\"\" class=\"wp-image-6241\" width=\"1448\" height=\"191\" \/><\/figure><\/div>\n\n\n\n<p>.<\/p>\n\n\n\n<p>.<\/p>\n\n\n\n<h2 class=\"has-text-align-center\"><strong>Constitui\u00e7\u00e3o da<\/strong> <strong>Comiss\u00e3o Patrimonial de Desfazimento \u2013 CPD<\/strong><\/h2>\n\n\n\n<h4 class=\"has-text-align-center\"><strong><a href=\"https:\/\/www.lai.pe.gov.br\/iterpe\/wp-content\/uploads\/sites\/39\/2025\/05\/Publicacao-da-Portaria-no-007.2025-CPD.pdf\">(Clique para visualizar)<\/a><\/strong><\/h4>\n\n\n\n<h3 class=\"has-text-align-center\"><strong><a href=\"https:\/\/www.lai.pe.gov.br\/iterpe\/wp-content\/uploads\/sites\/39\/2025\/05\/Publicacao-da-Portaria-no-007.2025-CPD.pdf\">PORTARIA N\u00ba 007, DE 12\/05\/2025 E PUBLICADA NO DI\u00c1RIO OFICIAL DE PERNAMBUCO EM 14\/05\/2025<\/a><\/strong><\/h3>\n\n\n\n<h4>O Diretor-Presidente do Instituto de Terras e Reforma Agr\u00e1ria do Estado de Pernambuco \u2013 ITERPE, no uso de suas atribui\u00e7\u00f5es, conferidas pelo Ato Governamental n\u00ba 3423, de 24\/05\/2024, publicado no DOE\/PE de 25\/05\/2024, <strong>RESOLVE:<\/strong><\/h4>\n\n\n\n<h4>Constituir a <strong>Comiss\u00e3o Patrimonial de Desfazimento \u2013 CPD<\/strong> com a atribui\u00e7\u00e3o de relacionar os bens m\u00f3veis inserv\u00edveis; remover as etiquetas patrimoniais e adesivos institucionais dos bens m\u00f3veis e encaminh\u00e1-los para descarte; avaliar e atestar as condi\u00e7\u00f5es dos bens m\u00f3veis quanto \u00e0 inservibilidade; recomendar a destina\u00e7\u00e3o dos bens m\u00f3veis avaliados; e elaborar Relat\u00f3rio de Bens M\u00f3veis Inserv\u00edveis \u2013 RBMI e\/ou Relat\u00f3rio de Ve\u00edculo Inserv\u00edvel \u2013 RVI, al\u00e9m de outras, conforme Portaria SAD n\u00ba 505, do dia 14 de fevereiro de 2017 e atualiza\u00e7\u00f5es. <br><\/h4>\n\n\n\n<p>.<\/p>\n\n\n\n<p>.<\/p>\n\n\n\n<div class=\"wp-block-image\"><figure class=\"aligncenter size-large is-resized\"><img loading=\"lazy\" src=\"https:\/\/www.lai.pe.gov.br\/iterpe\/wp-content\/uploads\/sites\/39\/2025\/01\/image-27.png\" alt=\"\" class=\"wp-image-6241\" width=\"1448\" height=\"191\" \/><\/figure><\/div>\n\n\n\n<h2 class=\"has-text-align-left\"><\/h2>\n\n\n\n<h2 class=\"has-text-align-left\">PLANILHA DE CONTRATOS PARA CONTROLE INTERNO &#8211; EXERC\u00cdCIO 2025<\/h2>\n\n\n\n<h4><a href=\"https:\/\/www.lai.pe.gov.br\/iterpe\/wp-content\/uploads\/sites\/39\/2025\/03\/ATUAL-MARCO-CONTRATOS-10.03.2025.xlsx\"><strong>QUADRO DEMONSTRATIVO DE CONTRATOS PARA CONTROLE INTERNO &#8211; ATUALIZADO EM 10\/03\/2025<\/strong><\/a><\/h4>\n\n\n\n<p>.<\/p>\n\n\n\n<p>.<\/p>\n\n\n\n<p>.<\/p>\n\n\n\n<p>.<\/p>\n\n\n\n<p>.<\/p>\n\n\n\n<h2 class=\"has-text-align-left\">PLANILHA DE CONTRATOS PARA CONTROLE INTERNO &#8211; EXERC\u00cdCIO 2024<\/h2>\n\n\n\n<h2 class=\"has-text-align-center\"><\/h2>\n\n\n\n<h4><a href=\"https:\/\/www.lai.pe.gov.br\/iterpe\/wp-content\/uploads\/sites\/39\/2024\/10\/ATUAL-OUTUBRO-PLANILHA-CONTRATOS-2024-1.xlsx\"><strong>QUADRO DEMONSTRATIVO DE CONTRATOS PARA CONTROLE INTERNO &#8211; ATUALIZADO EM OUTUBRO 2024<\/strong><\/a><\/h4>\n\n\n\n<h4><strong><a href=\"https:\/\/www.lai.pe.gov.br\/iterpe\/wp-content\/uploads\/sites\/39\/2024\/07\/ATUAL-JULHO-CONTROLE-INTERNO-2024.xlsx\">QUADRO DEMONSTRATIVO DE CONTRATOS PARA CONTROLE INTERNO &#8211; ATUALIZADO EM JULHO 2024<\/a><\/strong><\/h4>\n\n\n\n<h4><a href=\"https:\/\/www.lai.pe.gov.br\/iterpe\/wp-content\/uploads\/sites\/39\/2024\/06\/CONTROLE-INTERNO-2024.xlsx\"><strong>QUADRO DEMONSTRATIVO DE CONTRATOS PARA CONTROLE INTERNO &#8211;<\/strong> <strong>ATUALIZADO EM JUNHO 2024<\/strong><\/a><\/h4>\n\n\n\n<h4><strong><a href=\"https:\/\/www.lai.pe.gov.br\/iterpe\/wp-content\/uploads\/sites\/39\/2024\/03\/MARCO-CONTROLE-INTERNO-.2024.xlsx\">QUADRO DEMONSTRATIVO DE CONTRATOS PARA CONTROLE INTERNO &#8211; ATUALIZADO EM MAR\u00c7O 2024<\/a><\/strong><\/h4>\n\n\n\n<h4 class=\"has-text-align-left\"><strong><a href=\"https:\/\/www.lai.pe.gov.br\/iterpe\/wp-content\/uploads\/sites\/39\/2024\/02\/ATUAL-SIM-FEVEREIRO-CONTROLE-INTERNO-2024.xlsx\">QUADRO DEMONSTRATIVO DE CONTRATOS PARA CONTROLE INTERNO &#8211; ATUALIZADO EM FEVEREIRO 2024<\/a><\/strong><\/h4>\n\n\n\n<h4 class=\"has-text-align-left\"><strong><a href=\"https:\/\/www.lai.pe.gov.br\/iterpe\/wp-content\/uploads\/sites\/39\/2024\/01\/PLANILHA-CONTROLE-INTERNO-CONTRATOS-10.01.2024.xlsx\">QUADRO DEMONSTRATIVO DE CONTRATOS PARA CONTROLE INTERNO &#8211; ATUALIZADO EM JANEIRO 2024<\/a><\/strong><\/h4>\n\n\n\n<p class=\"has-text-align-center\"><\/p>\n\n\n\n<p><\/p>\n\n\n\n<h2 class=\"has-text-align-center\"><\/h2>\n\n\n\n<p class=\"has-medium-font-size\"><\/p>\n<style class=\"advgb-styles-renderer\">#kt-info-box_ecf1e7-d0 .kt-blocks-info-box-link-wrap {border-radius:20px;background:rgba(10, 102, 137, 1);padding:24px 24px 24px 24px;border-width:5px 5px 5px 5px;}#kt-info-box_ecf1e7-d0 .kt-blocks-info-box-link-wrap:hover {border-color:rgba(238, 238, 238, 1);background:rgba(10, 102, 137, 1);}#kt-info-box_ecf1e7-d0 .kt-info-svg-icon, #kt-info-box_ecf1e7-d0 .kt-blocks-info-box-number {font-size:50px;}#kt-info-box_ecf1e7-d0 .kt-blocks-info-box-media {color:#444444;background:#ffffff;border-color:#eeeeee;border-radius:200px;border-width:5px 5px 5px 5px;padding:20px 20px 20px 20px;margin:0px 20px 0px 0px;}#kt-info-box_ecf1e7-d0 .kt-blocks-info-box-media img {border-radius:200px;}#kt-info-box_ecf1e7-d0 .kt-blocks-info-box-link-wrap:hover .kt-blocks-info-box-media {color:#444444;background:#ffffff;border-color:#eeeeee;}#kt-info-box_ecf1e7-d0 .kt-blocks-info-box-title {color:#ffffff;padding:0px 0px 0px 0px;margin:5px 0px 10px 0px;}#kt-info-box_ecf1e7-d0 .kt-blocks-info-box-learnmore {color:#ffffff;background:transparent;border-color:#555555;border-width:0px 0px 0px 0px;padding:4px 8px 4px 8px;margin:10px 0px 10px 0px;}#kt-info-box_ecf1e7-d0 .kt-blocks-info-box-link-wrap:hover .kt-blocks-info-box-learnmore {color:#ffffff;background:#abb8c3;border-color:#444444;}.ugb-f6aba22 .ugb-blockquote__quote{width:70px !important;height:70px !important}.ugb-492e136 .ugb-team-member__item{border-radius:12px !important}.ugb-492e136 .ugb-img{width:150px;height:150px !important;-webkit-mask-image:url('data:image\/svg+xml;base64,PHN2ZyB2aWV3Qm94PSIwIDAgMTAwIDEwMCIgeG1sbnM9Imh0dHA6Ly93d3cudzMub3JnLzIwMDAvc3ZnIj48Y2lyY2xlIGN4PSI1MCIgY3k9IjUwIiByPSI1MCI+PC9jaXJjbGU+PC9zdmc+');mask-image:url('data:image\/svg+xml;base64,PHN2ZyB2aWV3Qm94PSIwIDAgMTAwIDEwMCIgeG1sbnM9Imh0dHA6Ly93d3cudzMub3JnLzIwMDAvc3ZnIj48Y2lyY2xlIGN4PSI1MCIgY3k9IjUwIiByPSI1MCI+PC9jaXJjbGU+PC9zdmc+')}.ugb-492e136 .ugb-team-member__image{width:150px !important}<\/style>","protected":false},"excerpt":{"rendered":"<p>. . AUDITORIAS AUTORIZA\u00c7\u00c3O PARA CONTRATA\u00c7\u00c3O DIRETA Autoriza\u00e7\u00e3o para deflagra\u00e7\u00e3o do processo de Contrata\u00e7\u00e3o Direta, Dispensa de Licita\u00e7\u00e3o, com fundamento no Art. 75, incido II da Lei 14.133\/21, a fim de contratar empresa especializada na presta\u00e7\u00e3o de assessoria e execu\u00e7\u00e3o de servi\u00e7os de natureza Cont\u00e1bil, Financeira, Fiscal, Patrimonial, de Presta\u00e7\u00e3o de Contas e Conv\u00eanio para [&hellip;]<\/p>\n","protected":false},"author":1,"featured_media":0,"parent":0,"menu_order":0,"comment_status":"closed","ping_status":"closed","template":"","meta":{"advgb_blocks_editor_width":"","advgb_blocks_columns_visual_guide":"","kt_blocks_editor_width":""},"featured_image_urls":{"full":"","thumbnail":"","medium":"","medium_large":"","large":"","1536x1536":"","2048x2048":""},"post_excerpt_stackable":"<p>. . AUDITORIAS Para obter informa\u00e7\u00f5es referentes ao resultado de inspe\u00e7\u00f5es, auditorias, presta\u00e7\u00f5es e tomadas de contas realizadas no Instituto de Terras e Reforma Agr\u00e1ria de Pernambuco &#8211; ITERPE, atrav\u00e9s da Secretaria da Controladoria Geral do Estado (SCGE-PE).Clique aqui! Para obter informa\u00e7\u00f5es referentes ao resultado de INSPE\u00c7\u00d5ES, AUDITORIAS E PRESTA\u00c7\u00d5ES DE CONTAS E TOMADAS DE CONTAS realizadas no Instituto de Terras e Reforma Agr\u00e1ria do Estado de Pernambuco (ITERPE), atrav\u00e9s do Tribunal de Contas do Estado (TCE-PE), CLIQUE AQUI, selecionando a op\u00e7\u00e3o de pesquisa &#8220;Por Org\u00e3o\/Unidade Gestora&#8221;, optando por consultar o Instituto de Terras e Reforma Agr\u00e1ria do Estado. AUTORIZA\u00c7\u00c3O&hellip;<\/p>\n","category_list":"","author_info":{"name":"nilo.martins","url":"https:\/\/www.lai.pe.gov.br\/iterpe\/author\/nilo-martins\/"},"comments_num":"0 coment\u00e1rio","_links":{"self":[{"href":"https:\/\/www.lai.pe.gov.br\/iterpe\/wp-json\/wp\/v2\/pages\/163"}],"collection":[{"href":"https:\/\/www.lai.pe.gov.br\/iterpe\/wp-json\/wp\/v2\/pages"}],"about":[{"href":"https:\/\/www.lai.pe.gov.br\/iterpe\/wp-json\/wp\/v2\/types\/page"}],"author":[{"embeddable":true,"href":"https:\/\/www.lai.pe.gov.br\/iterpe\/wp-json\/wp\/v2\/users\/1"}],"replies":[{"embeddable":true,"href":"https:\/\/www.lai.pe.gov.br\/iterpe\/wp-json\/wp\/v2\/comments?post=163"}],"version-history":[{"count":153,"href":"https:\/\/www.lai.pe.gov.br\/iterpe\/wp-json\/wp\/v2\/pages\/163\/revisions"}],"predecessor-version":[{"id":8303,"href":"https:\/\/www.lai.pe.gov.br\/iterpe\/wp-json\/wp\/v2\/pages\/163\/revisions\/8303"}],"wp:attachment":[{"href":"https:\/\/www.lai.pe.gov.br\/iterpe\/wp-json\/wp\/v2\/media?parent=163"}],"curies":[{"name":"wp","href":"https:\/\/api.w.org\/{rel}","templated":true}]}}