{"id":10,"date":"2019-03-13T16:53:48","date_gmt":"2019-03-13T19:53:48","guid":{"rendered":"https:\/\/www.lai.pe.gov.br\/iterpe\/?page_id=10"},"modified":"2026-03-03T10:39:11","modified_gmt":"2026-03-03T13:39:11","slug":"competencias","status":"publish","type":"page","link":"https:\/\/www.lai.pe.gov.br\/iterpe\/competencias\/","title":{"rendered":"COMPET\u00caNCIAS E FINALIDADES \/  LEGISLA\u00c7\u00c3O APLIC\u00c1VEL"},"content":{"rendered":"\n<figure class=\"wp-block-image size-large is-resized\"><img loading=\"lazy\" src=\"https:\/\/www.lai.pe.gov.br\/iterpe\/wp-content\/uploads\/sites\/39\/2025\/01\/image-29.png\" alt=\"\" class=\"wp-image-6248\" width=\"1446\" height=\"191\" \/><\/figure>\n\n\n\n<p>.<\/p>\n\n\n\n<h3>DOCUMENTOS<\/h3>\n\n\n\n<p>.<\/p>\n\n\n\n<h3>Aloca\u00e7\u00e3o e Denomina\u00e7\u00e3o de Cargos em Comiss\u00e3o e Fun\u00e7\u00f5es Gratificadas<\/h3>\n\n\n\n<h3><a href=\"https:\/\/www.lai.pe.gov.br\/iterpe\/wp-content\/uploads\/sites\/39\/2023\/04\/Decreto-54.410-2023.pdf\">DECRETO N\u00ba 54.410 DE 24\/01\/2023 &#8211; ANEXO III<\/a><\/h3>\n\n\n\n<h3>Aloca e denomina os <span style=\"color: #000000\" class=\"ugb-highlight\">cargos em comiss\u00e3o e fun\u00e7\u00f5es gratificadas<\/span> na Secretaria de Desenvolvimento Agr\u00e1rio, Agricultura, Pecu\u00e1ria e Pesca e vinculadas que indica,<\/h3>\n\n\n\n<p>.<\/p>\n\n\n\n<h3><\/h3>\n\n\n\n<h4><strong>A GOVERNADORA DO ESTADO, no uso das atribui\u00e7\u00f5es que lhe s\u00e3o conferidas pelo inciso IV do art. 37 da Constitui\u00e7\u00e3o Estadual, CONSIDERANDO a necessidade de adequa\u00e7\u00e3o ao disposto na Lei n\u00ba 18.139, de 18 de janeiro de 2023, que disp\u00f5e sobre a estrutura e o funcionamento do Poder Executivo do Estado de Pernambuco,<br><\/strong>.<\/h4>\n\n\n\n<p class=\"has-text-align-center\">                                     <strong>    DECRETA:<\/strong><\/p>\n\n\n\n<h4><strong><br>                               Art.    1\u00ba Ficam alocados e denominados, na estrutura da Secretaria de Desenvolvimento Agr\u00e1rio, Agricultura, Pecu\u00e1ria e Pesca e vinculadas os cargos em comiss\u00e3o e as fun\u00e7\u00f5es gratificadas do Poder Executivo Estadual de que trata a Lei n\u00ba 18.139, de 18 de janeiro de 2023, na forma do Anexo \u00danico.<\/strong><\/h4>\n\n\n\n<p>.<\/p>\n\n\n\n<h4>                              <strong> Art.    2\u00ba Este Decreto entra em vigor na data de sua publica\u00e7\u00e3o, retroagindo seus efeitos a 1\u00ba de janeiro de 2023. Pal\u00e1cio do Campo das Princesas, Recife, 24 de janeiro do ano de 2023, 206\u00ba da Revolu\u00e7\u00e3o Republicana Constitucionalista e 201\u00ba da Independ\u00eancia do Brasil.<\/strong><\/h4>\n\n\n\n<h4 class=\"has-text-align-center\"><strong><br>                                                          RAQUEL TEIXEIRA LYRA LUCENA<br>                                                                     Governadora do Estado<br>                                                            ANA MARA\u00cdZA DE SOUSA SILVA<br>                                              T\u00daLIO FREDERICO TEN\u00d3RIO VILA\u00c7A RODRIGUES<br>                                                                BIANCA FERREIRA TEIXEIRA<\/strong><br><\/h4>\n\n\n\n<p>.<\/p>\n\n\n\n<p>.<\/p>\n\n\n\n<p><\/p>\n\n\n\n<figure class=\"wp-block-image size-large is-resized\"><img loading=\"lazy\" src=\"https:\/\/www.lai.pe.gov.br\/iterpe\/wp-content\/uploads\/sites\/39\/2025\/01\/image-30.png\" alt=\"\" class=\"wp-image-6251\" width=\"1450\" height=\"191\" \/><\/figure>\n\n\n\n<p>.<\/p>\n\n\n\n<h2>Manual de Servi\u00e7os do ITERPE<\/h2>\n\n\n\n<h3><a href=\"https:\/\/www.lai.pe.gov.br\/iterpe\/wp-content\/uploads\/sites\/39\/2023\/04\/Z-MANUAL-DE-SERVICOS-DO-ITERPE.pdf\">DECRETO N\u00ba 34.758 DE 23\/03\/2010 &#8211; ANEXO I<\/a> <strong> <\/strong><\/h3>\n\n\n\n<p><strong>APROVA O MANUAL DE SERVI\u00c7OS DO INSTITUTO DE TERRAS E REFORMA AGR\u00c1RIA DO ESTADO DE PE &#8211; ITERPE<\/strong><\/p>\n\n\n\n<p>.<\/p>\n\n\n\n<p>.<\/p>\n\n\n\n<h2>Lei de Terras  <\/h2>\n\n\n\n<h3><a href=\"https:\/\/www.lai.pe.gov.br\/iterpe\/wp-content\/uploads\/sites\/39\/2023\/04\/Z-LEI-DE-TERRAS-12235.2002.pdf\">Lei n\u00ba 12.235 de 26\/06\/2002<\/a><\/h3>\n\n\n\n<p><strong>Art. 4\u00ba \u00c9 dever do Poder P\u00fablico:<br>I &#8211; oferecer ao agricultor familiar condi\u00e7\u00f5es de acesso a terra economicamente \u00fatil e, de<br>prefer\u00eancia, na regi\u00e3o em que habita;<br>II &#8211; empregar todos os meios ao seu alcance, no sentido de que a propriedade rural<br>desempenhe sua fun\u00e7\u00e3o social, mediante a implementa\u00e7\u00e3o de planos para sua justa<br>distribui\u00e7\u00e3o e utiliza\u00e7\u00e3o; e<br>III &#8211; assegurar meios para que o pequeno agricultor atinja satisfat\u00f3rio n\u00edvel de produ\u00e7\u00e3o<br>e renda<\/strong>;<\/p>\n\n\n\n<p>.<\/p>\n\n\n\n<figure class=\"wp-block-image size-large is-resized\"><img loading=\"lazy\" src=\"https:\/\/www.lai.pe.gov.br\/iterpe\/wp-content\/uploads\/sites\/39\/2025\/01\/image-31.png\" alt=\"\" class=\"wp-image-6253\" width=\"1450\" height=\"191\" \/><\/figure>\n\n\n\n<p>.<\/p>\n\n\n\n<h2>Compet\u00eancias e Finalidades do ITERPE  <\/h2>\n\n\n\n<div style=\"height:29px\" aria-hidden=\"true\" class=\"wp-block-spacer\"><\/div>\n\n\n\n<p class=\"has-medium-font-size\"><strong>O Cap\u00edtulo II da <a rel=\"noreferrer noopener\" href=\"https:\/\/legis.alepe.pe.gov.br\/texto.aspx?id=4809&amp;tipo=\" data-type=\"URL\" data-id=\"https:\/\/legis.alepe.pe.gov.br\/texto.aspx?id=4809&amp;tipo=\" target=\"_blank\">Lei n\u00ba 13.900, de 27 de  outubro de 2009<\/a>, nos seus artigos 3\u00ba e 4\u00ba, define as compet\u00eancias e finalidades do ITERPE:<\/strong><\/p>\n\n\n\n<blockquote class=\"wp-block-ugb-blockquote ugb-blockquote ugb-blockquote--v2 ugb--background-opacity-5 ugb-c9d867e ugb-blockquote--v3 ugb-blockquote--design-plain ugb-main-block\" id=\"\"><div class=\"ugb-inner-block\"><div class=\"ugb-block-content\"><div class=\"ugb-blockquote__item\"><svg viewbox=\"0 0 50 50\" xmlns=\"http:\/\/www.w3.org\/2000\/svg\" class=\"ugb-blockquote__quote\" width=\"70\" height=\"70\"><path d=\"M19.8 9.3C10.5 11.8 4.6 17 2.1 24.8c2.3-3.6 5.6-5.4 9.9-5.4 3.3 0 6 1.1 8.3 3.3 2.2 2.2 3.4 5 3.4 8.3 0 3.2-1.1 5.8-3.3 8-2.2 2.2-5.1 3.2-8.7 3.2-3.7 0-6.5-1.2-8.6-3.5C1 36.3 0 33.1 0 29 0 18.3 6.5 11.2 19.6 7.9l.2 1.4zm26.4 0C36.9 11.9 31 17 28.5 24.8c2.2-3.6 5.5-5.4 9.8-5.4 3.2 0 6 1.1 8.3 3.2 2.3 2.2 3.4 4.9 3.4 8.3 0 3.1-1.1 5.8-3.3 7.9-2.2 2.2-5.1 3.3-8.6 3.3-3.7 0-6.6-1.1-8.6-3.4-2.1-2.3-3.1-5.5-3.1-9.7 0-10.7 6.6-17.8 19.7-21.1l.1 1.4z\"><\/path><\/svg><div class=\"ugb-blockquote__content\"><p class=\"ugb-blockquote__text\"><strong>\u201cCAP\u00cdTULO II<\/strong><br><br> <strong>DA FINALIDADE E COMPET\u00caNCIA<\/strong><br><br> Art. 3\u00ba Constituem finalidades do ITERPE:<br><br> I &#8211; executar a pol\u00edtica agr\u00e1ria, de regulariza\u00e7\u00e3o, ordena\u00e7\u00e3o e reordena\u00e7\u00e3o fundi\u00e1ria rural do Estado de Pernambuco;<br><br> II &#8211; intermediar conflitos pela posse de terras;<br><br> III &#8211; adquirir propriedades para assentamento de agricultores sem terra;<br><br> IV  &#8211; gerir os assentamentos p\u00fablicos estaduais, promovendo os meios para o  desenvolvimento socioecon\u00f4mico e ambiental das fam\u00edlias assentadas.<br><br><br> Art. 4\u00ba Al\u00e9m das atividades relacionadas nos arts. 151 a 154 da&nbsp;<a href=\"http:\/\/legis.alepe.pe.gov.br\/?ce19891989\">Constitui\u00e7\u00e3o do Estado de Pernambuco<\/a>, compete ao ITERPE:<br><br> I  &#8211; representar o Estado de Pernambuco para promover a discrimina\u00e7\u00e3o  administrativa e judicial das terras localizadas em seu territ\u00f3rio;<br><br> II  &#8211; reconhecer as posses leg\u00edtimas e destinar terras apuradas,  arrecadadas e incorporadas ao patrim\u00f4nio do Estado de Pernambuco;<br><br> III  &#8211; promover a\u00e7\u00f5es destinadas \u00e0 democratiza\u00e7\u00e3o do acesso e fixa\u00e7\u00e3o do  homem \u00e0 terra, conforme as diretrizes do desenvolvimento sustent\u00e1vel e  do Governo do Estado;<br><br> IV &#8211;  desenvolver estudos e fixar crit\u00e9rios para a utiliza\u00e7\u00e3o das terras,  p\u00fablicas ou privadas, al\u00e9m de identificar terras abandonadas,  subaproveitadas e reservadas \u00e0 especula\u00e7\u00e3o;<br><br> V  &#8211; mediar e prevenir conflitos agr\u00e1rios pela posse de terras,  contribuindo para a efetiva promo\u00e7\u00e3o e defesa dos direitos humanos e  civis no campo;<br><br> VI &#8211; promover apoio t\u00e9cnico, social e ambiental aos assentamentos de agricultores;<br><br> VII  &#8211; organizar, implantar e manter atualizados os servi\u00e7os de documenta\u00e7\u00e3o  cartogr\u00e1fica, topogr\u00e1fica e cadastral da malha fundi\u00e1ria, necess\u00e1rios  para atingir os objetivos da pol\u00edtica agr\u00e1ria ou fundi\u00e1ria do Estado de  Pernambuco;<br><br> VIII &#8211; fornecer  subs\u00eddios para implementa\u00e7\u00e3o das pol\u00edticas p\u00fablicas de desenvolvimento  agr\u00edcola, agr\u00e1rio e de preserva\u00e7\u00e3o ambiental;<br><br> IX &#8211; gerir o patrim\u00f4nio imobili\u00e1rio fundi\u00e1rio do Estado de Pernambuco;<br><br> X  &#8211; trabalhar conjuntamente com as organiza\u00e7\u00f5es representativas da  sociedade civil organizada para o desenvolvimento de suas finalidades;<br><br> XI  &#8211; celebrar conv\u00eanios, contratos e acordos com \u00f3rg\u00e3os e entidades  p\u00fablicas e\/ou privadas, nacionais ou internacionais, com vistas \u00e0  execu\u00e7\u00e3o de suas finalidades e compet\u00eancias;<br><br> XII &#8211; adquirir terras atrav\u00e9s de procedimentos judiciais ou extrajudiciais para regulariza\u00e7\u00e3o fundi\u00e1ria urbana e rural;<br><br> XIII &#8211; exercer outras atividades correlatas.\u201d<br> <\/p><\/div><\/div><\/div><\/div><\/blockquote>\n\n\n\n<p style=\"font-size:28px\"><strong>Legisla\u00e7\u00e3o Aplic\u00e1vel<\/strong><\/p>\n\n\n\n<p><strong>MANUAL DE SERVI\u00c7OS DO ITERPE<\/strong> &#8211; <strong><a href=\"https:\/\/www.lai.pe.gov.br\/iterpe\/wp-content\/uploads\/sites\/39\/2023\/04\/Z-MANUAL-DE-SERVICOS-DO-ITERPE.pdf\">DECRETO N\u00ba 34.758 DE 23 DE MAR\u00c7O DE 2010 &#8211; Anexo I<\/a> &#8211; <\/strong>Aprova Manual de Servi\u00e7os do Instituto de Terras e Reforma Agr\u00e1ria do Estado de Pernambuco &#8211; ITERPE e d\u00e1 outras provid\u00eancias.<\/p>\n\n\n\n<p><strong>LEI DE TERRAS &#8211; <a href=\"https:\/\/www.lai.pe.gov.br\/iterpe\/wp-content\/uploads\/sites\/39\/2023\/04\/Z-LEI-DE-TERRAS-12235.2002.pdf\">LEI N\u00ba 12.235 DE 26 DE JUNHO DE 2002<\/a><\/strong> &#8211; Disp\u00f5e sobre o patrim\u00f4nio fundi\u00e1rio do Estado de Pernambuco, sua administra\u00e7\u00e3o, utiliza\u00e7\u00e3o, discrimina\u00e7\u00e3o, aliena\u00e7\u00e3o, e d\u00e1 outras provid\u00eancias.<\/p>\n\n\n\n<div class=\"wp-block-group\"><div class=\"wp-block-group__inner-container\">\n<div class=\"wp-block-file\"><a href=\"https:\/\/www.lai.pe.gov.br\/iterpe\/wp-content\/uploads\/sites\/39\/2021\/02\/LEI-No-13.900-DE-27-DE-OUTUBRO-DE-2009-Cria-o-Instituto-de-Terras-e-Reforma-Agraria-do-Estado-de-Pernambuco-ITERPE-e-da-outras-providencias.-1.pdf\" target=\"_blank\" rel=\"noreferrer noopener\"><strong>LEI N\u00ba 13.900, DE 27 DE OUTUBRO DE 2009 <\/strong>&#8211; Cria o Instituto de Terras e Reforma Agr\u00e1ria do Estado de Pernambuco &#8211; ITERPE, e d\u00e1 outras provid\u00eancias.<\/a><a href=\"https:\/\/www.lai.pe.gov.br\/iterpe\/wp-content\/uploads\/sites\/39\/2021\/02\/LEI-No-13.900-DE-27-DE-OUTUBRO-DE-2009-Cria-o-Instituto-de-Terras-e-Reforma-Agraria-do-Estado-de-Pernambuco-ITERPE-e-da-outras-providencias.-1.pdf\" class=\"wp-block-file__button\" download>Baixar<\/a><\/div>\n\n\n\n<div class=\"wp-block-file\"><a href=\"https:\/\/www.lai.pe.gov.br\/iterpe\/wp-content\/uploads\/sites\/39\/2021\/02\/DECRETO-No-34.497-DE-31-DE-DEZEMBRO-DE-2009-Aprova-o-Regulamento-do-Instituto-de-Terras-e-Reforma-Agraria-do-Estado-de-Pernambuco-ITERPE-e-da-outras-providencias.-1.pdf\" target=\"_blank\" rel=\"noreferrer noopener\"><strong>DECRETO N\u00ba 34.497, DE 31 DE DEZEMBRO DE 2009 <\/strong>&#8211; Aprova o Regulamento do Instituto de Terras e Reforma Agr\u00e1ria do Estado de Pernambuco &#8211; ITERPE, e d\u00e1 outras provid\u00eancias.<\/a><a href=\"https:\/\/www.lai.pe.gov.br\/iterpe\/wp-content\/uploads\/sites\/39\/2021\/02\/DECRETO-No-34.497-DE-31-DE-DEZEMBRO-DE-2009-Aprova-o-Regulamento-do-Instituto-de-Terras-e-Reforma-Agraria-do-Estado-de-Pernambuco-ITERPE-e-da-outras-providencias.-1.pdf\" class=\"wp-block-file__button\" download>Baixar<\/a><\/div>\n\n\n\n<div class=\"wp-block-file\"><a href=\"https:\/\/www.lai.pe.gov.br\/iterpe\/wp-content\/uploads\/sites\/39\/2021\/02\/DECRETO-No-43.648-DE-17-DE-OUTUBRO-DE-2016-Regulamento-de-entidade-vinculada-ao-ITERPE.pdf\" target=\"_blank\" rel=\"noreferrer noopener\"><strong>DECRETO N\u00ba 43.648, DE 17 DE OUTUBRO DE 2016 <\/strong>&#8211; Regulamento de entidade ao qual o ITERPE est\u00e1 vinculado<\/a><a href=\"https:\/\/www.lai.pe.gov.br\/iterpe\/wp-content\/uploads\/sites\/39\/2021\/02\/DECRETO-No-43.648-DE-17-DE-OUTUBRO-DE-2016-Regulamento-de-entidade-vinculada-ao-ITERPE.pdf\" class=\"wp-block-file__button\" download>Baixar<\/a><\/div>\n<\/div><\/div>\n\n\n\n<p><\/p>\n<style class=\"advgb-styles-renderer\">.ugb-c9d867e .ugb-blockquote__quote{width:70px !important;height:70px !important}<\/style>","protected":false},"excerpt":{"rendered":"<p>. DOCUMENTOS . Aloca\u00e7\u00e3o e Denomina\u00e7\u00e3o de Cargos em Comiss\u00e3o e Fun\u00e7\u00f5es Gratificadas DECRETO N\u00ba 54.410 DE 24\/01\/2023 &#8211; ANEXO III Aloca e denomina os cargos em comiss\u00e3o e fun\u00e7\u00f5es gratificadas na Secretaria de Desenvolvimento Agr\u00e1rio, Agricultura, Pecu\u00e1ria e Pesca e vinculadas que indica, . A GOVERNADORA DO ESTADO, no uso das atribui\u00e7\u00f5es que lhe [&hellip;]<\/p>\n","protected":false},"author":182,"featured_media":0,"parent":0,"menu_order":0,"comment_status":"closed","ping_status":"closed","template":"","meta":{"advgb_blocks_editor_width":"","advgb_blocks_columns_visual_guide":"","kt_blocks_editor_width":""},"featured_image_urls":{"full":"","thumbnail":"","medium":"","medium_large":"","large":"","1536x1536":"","2048x2048":""},"post_excerpt_stackable":"<p>. DOCUMENTOS . Aloca\u00e7\u00e3o e Denomina\u00e7\u00e3o de Cargos em Comiss\u00e3o e Fun\u00e7\u00f5es Gratificadas DECRETO N\u00ba 54.410 DE 24\/01\/2023 &#8211; ANEXO III Aloca e denomina os cargos em comiss\u00e3o e fun\u00e7\u00f5es gratificadas na Secretaria de Desenvolvimento Agr\u00e1rio, Agricultura, Pecu\u00e1ria e Pesca e vinculadas que indica, . A GOVERNADORA DO ESTADO, no uso das atribui\u00e7\u00f5es que lhe s\u00e3o conferidas pelo inciso IV do art. 37 da Constitui\u00e7\u00e3o Estadual, CONSIDERANDO a necessidade de adequa\u00e7\u00e3o ao disposto na Lei n\u00ba 18.139, de 18 de janeiro de 2023, que disp\u00f5e sobre a estrutura e o funcionamento do Poder Executivo do Estado de Pernambuco,. DECRETA: Art.&hellip;<\/p>\n","category_list":"","author_info":{"name":"Jo\u00e3o Vitor","url":"https:\/\/www.lai.pe.gov.br\/iterpe\/author\/joaocarmo\/"},"comments_num":"0 coment\u00e1rio","_links":{"self":[{"href":"https:\/\/www.lai.pe.gov.br\/iterpe\/wp-json\/wp\/v2\/pages\/10"}],"collection":[{"href":"https:\/\/www.lai.pe.gov.br\/iterpe\/wp-json\/wp\/v2\/pages"}],"about":[{"href":"https:\/\/www.lai.pe.gov.br\/iterpe\/wp-json\/wp\/v2\/types\/page"}],"author":[{"embeddable":true,"href":"https:\/\/www.lai.pe.gov.br\/iterpe\/wp-json\/wp\/v2\/users\/182"}],"replies":[{"embeddable":true,"href":"https:\/\/www.lai.pe.gov.br\/iterpe\/wp-json\/wp\/v2\/comments?post=10"}],"version-history":[{"count":122,"href":"https:\/\/www.lai.pe.gov.br\/iterpe\/wp-json\/wp\/v2\/pages\/10\/revisions"}],"predecessor-version":[{"id":8305,"href":"https:\/\/www.lai.pe.gov.br\/iterpe\/wp-json\/wp\/v2\/pages\/10\/revisions\/8305"}],"wp:attachment":[{"href":"https:\/\/www.lai.pe.gov.br\/iterpe\/wp-json\/wp\/v2\/media?parent=10"}],"curies":[{"name":"wp","href":"https:\/\/api.w.org\/{rel}","templated":true}]}}