{"id":310,"date":"2019-03-25T10:36:47","date_gmt":"2019-03-25T13:36:47","guid":{"rendered":"https:\/\/www.lai.pe.gov.br\/epti\/?page_id=310"},"modified":"2022-02-16T12:33:02","modified_gmt":"2022-02-16T15:33:02","slug":"convenios","status":"publish","type":"page","link":"https:\/\/www.lai.pe.gov.br\/epti\/convenios\/","title":{"rendered":"Conv\u00eanios"},"content":{"rendered":"\n<p>Os conv\u00eanios da Empresa Pernambucana de Transporte Coletivo Intermunicipal &#8211; EPTI s\u00e3o de car\u00e1ter t\u00e9cnico e administrativo, o que significa que n\u00e3o h\u00e1 em nenhum dos casos o repasse ou transfer\u00eancia de recursos financeiros.<\/p>\n\n\n\n<p>A EPTI atua em parceria com o Departamento de Estradas de Rodagem. Em 01 de agosto de 2015, foi assinado o quarto termo aditivo ao Conv\u00eanio de Coopera\u00e7\u00e3o tecnica e administrativa n. 002\/2011, que \u00e9 respons\u00e1vel pelo processamento de todas as fiscaliza\u00e7\u00f5es, vistorias e estudos t\u00e9cnicos necess\u00e1rios \u00e0 manuten\u00e7\u00e3o dos servi\u00e7os vinculados ao sistema de transporte coletivo intermunicipal existente no Estado de Pernambuco.<\/p>\n\n\n\n<h2>Documentos<\/h2>\n\n\n\n<h3>Conv\u00eanios<\/h3>\n\n\n\n<div class=\"wp-block-advgb-accordions advgb-accordion-wrapper\">\n<div class=\"wp-block-advgb-accordion-item advgb-accordion-item\" style=\"margin-bottom:15px\"><div class=\"advgb-accordion-header\" style=\"background-color:#4a6795;color:#eee;border-style:solid;border-radius:10px\"><span class=\"advgb-accordion-header-icon\"><svg xmlns=\"http:\/\/www.w3.org\/2000\/svg\" width=\"24\" height=\"24\" viewbox=\"0 0 24 24\"><path fill=\"none\" d=\"M0,0h24v24H0V0z\"><\/path><path d=\"M12,2C6.48,2,2,6.48,2,12s4.48,10,10,10s10-4.48,10-10S17.52,2,12,2z M17,13h-4v4h-2v-4H7v-2h4V7h2v4h4V13z\"><\/path><\/svg><\/span><h4 class=\"advgb-accordion-header-title\" style=\"color:inherit\">2022<\/h4><\/div><div class=\"advgb-accordion-body\" style=\"border-style:solid !important;border-color:undefined !important;border-top:none !important;border-radius:10px !important\">\n<div class=\"wp-block-file\"><a href=\"https:\/\/www.lai.pe.gov.br\/epti\/wp-content\/uploads\/sites\/26\/2022\/02\/Planilha-Termos-de-Cessao-LAI-2022.1-1.xlsx\">Planilha-Termos-de-Cessao-LAI-2022.1-1<\/a><a href=\"https:\/\/www.lai.pe.gov.br\/epti\/wp-content\/uploads\/sites\/26\/2022\/02\/Planilha-Termos-de-Cessao-LAI-2022.1-1.xlsx\" class=\"wp-block-file__button\" download>Baixar<\/a><\/div>\n\n\n\n<div class=\"wp-block-file\"><a href=\"https:\/\/www.lai.pe.gov.br\/epti\/wp-content\/uploads\/sites\/26\/2022\/02\/Planilha-Locacao-de-Box-LAI-2022.1.xlsx\">Planilha-Locacao-de-Box-LAI-2022.1<\/a><a href=\"https:\/\/www.lai.pe.gov.br\/epti\/wp-content\/uploads\/sites\/26\/2022\/02\/Planilha-Locacao-de-Box-LAI-2022.1.xlsx\" class=\"wp-block-file__button\" download>Baixar<\/a><\/div>\n\n\n\n<div class=\"wp-block-file\"><a href=\"https:\/\/www.lai.pe.gov.br\/epti\/wp-content\/uploads\/sites\/26\/2022\/02\/Planilha-ConvenioLAI-2022.1.xlsx\">Planilha-Convenio-LAI-2022.1<\/a><a href=\"https:\/\/www.lai.pe.gov.br\/epti\/wp-content\/uploads\/sites\/26\/2022\/02\/Planilha-ConvenioLAI-2022.1.xlsx\" class=\"wp-block-file__button\" download>Baixar<\/a><\/div>\n<\/div><\/div>\n\n\n\n<div class=\"wp-block-advgb-accordion-item advgb-accordion-item\" style=\"margin-bottom:15px\"><div class=\"advgb-accordion-header\" style=\"background-color:#4a6795;color:#eee;border-style:solid;border-radius:10px\"><span class=\"advgb-accordion-header-icon\"><svg xmlns=\"http:\/\/www.w3.org\/2000\/svg\" width=\"24\" height=\"24\" viewbox=\"0 0 24 24\"><path fill=\"none\" d=\"M0,0h24v24H0V0z\"><\/path><path d=\"M12,2C6.48,2,2,6.48,2,12s4.48,10,10,10s10-4.48,10-10S17.52,2,12,2z M17,13h-4v4h-2v-4H7v-2h4V7h2v4h4V13z\"><\/path><\/svg><\/span><h4 class=\"advgb-accordion-header-title\" style=\"color:inherit\">2021<\/h4><\/div><div class=\"advgb-accordion-body\" style=\"border-style:solid !important;border-color:undefined !important;border-top:none !important;border-radius:10px !important\">\n<div class=\"wp-block-file\"><a href=\"https:\/\/www.lai.pe.gov.br\/epti\/wp-content\/uploads\/sites\/26\/2021\/04\/Planilha-CONVENIOS-CESSAO-ATIVOS-EPTI21.pdf\">CONV\u00caNIOS DE CESS\u00c3O ATIVOS &#8211; EPTI 2021.1<\/a><a href=\"https:\/\/www.lai.pe.gov.br\/epti\/wp-content\/uploads\/sites\/26\/2021\/04\/Planilha-CONVENIOS-CESSAO-ATIVOS-EPTI21.pdf\" class=\"wp-block-file__button\" download>Baixar<\/a><\/div>\n\n\n\n<div class=\"wp-block-file\"><a href=\"https:\/\/www.lai.pe.gov.br\/epti\/wp-content\/uploads\/sites\/26\/2021\/04\/Planilha-CONVENIOS-CESSAO-ATIVOS-EPTI-1-1.pdf\">CONV\u00caNIOS DE CESS\u00c3O ATIVOS &#8211; EPTI 2021.2<\/a><a href=\"https:\/\/www.lai.pe.gov.br\/epti\/wp-content\/uploads\/sites\/26\/2021\/04\/Planilha-CONVENIOS-CESSAO-ATIVOS-EPTI-1-1.pdf\" class=\"wp-block-file__button\" download>Baixar<\/a><\/div>\n\n\n\n<div class=\"wp-block-file\"><a href=\"https:\/\/www.lai.pe.gov.br\/epti\/wp-content\/uploads\/sites\/26\/2021\/06\/Planilha-CONVENIOS-ATIVOS-EPTI-31-05-2021-LAI.pdf\">CONV\u00caNIOS DE CESS\u00c3O ATIVOS &#8211; EPTI MAR\u00c7O 2021<\/a><a href=\"https:\/\/www.lai.pe.gov.br\/epti\/wp-content\/uploads\/sites\/26\/2021\/06\/Planilha-CONVENIOS-ATIVOS-EPTI-31-05-2021-LAI.pdf\" class=\"wp-block-file__button\" download>Baixar<\/a><\/div>\n\n\n\n<div class=\"wp-block-file\"><a href=\"https:\/\/www.lai.pe.gov.br\/epti\/wp-content\/uploads\/sites\/26\/2022\/02\/Planilha-Termos-de-Cessao-LAI-2021.2.xlsx\">Planilha-Termos-de-Cessao-LAI-2021.2<\/a><a href=\"https:\/\/www.lai.pe.gov.br\/epti\/wp-content\/uploads\/sites\/26\/2022\/02\/Planilha-Termos-de-Cessao-LAI-2021.2.xlsx\" class=\"wp-block-file__button\" download>Baixar<\/a><\/div>\n\n\n\n<div class=\"wp-block-file\"><a href=\"https:\/\/www.lai.pe.gov.br\/epti\/wp-content\/uploads\/sites\/26\/2022\/02\/Planilha-Locacao-de-Box-LAI-2021.2.xlsx\">Planilha-Locacao-de-Box-LAI-2021.2<\/a><a href=\"https:\/\/www.lai.pe.gov.br\/epti\/wp-content\/uploads\/sites\/26\/2022\/02\/Planilha-Locacao-de-Box-LAI-2021.2.xlsx\" class=\"wp-block-file__button\" download>Baixar<\/a><\/div>\n\n\n\n<div class=\"wp-block-file\"><a href=\"https:\/\/www.lai.pe.gov.br\/epti\/wp-content\/uploads\/sites\/26\/2022\/02\/Planilha-Convenio2021.2.xlsx\">Planilha-Convenio-LAI-2021.2<\/a><a href=\"https:\/\/www.lai.pe.gov.br\/epti\/wp-content\/uploads\/sites\/26\/2022\/02\/Planilha-Convenio2021.2.xlsx\" class=\"wp-block-file__button\" download>Baixar<\/a><\/div>\n\n\n\n<p><\/p>\n<\/div><\/div>\n\n\n\n<div class=\"wp-block-advgb-accordion-item advgb-accordion-item\" style=\"margin-bottom:15px\"><div class=\"advgb-accordion-header\" style=\"background-color:#4a6795;color:#eee;border-style:solid;border-radius:10px\"><span class=\"advgb-accordion-header-icon\"><svg xmlns=\"http:\/\/www.w3.org\/2000\/svg\" width=\"24\" height=\"24\" viewbox=\"0 0 24 24\"><path fill=\"none\" d=\"M0,0h24v24H0V0z\"><\/path><path d=\"M12,2C6.48,2,2,6.48,2,12s4.48,10,10,10s10-4.48,10-10S17.52,2,12,2z M17,13h-4v4h-2v-4H7v-2h4V7h2v4h4V13z\"><\/path><\/svg><\/span><h4 class=\"advgb-accordion-header-title\" style=\"color:inherit\">2020<\/h4><\/div><div class=\"advgb-accordion-body\" style=\"border-style:solid !important;border-color:undefined !important;border-top:none !important;border-radius:10px !important\">\n<div class=\"wp-block-file\"><a href=\"https:\/\/www.lai.pe.gov.br\/epti\/wp-content\/uploads\/sites\/26\/2020\/07\/Convenios-JANEIRO-2020.xlsx\">Conv\u00eanios JANEIRO 2020<\/a><a href=\"https:\/\/www.lai.pe.gov.br\/epti\/wp-content\/uploads\/sites\/26\/2020\/07\/Convenios-JANEIRO-2020.xlsx\" class=\"wp-block-file__button\" download>Baixar<\/a><\/div>\n\n\n\n<div class=\"wp-block-file\"><a href=\"https:\/\/www.lai.pe.gov.br\/epti\/wp-content\/uploads\/sites\/26\/2020\/08\/Convenios-JULHO-2020.xlsx\">Conv\u00eanios JULHO 2020<\/a><a href=\"https:\/\/www.lai.pe.gov.br\/epti\/wp-content\/uploads\/sites\/26\/2020\/08\/Convenios-JULHO-2020.xlsx\" class=\"wp-block-file__button\" download>Baixar<\/a><\/div>\n\n\n\n<div class=\"wp-block-file\"><a href=\"https:\/\/www.lai.pe.gov.br\/epti\/wp-content\/uploads\/sites\/26\/2020\/09\/Convenios-AGOSTO-2020.xlsx\">Conv\u00eanios AGOSTO 2020<\/a><a href=\"https:\/\/www.lai.pe.gov.br\/epti\/wp-content\/uploads\/sites\/26\/2020\/09\/Convenios-AGOSTO-2020.xlsx\" class=\"wp-block-file__button\" download>Baixar<\/a><\/div>\n\n\n\n<p><\/p>\n<\/div><\/div>\n\n\n\n<div class=\"wp-block-advgb-accordion-item advgb-accordion-item\" style=\"margin-bottom:15px\"><div class=\"advgb-accordion-header\" style=\"background-color:#4a6795;color:#eee;border-style:solid;border-radius:10px\"><span class=\"advgb-accordion-header-icon\"><svg xmlns=\"http:\/\/www.w3.org\/2000\/svg\" width=\"24\" height=\"24\" viewbox=\"0 0 24 24\"><path fill=\"none\" d=\"M0,0h24v24H0V0z\"><\/path><path d=\"M12,2C6.48,2,2,6.48,2,12s4.48,10,10,10s10-4.48,10-10S17.52,2,12,2z M17,13h-4v4h-2v-4H7v-2h4V7h2v4h4V13z\"><\/path><\/svg><\/span><h4 class=\"advgb-accordion-header-title\" style=\"color:inherit\">2019<\/h4><\/div><div class=\"advgb-accordion-body\" style=\"border-style:solid !important;border-color:undefined !important;border-top:none !important;border-radius:10px !important\">\n<div class=\"wp-block-file\"><a href=\"https:\/\/www.lai.pe.gov.br\/epti\/wp-content\/uploads\/sites\/26\/2020\/07\/Convenios-FEVEREIRO-2019.xlsx\">Conv\u00eanios FEVEREIRO 2019<\/a><a href=\"https:\/\/www.lai.pe.gov.br\/epti\/wp-content\/uploads\/sites\/26\/2020\/07\/Convenios-FEVEREIRO-2019.xlsx\" class=\"wp-block-file__button\" download>Baixar<\/a><\/div>\n\n\n\n<div class=\"wp-block-file\"><a href=\"https:\/\/www.lai.pe.gov.br\/epti\/wp-content\/uploads\/sites\/26\/2020\/07\/Convenios-ABRIL-2019.xlsx\">Conv\u00eanios ABRIL 2019<\/a><a href=\"https:\/\/www.lai.pe.gov.br\/epti\/wp-content\/uploads\/sites\/26\/2020\/07\/Convenios-ABRIL-2019.xlsx\" class=\"wp-block-file__button\" download>Baixar<\/a><\/div>\n\n\n\n<div class=\"wp-block-file\"><a href=\"https:\/\/www.lai.pe.gov.br\/epti\/wp-content\/uploads\/sites\/26\/2020\/07\/Convenios-MAIO-2019.xlsx\">Conv\u00eanios MAIO 2019<\/a><a href=\"https:\/\/www.lai.pe.gov.br\/epti\/wp-content\/uploads\/sites\/26\/2020\/07\/Convenios-MAIO-2019.xlsx\" class=\"wp-block-file__button\" download>Baixar<\/a><\/div>\n\n\n\n<div class=\"wp-block-file\"><a href=\"https:\/\/www.lai.pe.gov.br\/epti\/wp-content\/uploads\/sites\/26\/2020\/07\/Convenios-JUNHO-2019.xlsx\">Conv\u00eanios JUNHO 2019<\/a><a href=\"https:\/\/www.lai.pe.gov.br\/epti\/wp-content\/uploads\/sites\/26\/2020\/07\/Convenios-JUNHO-2019.xlsx\" class=\"wp-block-file__button\" download>Baixar<\/a><\/div>\n\n\n\n<div class=\"wp-block-file\"><a href=\"https:\/\/www.lai.pe.gov.br\/epti\/wp-content\/uploads\/sites\/26\/2020\/07\/Convenios-JULHO-2019.xlsx\">Conv\u00eanios JULHO 2019<\/a><a href=\"https:\/\/www.lai.pe.gov.br\/epti\/wp-content\/uploads\/sites\/26\/2020\/07\/Convenios-JULHO-2019.xlsx\" class=\"wp-block-file__button\" download>Baixar<\/a><\/div>\n\n\n\n<div class=\"wp-block-file\"><a href=\"https:\/\/www.lai.pe.gov.br\/epti\/wp-content\/uploads\/sites\/26\/2020\/07\/Convenios-SETEMBRO-2019.xlsx\">Conv\u00eanios SETEMBRO 2019<\/a><a href=\"https:\/\/www.lai.pe.gov.br\/epti\/wp-content\/uploads\/sites\/26\/2020\/07\/Convenios-SETEMBRO-2019.xlsx\" class=\"wp-block-file__button\" download>Baixar<\/a><\/div>\n\n\n\n<div class=\"wp-block-file\"><a href=\"https:\/\/www.lai.pe.gov.br\/epti\/wp-content\/uploads\/sites\/26\/2020\/07\/Convenios-DEZEMBRO-2019.xlsx\">Conv\u00eanios DEZEMBRO 2019<\/a><a href=\"https:\/\/www.lai.pe.gov.br\/epti\/wp-content\/uploads\/sites\/26\/2020\/07\/Convenios-DEZEMBRO-2019.xlsx\" class=\"wp-block-file__button\" download>Baixar<\/a><\/div>\n<\/div><\/div>\n<\/div>\n\n\n\n<div class=\"wp-block-advgb-accordions advgb-accordion-wrapper\" data-collapsed=\"true\">\n<div class=\"wp-block-advgb-accordion-item advgb-accordion-item\" style=\"margin-bottom:15px\"><div class=\"advgb-accordion-header\" style=\"background-color:#4a6795;color:#eee;border-style:solid;border-radius:10px\"><span class=\"advgb-accordion-header-icon\"><svg xmlns=\"http:\/\/www.w3.org\/2000\/svg\" width=\"24\" height=\"24\" viewbox=\"0 0 24 24\"><path fill=\"none\" d=\"M0,0h24v24H0V0z\"><\/path><path d=\"M12,2C6.48,2,2,6.48,2,12s4.48,10,10,10s10-4.48,10-10S17.52,2,12,2z M17,13h-4v4h-2v-4H7v-2h4V7h2v4h4V13z\"><\/path><\/svg><\/span><h4 class=\"advgb-accordion-header-title\" style=\"color:inherit\">2018<\/h4><\/div><div class=\"advgb-accordion-body\" style=\"border-style:solid !important;border-color:undefined !important;border-top:none !important;border-radius:10px !important\">\n<div class=\"wp-block-file\"><a href=\"https:\/\/www.lai.pe.gov.br\/epti\/wp-content\/uploads\/sites\/26\/2019\/04\/Convenio-EPTI-Janeiro-2018.xls\">Convenio EPTI &#8211; Janeiro &#8211; 2018<\/a><a href=\"https:\/\/www.lai.pe.gov.br\/epti\/wp-content\/uploads\/sites\/26\/2019\/04\/Convenio-EPTI-Janeiro-2018.xls\" class=\"wp-block-file__button\" download>Baixar<\/a><\/div>\n\n\n\n<div class=\"wp-block-file\"><a href=\"https:\/\/www.lai.pe.gov.br\/epti\/wp-content\/uploads\/sites\/26\/2019\/04\/Convenio-EPTI-Fevereiro-2018.xls\">Convenio EPTI &#8211; Fevereiro &#8211; 2018<\/a><a href=\"https:\/\/www.lai.pe.gov.br\/epti\/wp-content\/uploads\/sites\/26\/2019\/04\/Convenio-EPTI-Fevereiro-2018.xls\" class=\"wp-block-file__button\" download>Baixar<\/a><\/div>\n\n\n\n<div class=\"wp-block-file\"><a href=\"https:\/\/www.lai.pe.gov.br\/epti\/wp-content\/uploads\/sites\/26\/2019\/04\/Convenio-EPTI-Mar\u00e7o-2018.xls\">Convenio EPTI &#8211; Mar\u00e7o &#8211; 2018<\/a><a href=\"https:\/\/www.lai.pe.gov.br\/epti\/wp-content\/uploads\/sites\/26\/2019\/04\/Convenio-EPTI-Mar\u00e7o-2018.xls\" class=\"wp-block-file__button\" download>Baixar<\/a><\/div>\n\n\n\n<div class=\"wp-block-file\"><a href=\"https:\/\/www.lai.pe.gov.br\/epti\/wp-content\/uploads\/sites\/26\/2019\/04\/Convenio-EPTI-Abril-2018.xls\">Convenio EPTI &#8211; Abril &#8211; 2018<\/a><a href=\"https:\/\/www.lai.pe.gov.br\/epti\/wp-content\/uploads\/sites\/26\/2019\/04\/Convenio-EPTI-Abril-2018.xls\" class=\"wp-block-file__button\" download>Baixar<\/a><\/div>\n\n\n\n<div class=\"wp-block-file\"><a href=\"https:\/\/www.lai.pe.gov.br\/epti\/wp-content\/uploads\/sites\/26\/2019\/04\/Convenio-EPTI-Maio-2018.xls\">Convenio EPTI &#8211; Maio &#8211; 2018<\/a><a href=\"https:\/\/www.lai.pe.gov.br\/epti\/wp-content\/uploads\/sites\/26\/2019\/04\/Convenio-EPTI-Maio-2018.xls\" class=\"wp-block-file__button\" download>Baixar<\/a><\/div>\n\n\n\n<div class=\"wp-block-file\"><a href=\"https:\/\/www.lai.pe.gov.br\/epti\/wp-content\/uploads\/sites\/26\/2019\/04\/Convenio-EPTI-Junho-2018.xls\">Convenio EPTI &#8211; Junho &#8211; 2018<\/a><a href=\"https:\/\/www.lai.pe.gov.br\/epti\/wp-content\/uploads\/sites\/26\/2019\/04\/Convenio-EPTI-Junho-2018.xls\" class=\"wp-block-file__button\" download>Baixar<\/a><\/div>\n\n\n\n<div class=\"wp-block-file\"><a href=\"https:\/\/www.lai.pe.gov.br\/epti\/wp-content\/uploads\/sites\/26\/2019\/04\/Convenio-EPTI-Julho-2018.xls\">Convenio EPTI &#8211; Julho &#8211; 2018<\/a><a href=\"https:\/\/www.lai.pe.gov.br\/epti\/wp-content\/uploads\/sites\/26\/2019\/04\/Convenio-EPTI-Julho-2018.xls\" class=\"wp-block-file__button\" download>Baixar<\/a><\/div>\n\n\n\n<div class=\"wp-block-file\"><a href=\"https:\/\/www.lai.pe.gov.br\/epti\/wp-content\/uploads\/sites\/26\/2019\/04\/Convenio-EPTI-Agosto-2018.xls\">Convenio EPTI &#8211; Agosto &#8211; 2018<\/a><a href=\"https:\/\/www.lai.pe.gov.br\/epti\/wp-content\/uploads\/sites\/26\/2019\/04\/Convenio-EPTI-Agosto-2018.xls\" class=\"wp-block-file__button\" download>Baixar<\/a><\/div>\n\n\n\n<div class=\"wp-block-file\"><a href=\"https:\/\/www.lai.pe.gov.br\/epti\/wp-content\/uploads\/sites\/26\/2019\/04\/Convenio-EPTI-Setembro-2018.xls\">Convenio EPTI &#8211; Setembro &#8211; 2018<\/a><a href=\"https:\/\/www.lai.pe.gov.br\/epti\/wp-content\/uploads\/sites\/26\/2019\/04\/Convenio-EPTI-Setembro-2018.xls\" class=\"wp-block-file__button\" download>Baixar<\/a><\/div>\n\n\n\n<div class=\"wp-block-file\"><a href=\"https:\/\/www.lai.pe.gov.br\/epti\/wp-content\/uploads\/sites\/26\/2019\/04\/Convenio-EPTI-Outubro-2018.xls\">Convenio EPTI &#8211; Outubro &#8211; 2018<\/a><a href=\"https:\/\/www.lai.pe.gov.br\/epti\/wp-content\/uploads\/sites\/26\/2019\/04\/Convenio-EPTI-Outubro-2018.xls\" class=\"wp-block-file__button\" download>Baixar<\/a><\/div>\n\n\n\n<div class=\"wp-block-file\"><a href=\"https:\/\/www.lai.pe.gov.br\/epti\/wp-content\/uploads\/sites\/26\/2019\/04\/Convenio-EPTI-Novembro-2018.xls\">Convenio EPTI &#8211; Novembro &#8211; 2018<\/a><a href=\"https:\/\/www.lai.pe.gov.br\/epti\/wp-content\/uploads\/sites\/26\/2019\/04\/Convenio-EPTI-Novembro-2018.xls\" class=\"wp-block-file__button\" download>Baixar<\/a><\/div>\n\n\n\n<div class=\"wp-block-file\"><a href=\"https:\/\/www.lai.pe.gov.br\/epti\/wp-content\/uploads\/sites\/26\/2019\/04\/Convenio-EPTI-Dezembro-2018.xls\">Convenio EPTI &#8211; Dezembro &#8211; 2018<\/a><a href=\"https:\/\/www.lai.pe.gov.br\/epti\/wp-content\/uploads\/sites\/26\/2019\/04\/Convenio-EPTI-Dezembro-2018.xls\" class=\"wp-block-file__button\" download>Baixar<\/a><\/div>\n<\/div><\/div>\n<\/div>\n\n\n\n<div class=\"wp-block-advgb-accordions advgb-accordion-wrapper\" data-collapsed=\"true\">\n<div class=\"wp-block-advgb-accordion-item advgb-accordion-item\" style=\"margin-bottom:15px\"><div class=\"advgb-accordion-header\" style=\"background-color:#4a6795;color:#eee;border-style:solid;border-radius:10px\"><span class=\"advgb-accordion-header-icon\"><svg xmlns=\"http:\/\/www.w3.org\/2000\/svg\" width=\"24\" height=\"24\" viewbox=\"0 0 24 24\"><path fill=\"none\" d=\"M0,0h24v24H0V0z\"><\/path><path d=\"M12,2C6.48,2,2,6.48,2,12s4.48,10,10,10s10-4.48,10-10S17.52,2,12,2z M17,13h-4v4h-2v-4H7v-2h4V7h2v4h4V13z\"><\/path><\/svg><\/span><h4 class=\"advgb-accordion-header-title\" style=\"color:inherit\">2017<\/h4><\/div><div class=\"advgb-accordion-body\" style=\"border-style:solid !important;border-color:undefined !important;border-top:none !important;border-radius:10px !important\">\n<div class=\"wp-block-file\"><a href=\"https:\/\/www.lai.pe.gov.br\/epti\/wp-content\/uploads\/sites\/26\/2019\/04\/Convenio-EPTI-2017.xls\">Convenio EPTI &#8211; 2017<\/a><a href=\"https:\/\/www.lai.pe.gov.br\/epti\/wp-content\/uploads\/sites\/26\/2019\/04\/Convenio-EPTI-2017.xls\" class=\"wp-block-file__button\" download>Baixar<\/a><\/div>\n<\/div><\/div>\n<\/div>\n\n\n\n<div class=\"wp-block-advgb-accordions advgb-accordion-wrapper\" data-collapsed=\"true\">\n<div class=\"wp-block-advgb-accordion-item advgb-accordion-item\" style=\"margin-bottom:15px\"><div class=\"advgb-accordion-header\" style=\"background-color:#4a6795;color:#eee;border-style:solid;border-radius:10px\"><span class=\"advgb-accordion-header-icon\"><svg xmlns=\"http:\/\/www.w3.org\/2000\/svg\" width=\"24\" height=\"24\" viewbox=\"0 0 24 24\"><path fill=\"none\" d=\"M0,0h24v24H0V0z\"><\/path><path d=\"M12,2C6.48,2,2,6.48,2,12s4.48,10,10,10s10-4.48,10-10S17.52,2,12,2z M17,13h-4v4h-2v-4H7v-2h4V7h2v4h4V13z\"><\/path><\/svg><\/span><h4 class=\"advgb-accordion-header-title\" style=\"color:inherit\">2016<\/h4><\/div><div class=\"advgb-accordion-body\" style=\"border-style:solid !important;border-color:undefined !important;border-top:none !important;border-radius:10px !important\">\n<div class=\"wp-block-file\"><a href=\"https:\/\/www.lai.pe.gov.br\/epti\/wp-content\/uploads\/sites\/26\/2019\/04\/Convenio-EPTI-2016.xls\">Convenio EPTI &#8211; 2016<\/a><a href=\"https:\/\/www.lai.pe.gov.br\/epti\/wp-content\/uploads\/sites\/26\/2019\/04\/Convenio-EPTI-2016.xls\" class=\"wp-block-file__button\" download>Baixar<\/a><\/div>\n<\/div><\/div>\n<\/div>\n\n\n\n<div class=\"wp-block-advgb-accordions advgb-accordion-wrapper\" data-collapsed=\"true\">\n<div class=\"wp-block-advgb-accordion-item advgb-accordion-item\" style=\"margin-bottom:15px\"><div class=\"advgb-accordion-header\" style=\"background-color:#4a6795;color:#eee;border-style:solid;border-radius:10px\"><span class=\"advgb-accordion-header-icon\"><svg xmlns=\"http:\/\/www.w3.org\/2000\/svg\" width=\"24\" height=\"24\" viewbox=\"0 0 24 24\"><path fill=\"none\" d=\"M0,0h24v24H0V0z\"><\/path><path d=\"M12,2C6.48,2,2,6.48,2,12s4.48,10,10,10s10-4.48,10-10S17.52,2,12,2z M17,13h-4v4h-2v-4H7v-2h4V7h2v4h4V13z\"><\/path><\/svg><\/span><h4 class=\"advgb-accordion-header-title\" style=\"color:inherit\">2015<\/h4><\/div><div class=\"advgb-accordion-body\" style=\"border-style:solid !important;border-color:undefined !important;border-top:none !important;border-radius:10px !important\">\n<div class=\"wp-block-file\"><a href=\"https:\/\/www.lai.pe.gov.br\/epti\/wp-content\/uploads\/sites\/26\/2019\/04\/Convenio-EPTI-2015.xls\">Convenio EPTI &#8211; 2015<\/a><a href=\"https:\/\/www.lai.pe.gov.br\/epti\/wp-content\/uploads\/sites\/26\/2019\/04\/Convenio-EPTI-2015.xls\" class=\"wp-block-file__button\" download>Baixar<\/a><\/div>\n<\/div><\/div>\n<\/div>\n","protected":false},"excerpt":{"rendered":"<p>Os conv\u00eanios da Empresa Pernambucana de Transporte Coletivo Intermunicipal &#8211; EPTI s\u00e3o de car\u00e1ter t\u00e9cnico e administrativo, o que significa que n\u00e3o h\u00e1 em nenhum dos casos o repasse ou transfer\u00eancia de recursos financeiros. A EPTI atua em parceria com o Departamento de Estradas de Rodagem. Em 01 de agosto de 2015, foi assinado o [&hellip;]<\/p>\n","protected":false},"author":4,"featured_media":0,"parent":0,"menu_order":0,"comment_status":"closed","ping_status":"closed","template":"","meta":{"advgb_blocks_editor_width":"","advgb_blocks_columns_visual_guide":"","kt_blocks_editor_width":""},"featured_image_urls":{"full":"","thumbnail":"","medium":"","medium_large":"","large":"","1536x1536":"","2048x2048":""},"post_excerpt_stackable":"<p>Os conv\u00eanios da Empresa Pernambucana de Transporte Coletivo Intermunicipal &#8211; EPTI s\u00e3o de car\u00e1ter t\u00e9cnico e administrativo, o que significa que n\u00e3o h\u00e1 em nenhum dos casos o repasse ou transfer\u00eancia de recursos financeiros. A EPTI atua em parceria com o Departamento de Estradas de Rodagem. Em 01 de agosto de 2015, foi assinado o quarto termo aditivo ao Conv\u00eanio de Coopera\u00e7\u00e3o tecnica e administrativa n. 002\/2011, que \u00e9 respons\u00e1vel pelo processamento de todas as fiscaliza\u00e7\u00f5es, vistorias e estudos t\u00e9cnicos necess\u00e1rios \u00e0 manuten\u00e7\u00e3o dos servi\u00e7os vinculados ao sistema de transporte coletivo intermunicipal existente no Estado de Pernambuco. Documentos Conv\u00eanios 2022&hellip;<\/p>\n","category_list":"","author_info":{"name":"Admin","url":"https:\/\/www.lai.pe.gov.br\/epti\/author\/admintemp\/"},"comments_num":"0 coment\u00e1rio","_links":{"self":[{"href":"https:\/\/www.lai.pe.gov.br\/epti\/wp-json\/wp\/v2\/pages\/310"}],"collection":[{"href":"https:\/\/www.lai.pe.gov.br\/epti\/wp-json\/wp\/v2\/pages"}],"about":[{"href":"https:\/\/www.lai.pe.gov.br\/epti\/wp-json\/wp\/v2\/types\/page"}],"author":[{"embeddable":true,"href":"https:\/\/www.lai.pe.gov.br\/epti\/wp-json\/wp\/v2\/users\/4"}],"replies":[{"embeddable":true,"href":"https:\/\/www.lai.pe.gov.br\/epti\/wp-json\/wp\/v2\/comments?post=310"}],"version-history":[{"count":24,"href":"https:\/\/www.lai.pe.gov.br\/epti\/wp-json\/wp\/v2\/pages\/310\/revisions"}],"predecessor-version":[{"id":1105,"href":"https:\/\/www.lai.pe.gov.br\/epti\/wp-json\/wp\/v2\/pages\/310\/revisions\/1105"}],"wp:attachment":[{"href":"https:\/\/www.lai.pe.gov.br\/epti\/wp-json\/wp\/v2\/media?parent=310"}],"curies":[{"name":"wp","href":"https:\/\/api.w.org\/{rel}","templated":true}]}}