{"id":251,"date":"2024-02-26T10:04:10","date_gmt":"2024-02-26T13:04:10","guid":{"rendered":"https:\/\/www.lai.pe.gov.br\/epti\/?page_id=251"},"modified":"2024-07-12T11:02:49","modified_gmt":"2024-07-12T14:02:49","slug":"servidores","status":"publish","type":"page","link":"https:\/\/www.lai.pe.gov.br\/epti\/servidores\/","title":{"rendered":"Servidores"},"content":{"rendered":"\n<div style=\"height:57px\" aria-hidden=\"true\" class=\"wp-block-spacer\"><\/div>\n\n\n\n<div id=\"kt-info-box_58a8d3-32\" class=\"wp-block-kadence-infobox\"><a class=\"kt-blocks-info-box-link-wrap kt-blocks-info-box-media-align-top kt-info-halign-center\" target=\"_blank\" rel=\"noopener noreferrer\" href=\"https:\/\/transparencia.pe.gov.br\/recursos-humanos\/remuneracoes\/\"><div class=\"kt-blocks-info-box-media-container\"><div class=\"kt-blocks-info-box-media kt-info-media-animate-none\"><div class=\"kadence-info-box-icon-container kt-info-icon-animate-none\"><div class=\"kadence-info-box-icon-inner-container\"><span style=\"display:block;justify-content:center;align-items:center\" class=\"kt-info-svg-icon kt-info-svg-icon-fas_dollar-sign\"><svg style=\"display:inline-block;vertical-align:middle\" viewbox=\"0 0 288 512\" height=\"80\" width=\"80\" fill=\"currentColor\" xmlns=\"http:\/\/www.w3.org\/2000\/svg\"><path d=\"M209.2 233.4l-108-31.6C88.7 198.2 80 186.5 80 173.5c0-16.3 13.2-29.5 29.5-29.5h66.3c12.2 0 24.2 3.7 34.2 10.5 6.1 4.1 14.3 3.1 19.5-2l34.8-34c7.1-6.9 6.1-18.4-1.8-24.5C238 74.8 207.4 64.1 176 64V16c0-8.8-7.2-16-16-16h-32c-8.8 0-16 7.2-16 16v48h-2.5C45.8 64-5.4 118.7.5 183.6c4.2 46.1 39.4 83.6 83.8 96.6l102.5 30c12.5 3.7 21.2 15.3 21.2 28.3 0 16.3-13.2 29.5-29.5 29.5h-66.3C100 368 88 364.3 78 357.5c-6.1-4.1-14.3-3.1-19.5 2l-34.8 34c-7.1 6.9-6.1 18.4 1.8 24.5 24.5 19.2 55.1 29.9 86.5 30v48c0 8.8 7.2 16 16 16h32c8.8 0 16-7.2 16-16v-48.2c46.6-.9 90.3-28.6 105.7-72.7 21.5-61.6-14.6-124.8-72.5-141.7z\"><\/path><\/svg><\/span><\/div><\/div><\/div><\/div><div class=\"kt-infobox-textcontent\"><h2 class=\"kt-blocks-info-box-title\">A remunera\u00e7\u00e3o dos servidores da EPTI poder\u00e1 ser consultada atrav\u00e9s do Portal da Transpar\u00eancia<\/h2><div class=\"kt-blocks-info-box-learnmore-wrap\"><span class=\"kt-blocks-info-box-learnmore\">Clique aqui<\/span><\/div><\/div><\/a><\/div>\n\n\n\n<p><\/p>\n\n\n\n<p style=\"font-size:24px\">             *<strong>A EPTI n\u00e3o possui quadro pr\u00f3prio de servidores efetivos\/estatut\u00e1rios.<\/strong><\/p>\n\n\n\n<p><\/p>\n\n\n\n<h2>Documentos<\/h2>\n\n\n\n<p><\/p>\n\n\n\n<div class=\"wp-block-advgb-accordions advgb-accordion-wrapper\">\n<div class=\"wp-block-advgb-accordion-item advgb-accordion-item\" style=\"margin-bottom:15px\"><div class=\"advgb-accordion-header\" style=\"background-color:#4a6795;color:#eee;border-style:solid;border-radius:15px\"><span class=\"advgb-accordion-header-icon\"><svg fill=\"#fff\" xmlns=\"http:\/\/www.w3.org\/2000\/svg\" width=\"24\" height=\"24\" viewbox=\"0 0 24 24\"><path opacity=\"0.87\" fill=\"none\" d=\"M24,24H0L0,0l24,0V24z\"><\/path><path d=\"M16.59,8.59L12,13.17L7.41,8.59L6,10l6,6l6-6L16.59,8.59z\"><\/path><\/svg><\/span><h4 class=\"advgb-accordion-header-title\" style=\"color:inherit\">Cargos Comissionados e Fun\u00e7\u00f5es Gratificadas<\/h4><\/div><div class=\"advgb-accordion-body\" style=\"border-style:solid !important;border-color:undefined !important;border-top:none !important;border-radius:15px !important\">\n<div class=\"wp-block-file\"><a href=\"https:\/\/www.lai.pe.gov.br\/epti\/wp-content\/uploads\/sites\/26\/2019\/04\/Quantitativo-CCs-e-FGs.ods\">Quantitativo CCs e FGs<\/a><a href=\"https:\/\/www.lai.pe.gov.br\/epti\/wp-content\/uploads\/sites\/26\/2019\/04\/Quantitativo-CCs-e-FGs.ods\" class=\"wp-block-file__button\" download>Baixar<\/a><\/div>\n<\/div><\/div>\n\n\n\n<div class=\"wp-block-advgb-accordion-item advgb-accordion-item\" style=\"margin-bottom:15px\"><div class=\"advgb-accordion-header\" style=\"background-color:#4a6795;color:#eee;border-style:solid;border-radius:15px\"><span class=\"advgb-accordion-header-icon\"><svg fill=\"#fff\" xmlns=\"http:\/\/www.w3.org\/2000\/svg\" width=\"24\" height=\"24\" viewbox=\"0 0 24 24\"><path opacity=\"0.87\" fill=\"none\" d=\"M24,24H0L0,0l24,0V24z\"><\/path><path d=\"M16.59,8.59L12,13.17L7.41,8.59L6,10l6,6l6-6L16.59,8.59z\"><\/path><\/svg><\/span><h4 class=\"advgb-accordion-header-title\" style=\"color:inherit\">Quantitativo de Servidores 2024<\/h4><\/div><div class=\"advgb-accordion-body\" style=\"border-style:solid !important;border-color:undefined !important;border-top:none !important;border-radius:15px !important\">\n<p><\/p>\n\n\n\n<div class=\"wp-block-file\"><a href=\"https:\/\/www.lai.pe.gov.br\/epti\/wp-content\/uploads\/sites\/26\/2024\/02\/1-LAI_CARGOS_COMISSIONADOS_E_FUNCOES_GRATIFICADAS_JANEIRO-2024-1.xlsx\">1 &#8211; LAI_CARGOS_COMISSIONADOS_E_FUNCOES_GRATIFICADAS_JANEIRO 2024 <\/a><a href=\"https:\/\/www.lai.pe.gov.br\/epti\/wp-content\/uploads\/sites\/26\/2024\/02\/1-LAI_CARGOS_COMISSIONADOS_E_FUNCOES_GRATIFICADAS_JANEIRO-2024-1.xlsx\" class=\"wp-block-file__button\" download>Baixar<\/a><\/div>\n\n\n\n<div class=\"wp-block-file\"><a href=\"https:\/\/www.lai.pe.gov.br\/epti\/wp-content\/uploads\/sites\/26\/2024\/02\/2-LAI_CARGOS_COMISSIONADOS_E_FUNCOES_GRATIFICADAS_FEVEREIRO-2024.xlsx\">2 &#8211; LAI_CARGOS_COMISSIONADOS_E_FUNCOES_GRATIFICADAS_FEVEREIRO 2024<\/a><a href=\"https:\/\/www.lai.pe.gov.br\/epti\/wp-content\/uploads\/sites\/26\/2024\/02\/2-LAI_CARGOS_COMISSIONADOS_E_FUNCOES_GRATIFICADAS_FEVEREIRO-2024.xlsx\" class=\"wp-block-file__button\" download>Baixar<\/a><\/div>\n<\/div><\/div>\n\n\n\n<div class=\"wp-block-advgb-accordion-item advgb-accordion-item\" style=\"margin-bottom:15px\"><div class=\"advgb-accordion-header\" style=\"background-color:#4a6795;color:#eee;border-style:solid;border-radius:15px\"><span class=\"advgb-accordion-header-icon\"><svg fill=\"#fff\" xmlns=\"http:\/\/www.w3.org\/2000\/svg\" width=\"24\" height=\"24\" viewbox=\"0 0 24 24\"><path opacity=\"0.87\" fill=\"none\" d=\"M24,24H0L0,0l24,0V24z\"><\/path><path d=\"M16.59,8.59L12,13.17L7.41,8.59L6,10l6,6l6-6L16.59,8.59z\"><\/path><\/svg><\/span><h4 class=\"advgb-accordion-header-title\" style=\"color:inherit\">Quantitativo de Servidores 2023<\/h4><\/div><div class=\"advgb-accordion-body\" style=\"border-style:solid !important;border-color:undefined !important;border-top:none !important;border-radius:15px !important\">\n<div class=\"wp-block-file\"><a href=\"https:\/\/www.lai.pe.gov.br\/epti\/wp-content\/uploads\/sites\/26\/2019\/04\/Quantitativo-CCs-e-FGs.ods\">Quantitativo CCs e FGs<\/a><a href=\"https:\/\/www.lai.pe.gov.br\/epti\/wp-content\/uploads\/sites\/26\/2019\/04\/Quantitativo-CCs-e-FGs.ods\" class=\"wp-block-file__button\" download>Baixar<\/a><\/div>\n\n\n\n<div class=\"wp-block-file\"><a href=\"https:\/\/www.lai.pe.gov.br\/epti\/wp-content\/uploads\/sites\/26\/2023\/08\/LAI_CARGOS_COMISSIONADOS_E_FUNCOES_GRATIFICADAS_2-1-2.xlsx\">LAI_CARGOS_COMISSIONADOS_E_FUNCOES_GRATIFICADAS_2 (1) (2)<\/a><a href=\"https:\/\/www.lai.pe.gov.br\/epti\/wp-content\/uploads\/sites\/26\/2023\/08\/LAI_CARGOS_COMISSIONADOS_E_FUNCOES_GRATIFICADAS_2-1-2.xlsx\" class=\"wp-block-file__button\" download>Baixar<\/a><\/div>\n\n\n\n<p><\/p>\n<\/div><\/div>\n\n\n\n<div class=\"wp-block-advgb-accordion-item advgb-accordion-item\" style=\"margin-bottom:15px\"><div class=\"advgb-accordion-header\" style=\"background-color:#4a6795;color:#eee;border-style:solid;border-radius:15px\"><span class=\"advgb-accordion-header-icon\"><svg fill=\"#fff\" xmlns=\"http:\/\/www.w3.org\/2000\/svg\" width=\"24\" height=\"24\" viewbox=\"0 0 24 24\"><path opacity=\"0.87\" fill=\"none\" d=\"M24,24H0L0,0l24,0V24z\"><\/path><path d=\"M16.59,8.59L12,13.17L7.41,8.59L6,10l6,6l6-6L16.59,8.59z\"><\/path><\/svg><\/span><h4 class=\"advgb-accordion-header-title\" style=\"color:inherit\">Quantitativo Servidores 2021<\/h4><\/div><div class=\"advgb-accordion-body\" style=\"border-style:solid !important;border-color:undefined !important;border-top:none !important;border-radius:15px !important\">\n<div class=\"wp-block-file\"><a href=\"https:\/\/www.lai.pe.gov.br\/epti\/wp-content\/uploads\/sites\/26\/2021\/02\/QuantitativoServidores.Janeiro21.xlsx\">Quantitativo Servidores JANEIRO 2021<\/a><a href=\"https:\/\/www.lai.pe.gov.br\/epti\/wp-content\/uploads\/sites\/26\/2021\/02\/QuantitativoServidores.Janeiro21.xlsx\" class=\"wp-block-file__button\" download>Baixar<\/a><\/div>\n\n\n\n<div class=\"wp-block-file\"><a href=\"https:\/\/www.lai.pe.gov.br\/epti\/wp-content\/uploads\/sites\/26\/2021\/03\/QuantitativoServidores.Fevereiro21.xlsx\">Quantitativo Servidores FEVEREIRO 2021<\/a><a href=\"https:\/\/www.lai.pe.gov.br\/epti\/wp-content\/uploads\/sites\/26\/2021\/03\/QuantitativoServidores.Fevereiro21.xlsx\" class=\"wp-block-file__button\" download>Baixar<\/a><\/div>\n\n\n\n<div class=\"wp-block-file\"><a href=\"https:\/\/www.lai.pe.gov.br\/epti\/wp-content\/uploads\/sites\/26\/2021\/04\/QuantitativoServidores.Marco21.xlsx\">Quantitativo Servidores MAR\u00c7O 2021<\/a><a href=\"https:\/\/www.lai.pe.gov.br\/epti\/wp-content\/uploads\/sites\/26\/2021\/04\/QuantitativoServidores.Marco21.xlsx\" class=\"wp-block-file__button\" download>Baixar<\/a><\/div>\n\n\n\n<div class=\"wp-block-file\"><a href=\"https:\/\/www.lai.pe.gov.br\/epti\/wp-content\/uploads\/sites\/26\/2021\/05\/QuantitativoServidores.Abril21.xlsx\">Quantitativo Servidores ABRIL 2021<\/a><a href=\"https:\/\/www.lai.pe.gov.br\/epti\/wp-content\/uploads\/sites\/26\/2021\/05\/QuantitativoServidores.Abril21.xlsx\" class=\"wp-block-file__button\" download>Baixar<\/a><\/div>\n\n\n\n<div class=\"wp-block-file\"><a href=\"https:\/\/www.lai.pe.gov.br\/epti\/wp-content\/uploads\/sites\/26\/2021\/06\/LAI-QUANTITATIVO-DE-SERVIDORES-Maio-2021.xlsx\">Quantitativo Servidores MAIO 2021<\/a><a href=\"https:\/\/www.lai.pe.gov.br\/epti\/wp-content\/uploads\/sites\/26\/2021\/06\/LAI-QUANTITATIVO-DE-SERVIDORES-Maio-2021.xlsx\" class=\"wp-block-file__button\" download>Baixar<\/a><\/div>\n\n\n\n<p><\/p>\n<\/div><\/div>\n\n\n\n<div class=\"wp-block-advgb-accordion-item advgb-accordion-item\" style=\"margin-bottom:15px\"><div class=\"advgb-accordion-header\" style=\"background-color:#4a6795;color:#eee;border-style:solid;border-radius:15px\"><span class=\"advgb-accordion-header-icon\"><svg fill=\"#fff\" xmlns=\"http:\/\/www.w3.org\/2000\/svg\" width=\"24\" height=\"24\" viewbox=\"0 0 24 24\"><path opacity=\"0.87\" fill=\"none\" d=\"M24,24H0L0,0l24,0V24z\"><\/path><path d=\"M16.59,8.59L12,13.17L7.41,8.59L6,10l6,6l6-6L16.59,8.59z\"><\/path><\/svg><\/span><h4 class=\"advgb-accordion-header-title\" style=\"color:inherit\">Quantitativo Servidores 2020<\/h4><\/div><div class=\"advgb-accordion-body\" style=\"border-style:solid !important;border-color:undefined !important;border-top:none !important;border-radius:15px !important\">\n<div class=\"wp-block-file\"><a href=\"https:\/\/www.lai.pe.gov.br\/epti\/wp-content\/uploads\/sites\/26\/2020\/07\/servidores-JAN.2020.xlsx\">Quantitativo Servidores JANEIRO 2020<\/a><a href=\"https:\/\/www.lai.pe.gov.br\/epti\/wp-content\/uploads\/sites\/26\/2020\/07\/servidores-JAN.2020.xlsx\" class=\"wp-block-file__button\" download>Baixar<\/a><\/div>\n\n\n\n<div class=\"wp-block-file\"><a href=\"https:\/\/www.lai.pe.gov.br\/epti\/wp-content\/uploads\/sites\/26\/2020\/07\/servidores-FEV.2020.xlsx\">Quantitativo Servidores FEVEREIRO 2020<\/a><a href=\"https:\/\/www.lai.pe.gov.br\/epti\/wp-content\/uploads\/sites\/26\/2020\/07\/servidores-FEV.2020.xlsx\" class=\"wp-block-file__button\" download>Baixar<\/a><\/div>\n\n\n\n<div class=\"wp-block-file\"><a href=\"https:\/\/www.lai.pe.gov.br\/epti\/wp-content\/uploads\/sites\/26\/2020\/07\/Servidores-MAR.2020.xlsx\">Quantitativo Servidores MAR\u00c7O 2020<\/a><a href=\"https:\/\/www.lai.pe.gov.br\/epti\/wp-content\/uploads\/sites\/26\/2020\/07\/Servidores-MAR.2020.xlsx\" class=\"wp-block-file__button\" download>Baixar<\/a><\/div>\n\n\n\n<div class=\"wp-block-file\"><a href=\"https:\/\/www.lai.pe.gov.br\/epti\/wp-content\/uploads\/sites\/26\/2020\/07\/SERVIDORES-ABR.2020.xlsx\">Quantitativo Servidores ABRIL 2020<\/a><a href=\"https:\/\/www.lai.pe.gov.br\/epti\/wp-content\/uploads\/sites\/26\/2020\/07\/SERVIDORES-ABR.2020.xlsx\" class=\"wp-block-file__button\" download>Baixar<\/a><\/div>\n\n\n\n<div class=\"wp-block-file\"><a href=\"https:\/\/www.lai.pe.gov.br\/epti\/wp-content\/uploads\/sites\/26\/2020\/07\/servidores-MAI.2020.xlsx\">Quantitativo Servidores MAIO 2020<\/a><a href=\"https:\/\/www.lai.pe.gov.br\/epti\/wp-content\/uploads\/sites\/26\/2020\/07\/servidores-MAI.2020.xlsx\" class=\"wp-block-file__button\" download>Baixar<\/a><\/div>\n\n\n\n<div class=\"wp-block-file\"><a href=\"https:\/\/www.lai.pe.gov.br\/epti\/wp-content\/uploads\/sites\/26\/2020\/07\/SERVidores-JUNHO.xlsx\">Quantitativo Servidores JUNHO 2020<\/a><a href=\"https:\/\/www.lai.pe.gov.br\/epti\/wp-content\/uploads\/sites\/26\/2020\/07\/SERVidores-JUNHO.xlsx\" class=\"wp-block-file__button\" download>Baixar<\/a><\/div>\n\n\n\n<div class=\"wp-block-file\"><a href=\"https:\/\/www.lai.pe.gov.br\/epti\/wp-content\/uploads\/sites\/26\/2020\/08\/Cargos-e-Funcoes-JULHO.xlsx\">Quantitativo Servidores JULHO 2020<\/a><a href=\"https:\/\/www.lai.pe.gov.br\/epti\/wp-content\/uploads\/sites\/26\/2020\/08\/Cargos-e-Funcoes-JULHO.xlsx\" class=\"wp-block-file__button\" download>Baixar<\/a><\/div>\n\n\n\n<div class=\"wp-block-file\"><a href=\"https:\/\/www.lai.pe.gov.br\/epti\/wp-content\/uploads\/sites\/26\/2020\/09\/Cargos-e-Funcoes-AGOSTO-2020-1.xlsx\">Quantitativo  Servidores AGOSTO 2020<\/a><a href=\"https:\/\/www.lai.pe.gov.br\/epti\/wp-content\/uploads\/sites\/26\/2020\/09\/Cargos-e-Funcoes-AGOSTO-2020-1.xlsx\" class=\"wp-block-file__button\" download>Baixar<\/a><\/div>\n\n\n\n<div class=\"wp-block-file\"><a href=\"https:\/\/www.lai.pe.gov.br\/epti\/wp-content\/uploads\/sites\/26\/2020\/10\/Cargos-e-Funcoes-SETEMBRO-2020.xlsx\">Quantitativo Servidores SETEMBRO 2020<\/a><a href=\"https:\/\/www.lai.pe.gov.br\/epti\/wp-content\/uploads\/sites\/26\/2020\/10\/Cargos-e-Funcoes-SETEMBRO-2020.xlsx\" class=\"wp-block-file__button\" download>Baixar<\/a><\/div>\n\n\n\n<div class=\"wp-block-file\"><a href=\"https:\/\/www.lai.pe.gov.br\/epti\/wp-content\/uploads\/sites\/26\/2020\/12\/Servidores-COMPLEMENTAR-OUT.2020.xlsx\">Quantitativo Servidores OUTUBRO 2020<\/a><a href=\"https:\/\/www.lai.pe.gov.br\/epti\/wp-content\/uploads\/sites\/26\/2020\/12\/Servidores-COMPLEMENTAR-OUT.2020.xlsx\" class=\"wp-block-file__button\" download>Baixar<\/a><\/div>\n\n\n\n<div class=\"wp-block-file\"><a href=\"https:\/\/www.lai.pe.gov.br\/epti\/wp-content\/uploads\/sites\/26\/2021\/01\/LAI-PLANILHA-COMPLEMENTAR-NOV.2020-2.xlsx\">Quantitativo Servidores NOVEMBRO 2020<\/a><a href=\"https:\/\/www.lai.pe.gov.br\/epti\/wp-content\/uploads\/sites\/26\/2021\/01\/LAI-PLANILHA-COMPLEMENTAR-NOV.2020-2.xlsx\" class=\"wp-block-file__button\" download>Baixar<\/a><\/div>\n\n\n\n<div class=\"wp-block-file\"><a href=\"https:\/\/www.lai.pe.gov.br\/epti\/wp-content\/uploads\/sites\/26\/2021\/01\/LAI-COMPLEMENTAR-DEZ.2020.xlsx\">Quantitativo Servidores DEZEMBRO 2020<\/a><a href=\"https:\/\/www.lai.pe.gov.br\/epti\/wp-content\/uploads\/sites\/26\/2021\/01\/LAI-COMPLEMENTAR-DEZ.2020.xlsx\" class=\"wp-block-file__button\" download>Baixar<\/a><\/div>\n\n\n\n<p><\/p>\n<\/div><\/div>\n\n\n\n<div class=\"wp-block-advgb-accordion-item advgb-accordion-item\" style=\"margin-bottom:15px\"><div class=\"advgb-accordion-header\" style=\"background-color:#4a6795;color:#eee;border-style:solid;border-radius:15px\"><span class=\"advgb-accordion-header-icon\"><svg fill=\"#fff\" xmlns=\"http:\/\/www.w3.org\/2000\/svg\" width=\"24\" height=\"24\" viewbox=\"0 0 24 24\"><path opacity=\"0.87\" fill=\"none\" d=\"M24,24H0L0,0l24,0V24z\"><\/path><path d=\"M16.59,8.59L12,13.17L7.41,8.59L6,10l6,6l6-6L16.59,8.59z\"><\/path><\/svg><\/span><h4 class=\"advgb-accordion-header-title\" style=\"color:inherit\">Quantitativo Servidores 2019<\/h4><\/div><div class=\"advgb-accordion-body\" style=\"border-style:solid !important;border-color:undefined !important;border-top:none !important;border-radius:15px !important\">\n<div class=\"wp-block-file\"><a href=\"https:\/\/www.lai.pe.gov.br\/epti\/wp-content\/uploads\/sites\/26\/2019\/04\/Lista-Servidores-LAI.ods\">Lista Servidores LAI 2019<\/a><a href=\"https:\/\/www.lai.pe.gov.br\/epti\/wp-content\/uploads\/sites\/26\/2019\/04\/Lista-Servidores-LAI.ods\" class=\"wp-block-file__button\" download>Baixar<\/a><\/div>\n<\/div><\/div>\n<\/div>\n\n\n\n<p><\/p>\n<style class=\"advgb-styles-renderer\">#kt-info-box_58a8d3-32 .kt-blocks-info-box-link-wrap {background:rgba(10, 102, 137, 1);padding:20px 20px 20px 20px;border-width:0px 0px 0px 0px;}#kt-info-box_58a8d3-32 .kt-blocks-info-box-link-wrap:hover {border-color:rgba(238, 238, 238, 1);background:rgba(10, 102, 137, 1);}#kt-info-box_58a8d3-32 .kt-info-svg-icon, #kt-info-box_58a8d3-32 .kt-blocks-info-box-number {font-size:80px;}#kt-info-box_58a8d3-32 .kt-blocks-info-box-media {color:#ffffff;background:transparent;border-color:#444444;border-width:0px 0px 0px 0px;padding:10px 10px 10px 10px;}#kt-info-box_58a8d3-32 .kt-blocks-info-box-media-container {margin:0px 15px 0px 15px;}#kt-info-box_58a8d3-32 .kt-blocks-info-box-link-wrap:hover .kt-blocks-info-box-media {color:#ffffff;background:transparent;border-color:#444444;}#kt-info-box_58a8d3-32 .kt-blocks-info-box-title {color:#ffffff;padding:0px 0px 0px 0px;margin:5px 0px 10px 0px;}#kt-info-box_58a8d3-32 .kt-blocks-info-box-link-wrap:hover .kt-blocks-info-box-title {color:#ffffff;}#kt-info-box_58a8d3-32 .kt-blocks-info-box-text {color:#ffffff;}#kt-info-box_58a8d3-32 .kt-blocks-info-box-link-wrap:hover .kt-blocks-info-box-text {color:#ffffff;}#kt-info-box_58a8d3-32 .kt-blocks-info-box-learnmore {color:#ffffff;background:#0A6689;border-color:#ffffff;border-width:0px 0px 0px 0px;padding:4px 8px 4px 8px;margin:10px 0px 10px 0px;}#kt-info-box_58a8d3-32 .kt-blocks-info-box-link-wrap:hover .kt-blocks-info-box-learnmore {color:#0A6689;background:#ffffff;border-color:#ffffff;}<\/style>","protected":false},"excerpt":{"rendered":"<p>*A EPTI n\u00e3o possui quadro pr\u00f3prio de servidores efetivos\/estatut\u00e1rios. Documentos<\/p>\n","protected":false},"author":373,"featured_media":0,"parent":0,"menu_order":0,"comment_status":"closed","ping_status":"closed","template":"","meta":{"advgb_blocks_editor_width":"","advgb_blocks_columns_visual_guide":"","kt_blocks_editor_width":""},"featured_image_urls":{"full":"","thumbnail":"","medium":"","medium_large":"","large":"","1536x1536":"","2048x2048":""},"post_excerpt_stackable":"<p>A remunera\u00e7\u00e3o dos servidores da EPTI poder\u00e1 ser consultada atrav\u00e9s do Portal da Transpar\u00eanciaClique aqui *A EPTI n\u00e3o possui quadro pr\u00f3prio de servidores efetivos\/estatut\u00e1rios. Documentos Cargos Comissionados e Fun\u00e7\u00f5es Gratificadas Quantitativo CCs e FGsBaixar Quantitativo de Servidores 2024 1 &#8211; LAI_CARGOS_COMISSIONADOS_E_FUNCOES_GRATIFICADAS_JANEIRO 2024 Baixar 2 &#8211; LAI_CARGOS_COMISSIONADOS_E_FUNCOES_GRATIFICADAS_FEVEREIRO 2024Baixar Quantitativo de Servidores 2023 Quantitativo CCs e FGsBaixar LAI_CARGOS_COMISSIONADOS_E_FUNCOES_GRATIFICADAS_2 (1) (2)Baixar Quantitativo Servidores 2021 Quantitativo Servidores JANEIRO 2021Baixar Quantitativo Servidores FEVEREIRO 2021Baixar Quantitativo Servidores MAR\u00c7O 2021Baixar Quantitativo Servidores ABRIL 2021Baixar Quantitativo Servidores MAIO 2021Baixar Quantitativo Servidores 2020 Quantitativo Servidores JANEIRO 2020Baixar Quantitativo Servidores FEVEREIRO 2020Baixar Quantitativo Servidores MAR\u00c7O 2020Baixar Quantitativo Servidores ABRIL 2020Baixar&hellip;<\/p>\n","category_list":"","author_info":{"name":"Vitoria Regia da Silva Duarte","url":"https:\/\/www.lai.pe.gov.br\/epti\/author\/vitoriaduarte\/"},"comments_num":"0 coment\u00e1rio","_links":{"self":[{"href":"https:\/\/www.lai.pe.gov.br\/epti\/wp-json\/wp\/v2\/pages\/251"}],"collection":[{"href":"https:\/\/www.lai.pe.gov.br\/epti\/wp-json\/wp\/v2\/pages"}],"about":[{"href":"https:\/\/www.lai.pe.gov.br\/epti\/wp-json\/wp\/v2\/types\/page"}],"author":[{"embeddable":true,"href":"https:\/\/www.lai.pe.gov.br\/epti\/wp-json\/wp\/v2\/users\/373"}],"replies":[{"embeddable":true,"href":"https:\/\/www.lai.pe.gov.br\/epti\/wp-json\/wp\/v2\/comments?post=251"}],"version-history":[{"count":46,"href":"https:\/\/www.lai.pe.gov.br\/epti\/wp-json\/wp\/v2\/pages\/251\/revisions"}],"predecessor-version":[{"id":1559,"href":"https:\/\/www.lai.pe.gov.br\/epti\/wp-json\/wp\/v2\/pages\/251\/revisions\/1559"}],"wp:attachment":[{"href":"https:\/\/www.lai.pe.gov.br\/epti\/wp-json\/wp\/v2\/media?parent=251"}],"curies":[{"name":"wp","href":"https:\/\/api.w.org\/{rel}","templated":true}]}}