{"id":229,"date":"2019-03-25T09:50:10","date_gmt":"2019-03-25T12:50:10","guid":{"rendered":"https:\/\/www.lai.pe.gov.br\/epti\/?page_id=229"},"modified":"2024-07-02T14:07:00","modified_gmt":"2024-07-02T17:07:00","slug":"licitacoes","status":"publish","type":"page","link":"https:\/\/www.lai.pe.gov.br\/epti\/licitacoes\/","title":{"rendered":"Licita\u00e7\u00f5es"},"content":{"rendered":"\n<div class=\"wp-block-kadence-rowlayout alignnone\"><div id=\"kt-layout-id_82874c-f4\" class=\"kt-row-layout-inner kt-layout-id_82874c-f4\"><div class=\"kt-row-column-wrap kt-has-3-columns kt-gutter-default kt-v-gutter-default kt-row-valign-top kt-row-layout-equal kt-tab-layout-inherit kt-m-colapse-left-to-right kt-mobile-layout-row\">\n<div class=\"wp-block-kadence-column inner-column-1 kadence-column_bf87da-15\"><div class=\"kt-inside-inner-col\">\n<div id=\"kt-info-box_471ea1-12\" class=\"wp-block-kadence-infobox\"><a class=\"kt-blocks-info-box-link-wrap kt-blocks-info-box-media-align-top kt-info-halign-center\" target=\"_blank\" rel=\"noopener noreferrer\" href=\"http:\/\/www.licitacoes.pe.gov.br\/web\/ListaLicitacao.aspx\"><div class=\"kt-blocks-info-box-media kt-info-media-animate-none\"><div class=\"kadence-info-box-icon-container kt-info-icon-animate-none\"><div class=\"kadence-info-box-icon-inner-container\"><span style=\"justify-content:center;align-items:center\" class=\"kt-info-svg-icon kt-info-svg-icon-fe_shoppingCart\"><svg viewbox=\"0 0 24 24\" height=\"80\" width=\"80\" xmlns=\"http:\/\/www.w3.org\/2000\/svg\"><path d=\"M1 1h4l2.68 13.39a2 2 0 0 0 2 1.61h9.72a2 2 0 0 0 2-1.61L23 6H6\"><\/path><\/svg><\/span><\/div><\/div><\/div><div class=\"kt-infobox-textcontent\"><h2 class=\"kt-blocks-info-box-title\">Para acessar o Painel de Licita\u00e7\u00f5es<\/h2><div class=\"kt-blocks-info-box-learnmore-wrap\"><span class=\"kt-blocks-info-box-learnmore\">Clique aqui<\/span><\/div><\/div><\/a><\/div>\n<\/div><\/div>\n\n\n\n<div class=\"wp-block-kadence-column inner-column-2 kadence-column_05d495-02\"><div class=\"kt-inside-inner-col\">\n<div id=\"kt-info-box_da65fe-44\" class=\"wp-block-kadence-infobox\"><a class=\"kt-blocks-info-box-link-wrap kt-blocks-info-box-media-align-top kt-info-halign-center\" target=\"_blank\" rel=\"noopener noreferrer\" href=\"https:\/\/transparencia.pe.gov.br\/licitacoes-e-contratos\/licitacoes-e-atas-de-registro-de-precos\/\"><div class=\"kt-blocks-info-box-media-container\"><div class=\"kt-blocks-info-box-media kt-info-media-animate-none\"><div class=\"kadence-info-box-icon-container kt-info-icon-animate-none\"><div class=\"kadence-info-box-icon-inner-container\"><span style=\"display:block;justify-content:center;align-items:center\" class=\"kt-info-svg-icon kt-info-svg-icon-fas_chart-bar\"><svg style=\"display:inline-block;vertical-align:middle\" viewbox=\"0 0 512 512\" height=\"80\" width=\"80\" fill=\"currentColor\" xmlns=\"http:\/\/www.w3.org\/2000\/svg\"><path d=\"M500 384c6.6 0 12 5.4 12 12v40c0 6.6-5.4 12-12 12H12c-6.6 0-12-5.4-12-12V76c0-6.6 5.4-12 12-12h40c6.6 0 12 5.4 12 12v308h436zm-308-44v-72c0-6.6-5.4-12-12-12h-40c-6.6 0-12 5.4-12 12v72c0 6.6 5.4 12 12 12h40c6.6 0 12-5.4 12-12zm192 0V204c0-6.6-5.4-12-12-12h-40c-6.6 0-12 5.4-12 12v136c0 6.6 5.4 12 12 12h40c6.6 0 12-5.4 12-12zm-96 0V140c0-6.6-5.4-12-12-12h-40c-6.6 0-12 5.4-12 12v200c0 6.6 5.4 12 12 12h40c6.6 0 12-5.4 12-12zm192 0V108c0-6.6-5.4-12-12-12h-40c-6.6 0-12 5.4-12 12v232c0 6.6 5.4 12 12 12h40c6.6 0 12-5.4 12-12z\"><\/path><\/svg><\/span><\/div><\/div><\/div><\/div><div class=\"kt-infobox-textcontent\"><h2 class=\"kt-blocks-info-box-title\">Licita\u00e7\u00f5es no Portal da Transpar\u00eancia<\/h2><div class=\"kt-blocks-info-box-learnmore-wrap\"><span class=\"kt-blocks-info-box-learnmore\">Clique aqui<\/span><\/div><\/div><\/a><\/div>\n<\/div><\/div>\n\n\n\n<div class=\"wp-block-kadence-column inner-column-3 kadence-column_486d45-22\"><div class=\"kt-inside-inner-col\">\n<div id=\"kt-info-box_2b3e38-d3\" class=\"wp-block-kadence-infobox\"><a class=\"kt-blocks-info-box-link-wrap kt-blocks-info-box-media-align-top kt-info-halign-center\" target=\"_blank\" rel=\"noopener noreferrer\" href=\"https:\/\/www.peintegrado.pe.gov.br\/Default.aspx\"><div class=\"kt-blocks-info-box-media-container\"><div class=\"kt-blocks-info-box-media kt-info-media-animate-none\"><div class=\"kadence-info-box-icon-container kt-info-icon-animate-none\"><div class=\"kadence-info-box-icon-inner-container\"><span style=\"display:block;justify-content:center;align-items:center\" class=\"kt-info-svg-icon kt-info-svg-icon-fas_file-powerpoint\"><svg style=\"display:inline-block;vertical-align:middle\" viewbox=\"0 0 384 512\" height=\"80\" width=\"80\" fill=\"currentColor\" xmlns=\"http:\/\/www.w3.org\/2000\/svg\"><path d=\"M193.7 271.2c8.8 0 15.5 2.7 20.3 8.1 9.6 10.9 9.8 32.7-.2 44.1-4.9 5.6-11.9 8.5-21.1 8.5h-26.9v-60.7h27.9zM377 105L279 7c-4.5-4.5-10.6-7-17-7h-6v128h128v-6.1c0-6.3-2.5-12.4-7-16.9zm-153 31V0H24C10.7 0 0 10.7 0 24v464c0 13.3 10.7 24 24 24h336c13.3 0 24-10.7 24-24V160H248c-13.2 0-24-10.8-24-24zm53 165.2c0 90.3-88.8 77.6-111.1 77.6V436c0 6.6-5.4 12-12 12h-30.8c-6.6 0-12-5.4-12-12V236.2c0-6.6 5.4-12 12-12h81c44.5 0 72.9 32.8 72.9 77z\"><\/path><\/svg><\/span><\/div><\/div><\/div><\/div><div class=\"kt-infobox-textcontent\"><h2 class=\"kt-blocks-info-box-title\">PE Integrado &#8211; Editais e Licita\u00e7\u00f5es<\/h2><div class=\"kt-blocks-info-box-learnmore-wrap\"><span class=\"kt-blocks-info-box-learnmore\">Clique aqui<\/span><\/div><\/div><\/a><\/div>\n<\/div><\/div>\n<\/div><\/div><\/div>\n\n\n\n<h2>Documentos<\/h2>\n\n\n\n<h3>Comiss\u00e3o Especial de Licita\u00e7\u00e3o 2022<\/h3>\n\n\n\n<div class=\"wp-block-file\"><a href=\"https:\/\/www.lai.pe.gov.br\/epti\/wp-content\/uploads\/sites\/26\/2022\/06\/Quadro-Sumario-2022-licitacoes-Janeiro.docx\">Quadro Sum\u00e1rio JANEIRO 2022<\/a><a href=\"https:\/\/www.lai.pe.gov.br\/epti\/wp-content\/uploads\/sites\/26\/2022\/06\/Quadro-Sumario-2022-licitacoes-Janeiro.docx\" class=\"wp-block-file__button\" download>Baixar<\/a><\/div>\n\n\n\n<div class=\"wp-block-file\"><a href=\"https:\/\/www.lai.pe.gov.br\/epti\/wp-content\/uploads\/sites\/26\/2022\/06\/Quadro-Sumario-2022-licitacoes-Fevereiro-1.docx\">Quadro Sum\u00e1rio FEVEREIRO 2022<\/a><a href=\"https:\/\/www.lai.pe.gov.br\/epti\/wp-content\/uploads\/sites\/26\/2022\/06\/Quadro-Sumario-2022-licitacoes-Fevereiro-1.docx\" class=\"wp-block-file__button\" download>Baixar<\/a><\/div>\n\n\n\n<div class=\"wp-block-file\"><a href=\"https:\/\/www.lai.pe.gov.br\/epti\/wp-content\/uploads\/sites\/26\/2022\/06\/Quadro-Sumario-2022-licitacoes-Marco.docx\">Quadro Sum\u00e1rio MAR\u00c7O 2022<\/a><a href=\"https:\/\/www.lai.pe.gov.br\/epti\/wp-content\/uploads\/sites\/26\/2022\/06\/Quadro-Sumario-2022-licitacoes-Marco.docx\" class=\"wp-block-file__button\" download>Baixar<\/a><\/div>\n\n\n\n<div class=\"wp-block-file\"><a href=\"https:\/\/www.lai.pe.gov.br\/epti\/wp-content\/uploads\/sites\/26\/2022\/06\/Quadro-Sumario-2022-licitacoes-Abril-2022.docx\">Quadro Sum\u00e1rio ABRIL 2022<\/a><a href=\"https:\/\/www.lai.pe.gov.br\/epti\/wp-content\/uploads\/sites\/26\/2022\/06\/Quadro-Sumario-2022-licitacoes-Abril-2022.docx\" class=\"wp-block-file__button\" download>Baixar<\/a><\/div>\n\n\n\n<div class=\"wp-block-file\"><a href=\"https:\/\/www.lai.pe.gov.br\/epti\/wp-content\/uploads\/sites\/26\/2022\/06\/Quadro-Sumario-2022-licitacoes-Maio.docx\">Quadro Sum\u00e1rio MAIO 2022<\/a><a href=\"https:\/\/www.lai.pe.gov.br\/epti\/wp-content\/uploads\/sites\/26\/2022\/06\/Quadro-Sumario-2022-licitacoes-Maio.docx\" class=\"wp-block-file__button\" download>Baixar<\/a><\/div>\n\n\n\n<div class=\"wp-block-file\"><a href=\"https:\/\/www.lai.pe.gov.br\/epti\/wp-content\/uploads\/sites\/26\/2022\/06\/Quadro-Sumario-2022-licitacoes-Junho.docx\">Quadro Sum\u00e1rio JUNHO 2022<\/a><a href=\"https:\/\/www.lai.pe.gov.br\/epti\/wp-content\/uploads\/sites\/26\/2022\/06\/Quadro-Sumario-2022-licitacoes-Junho.docx\" class=\"wp-block-file__button\" download>Baixar<\/a><\/div>\n\n\n\n<h3>Comiss\u00e3o Especial de Licita\u00e7\u00e3o 2021<\/h3>\n\n\n\n<div class=\"wp-block-file\"><a href=\"https:\/\/www.lai.pe.gov.br\/epti\/wp-content\/uploads\/sites\/26\/2021\/03\/LICITACOES-Janeiro21.pdf\">Quadro Sum\u00e1rio JANEIRO 2021<\/a><a href=\"https:\/\/www.lai.pe.gov.br\/epti\/wp-content\/uploads\/sites\/26\/2021\/03\/LICITACOES-Janeiro21.pdf\" class=\"wp-block-file__button\" download>Baixar<\/a><\/div>\n\n\n\n<div class=\"wp-block-file\"><a href=\"https:\/\/www.lai.pe.gov.br\/epti\/wp-content\/uploads\/sites\/26\/2021\/03\/Licitacoes.FEVEREIRO21.pdf\">Quadro Sum\u00e1rio FEVEREIRO 2021<\/a><a href=\"https:\/\/www.lai.pe.gov.br\/epti\/wp-content\/uploads\/sites\/26\/2021\/03\/Licitacoes.FEVEREIRO21.pdf\" class=\"wp-block-file__button\" download>Baixar<\/a><\/div>\n\n\n\n<div class=\"wp-block-file\"><a href=\"https:\/\/www.lai.pe.gov.br\/epti\/wp-content\/uploads\/sites\/26\/2021\/04\/Licitacoes.MARCO21.pdf\">Quadro Sum\u00e1rio MAR\u00c7O 2021<\/a><a href=\"https:\/\/www.lai.pe.gov.br\/epti\/wp-content\/uploads\/sites\/26\/2021\/04\/Licitacoes.MARCO21.pdf\" class=\"wp-block-file__button\" download>Baixar<\/a><\/div>\n\n\n\n<div class=\"wp-block-file\"><a href=\"https:\/\/www.lai.pe.gov.br\/epti\/wp-content\/uploads\/sites\/26\/2021\/05\/Licitacoes.ABRIL2021.pdf\">Quadro Sum\u00e1rio ABRIL 2021<\/a><a href=\"https:\/\/www.lai.pe.gov.br\/epti\/wp-content\/uploads\/sites\/26\/2021\/05\/Licitacoes.ABRIL2021.pdf\" class=\"wp-block-file__button\" download>Baixar <\/a><\/div>\n\n\n\n<div class=\"wp-block-file\"><a href=\"https:\/\/www.lai.pe.gov.br\/epti\/wp-content\/uploads\/sites\/26\/2021\/05\/Licitacoes.MAIO2021.pdf\">Quadro Sum\u00e1rio MAIO 2021<\/a><a href=\"https:\/\/www.lai.pe.gov.br\/epti\/wp-content\/uploads\/sites\/26\/2021\/05\/Licitacoes.MAIO2021.pdf\" class=\"wp-block-file__button\" download>Baixar <\/a><\/div>\n\n\n\n<div class=\"wp-block-file\"><a href=\"https:\/\/www.lai.pe.gov.br\/epti\/wp-content\/uploads\/sites\/26\/2022\/01\/Quadro-Sumario-2021-licitacoes-Junho.docx\">Quadro Sum\u00e1rio JUNHO 2021<\/a><a href=\"https:\/\/www.lai.pe.gov.br\/epti\/wp-content\/uploads\/sites\/26\/2022\/01\/Quadro-Sumario-2021-licitacoes-Junho.docx\" class=\"wp-block-file__button\" download>Baixar<\/a><\/div>\n\n\n\n<div class=\"wp-block-file\"><a href=\"https:\/\/www.lai.pe.gov.br\/epti\/wp-content\/uploads\/sites\/26\/2022\/01\/Quadro-Sumario-2021-licitacoes-Julho.docx\">Quadro Sum\u00e1rio JULHO 2021<\/a><a href=\"https:\/\/www.lai.pe.gov.br\/epti\/wp-content\/uploads\/sites\/26\/2022\/01\/Quadro-Sumario-2021-licitacoes-Julho.docx\" class=\"wp-block-file__button\" download>Baixar<\/a><\/div>\n\n\n\n<div class=\"wp-block-file\"><a href=\"https:\/\/www.lai.pe.gov.br\/epti\/wp-content\/uploads\/sites\/26\/2022\/01\/Quadro-Sumario-2021-licitacoes-Agosto.docx\">Quadro Sum\u00e1rio AGOSTO 2021<\/a><a href=\"https:\/\/www.lai.pe.gov.br\/epti\/wp-content\/uploads\/sites\/26\/2022\/01\/Quadro-Sumario-2021-licitacoes-Agosto.docx\" class=\"wp-block-file__button\" download>Baixar<\/a><\/div>\n\n\n\n<div class=\"wp-block-file\"><a href=\"https:\/\/www.lai.pe.gov.br\/epti\/wp-content\/uploads\/sites\/26\/2022\/01\/Quadro-Sumario-2021-licitacoes-Setembro.docx\">Quadro Sum\u00e1rio SETEMBRO 2021<\/a><a href=\"https:\/\/www.lai.pe.gov.br\/epti\/wp-content\/uploads\/sites\/26\/2022\/01\/Quadro-Sumario-2021-licitacoes-Setembro.docx\" class=\"wp-block-file__button\" download>Baixar<\/a><\/div>\n\n\n\n<div class=\"wp-block-file\"><a href=\"https:\/\/www.lai.pe.gov.br\/epti\/wp-content\/uploads\/sites\/26\/2022\/01\/Quadro-Sumario-2021-licitacoes-Outubro.docx\">Quadro Sum\u00e1rio OUTUBRO 2021<\/a><a href=\"https:\/\/www.lai.pe.gov.br\/epti\/wp-content\/uploads\/sites\/26\/2022\/01\/Quadro-Sumario-2021-licitacoes-Outubro.docx\" class=\"wp-block-file__button\" download>Baixar<\/a><\/div>\n\n\n\n<div class=\"wp-block-file\"><a href=\"https:\/\/www.lai.pe.gov.br\/epti\/wp-content\/uploads\/sites\/26\/2022\/01\/Quadro-Sumario-2021-licitacoes-Novembro.docx\">Quadro Sum\u00e1rio NOVEMBRO 2021<\/a><a href=\"https:\/\/www.lai.pe.gov.br\/epti\/wp-content\/uploads\/sites\/26\/2022\/01\/Quadro-Sumario-2021-licitacoes-Novembro.docx\" class=\"wp-block-file__button\" download>Baixar<\/a><\/div>\n\n\n\n<div class=\"wp-block-file\"><a href=\"https:\/\/www.lai.pe.gov.br\/epti\/wp-content\/uploads\/sites\/26\/2022\/01\/Quadro-Sumario-2021-licitacoes-Dezembro.docx\">Quadro Sum\u00e1rio DEZEMBRO 2021<\/a><a href=\"https:\/\/www.lai.pe.gov.br\/epti\/wp-content\/uploads\/sites\/26\/2022\/01\/Quadro-Sumario-2021-licitacoes-Dezembro.docx\" class=\"wp-block-file__button\" download>Baixar<\/a><\/div>\n\n\n\n<h3>Comiss\u00e3o Especial de Licita\u00e7\u00e3o 2020<\/h3>\n\n\n\n<div class=\"wp-block-file\"><a href=\"https:\/\/www.lai.pe.gov.br\/epti\/wp-content\/uploads\/sites\/26\/2020\/03\/Quadro-Sumario-2020-licitacoes-Janeiro.docx\">Quadro Sum\u00e1rio JANEIRO 2020<\/a><a href=\"https:\/\/www.lai.pe.gov.br\/epti\/wp-content\/uploads\/sites\/26\/2020\/03\/Quadro-Sumario-2020-licitacoes-Janeiro.docx\" class=\"wp-block-file__button\" download>Baixar<\/a><\/div>\n\n\n\n<div class=\"wp-block-file\"><a href=\"https:\/\/www.lai.pe.gov.br\/epti\/wp-content\/uploads\/sites\/26\/2020\/03\/Quadro-Sumario-2020-licitacoes-Fevereiro.docx\">Quadro Sum\u00e1rio FEVEREIRO 2020<\/a><a href=\"https:\/\/www.lai.pe.gov.br\/epti\/wp-content\/uploads\/sites\/26\/2020\/03\/Quadro-Sumario-2020-licitacoes-Fevereiro.docx\" class=\"wp-block-file__button\" download>Baixar<\/a><\/div>\n\n\n\n<div class=\"wp-block-file\"><a href=\"https:\/\/www.lai.pe.gov.br\/epti\/wp-content\/uploads\/sites\/26\/2020\/06\/Quadro-Suma769rio-2020-licitacoes-Mar\u00e7o.docx.doc\">Quadro Sum\u00e1rio MAR\u00c7O 2020<\/a><a href=\"https:\/\/www.lai.pe.gov.br\/epti\/wp-content\/uploads\/sites\/26\/2020\/06\/Quadro-Suma769rio-2020-licitacoes-Mar\u00e7o.docx.doc\" class=\"wp-block-file__button\" download>Baixar<\/a><\/div>\n\n\n\n<div class=\"wp-block-file\"><a href=\"https:\/\/www.lai.pe.gov.br\/epti\/wp-content\/uploads\/sites\/26\/2020\/06\/Quadro-Suma769rio-2020-licitacoes-Abril.docx.doc\">Quadro Sum\u00e1rio ABRIL 2020<\/a><a href=\"https:\/\/www.lai.pe.gov.br\/epti\/wp-content\/uploads\/sites\/26\/2020\/06\/Quadro-Suma769rio-2020-licitacoes-Abril.docx.doc\" class=\"wp-block-file__button\" download>Baixar<\/a><\/div>\n\n\n\n<div class=\"wp-block-file\"><a href=\"https:\/\/www.lai.pe.gov.br\/epti\/wp-content\/uploads\/sites\/26\/2020\/06\/Quadro-Suma769rio-2020-licitacoes-Maio.docx.doc\">Quadro Sum\u00e1rio MAIO 2020<\/a><a href=\"https:\/\/www.lai.pe.gov.br\/epti\/wp-content\/uploads\/sites\/26\/2020\/06\/Quadro-Suma769rio-2020-licitacoes-Maio.docx.doc\" class=\"wp-block-file__button\" download>Baixar<\/a><\/div>\n\n\n\n<div class=\"wp-block-file\"><a href=\"https:\/\/www.lai.pe.gov.br\/epti\/wp-content\/uploads\/sites\/26\/2020\/09\/Licitacoes-JUNHO-2020.doc\">Quadro Sum\u00e1rio JUNHO 2020<\/a><a href=\"https:\/\/www.lai.pe.gov.br\/epti\/wp-content\/uploads\/sites\/26\/2020\/09\/Licitacoes-JUNHO-2020.doc\" class=\"wp-block-file__button\" download>Baixar<\/a><\/div>\n\n\n\n<div class=\"wp-block-file\"><a href=\"https:\/\/www.lai.pe.gov.br\/epti\/wp-content\/uploads\/sites\/26\/2020\/09\/Licitacoes-JULHO.doc\">Quadro Sum\u00e1rio JULHO 2020<\/a><a href=\"https:\/\/www.lai.pe.gov.br\/epti\/wp-content\/uploads\/sites\/26\/2020\/09\/Licitacoes-JULHO.doc\" class=\"wp-block-file__button\" download>Baixar<\/a><\/div>\n\n\n\n<div class=\"wp-block-file\"><a href=\"https:\/\/www.lai.pe.gov.br\/epti\/wp-content\/uploads\/sites\/26\/2020\/09\/Quadro-Suma769rio-2020-licitacoes-Agosto.doc\">Quadro Sum\u00e1rio AGOSTO 2020<\/a><a href=\"https:\/\/www.lai.pe.gov.br\/epti\/wp-content\/uploads\/sites\/26\/2020\/09\/Quadro-Suma769rio-2020-licitacoes-Agosto.doc\" class=\"wp-block-file__button\" download>Baixar<\/a><\/div>\n\n\n\n<div class=\"wp-block-file\"><a href=\"https:\/\/www.lai.pe.gov.br\/epti\/wp-content\/uploads\/sites\/26\/2020\/12\/Licitacoes.SETEMBRO2020.docx\">Quadro Sum\u00e1rio SETEMBRO 2020<\/a><a href=\"https:\/\/www.lai.pe.gov.br\/epti\/wp-content\/uploads\/sites\/26\/2020\/12\/Licitacoes.SETEMBRO2020.docx\" class=\"wp-block-file__button\" download>Baixar<\/a><\/div>\n\n\n\n<div class=\"wp-block-file\"><a href=\"https:\/\/www.lai.pe.gov.br\/epti\/wp-content\/uploads\/sites\/26\/2020\/12\/Licitacoes.OUTUBRO2020.docx\">Quadro Sum\u00e1rio OUTUBRO 2020<\/a><a href=\"https:\/\/www.lai.pe.gov.br\/epti\/wp-content\/uploads\/sites\/26\/2020\/12\/Licitacoes.OUTUBRO2020.docx\" class=\"wp-block-file__button\" download>Baixar<\/a><\/div>\n\n\n\n<div class=\"wp-block-file\"><a href=\"https:\/\/www.lai.pe.gov.br\/epti\/wp-content\/uploads\/sites\/26\/2020\/12\/Licitacoes.NOVEMBRO2020.docx\">Quadro Sum\u00e1rio NOVEMBRO 2020<\/a><a href=\"https:\/\/www.lai.pe.gov.br\/epti\/wp-content\/uploads\/sites\/26\/2020\/12\/Licitacoes.NOVEMBRO2020.docx\" class=\"wp-block-file__button\" download>Baixar<\/a><\/div>\n\n\n\n<h3>Comiss\u00e3o Especial de Licita\u00e7\u00e3o 2019<\/h3>\n\n\n\n<div class=\"wp-block-file\"><a href=\"https:\/\/www.lai.pe.gov.br\/epti\/wp-content\/uploads\/sites\/26\/2020\/03\/Quadro-Sumario-Licitacoes-2019.docx\">Quadro Sum\u00e1rio 2019<\/a><a href=\"https:\/\/www.lai.pe.gov.br\/epti\/wp-content\/uploads\/sites\/26\/2020\/03\/Quadro-Sumario-Licitacoes-2019.docx\" class=\"wp-block-file__button\" download>Baixar<\/a><\/div>\n\n\n\n<h3>Comiss\u00e3o Especial de Licita\u00e7\u00e3o 2018<\/h3>\n\n\n\n<div class=\"wp-block-file\"><a href=\"https:\/\/www.lai.pe.gov.br\/epti\/wp-content\/uploads\/sites\/26\/2019\/04\/Quadro-Sum\u00e1rio-2018.docx\">Quadro Sum\u00e1rio 2018<\/a><a href=\"https:\/\/www.lai.pe.gov.br\/epti\/wp-content\/uploads\/sites\/26\/2019\/04\/Quadro-Sum\u00e1rio-2018.docx\" class=\"wp-block-file__button\" download>Baixar<\/a><\/div>\n\n\n\n<p><\/p>\n<style class=\"advgb-styles-renderer\">#kt-info-box_471ea1-12 .kt-blocks-info-box-link-wrap {background:rgba(10, 102, 137, 1);padding:20px 20px 20px 20px;border-width:0px 0px 0px 0px;}#kt-info-box_471ea1-12 .kt-blocks-info-box-link-wrap:hover {border-color:rgba(238, 238, 238, 1);background:rgba(10, 102, 137, 1);}#kt-info-box_471ea1-12 .kt-info-svg-icon, #kt-info-box_471ea1-12 .kt-blocks-info-box-number {font-size:80px;}#kt-info-box_471ea1-12 .kt-blocks-info-box-media {color:#ffffff;background:transparent;border-color:#444444;border-width:0px 0px 0px 0px;padding:10px 10px 10px 10px;}#kt-info-box_471ea1-12 .kt-blocks-info-box-media-container {margin:0px 15px 0px 15px;}#kt-info-box_471ea1-12 .kt-blocks-info-box-link-wrap:hover .kt-blocks-info-box-media {color:#ffffff;background:transparent;border-color:#444444;}#kt-info-box_471ea1-12 .kt-blocks-info-box-title {color:#ffffff;padding:0px 0px 0px 0px;margin:5px 0px 10px 0px;}#kt-info-box_471ea1-12 .kt-blocks-info-box-link-wrap:hover .kt-blocks-info-box-title {color:#ffffff;}#kt-info-box_471ea1-12 .kt-blocks-info-box-text {color:#ffffff;}#kt-info-box_471ea1-12 .kt-blocks-info-box-link-wrap:hover .kt-blocks-info-box-text {color:#ffffff;}#kt-info-box_471ea1-12 .kt-blocks-info-box-learnmore {color:#ffffff;background:#0A6689;border-color:#ffffff;border-width:0px 0px 0px 0px;padding:4px 8px 4px 8px;margin:10px 0px 10px 0px;}#kt-info-box_471ea1-12 .kt-blocks-info-box-link-wrap:hover .kt-blocks-info-box-learnmore {color:#0A6689;background:#ffffff;border-color:#ffffff;}#kt-info-box_da65fe-44 .kt-blocks-info-box-link-wrap {background:rgba(10, 102, 137, 1);padding:20px 20px 20px 20px;border-width:0px 0px 0px 0px;}#kt-info-box_da65fe-44 .kt-blocks-info-box-link-wrap:hover {border-color:rgba(238, 238, 238, 1);background:rgba(10, 102, 137, 1);}#kt-info-box_da65fe-44 .kt-info-svg-icon, #kt-info-box_da65fe-44 .kt-blocks-info-box-number {font-size:80px;}#kt-info-box_da65fe-44 .kt-blocks-info-box-media {color:#ffffff;background:transparent;border-color:#444444;border-width:0px 0px 0px 0px;padding:10px 10px 10px 10px;}#kt-info-box_da65fe-44 .kt-blocks-info-box-media-container {margin:0px 15px 0px 15px;}#kt-info-box_da65fe-44 .kt-blocks-info-box-link-wrap:hover .kt-blocks-info-box-media {color:#ffffff;background:transparent;border-color:#444444;}#kt-info-box_da65fe-44 .kt-blocks-info-box-title {color:#ffffff;padding:0px 0px 0px 0px;margin:5px 0px 10px 0px;}#kt-info-box_da65fe-44 .kt-blocks-info-box-link-wrap:hover .kt-blocks-info-box-title {color:#ffffff;}#kt-info-box_da65fe-44 .kt-blocks-info-box-text {color:#ffffff;}#kt-info-box_da65fe-44 .kt-blocks-info-box-link-wrap:hover .kt-blocks-info-box-text {color:#ffffff;}#kt-info-box_da65fe-44 .kt-blocks-info-box-learnmore {color:#ffffff;background:#0A6689;border-color:#ffffff;border-width:0px 0px 0px 0px;padding:4px 8px 4px 8px;margin:10px 0px 10px 0px;}#kt-info-box_da65fe-44 .kt-blocks-info-box-link-wrap:hover .kt-blocks-info-box-learnmore {color:#0A6689;background:#ffffff;border-color:#ffffff;}#kt-info-box_2b3e38-d3 .kt-blocks-info-box-link-wrap {background:rgba(10, 102, 137, 1);padding:20px 20px 20px 20px;border-width:0px 0px 0px 0px;}#kt-info-box_2b3e38-d3 .kt-blocks-info-box-link-wrap:hover {border-color:rgba(238, 238, 238, 1);background:rgba(10, 102, 137, 1);}#kt-info-box_2b3e38-d3 .kt-info-svg-icon, #kt-info-box_2b3e38-d3 .kt-blocks-info-box-number {font-size:80px;}#kt-info-box_2b3e38-d3 .kt-blocks-info-box-media {color:#ffffff;background:transparent;border-color:#444444;border-width:0px 0px 0px 0px;padding:10px 10px 10px 10px;}#kt-info-box_2b3e38-d3 .kt-blocks-info-box-media-container {margin:0px 15px 0px 15px;}#kt-info-box_2b3e38-d3 .kt-blocks-info-box-link-wrap:hover .kt-blocks-info-box-media {color:#ffffff;background:transparent;border-color:#444444;}#kt-info-box_2b3e38-d3 .kt-blocks-info-box-title {color:#ffffff;padding:0px 0px 0px 0px;margin:5px 0px 10px 0px;}#kt-info-box_2b3e38-d3 .kt-blocks-info-box-link-wrap:hover .kt-blocks-info-box-title {color:#ffffff;}#kt-info-box_2b3e38-d3 .kt-blocks-info-box-text {color:#ffffff;}#kt-info-box_2b3e38-d3 .kt-blocks-info-box-link-wrap:hover .kt-blocks-info-box-text {color:#ffffff;}#kt-info-box_2b3e38-d3 .kt-blocks-info-box-learnmore {color:#ffffff;background:#0A6689;border-color:#ffffff;border-width:0px 0px 0px 0px;padding:4px 8px 4px 8px;margin:10px 0px 10px 0px;}#kt-info-box_2b3e38-d3 .kt-blocks-info-box-link-wrap:hover .kt-blocks-info-box-learnmore {color:#0A6689;background:#ffffff;border-color:#ffffff;}<\/style>","protected":false},"excerpt":{"rendered":"<p>Documentos Comiss\u00e3o Especial de Licita\u00e7\u00e3o 2022 Comiss\u00e3o Especial de Licita\u00e7\u00e3o 2021 Comiss\u00e3o Especial de Licita\u00e7\u00e3o 2020 Comiss\u00e3o Especial de Licita\u00e7\u00e3o 2019 Comiss\u00e3o Especial de Licita\u00e7\u00e3o 2018<\/p>\n","protected":false},"author":46,"featured_media":0,"parent":0,"menu_order":0,"comment_status":"closed","ping_status":"closed","template":"","meta":{"advgb_blocks_editor_width":"","advgb_blocks_columns_visual_guide":"","kt_blocks_editor_width":""},"featured_image_urls":{"full":"","thumbnail":"","medium":"","medium_large":"","large":"","1536x1536":"","2048x2048":""},"post_excerpt_stackable":"<p>Para acessar o Painel de Licita\u00e7\u00f5esClique aqui Licita\u00e7\u00f5es no Portal da Transpar\u00eanciaClique aqui PE Integrado &#8211; Editais e Licita\u00e7\u00f5esClique aqui Documentos Comiss\u00e3o Especial de Licita\u00e7\u00e3o 2022 Quadro Sum\u00e1rio JANEIRO 2022Baixar Quadro Sum\u00e1rio FEVEREIRO 2022Baixar Quadro Sum\u00e1rio MAR\u00c7O 2022Baixar Quadro Sum\u00e1rio ABRIL 2022Baixar Quadro Sum\u00e1rio MAIO 2022Baixar Quadro Sum\u00e1rio JUNHO 2022Baixar Comiss\u00e3o Especial de Licita\u00e7\u00e3o 2021 Quadro Sum\u00e1rio JANEIRO 2021Baixar Quadro Sum\u00e1rio FEVEREIRO 2021Baixar Quadro Sum\u00e1rio MAR\u00c7O 2021Baixar Quadro Sum\u00e1rio ABRIL 2021Baixar Quadro Sum\u00e1rio MAIO 2021Baixar Quadro Sum\u00e1rio JUNHO 2021Baixar Quadro Sum\u00e1rio JULHO 2021Baixar Quadro Sum\u00e1rio AGOSTO 2021Baixar Quadro Sum\u00e1rio SETEMBRO 2021Baixar Quadro Sum\u00e1rio OUTUBRO 2021Baixar Quadro Sum\u00e1rio NOVEMBRO 2021Baixar Quadro&hellip;<\/p>\n","category_list":"","author_info":{"name":"renatagondim","url":"https:\/\/www.lai.pe.gov.br\/epti\/author\/renatagondim\/"},"comments_num":"0 coment\u00e1rio","_links":{"self":[{"href":"https:\/\/www.lai.pe.gov.br\/epti\/wp-json\/wp\/v2\/pages\/229"}],"collection":[{"href":"https:\/\/www.lai.pe.gov.br\/epti\/wp-json\/wp\/v2\/pages"}],"about":[{"href":"https:\/\/www.lai.pe.gov.br\/epti\/wp-json\/wp\/v2\/types\/page"}],"author":[{"embeddable":true,"href":"https:\/\/www.lai.pe.gov.br\/epti\/wp-json\/wp\/v2\/users\/46"}],"replies":[{"embeddable":true,"href":"https:\/\/www.lai.pe.gov.br\/epti\/wp-json\/wp\/v2\/comments?post=229"}],"version-history":[{"count":32,"href":"https:\/\/www.lai.pe.gov.br\/epti\/wp-json\/wp\/v2\/pages\/229\/revisions"}],"predecessor-version":[{"id":1556,"href":"https:\/\/www.lai.pe.gov.br\/epti\/wp-json\/wp\/v2\/pages\/229\/revisions\/1556"}],"wp:attachment":[{"href":"https:\/\/www.lai.pe.gov.br\/epti\/wp-json\/wp\/v2\/media?parent=229"}],"curies":[{"name":"wp","href":"https:\/\/api.w.org\/{rel}","templated":true}]}}