{"id":197,"date":"2019-03-25T10:04:32","date_gmt":"2019-03-25T13:04:32","guid":{"rendered":"https:\/\/www.lai.pe.gov.br\/epti\/?page_id=197"},"modified":"2024-01-29T15:12:41","modified_gmt":"2024-01-29T18:12:41","slug":"informacoes-classificadas","status":"publish","type":"page","link":"https:\/\/www.lai.pe.gov.br\/epti\/informacoes-classificadas\/","title":{"rendered":"Informa\u00e7\u00f5es Classificadas"},"content":{"rendered":"\n<div style=\"height:30px\" aria-hidden=\"true\" class=\"wp-block-spacer\"><\/div>\n\n\n\n<blockquote class=\"wp-block-ugb-blockquote ugb-blockquote ugb-blockquote--v2 ugb--background-opacity-5 ugb-fc5da75 ugb-blockquote--v3 ugb-blockquote--design-plain ugb-main-block\" id=\"\"><div class=\"ugb-inner-block\"><div class=\"ugb-block-content\"><div class=\"ugb-blockquote__item\"><svg viewbox=\"0 0 50 50\" xmlns=\"http:\/\/www.w3.org\/2000\/svg\" class=\"ugb-blockquote__quote\" width=\"70\" height=\"70\"><path d=\"M19.8 9.3C10.5 11.8 4.6 17 2.1 24.8c2.3-3.6 5.6-5.4 9.9-5.4 3.3 0 6 1.1 8.3 3.3 2.2 2.2 3.4 5 3.4 8.3 0 3.2-1.1 5.8-3.3 8-2.2 2.2-5.1 3.2-8.7 3.2-3.7 0-6.5-1.2-8.6-3.5C1 36.3 0 33.1 0 29 0 18.3 6.5 11.2 19.6 7.9l.2 1.4zm26.4 0C36.9 11.9 31 17 28.5 24.8c2.2-3.6 5.5-5.4 9.8-5.4 3.2 0 6 1.1 8.3 3.2 2.3 2.2 3.4 4.9 3.4 8.3 0 3.1-1.1 5.8-3.3 7.9-2.2 2.2-5.1 3.3-8.6 3.3-3.7 0-6.6-1.1-8.6-3.4-2.1-2.3-3.1-5.5-3.1-9.7 0-10.7 6.6-17.8 19.7-21.1l.1 1.4z\"><\/path><\/svg><div class=\"ugb-blockquote__content\"><p class=\"ugb-blockquote__text\">De acordo com o art. 29 do Decreto 38.787 de 30 de outubro de 2012 consideram-se informa\u00e7\u00f5es imprescind\u00edveis \u00e0 seguran\u00e7a da sociedade ou do Estado, cuja divulga\u00e7\u00e3o ou acesso irrestrito possam: <br><br>I &#8211; p\u00f4r em risco a vida, a seguran\u00e7a ou a sa\u00fade da popula\u00e7\u00e3o;<br><br>II &#8211; prejudicar ou causar risco a planos ou opera\u00e7\u00f5es estrat\u00e9gicos de \u00f3rg\u00e3os de seguran\u00e7a p\u00fablica do Estado;<br><br>III &#8211; prejudicar ou causar risco a projetos de pesquisa e desenvolvimento cient\u00edfico ou tecnol\u00f3gico, assim como a sistemas, bens, instala\u00e7\u00f5es ou \u00e1reas de interesse estrat\u00e9gico estadual;<br><br>IV &#8211; p\u00f4r em risco a seguran\u00e7a de institui\u00e7\u00f5es ou de autoridades estaduais; ou<br><br>V &#8211; comprometer atividades de intelig\u00eancia, bem como de investiga\u00e7\u00e3o ou fiscaliza\u00e7\u00e3o em andamento, relacionadas \u00e0 preven\u00e7\u00e3o ou \u00e0 repress\u00e3o de infra\u00e7\u00f5es. <\/p><\/div><\/div><\/div><\/div><\/blockquote>\n\n\n\n<p><em>A EPTI  ainda n\u00e3o possui informa\u00e7\u00f5es classificadas como sigilosas (Setembro\/2020).<\/em><\/p>\n\n\n\n<div style=\"height:30px\" aria-hidden=\"true\" class=\"wp-block-spacer\"><\/div>\n\n\n\n<div style=\"height:30px\" aria-hidden=\"true\" class=\"wp-block-spacer\"><\/div>\n<style class=\"advgb-styles-renderer\">.ugb-fc5da75 .ugb-blockquote__quote{width:70px !important;height:70px !important}<\/style>","protected":false},"excerpt":{"rendered":"<p>A EPTI ainda n\u00e3o possui informa\u00e7\u00f5es classificadas como sigilosas (Setembro\/2020).<\/p>\n","protected":false},"author":4,"featured_media":0,"parent":0,"menu_order":0,"comment_status":"closed","ping_status":"closed","template":"","meta":{"advgb_blocks_editor_width":"","advgb_blocks_columns_visual_guide":"","kt_blocks_editor_width":""},"featured_image_urls":{"full":"","thumbnail":"","medium":"","medium_large":"","large":"","1536x1536":"","2048x2048":""},"post_excerpt_stackable":"<p>De acordo com o art. 29 do Decreto 38.787 de 30 de outubro de 2012 consideram-se informa\u00e7\u00f5es imprescind\u00edveis \u00e0 seguran\u00e7a da sociedade ou do Estado, cuja divulga\u00e7\u00e3o ou acesso irrestrito possam: I &#8211; p\u00f4r em risco a vida, a seguran\u00e7a ou a sa\u00fade da popula\u00e7\u00e3o;II &#8211; prejudicar ou causar risco a planos ou opera\u00e7\u00f5es estrat\u00e9gicos de \u00f3rg\u00e3os de seguran\u00e7a p\u00fablica do Estado;III &#8211; prejudicar ou causar risco a projetos de pesquisa e desenvolvimento cient\u00edfico ou tecnol\u00f3gico, assim como a sistemas, bens, instala\u00e7\u00f5es ou \u00e1reas de interesse estrat\u00e9gico estadual;IV &#8211; p\u00f4r em risco a seguran\u00e7a de institui\u00e7\u00f5es ou de autoridades estaduais;&hellip;<\/p>\n","category_list":"","author_info":{"name":"Admin","url":"https:\/\/www.lai.pe.gov.br\/epti\/author\/admintemp\/"},"comments_num":"0 coment\u00e1rio","_links":{"self":[{"href":"https:\/\/www.lai.pe.gov.br\/epti\/wp-json\/wp\/v2\/pages\/197"}],"collection":[{"href":"https:\/\/www.lai.pe.gov.br\/epti\/wp-json\/wp\/v2\/pages"}],"about":[{"href":"https:\/\/www.lai.pe.gov.br\/epti\/wp-json\/wp\/v2\/types\/page"}],"author":[{"embeddable":true,"href":"https:\/\/www.lai.pe.gov.br\/epti\/wp-json\/wp\/v2\/users\/4"}],"replies":[{"embeddable":true,"href":"https:\/\/www.lai.pe.gov.br\/epti\/wp-json\/wp\/v2\/comments?post=197"}],"version-history":[{"count":26,"href":"https:\/\/www.lai.pe.gov.br\/epti\/wp-json\/wp\/v2\/pages\/197\/revisions"}],"predecessor-version":[{"id":815,"href":"https:\/\/www.lai.pe.gov.br\/epti\/wp-json\/wp\/v2\/pages\/197\/revisions\/815"}],"wp:attachment":[{"href":"https:\/\/www.lai.pe.gov.br\/epti\/wp-json\/wp\/v2\/media?parent=197"}],"curies":[{"name":"wp","href":"https:\/\/api.w.org\/{rel}","templated":true}]}}