{"id":14,"date":"2024-01-29T15:55:05","date_gmt":"2024-01-29T18:55:05","guid":{"rendered":"https:\/\/www.lai.pe.gov.br\/epti\/?page_id=14"},"modified":"2024-01-29T15:15:32","modified_gmt":"2024-01-29T18:15:32","slug":"horario-de-atendimento","status":"publish","type":"page","link":"https:\/\/www.lai.pe.gov.br\/epti\/horario-de-atendimento\/","title":{"rendered":"Hor\u00e1rio de Atendimento"},"content":{"rendered":"\n<div id=\"kt-info-box_36c228-f9\" class=\"wp-block-kadence-infobox\"><a class=\"kt-blocks-info-box-link-wrap kt-blocks-info-box-media-align-left kt-info-halign-left\"><div class=\"kt-blocks-info-box-media-container\"><div class=\"kt-blocks-info-box-media kt-info-media-animate-flip\"><div class=\"kadence-info-box-icon-container kt-info-icon-animate-flip\"><div class=\"kadence-info-box-icon-inner-container\"><span style=\"justify-content:center;align-items:center\" class=\"kt-info-svg-icon kt-info-svg-icon-fas_info\"><svg viewbox=\"0 0 192 512\" height=\"50\" width=\"50\" xmlns=\"http:\/\/www.w3.org\/2000\/svg\"><path d=\"M20 424.229h20V279.771H20c-11.046 0-20-8.954-20-20V212c0-11.046 8.954-20 20-20h112c11.046 0 20 8.954 20 20v212.229h20c11.046 0 20 8.954 20 20V492c0 11.046-8.954 20-20 20H20c-11.046 0-20-8.954-20-20v-47.771c0-11.046 8.954-20 20-20zM96 0C56.235 0 24 32.235 24 72s32.235 72 72 72 72-32.235 72-72S135.764 0 96 0z\"><\/path><\/svg><\/span><span style=\"justify-content:center;align-items:center\" class=\"kt-info-svg-icon-flip kt-info-svg-icon-ic_info\"><svg viewbox=\"0 0 8 8\" height=\"50\" width=\"50\" xmlns=\"http:\/\/www.w3.org\/2000\/svg\"><path d=\"M3 0c-.55 0-1 .45-1 1s.45 1 1 1 1-.45 1-1-.45-1-1-1zm-1.5 2.5c-.83 0-1.5.67-1.5 1.5h1c0-.28.22-.5.5-.5s.5.22.5.5-1 1.64-1 2.5c0 .86.67 1.5 1.5 1.5s1.5-.67 1.5-1.5h-1c0 .28-.22.5-.5.5s-.5-.22-.5-.5c0-.36 1-1.84 1-2.5 0-.81-.67-1.5-1.5-1.5z\"><\/path><\/svg><\/span><\/div><\/div><\/div><\/div><div class=\"kt-infobox-textcontent\"><h2 class=\"kt-blocks-info-box-title\">O que h\u00e1 nesta p\u00e1gina!<\/h2><p class=\"kt-blocks-info-box-text\">Nesta se\u00e7\u00e3o s\u00e3o divulgadas informa\u00e7\u00f5es de hor\u00e1rio de funcionamento e atendimento ao p\u00fablico com endere\u00e7o e telefone das unidades.<\/p><\/div><\/a><\/div>\n\n\n\n<h2>Hor\u00e1rios de Atendimento:<\/h2>\n\n\n\n<h3><strong>Escrit\u00f3rio<\/strong><\/h3>\n\n\n\n<div class=\"wp-block-kadence-rowlayout alignnone\"><div id=\"kt-layout-id_c27c78-78\" class=\"kt-row-layout-inner kt-layout-id_c27c78-78\"><div class=\"kt-row-column-wrap kt-has-2-columns kt-gutter-default kt-v-gutter-default kt-row-valign-top kt-row-layout-equal kt-tab-layout-inherit kt-m-colapse-left-to-right kt-mobile-layout-row\">\n<div class=\"wp-block-kadence-column inner-column-1 kadence-column_7acfba-b1\"><div class=\"kt-inside-inner-col\">\n<div id=\"kt-info-box_35c3af-15\" class=\"wp-block-kadence-infobox horarioatendimento\"><a class=\"kt-blocks-info-box-link-wrap kt-blocks-info-box-media-align-left kt-info-halign-left\"><div class=\"kt-blocks-info-box-media-container\"><div class=\"kt-blocks-info-box-media kt-info-media-animate-none\"><div class=\"kadence-info-box-icon-container kt-info-icon-animate-none\"><div class=\"kadence-info-box-icon-inner-container\"><span style=\"display:block;justify-content:center;align-items:center\" class=\"kt-info-svg-icon kt-info-svg-icon-fas_calendar-check\"><svg viewbox=\"0 0 448 512\" height=\"120\" width=\"120\" xmlns=\"http:\/\/www.w3.org\/2000\/svg\"><path d=\"M436 160H12c-6.627 0-12-5.373-12-12v-36c0-26.51 21.49-48 48-48h48V12c0-6.627 5.373-12 12-12h40c6.627 0 12 5.373 12 12v52h128V12c0-6.627 5.373-12 12-12h40c6.627 0 12 5.373 12 12v52h48c26.51 0 48 21.49 48 48v36c0 6.627-5.373 12-12 12zM12 192h424c6.627 0 12 5.373 12 12v260c0 26.51-21.49 48-48 48H48c-26.51 0-48-21.49-48-48V204c0-6.627 5.373-12 12-12zm333.296 95.947l-28.169-28.398c-4.667-4.705-12.265-4.736-16.97-.068L194.12 364.665l-45.98-46.352c-4.667-4.705-12.266-4.736-16.971-.068l-28.397 28.17c-4.705 4.667-4.736 12.265-.068 16.97l82.601 83.269c4.667 4.705 12.265 4.736 16.97.068l142.953-141.805c4.705-4.667 4.736-12.265.068-16.97z\"><\/path><\/svg><\/span><\/div><\/div><\/div><\/div><div class=\"kt-infobox-textcontent\"><h2 class=\"kt-blocks-info-box-title\">Hor\u00e1rio Padr\u00e3o<\/h2><p class=\"kt-blocks-info-box-text\"><strong>Dias da Semana:<\/strong> De Segunda-feira a Sexta-feira<br \/><strong>Hor\u00e1rios:<\/strong> 08:00 at\u00e9 13:00  e das  14:00 at\u00e9 16:00 .<br \/><\/p><\/div><\/a><\/div>\n\n\n\n<p><\/p>\n<\/div><\/div>\n\n\n\n<div class=\"wp-block-kadence-column inner-column-2 kadence-column_8d7d55-a8\"><div class=\"kt-inside-inner-col\"><div class=\"endereco\">\n  <h4>EPTI<\/h4>\n  <div class=\"mapa\">\n            <div class=\"leaflet-map WPLeafletMap\"\n            style=\"height:250px; width:100%;\"><\/div>\n        <script>\n        \/\/ push deferred map creation function\n        window.WPLeafletMapPlugin = window.WPLeafletMapPlugin || [];\n        window.WPLeafletMapPlugin.push(function () {\n            var baseUrl = 'https:\/\/{s}.tile.openstreetmap.org\/{z}\/{x}\/{y}.png';\n            var base = (!baseUrl && window.MQ) ? \n                MQ.mapLayer() : L.tileLayer(baseUrl, { \n                    subdomains: 'abc',\n                    detectRetina: 0,\n                });\n            var options = L.Util.extend({}, {\n                    maxZoom: 20,\n                    minZoom: 0,\n                    layers: [base],\n                    zoomControl: 1,\n                    scrollWheelZoom: 1,\n                    doubleClickZoom: 0,\n                    attributionControl: false\n                }, {\"fitBounds\":false,\"attribution\":\"<a href=\\\"http:\\\/\\\/leafletjs.com\\\" title=\\\"A JS library for interactive maps\\\">Leaflet<\\\/a>; \\\\r\\\\n\\u00a9 <a href=\\\"http:\\\/\\\/www.openstreetmap.org\\\/copyright\\\">OpenStreetMap<\\\/a> contributors\"});\n            window.WPLeafletMapPlugin.createMap(options)\n                .setView([-8.0466709,-34.9282005],17);\n        });<\/script>\n            <script>\n        window.WPLeafletMapPlugin = window.WPLeafletMapPlugin || [];\n        window.WPLeafletMapPlugin.push(function () {\n            var marker_options = (function () {\n                var _options = {\"title\":\"Av. Caxang\\u00e1, 2200 - Cordeiro, Recife - PE, 50711-300  Telefone: (81) 3184-7700\"};\n                var iconArrays = [\n                    'iconSize', \n                    'iconAnchor', \n                    'shadowSize', \n                    'shadowAnchor',\n                    'popupAnchor'\n                ];\n                var default_icon = L.Icon.Default.prototype.options;\n                if (_options.iconUrl) {\n                    \/\/ arrays are strings, unfortunately...\n                    for (var i = 0, len = iconArrays.length; i < len; i++) {\n                        var option_name = iconArrays[i],\n                            option = _options[ option_name ];\n                        \/\/ convert \"1,2\" to [1, 2];\n                        if (option) {\n                            var arr = option.join('').split(',');\n                            \/\/ array.map for ie<9\n                            for (var j = 0, lenJ = arr.length; j < lenJ; j++) {\n                                arr[j] = Number(arr[j]);\n                            }\n                            _options[ option_name ] = arr;\n                        }\n                    }\n                    \/\/ default popupAnchor\n                    if (!_options.popupAnchor) {\n                        \/\/ set (roughly) to size of icon\n                        _options.popupAnchor = (function (i_size) {\n                            \/\/ copy array\n                            i_size = i_size.slice();\n                            \n                            \/\/ inverse coordinates\n                            i_size[0] = 0;\n                            i_size[1] *= -1;\n                            \/\/ bottom position on popup is 7px\n                            i_size[1] -= 3;\n                            return i_size;\n                        })(_options.iconSize || default_icon.iconSize);\n                    }\n\n                    _options.icon = new L.Icon( _options );\n                }\n                return _options;\n            })();\n            var draggable = marker_options.draggable;\n            var marker = L.marker(\n                [-8.0466709,-34.9282005], \n                marker_options\n            );\n            var map = window.WPLeafletMapPlugin.getCurrentMap();\n            var is_image = map.is_image_map;\n            var group = window.WPLeafletMapPlugin.getCurrentGroup();\n                        if (draggable) {\n                marker.on('dragend', function () {\n                    var latlng = this.getLatLng(),\n                        lat = latlng.lat,\n                        lng = latlng.lng;\n                    if (is_image) {\n                        console.log('leaflet-marker y=' + lat + ' x=' + lng);\n                    } else {\n                        console.log('leaflet-marker lat=' + lat + ' lng=' + lng);\n                    }\n                });\n            }\n            marker.addTo( group );\n            marker.bindPopup(window.WPLeafletMapPlugin.unescape('&lt;b&gt;EPTI&lt;\/b&gt;&lt;br&gt;Av. Caxang\u00e1, 2200 &amp;#8211; Cordeiro, Recife &amp;#8211; PE, 50711-300  Telefone: (81) 3184-7700'));            window.WPLeafletMapPlugin.markers.push( marker );\n        }); \/\/ end add function\n        <\/script>\n        \n  <\/div>\n  <p>Av. Caxang\u00e1, 2200 &#8211; Cordeiro, Recife &#8211; PE, 50711-300  Telefone: (81) 3184-7700<\/p>\n<\/div>\n\n\n\n\n<p><\/p>\n<\/div><\/div>\n<\/div><\/div><\/div>\n\n\n\n<h2>Terminais Rodovi\u00e1rios:<\/h2>\n\n\n\n<p>Para consultar os endere\u00e7os dos terminais rodovi\u00e1rios de Pernambuco, <a href=\"https:\/\/www.epti.pe.gov.br\/terminais-rodoviarios\/\">CLIQUE AQUI<\/a>.<\/p>\n\n\n\n<p><\/p>\n\n\n\n<h2><strong>Ouvidoria<\/strong><br><\/h2>\n\n\n\n<div class=\"wp-block-kadence-rowlayout alignnone\"><div id=\"kt-layout-id_0d0f13-61\" class=\"kt-row-layout-inner kt-layout-id_0d0f13-61\"><div class=\"kt-row-column-wrap kt-has-2-columns kt-gutter-default kt-v-gutter-default kt-row-valign-top kt-row-layout-equal kt-tab-layout-inherit kt-m-colapse-left-to-right kt-mobile-layout-row\">\n<div class=\"wp-block-kadence-column inner-column-1 kadence-column_4bb70c-2e\"><div class=\"kt-inside-inner-col\">\n<div id=\"kt-info-box_542440-ee\" class=\"wp-block-kadence-infobox horarioatendimento\"><a class=\"kt-blocks-info-box-link-wrap kt-blocks-info-box-media-align-left kt-info-halign-left\"><div class=\"kt-blocks-info-box-media-container\"><div class=\"kt-blocks-info-box-media kt-info-media-animate-none\"><div class=\"kadence-info-box-icon-container kt-info-icon-animate-none\"><div class=\"kadence-info-box-icon-inner-container\"><span style=\"display:block;justify-content:center;align-items:center\" class=\"kt-info-svg-icon kt-info-svg-icon-fas_calendar-check\"><svg viewbox=\"0 0 448 512\" height=\"120\" width=\"120\" xmlns=\"http:\/\/www.w3.org\/2000\/svg\"><path d=\"M436 160H12c-6.627 0-12-5.373-12-12v-36c0-26.51 21.49-48 48-48h48V12c0-6.627 5.373-12 12-12h40c6.627 0 12 5.373 12 12v52h128V12c0-6.627 5.373-12 12-12h40c6.627 0 12 5.373 12 12v52h48c26.51 0 48 21.49 48 48v36c0 6.627-5.373 12-12 12zM12 192h424c6.627 0 12 5.373 12 12v260c0 26.51-21.49 48-48 48H48c-26.51 0-48-21.49-48-48V204c0-6.627 5.373-12 12-12zm333.296 95.947l-28.169-28.398c-4.667-4.705-12.265-4.736-16.97-.068L194.12 364.665l-45.98-46.352c-4.667-4.705-12.266-4.736-16.971-.068l-28.397 28.17c-4.705 4.667-4.736 12.265-.068 16.97l82.601 83.269c4.667 4.705 12.265 4.736 16.97.068l142.953-141.805c4.705-4.667 4.736-12.265.068-16.97z\"><\/path><\/svg><\/span><\/div><\/div><\/div><\/div><div class=\"kt-infobox-textcontent\"><h2 class=\"kt-blocks-info-box-title\">Hor\u00e1rio Padr\u00e3o<\/h2><p class=\"kt-blocks-info-box-text\"><strong>Dias da Semana:<\/strong> De Segunda-feira a Sexta-feira<br \/><strong>Hor\u00e1rios:<\/strong> 08:00 at\u00e9 12:00 e das  13:00 at\u00e9 16:00<br \/><\/p><\/div><\/a><\/div>\n\n\n\n<p><\/p>\n<\/div><\/div>\n\n\n\n<div class=\"wp-block-kadence-column inner-column-2 kadence-column_5c96cd-e4\"><div class=\"kt-inside-inner-col\"><div class=\"endereco\">\n  <h4>Ouvidoria<\/h4>\n  <div class=\"mapa\">\n            <div class=\"leaflet-map WPLeafletMap\"\n            style=\"height:250px; width:100%;\"><\/div>\n        <script>\n        \/\/ push deferred map creation function\n        window.WPLeafletMapPlugin = window.WPLeafletMapPlugin || [];\n        window.WPLeafletMapPlugin.push(function () {\n            var baseUrl = 'https:\/\/{s}.tile.openstreetmap.org\/{z}\/{x}\/{y}.png';\n            var base = (!baseUrl && window.MQ) ? \n                MQ.mapLayer() : L.tileLayer(baseUrl, { \n                    subdomains: 'abc',\n                    detectRetina: 0,\n                });\n            var options = L.Util.extend({}, {\n                    maxZoom: 20,\n                    minZoom: 0,\n                    layers: [base],\n                    zoomControl: 1,\n                    scrollWheelZoom: 1,\n                    doubleClickZoom: 0,\n                    attributionControl: false\n                }, {\"fitBounds\":false,\"attribution\":\"<a href=\\\"http:\\\/\\\/leafletjs.com\\\" title=\\\"A JS library for interactive maps\\\">Leaflet<\\\/a>; \\\\r\\\\n\\u00a9 <a href=\\\"http:\\\/\\\/www.openstreetmap.org\\\/copyright\\\">OpenStreetMap<\\\/a> contributors\"});\n            window.WPLeafletMapPlugin.createMap(options)\n                .setView([-8.0466709,-34.9282005],17);\n        });<\/script>\n            <script>\n        window.WPLeafletMapPlugin = window.WPLeafletMapPlugin || [];\n        window.WPLeafletMapPlugin.push(function () {\n            var marker_options = (function () {\n                var _options = {\"title\":\"Av. Caxang\\u00e1, 2200 - Cordeiro, Recife - PE, 50711-300  Telefone: (81) 3184 7717\"};\n                var iconArrays = [\n                    'iconSize', \n                    'iconAnchor', \n                    'shadowSize', \n                    'shadowAnchor',\n                    'popupAnchor'\n                ];\n                var default_icon = L.Icon.Default.prototype.options;\n                if (_options.iconUrl) {\n                    \/\/ arrays are strings, unfortunately...\n                    for (var i = 0, len = iconArrays.length; i < len; i++) {\n                        var option_name = iconArrays[i],\n                            option = _options[ option_name ];\n                        \/\/ convert \"1,2\" to [1, 2];\n                        if (option) {\n                            var arr = option.join('').split(',');\n                            \/\/ array.map for ie<9\n                            for (var j = 0, lenJ = arr.length; j < lenJ; j++) {\n                                arr[j] = Number(arr[j]);\n                            }\n                            _options[ option_name ] = arr;\n                        }\n                    }\n                    \/\/ default popupAnchor\n                    if (!_options.popupAnchor) {\n                        \/\/ set (roughly) to size of icon\n                        _options.popupAnchor = (function (i_size) {\n                            \/\/ copy array\n                            i_size = i_size.slice();\n                            \n                            \/\/ inverse coordinates\n                            i_size[0] = 0;\n                            i_size[1] *= -1;\n                            \/\/ bottom position on popup is 7px\n                            i_size[1] -= 3;\n                            return i_size;\n                        })(_options.iconSize || default_icon.iconSize);\n                    }\n\n                    _options.icon = new L.Icon( _options );\n                }\n                return _options;\n            })();\n            var draggable = marker_options.draggable;\n            var marker = L.marker(\n                [-8.0466709,-34.9282005], \n                marker_options\n            );\n            var map = window.WPLeafletMapPlugin.getCurrentMap();\n            var is_image = map.is_image_map;\n            var group = window.WPLeafletMapPlugin.getCurrentGroup();\n                        if (draggable) {\n                marker.on('dragend', function () {\n                    var latlng = this.getLatLng(),\n                        lat = latlng.lat,\n                        lng = latlng.lng;\n                    if (is_image) {\n                        console.log('leaflet-marker y=' + lat + ' x=' + lng);\n                    } else {\n                        console.log('leaflet-marker lat=' + lat + ' lng=' + lng);\n                    }\n                });\n            }\n            marker.addTo( group );\n            marker.bindPopup(window.WPLeafletMapPlugin.unescape('&lt;b&gt;Ouvidoria&lt;\/b&gt;&lt;br&gt;Av. Caxang\u00e1, 2200 &amp;#8211; Cordeiro, Recife &amp;#8211; PE, 50711-300  Telefone: (81) 3184 7717'));            window.WPLeafletMapPlugin.markers.push( marker );\n        }); \/\/ end add function\n        <\/script>\n        \n  <\/div>\n  <p>Av. Caxang\u00e1, 2200 &#8211; Cordeiro, Recife &#8211; PE, 50711-300  Telefone: (81) 3184 7717<\/p>\n<\/div>\n\n\n\n\n<p><\/p>\n<\/div><\/div>\n<\/div><\/div><\/div>\n<style class=\"advgb-styles-renderer\">#kt-info-box_36c228-f9 .kt-blocks-info-box-link-wrap {border-color:rgba(136, 136, 136, 1);border-radius:20px;background:rgba(255, 255, 255, 1);padding:20px 20px 20px 20px;border-width:2px 2px 2px 2px;}#kt-info-box_36c228-f9 .kt-blocks-info-box-link-wrap:hover {border-color:rgba(136, 136, 136, 1);background:rgba(255, 255, 255, 1);}#kt-info-box_36c228-f9 .kt-info-svg-icon, #kt-info-box_36c228-f9 .kt-blocks-info-box-number {font-size:50px;}#kt-info-box_36c228-f9 .kt-blocks-info-box-media {color:#ffffff;background:#555555;border-color:#444444;border-radius:200px;border-width:0px 0px 0px 0px;padding:20px 20px 20px 20px;margin:0px 15px 0px 15px;}#kt-info-box_36c228-f9 .kt-blocks-info-box-media img {border-radius:200px;}#kt-info-box_36c228-f9 .kt-blocks-info-box-link-wrap:hover .kt-blocks-info-box-media {color:#ffffff;background:#444444;border-color:#444444;}#kt-info-box_36c228-f9 .kt-blocks-info-box-title {padding:0px 0px 0px 0px;margin:5px 0px 10px 0px;}#kt-info-box_36c228-f9 .kt-blocks-info-box-text {}#kt-info-box_36c228-f9 .kt-blocks-info-box-link-wrap:hover {box-shadow:0px 0px 14px 0px rgba(0,0,0,0.2);}#kt-info-box_35c3af-15 .kt-blocks-info-box-link-wrap {background:rgba(10, 102, 137, 1);padding:20px 20px 20px 20px;border-width:0px 0px 0px 0px;}#kt-info-box_35c3af-15 .kt-blocks-info-box-link-wrap:hover {border-color:rgba(238, 238, 238, 1);background:rgba(10, 102, 137, 1);}#kt-info-box_35c3af-15 .kt-info-svg-icon, #kt-info-box_35c3af-15 .kt-blocks-info-box-number {font-size:120px;}#kt-info-box_35c3af-15 .kt-blocks-info-box-media {color:#ffffff;background:transparent;border-color:#444444;border-width:0px 0px 0px 0px;padding:10px 10px 10px 10px;margin:0px 15px 0px 15px;}#kt-info-box_35c3af-15 .kt-blocks-info-box-link-wrap:hover .kt-blocks-info-box-media {color:#ffffff;background:transparent;border-color:#444444;}#kt-info-box_35c3af-15 .kt-blocks-info-box-title {color:#ffffff;padding:0px 0px 0px 0px;margin:5px 0px 10px 0px;}#kt-info-box_35c3af-15 .kt-blocks-info-box-link-wrap:hover .kt-blocks-info-box-title {color:#ffffff;}#kt-info-box_35c3af-15 .kt-blocks-info-box-text {color:#ffffff;}#kt-info-box_35c3af-15 .kt-blocks-info-box-link-wrap:hover .kt-blocks-info-box-text {color:#ffffff;}#kt-info-box_35c3af-15 .kt-blocks-info-box-learnmore {color:#ffffff;background:#0A6689;border-color:#ffffff;border-width:0px 0px 0px 0px;padding:4px 8px 4px 8px;margin:10px 0px 10px 0px;}#kt-info-box_35c3af-15 .kt-blocks-info-box-link-wrap:hover .kt-blocks-info-box-learnmore {color:#0A6689;background:#ffffff;border-color:#ffffff;}#kt-info-box_542440-ee .kt-blocks-info-box-link-wrap {background:rgba(10, 102, 137, 1);padding:20px 20px 20px 20px;border-width:0px 0px 0px 0px;}#kt-info-box_542440-ee .kt-blocks-info-box-link-wrap:hover {border-color:rgba(238, 238, 238, 1);background:rgba(10, 102, 137, 1);}#kt-info-box_542440-ee .kt-info-svg-icon, #kt-info-box_542440-ee .kt-blocks-info-box-number {font-size:120px;}#kt-info-box_542440-ee .kt-blocks-info-box-media {color:#ffffff;background:transparent;border-color:#444444;border-width:0px 0px 0px 0px;padding:10px 10px 10px 10px;margin:0px 15px 0px 15px;}#kt-info-box_542440-ee .kt-blocks-info-box-link-wrap:hover .kt-blocks-info-box-media {color:#ffffff;background:transparent;border-color:#444444;}#kt-info-box_542440-ee .kt-blocks-info-box-title {color:#ffffff;padding:0px 0px 0px 0px;margin:5px 0px 10px 0px;}#kt-info-box_542440-ee .kt-blocks-info-box-link-wrap:hover .kt-blocks-info-box-title {color:#ffffff;}#kt-info-box_542440-ee .kt-blocks-info-box-text {color:#ffffff;}#kt-info-box_542440-ee .kt-blocks-info-box-link-wrap:hover .kt-blocks-info-box-text {color:#ffffff;}#kt-info-box_542440-ee .kt-blocks-info-box-learnmore {color:#ffffff;background:#0A6689;border-color:#ffffff;border-width:0px 0px 0px 0px;padding:4px 8px 4px 8px;margin:10px 0px 10px 0px;}#kt-info-box_542440-ee .kt-blocks-info-box-link-wrap:hover .kt-blocks-info-box-learnmore {color:#0A6689;background:#ffffff;border-color:#ffffff;}<\/style>","protected":false},"excerpt":{"rendered":"<p>Hor\u00e1rios de Atendimento: Escrit\u00f3rio Terminais Rodovi\u00e1rios: Para consultar os endere\u00e7os dos terminais rodovi\u00e1rios de Pernambuco, CLIQUE AQUI. Ouvidoria<\/p>\n","protected":false},"author":373,"featured_media":0,"parent":0,"menu_order":0,"comment_status":"closed","ping_status":"closed","template":"","meta":{"advgb_blocks_editor_width":"","advgb_blocks_columns_visual_guide":"","kt_blocks_editor_width":""},"featured_image_urls":{"full":"","thumbnail":"","medium":"","medium_large":"","large":"","1536x1536":"","2048x2048":""},"post_excerpt_stackable":"<p>O que h\u00e1 nesta p\u00e1gina!Nesta se\u00e7\u00e3o s\u00e3o divulgadas informa\u00e7\u00f5es de hor\u00e1rio de funcionamento e atendimento ao p\u00fablico com endere\u00e7o e telefone das unidades. Hor\u00e1rios de Atendimento: Escrit\u00f3rio Hor\u00e1rio Padr\u00e3oDias da Semana: De Segunda-feira a Sexta-feiraHor\u00e1rios: 08:00 at\u00e9 13:00 e das 14:00 at\u00e9 16:00 . EPTI Av. Caxang\u00e1, 2200 &#8211; Cordeiro, Recife &#8211; PE, 50711-300 Telefone: (81) 3184-7700 Terminais Rodovi\u00e1rios: Para consultar os endere\u00e7os dos terminais rodovi\u00e1rios de Pernambuco, CLIQUE AQUI. Ouvidoria Hor\u00e1rio Padr\u00e3oDias da Semana: De Segunda-feira a Sexta-feiraHor\u00e1rios: 08:00 at\u00e9 12:00 e das 13:00 at\u00e9 16:00 Ouvidoria Av. Caxang\u00e1, 2200 &#8211; Cordeiro, Recife &#8211; PE, 50711-300 Telefone: (81) 3184&hellip;<\/p>\n","category_list":"","author_info":{"name":"Vitoria Regia da Silva Duarte","url":"https:\/\/www.lai.pe.gov.br\/epti\/author\/vitoriaduarte\/"},"comments_num":"0 coment\u00e1rio","_links":{"self":[{"href":"https:\/\/www.lai.pe.gov.br\/epti\/wp-json\/wp\/v2\/pages\/14"}],"collection":[{"href":"https:\/\/www.lai.pe.gov.br\/epti\/wp-json\/wp\/v2\/pages"}],"about":[{"href":"https:\/\/www.lai.pe.gov.br\/epti\/wp-json\/wp\/v2\/types\/page"}],"author":[{"embeddable":true,"href":"https:\/\/www.lai.pe.gov.br\/epti\/wp-json\/wp\/v2\/users\/373"}],"replies":[{"embeddable":true,"href":"https:\/\/www.lai.pe.gov.br\/epti\/wp-json\/wp\/v2\/comments?post=14"}],"version-history":[{"count":30,"href":"https:\/\/www.lai.pe.gov.br\/epti\/wp-json\/wp\/v2\/pages\/14\/revisions"}],"predecessor-version":[{"id":1389,"href":"https:\/\/www.lai.pe.gov.br\/epti\/wp-json\/wp\/v2\/pages\/14\/revisions\/1389"}],"wp:attachment":[{"href":"https:\/\/www.lai.pe.gov.br\/epti\/wp-json\/wp\/v2\/media?parent=14"}],"curies":[{"name":"wp","href":"https:\/\/api.w.org\/{rel}","templated":true}]}}