{"id":6,"date":"2019-03-13T16:51:31","date_gmt":"2019-03-13T19:51:31","guid":{"rendered":"https:\/\/www.lai.pe.gov.br\/adagro\/?page_id=6"},"modified":"2023-07-13T14:57:39","modified_gmt":"2023-07-13T17:57:39","slug":"institucional","status":"publish","type":"page","link":"https:\/\/www.lai.pe.gov.br\/adagro\/","title":{"rendered":"Institucional"},"content":{"rendered":"\n<div id=\"kt-info-box_36c228-f9\" class=\"wp-block-kadence-infobox\"><a class=\"kt-blocks-info-box-link-wrap kt-blocks-info-box-media-align-left kt-info-halign-left\"><div class=\"kt-blocks-info-box-media-container\"><div class=\"kt-blocks-info-box-media kt-info-media-animate-flip\"><div class=\"kadence-info-box-icon-container kt-info-icon-animate-flip\"><div class=\"kadence-info-box-icon-inner-container\"><span style=\"display:block;justify-content:center;align-items:center\" class=\"kt-info-svg-icon kt-info-svg-icon-fas_info\"><svg viewbox=\"0 0 192 512\" height=\"50\" width=\"50\" xmlns=\"http:\/\/www.w3.org\/2000\/svg\"><path d=\"M20 424.229h20V279.771H20c-11.046 0-20-8.954-20-20V212c0-11.046 8.954-20 20-20h112c11.046 0 20 8.954 20 20v212.229h20c11.046 0 20 8.954 20 20V492c0 11.046-8.954 20-20 20H20c-11.046 0-20-8.954-20-20v-47.771c0-11.046 8.954-20 20-20zM96 0C56.235 0 24 32.235 24 72s32.235 72 72 72 72-32.235 72-72S135.764 0 96 0z\"><\/path><\/svg><\/span><span style=\"display:block;justify-content:center;align-items:center\" class=\"kt-info-svg-icon-flip kt-info-svg-icon-ic_info\"><svg viewbox=\"0 0 8 8\" height=\"50\" width=\"50\" xmlns=\"http:\/\/www.w3.org\/2000\/svg\"><path d=\"M3 0c-.55 0-1 .45-1 1s.45 1 1 1 1-.45 1-1-.45-1-1-1zm-1.5 2.5c-.83 0-1.5.67-1.5 1.5h1c0-.28.22-.5.5-.5s.5.22.5.5-1 1.64-1 2.5c0 .86.67 1.5 1.5 1.5s1.5-.67 1.5-1.5h-1c0 .28-.22.5-.5.5s-.5-.22-.5-.5c0-.36 1-1.84 1-2.5 0-.81-.67-1.5-1.5-1.5z\"><\/path><\/svg><\/span><\/div><\/div><\/div><\/div><div class=\"kt-infobox-textcontent\"><h2 class=\"kt-blocks-info-box-title\">O que h\u00e1 nesta p\u00e1gina!<\/h2><p class=\"kt-blocks-info-box-text\">Nesta se\u00e7\u00e3o s\u00e3o divulgadas informa\u00e7\u00f5es institucionais e organizacionais da entidade.<\/p><\/div><\/a><\/div>\n\n\n\n<div style=\"height:21px\" aria-hidden=\"true\" class=\"wp-block-spacer\"><\/div>\n\n\n\n<blockquote class=\"wp-block-ugb-blockquote ugb-blockquote ugb-e7c5382 ugb-blockquote--v3 ugb-blockquote--design-plain ugb-main-block\" id=\"\"><div class=\"ugb-inner-block\"><div class=\"ugb-block-content\"><div class=\"ugb-blockquote__item\"><svg viewbox=\"0 0 50 50\" xmlns=\"http:\/\/www.w3.org\/2000\/svg\" class=\"ugb-blockquote__quote\" width=\"70\" height=\"70\"><path d=\"M19.8 9.3C10.5 11.8 4.6 17 2.1 24.8c2.3-3.6 5.6-5.4 9.9-5.4 3.3 0 6 1.1 8.3 3.3 2.2 2.2 3.4 5 3.4 8.3 0 3.2-1.1 5.8-3.3 8-2.2 2.2-5.1 3.2-8.7 3.2-3.7 0-6.5-1.2-8.6-3.5C1 36.3 0 33.1 0 29 0 18.3 6.5 11.2 19.6 7.9l.2 1.4zm26.4 0C36.9 11.9 31 17 28.5 24.8c2.2-3.6 5.5-5.4 9.8-5.4 3.2 0 6 1.1 8.3 3.2 2.3 2.2 3.4 4.9 3.4 8.3 0 3.1-1.1 5.8-3.3 7.9-2.2 2.2-5.1 3.3-8.6 3.3-3.7 0-6.6-1.1-8.6-3.4-2.1-2.3-3.1-5.5-3.1-9.7 0-10.7 6.6-17.8 19.7-21.1l.1 1.4z\"><\/path><\/svg><div class=\"ugb-blockquote__content\"><p class=\"ugb-blockquote__text\">A Ag\u00eancia de Defesa e Fiscaliza\u00e7\u00e3o Agropecu\u00e1ria do Estado de Pernambuco \u2013 ADAGRO \u00e9 um \u00f3rg\u00e3o p\u00fablico criado pela Lei Estadual n\u00b0 12.506, de 16 de dezembro de 2003, cujo regulamento consta no o Decreto n\u00ba 50.279, de 15 de fevereiro de 2021.<br>A ADAGRO foi al\u00e7ada a autarquia por meio da Lei n\u00ba 15.919 de 04 de novembro de 2016 e est\u00e1 vinculada \u00e0 Secretaria de Desenvolvimento Agr\u00e1rio, Agricultura, Pecu\u00e1ria e Pesca, sendo da administra\u00e7\u00e3o indireta, dotada de autonomia administrativa e financeira.<\/p><\/div><\/div><\/div><\/div><\/blockquote>\n\n\n\n<div class=\"wp-block-ugb-container ugb-container ugb-23cfe0e ugb-container--v2 ugb-container--design-basic ugb-main-block\" id=\"\"><div class=\"ugb-inner-block\"><div class=\"ugb-block-content\"><div class=\"ugb-container__wrapper ugb-23cfe0e-wrapper ugb--shadow-3\"><div class=\"ugb-container__side\"><div class=\"ugb-container__content-wrapper ugb-23cfe0e-content-wrapper\">\n<h4>NA ESTRUTURA DO PODER EXECUTIVO, A ADAGRO EST\u00c1 ASSIM POSICIONADA:<\/h4>\n\n\n\n<p>Governo do Estado de Pernambuco <\/p>\n\n\n\n<p>Secretaria de Desenvolvimento Agr\u00e1rio, Agricultura, Pecu\u00e1ria e Pesca<\/p>\n\n\n\n<p>Ag\u00eancia de Defesa e Fiscaliza\u00e7\u00e3o Agropecu\u00e1ria do Estado de Pernambuco &#8211;  ADAGRO<\/p>\n<\/div><\/div><\/div><\/div><\/div><\/div>\n\n\n\n<div class=\"wp-block-ugb-container ugb-container ugb-9935e14 ugb-container--v2 ugb-container--design-basic ugb-main-block\" id=\"\"><div class=\"ugb-inner-block\"><div class=\"ugb-block-content\"><div class=\"ugb-container__wrapper ugb-9935e14-wrapper ugb--shadow-3\"><div class=\"ugb-container__side\"><div class=\"ugb-container__content-wrapper ugb-9935e14-content-wrapper\">\n<h4>MISS\u00c3O INSTITUCIONAL<\/h4>\n\n\n\n<p>Integrar a\u00e7\u00f5es do Governo Federal, Estadual e Municipal que contribuam para promover e executar a Defesa Sanit\u00e1ria Animal e Vegetal, o controle e a inspe\u00e7\u00e3o de produtos de origem agropecu\u00e1ria.<\/p>\n<\/div><\/div><\/div><\/div><\/div><\/div>\n\n\n\n<div class=\"wp-block-ugb-container ugb-container ugb-7c6724f ugb-container--v2 ugb-container--design-basic ugb-main-block\" id=\"\"><div class=\"ugb-inner-block\"><div class=\"ugb-block-content\"><div class=\"ugb-container__wrapper ugb-7c6724f-wrapper ugb--shadow-3\"><div class=\"ugb-container__side\"><div class=\"ugb-container__content-wrapper ugb-7c6724f-content-wrapper\">\n<h4>VIS\u00c3O DE FUTURO<\/h4>\n\n\n\n<p>Tornar-se um modelo de institui\u00e7\u00e3o que assegure a sa\u00fade dos animais e vegetais e a qualidade dos produtos agropecu\u00e1rios em benef\u00edcio da popula\u00e7\u00e3o. <\/p>\n<\/div><\/div><\/div><\/div><\/div><\/div>\n\n\n\n<div class=\"wp-block-ugb-container ugb-container ugb-8d33b93 ugb-container--v2 ugb-container--design-basic ugb-main-block\" id=\"\"><div class=\"ugb-inner-block\"><div class=\"ugb-block-content\"><div class=\"ugb-container__wrapper ugb-8d33b93-wrapper ugb--shadow-3\"><div class=\"ugb-container__side\"><div class=\"ugb-container__content-wrapper ugb-8d33b93-content-wrapper\">\n<h4>VALORES<\/h4>\n\n\n\n<div class=\"wp-block-ugb-icon-list ugb-icon-list ugb-icon-list-wrapper ugb-471464c ugb-icon-list--v2 ugb-icon--icon-check ugb-main-block\" id=\"\"><div class=\"ugb-inner-block\"><div class=\"ugb-block-content\"><ul><li>Compromisso com a institui\u00e7\u00e3o;<\/li><li>Respeito m\u00fatuo para valoriza\u00e7\u00e3o das pessoas;<\/li><li>Uniformidade no atendimento;<\/li><li>Zelo pela imagem da institui\u00e7\u00e3o;<\/li><li>Autonomia com responsabilidade;<\/li><li>Acessibilidades \u00e0s mudan\u00e7as.  <\/li><\/ul><\/div><\/div><\/div>\n\n\n\n<p><\/p>\n<\/div><\/div><\/div><\/div><\/div><\/div>\n\n\n\n<div class=\"wp-block-ugb-container ugb-container ugb-931d727 ugb-container--v2 ugb-container--design-basic ugb-main-block\" id=\"\"><div class=\"ugb-inner-block\"><div class=\"ugb-block-content\"><div class=\"ugb-container__wrapper ugb-931d727-wrapper ugb--shadow-3\"><div class=\"ugb-container__side\"><div class=\"ugb-container__content-wrapper ugb-931d727-content-wrapper\">\n<h4>FUN\u00c7\u00d5ES<\/h4>\n\n\n\n<div class=\"wp-block-ugb-icon-list ugb-icon-list ugb-icon-list-wrapper ugb-c809f67 ugb-icon-list--v2 ugb-icon--icon-check ugb-main-block\" id=\"\"><div class=\"ugb-inner-block\"><div class=\"ugb-block-content\"><ul><li>Planejar, elaborar, coordenar e executar programa de promo\u00e7\u00e3o e prote\u00e7\u00e3o da sa\u00fade animal e vegetal e a educa\u00e7\u00e3o zoofitossanit\u00e1ria, constituindo-se na autoridade estadual de sanidade agropecu\u00e1ria;<\/li><li>Fiscalizar a entrada, o tr\u00e2nsito, o com\u00e9rcio, o beneficiamento de produtos, subprodutos e derivados de origem animal e vegetal, inclusive atividades em propriedades rurais no territ\u00f3rio pernambucano;<\/li><li>Levantar, mapear e monitorar as ocorr\u00eancias zoofitossanit\u00e1rias no territ\u00f3rio pernambucano, objetivando o estabelecimento de a\u00e7\u00f5es de preven\u00e7\u00e3o e controle de pragas e doen\u00e7as dos vegetais e animais;<\/li><li>Exercer as atividades de vigil\u00e2ncia epidemiol\u00f3gica, profilaxia e controle de pragas e doen\u00e7as animais e vegetais;<\/li><li>Fiscalizar e inspecionar as pessoas f\u00edsicas e jur\u00eddicas de direito p\u00fablico e privado, que manipulem, produzem, beneficiem, classifiquem, armazenem, transportem ou comercializem produtos e derivados agropecu\u00e1rios e insumos do setor prim\u00e1rio;<\/li><li>Registrar no que couber, cadastrar, fiscalizar e inspecionar pessoas f\u00edsicas e jur\u00eddicas que produzem, comercializam e distribuem produtos quimioter\u00e1picos, biol\u00f3gicos, agrot\u00f3xicos e afins, demais produtos agropecu\u00e1rios, bem como prestadores de servi\u00e7os zoofitossanit\u00e1rios;<\/li><li>Aplicar multas e outras san\u00e7\u00f5es aos infratores das leis, decretos, portarias e normas de defesa sanit\u00e1ria animal e vegetal ou de produtos correlatos, que regem as atividades da ADAGRO;<\/li><li>Interditar, por descumprimento de medida sanit\u00e1ria, profil\u00e1tica ou preventiva, estabelecimento p\u00fablico ou particular e proibir o tr\u00e2nsito de animais, vegetais e seus subprodutos em desacordo com a regulamenta\u00e7\u00e3o sanit\u00e1ria;<\/li><li>Gerir o Fundo de Defesa Agropecu\u00e1ria de Pernambuco, de acordo com o inciso XII do Art. 2\u00ba da Lei 15.919 de 4 de novembro de 2016.<\/li><\/ul><\/div><\/div><\/div>\n<\/div><\/div><\/div><\/div><\/div><\/div>\n\n\n\n<div class=\"wp-block-ugb-container ugb-container ugb-ec8af71 ugb-container--v2 ugb-container--design-basic ugb-main-block\" id=\"\"><div class=\"ugb-inner-block\"><div class=\"ugb-block-content\"><div class=\"ugb-container__wrapper ugb-ec8af71-wrapper ugb--shadow-3\"><div class=\"ugb-container__side\"><div class=\"ugb-container__content-wrapper ugb-ec8af71-content-wrapper\">\n<h4>USU\u00c1RIOS DOS SERVI\u00c7OS<\/h4>\n\n\n\n<p>Popula\u00e7\u00e3o em geral, especialmente produtores rurais e consumidores de alimentos de origem animal.<\/p>\n<\/div><\/div><\/div><\/div><\/div><\/div>\n\n\n\n<div style=\"height:20px\" aria-hidden=\"true\" class=\"wp-block-spacer\"><\/div>\n\n\n\n<div id=\"kt-info-box_3dd463-a4\" class=\"wp-block-kadence-infobox\"><a class=\"kt-blocks-info-box-link-wrap kt-blocks-info-box-media-align-left kt-info-halign-left\" target=\"_blank\" rel=\"noopener noreferrer\" href=\"http:\/\/www.adagro.pe.gov.br\"><div class=\"kt-blocks-info-box-media-container\"><div class=\"kt-blocks-info-box-media kt-info-media-animate-none\"><div class=\"kadence-info-box-icon-container kt-info-icon-animate-none\"><div class=\"kadence-info-box-icon-inner-container\"><span style=\"display:block;justify-content:center;align-items:center\" class=\"kt-info-svg-icon kt-info-svg-icon-fe_externalLink\"><svg viewbox=\"0 0 24 24\" height=\"50\" width=\"50\" xmlns=\"http:\/\/www.w3.org\/2000\/svg\"><path d=\"M18 13v6a2 2 0 0 1-2 2H5a2 2 0 0 1-2-2V8a2 2 0 0 1 2-2h6\"><\/path><\/svg><\/span><\/div><\/div><\/div><\/div><div class=\"kt-infobox-textcontent\"><h2 class=\"kt-blocks-info-box-title\">Site da Institui\u00e7\u00e3o<\/h2><p class=\"kt-blocks-info-box-text\">Outras informa\u00e7\u00f5es institucionais est\u00e3o dispon\u00edveis no s\u00edtio institucional da ADAGRO.<\/p><\/div><\/a><\/div>\n\n\n\n<div style=\"height:35px\" aria-hidden=\"true\" class=\"wp-block-spacer\"><\/div>\n<style class=\"advgb-styles-renderer\">#kt-info-box_36c228-f9 .kt-blocks-info-box-link-wrap {border-color:rgba(136, 136, 136, 1);border-radius:20px;background:rgba(255, 255, 255, 1);padding:20px 20px 20px 20px;border-width:2px 2px 2px 2px;}#kt-info-box_36c228-f9 .kt-blocks-info-box-link-wrap:hover {border-color:rgba(136, 136, 136, 1);background:rgba(255, 255, 255, 1);}#kt-info-box_36c228-f9 .kt-info-svg-icon, #kt-info-box_36c228-f9 .kt-blocks-info-box-number {font-size:50px;}#kt-info-box_36c228-f9 .kt-blocks-info-box-media {color:#ffffff;background:#555555;border-color:#444444;border-radius:200px;border-width:0px 0px 0px 0px;padding:20px 20px 20px 20px;margin:0px 15px 0px 15px;}#kt-info-box_36c228-f9 .kt-blocks-info-box-media img {border-radius:200px;}#kt-info-box_36c228-f9 .kt-blocks-info-box-link-wrap:hover .kt-blocks-info-box-media {color:#ffffff;background:#444444;border-color:#444444;}#kt-info-box_36c228-f9 .kt-blocks-info-box-title {padding:0px 0px 0px 0px;margin:5px 0px 10px 0px;}#kt-info-box_36c228-f9 .kt-blocks-info-box-text {}#kt-info-box_36c228-f9 .kt-blocks-info-box-link-wrap:hover {box-shadow:0px 0px 14px 0px rgba(0,0,0,0.2);}.ugb-e7c5382 .ugb-blockquote__quote{width:70px !important;height:70px !important}.ugb-23cfe0e-wrapper.ugb-container__wrapper{border-radius:12px !important;background-color:#f1f1f1 !important}.ugb-23cfe0e-content-wrapper.ugb-container__content-wrapper{width:100% !important}.ugb-23cfe0e-wrapper.ugb-container__wrapper:before{background-color:#f1f1f1 !important}.ugb-23cfe0e-content-wrapper &gt; h1,.ugb-23cfe0e-content-wrapper &gt; h2,.ugb-23cfe0e-content-wrapper &gt; h3,.ugb-23cfe0e-content-wrapper &gt; h4,.ugb-23cfe0e-content-wrapper &gt; h5,.ugb-23cfe0e-content-wrapper &gt; h6{color:#222222}.ugb-23cfe0e-content-wrapper &gt; p,.ugb-23cfe0e-content-wrapper &gt; ol li,.ugb-23cfe0e-content-wrapper &gt; ul li{color:#222222}.ugb-9935e14-wrapper.ugb-container__wrapper{border-radius:12px !important;background-color:#f1f1f1 !important}.ugb-9935e14-content-wrapper.ugb-container__content-wrapper{width:100% !important}.ugb-9935e14-wrapper.ugb-container__wrapper:before{background-color:#f1f1f1 !important}.ugb-9935e14-content-wrapper &gt; h1,.ugb-9935e14-content-wrapper &gt; h2,.ugb-9935e14-content-wrapper &gt; h3,.ugb-9935e14-content-wrapper &gt; h4,.ugb-9935e14-content-wrapper &gt; h5,.ugb-9935e14-content-wrapper &gt; h6{color:#222222}.ugb-9935e14-content-wrapper &gt; p,.ugb-9935e14-content-wrapper &gt; ol li,.ugb-9935e14-content-wrapper &gt; ul li{color:#222222}.ugb-7c6724f-wrapper.ugb-container__wrapper{border-radius:12px !important;background-color:#f1f1f1 !important}.ugb-7c6724f-content-wrapper.ugb-container__content-wrapper{width:100% !important}.ugb-7c6724f-wrapper.ugb-container__wrapper:before{background-color:#f1f1f1 !important}.ugb-7c6724f-content-wrapper &gt; h1,.ugb-7c6724f-content-wrapper &gt; h2,.ugb-7c6724f-content-wrapper &gt; h3,.ugb-7c6724f-content-wrapper &gt; h4,.ugb-7c6724f-content-wrapper &gt; h5,.ugb-7c6724f-content-wrapper &gt; h6{color:#222222}.ugb-7c6724f-content-wrapper &gt; p,.ugb-7c6724f-content-wrapper &gt; ol li,.ugb-7c6724f-content-wrapper &gt; ul li{color:#222222}.ugb-8d33b93-wrapper.ugb-container__wrapper{border-radius:12px !important;background-color:#f1f1f1 !important}.ugb-8d33b93-content-wrapper.ugb-container__content-wrapper{width:100% !important}.ugb-8d33b93-wrapper.ugb-container__wrapper:before{background-color:#f1f1f1 !important}.ugb-8d33b93-content-wrapper &gt; h1,.ugb-8d33b93-content-wrapper &gt; h2,.ugb-8d33b93-content-wrapper &gt; h3,.ugb-8d33b93-content-wrapper &gt; h4,.ugb-8d33b93-content-wrapper &gt; h5,.ugb-8d33b93-content-wrapper &gt; h6{color:#222222}.ugb-8d33b93-content-wrapper &gt; p,.ugb-8d33b93-content-wrapper &gt; ol li,.ugb-8d33b93-content-wrapper &gt; ul li{color:#222222}.ugb-471464c li{--icon-size:20px;margin-bottom:16px !important}.ugb-471464c li::before{height:20px !important;width:20px !important;background-image:url('data:image\/svg+xml;base64,PHN2ZyB2aWV3Qm94PSIwIDAgMTkwIDE5MCIgeG1sbnM9Imh0dHA6Ly93d3cudzMub3JnLzIwMDAvc3ZnIj48cGF0aCBkPSJNMTczLjggMjguNEw2MC40IDE0MS44IDE1LjcgOTcuMiA1LjEgMTA3LjggNjAuNCAxNjNsMTI0LTEyNC0xMC42LTEwLjZ6Ij48L3BhdGg+PC9zdmc+')}.ugb-471464c li ul{margin-bottom:16px !important}.ugb-471464c.ugb-icon-list ul{columns:2}.ugb-931d727-wrapper.ugb-container__wrapper{border-radius:12px !important;background-color:#f1f1f1 !important}.ugb-931d727-content-wrapper.ugb-container__content-wrapper{width:100% !important}.ugb-931d727-wrapper.ugb-container__wrapper:before{background-color:#f1f1f1 !important}.ugb-931d727-content-wrapper &gt; h1,.ugb-931d727-content-wrapper &gt; h2,.ugb-931d727-content-wrapper &gt; h3,.ugb-931d727-content-wrapper &gt; h4,.ugb-931d727-content-wrapper &gt; h5,.ugb-931d727-content-wrapper &gt; h6{color:#222222}.ugb-931d727-content-wrapper &gt; p,.ugb-931d727-content-wrapper &gt; ol li,.ugb-931d727-content-wrapper &gt; ul li{color:#222222}.ugb-c809f67 li{--icon-size:20px;margin-bottom:16px !important}.ugb-c809f67 li::before{height:20px !important;width:20px !important;background-image:url('data:image\/svg+xml;base64,PHN2ZyB2aWV3Qm94PSIwIDAgMTkwIDE5MCIgeG1sbnM9Imh0dHA6Ly93d3cudzMub3JnLzIwMDAvc3ZnIj48cGF0aCBkPSJNMTczLjggMjguNEw2MC40IDE0MS44IDE1LjcgOTcuMiA1LjEgMTA3LjggNjAuNCAxNjNsMTI0LTEyNC0xMC42LTEwLjZ6Ij48L3BhdGg+PC9zdmc+')}.ugb-c809f67 li ul{margin-bottom:16px !important}.ugb-c809f67.ugb-icon-list ul{columns:2}.ugb-ec8af71-wrapper.ugb-container__wrapper{border-radius:12px !important;background-color:#f1f1f1 !important}.ugb-ec8af71-content-wrapper.ugb-container__content-wrapper{width:100% !important}.ugb-ec8af71-wrapper.ugb-container__wrapper:before{background-color:#f1f1f1 !important}.ugb-ec8af71-content-wrapper &gt; h1,.ugb-ec8af71-content-wrapper &gt; h2,.ugb-ec8af71-content-wrapper &gt; h3,.ugb-ec8af71-content-wrapper &gt; h4,.ugb-ec8af71-content-wrapper &gt; h5,.ugb-ec8af71-content-wrapper &gt; h6{color:#222222}.ugb-ec8af71-content-wrapper &gt; p,.ugb-ec8af71-content-wrapper &gt; ol li,.ugb-ec8af71-content-wrapper &gt; ul li{color:#222222}#kt-info-box_3dd463-a4 .kt-blocks-info-box-link-wrap {border-color:rgba(136, 136, 136, 1);border-radius:20px;background:rgba(255, 255, 255, 1);padding:20px 20px 20px 20px;border-width:2px 2px 2px 2px;}#kt-info-box_3dd463-a4 .kt-blocks-info-box-link-wrap:hover {border-color:rgba(136, 136, 136, 1);background:rgba(255, 255, 255, 1);}#kt-info-box_3dd463-a4 .kt-info-svg-icon, #kt-info-box_3dd463-a4 .kt-blocks-info-box-number {font-size:50px;}#kt-info-box_3dd463-a4 .kt-blocks-info-box-media {color:#ffffff;background:#555555;border-color:#444444;border-radius:200px;border-width:0px 0px 0px 0px;padding:20px 20px 20px 20px;margin:0px 15px 0px 15px;}#kt-info-box_3dd463-a4 .kt-blocks-info-box-media img {border-radius:200px;}#kt-info-box_3dd463-a4 .kt-blocks-info-box-link-wrap:hover .kt-blocks-info-box-media {color:#ffffff;background:#444444;border-color:#444444;}#kt-info-box_3dd463-a4 .kt-blocks-info-box-title {padding:0px 0px 0px 0px;margin:5px 0px 10px 0px;}#kt-info-box_3dd463-a4 .kt-blocks-info-box-text {}#kt-info-box_3dd463-a4 .kt-blocks-info-box-link-wrap:hover {box-shadow:0px 0px 14px 0px rgba(0,0,0,0.2);}<\/style>","protected":false},"excerpt":{"rendered":"","protected":false},"author":1,"featured_media":0,"parent":0,"menu_order":0,"comment_status":"closed","ping_status":"closed","template":"","meta":{"advgb_blocks_editor_width":"","advgb_blocks_columns_visual_guide":"","kt_blocks_editor_width":""},"featured_image_urls":{"full":"","thumbnail":"","medium":"","medium_large":"","large":"","1536x1536":"","2048x2048":""},"post_excerpt_stackable":"<p>O que h\u00e1 nesta p\u00e1gina!Nesta se\u00e7\u00e3o s\u00e3o divulgadas informa\u00e7\u00f5es institucionais e organizacionais da entidade. A Ag\u00eancia de Defesa e Fiscaliza\u00e7\u00e3o Agropecu\u00e1ria do Estado de Pernambuco \u2013 ADAGRO \u00e9 um \u00f3rg\u00e3o p\u00fablico criado pela Lei Estadual n\u00b0 12.506, de 16 de dezembro de 2003, cujo regulamento consta no o Decreto n\u00ba 50.279, de 15 de fevereiro de 2021.A ADAGRO foi al\u00e7ada a autarquia por meio da Lei n\u00ba 15.919 de 04 de novembro de 2016 e est\u00e1 vinculada \u00e0 Secretaria de Desenvolvimento Agr\u00e1rio, Agricultura, Pecu\u00e1ria e Pesca, sendo da administra\u00e7\u00e3o indireta, dotada de autonomia administrativa e financeira. NA ESTRUTURA DO PODER&hellip;<\/p>\n","category_list":"","author_info":{"name":"nilo.martins","url":"https:\/\/www.lai.pe.gov.br\/adagro\/author\/nilo-martins\/"},"comments_num":"0 coment\u00e1rio","_links":{"self":[{"href":"https:\/\/www.lai.pe.gov.br\/adagro\/wp-json\/wp\/v2\/pages\/6"}],"collection":[{"href":"https:\/\/www.lai.pe.gov.br\/adagro\/wp-json\/wp\/v2\/pages"}],"about":[{"href":"https:\/\/www.lai.pe.gov.br\/adagro\/wp-json\/wp\/v2\/types\/page"}],"author":[{"embeddable":true,"href":"https:\/\/www.lai.pe.gov.br\/adagro\/wp-json\/wp\/v2\/users\/1"}],"replies":[{"embeddable":true,"href":"https:\/\/www.lai.pe.gov.br\/adagro\/wp-json\/wp\/v2\/comments?post=6"}],"version-history":[{"count":37,"href":"https:\/\/www.lai.pe.gov.br\/adagro\/wp-json\/wp\/v2\/pages\/6\/revisions"}],"predecessor-version":[{"id":1660,"href":"https:\/\/www.lai.pe.gov.br\/adagro\/wp-json\/wp\/v2\/pages\/6\/revisions\/1660"}],"wp:attachment":[{"href":"https:\/\/www.lai.pe.gov.br\/adagro\/wp-json\/wp\/v2\/media?parent=6"}],"curies":[{"name":"wp","href":"https:\/\/api.w.org\/{rel}","templated":true}]}}