{"id":251,"date":"2019-03-25T10:04:10","date_gmt":"2019-03-25T13:04:10","guid":{"rendered":"https:\/\/www.lai.pe.gov.br\/adagro\/?page_id=251"},"modified":"2024-12-06T11:22:08","modified_gmt":"2024-12-06T14:22:08","slug":"servidores","status":"publish","type":"page","link":"https:\/\/www.lai.pe.gov.br\/adagro\/servidores\/","title":{"rendered":"Servidores"},"content":{"rendered":"\n<div id=\"kt-info-box_36c228-f9\" class=\"wp-block-kadence-infobox\"><a class=\"kt-blocks-info-box-link-wrap kt-blocks-info-box-media-align-left kt-info-halign-left\"><div class=\"kt-blocks-info-box-media-container\"><div class=\"kt-blocks-info-box-media kt-info-media-animate-flip\"><div class=\"kadence-info-box-icon-container kt-info-icon-animate-flip\"><div class=\"kadence-info-box-icon-inner-container\"><span style=\"display:block;justify-content:center;align-items:center\" class=\"kt-info-svg-icon kt-info-svg-icon-fas_info\"><svg viewbox=\"0 0 192 512\" height=\"50\" width=\"50\" xmlns=\"http:\/\/www.w3.org\/2000\/svg\"><path d=\"M20 424.229h20V279.771H20c-11.046 0-20-8.954-20-20V212c0-11.046 8.954-20 20-20h112c11.046 0 20 8.954 20 20v212.229h20c11.046 0 20 8.954 20 20V492c0 11.046-8.954 20-20 20H20c-11.046 0-20-8.954-20-20v-47.771c0-11.046 8.954-20 20-20zM96 0C56.235 0 24 32.235 24 72s32.235 72 72 72 72-32.235 72-72S135.764 0 96 0z\"><\/path><\/svg><\/span><span style=\"display:block;justify-content:center;align-items:center\" class=\"kt-info-svg-icon-flip kt-info-svg-icon-ic_info\"><svg viewbox=\"0 0 8 8\" height=\"50\" width=\"50\" xmlns=\"http:\/\/www.w3.org\/2000\/svg\"><path d=\"M3 0c-.55 0-1 .45-1 1s.45 1 1 1 1-.45 1-1-.45-1-1-1zm-1.5 2.5c-.83 0-1.5.67-1.5 1.5h1c0-.28.22-.5.5-.5s.5.22.5.5-1 1.64-1 2.5c0 .86.67 1.5 1.5 1.5s1.5-.67 1.5-1.5h-1c0 .28-.22.5-.5.5s-.5-.22-.5-.5c0-.36 1-1.84 1-2.5 0-.81-.67-1.5-1.5-1.5z\"><\/path><\/svg><\/span><\/div><\/div><\/div><\/div><div class=\"kt-infobox-textcontent\"><h2 class=\"kt-blocks-info-box-title\">O que h\u00e1 nesta p\u00e1gina!<\/h2><p class=\"kt-blocks-info-box-text\">Nesta se\u00e7\u00e3o s\u00e3o divulgadas informa\u00e7\u00f5es sobre as remunera\u00e7\u00f5es dos servidores do \u00f3rg\u00e3o\/entidade.<\/p><\/div><\/a><\/div>\n\n\n\n<div style=\"height:57px\" aria-hidden=\"true\" class=\"wp-block-spacer\"><\/div>\n\n\n\n<div id=\"kt-info-box_58a8d3-32\" class=\"wp-block-kadence-infobox\"><a class=\"kt-blocks-info-box-link-wrap kt-blocks-info-box-media-align-top kt-info-halign-center\" target=\"_blank\" rel=\"noopener noreferrer\" href=\"https:\/\/transparencia.pe.gov.br\/recursos-humanos\/remuneracoes\/\"><div class=\"kt-blocks-info-box-media-container\"><div class=\"kt-blocks-info-box-media kt-info-media-animate-none\"><div class=\"kadence-info-box-icon-container kt-info-icon-animate-none\"><div class=\"kadence-info-box-icon-inner-container\"><span style=\"display:block;justify-content:center;align-items:center\" class=\"kt-info-svg-icon kt-info-svg-icon-fas_dollar-sign\"><svg viewbox=\"0 0 288 512\" height=\"80\" width=\"80\" xmlns=\"http:\/\/www.w3.org\/2000\/svg\"><path d=\"M209.2 233.4l-108-31.6C88.7 198.2 80 186.5 80 173.5c0-16.3 13.2-29.5 29.5-29.5h66.3c12.2 0 24.2 3.7 34.2 10.5 6.1 4.1 14.3 3.1 19.5-2l34.8-34c7.1-6.9 6.1-18.4-1.8-24.5C238 74.8 207.4 64.1 176 64V16c0-8.8-7.2-16-16-16h-32c-8.8 0-16 7.2-16 16v48h-2.5C45.8 64-5.4 118.7.5 183.6c4.2 46.1 39.4 83.6 83.8 96.6l102.5 30c12.5 3.7 21.2 15.3 21.2 28.3 0 16.3-13.2 29.5-29.5 29.5h-66.3C100 368 88 364.3 78 357.5c-6.1-4.1-14.3-3.1-19.5 2l-34.8 34c-7.1 6.9-6.1 18.4 1.8 24.5 24.5 19.2 55.1 29.9 86.5 30v48c0 8.8 7.2 16 16 16h32c8.8 0 16-7.2 16-16v-48.2c46.6-.9 90.3-28.6 105.7-72.7 21.5-61.6-14.6-124.8-72.5-141.7z\"><\/path><\/svg><\/span><\/div><\/div><\/div><\/div><div class=\"kt-infobox-textcontent\"><h2 class=\"kt-blocks-info-box-title\">A remunera\u00e7\u00e3o dos servidores da ADAGRO poder\u00e1 ser consultada atrav\u00e9s do Portal da Transpar\u00eancia<\/h2><div class=\"kt-blocks-info-box-learnmore-wrap\"><span class=\"kt-blocks-info-box-learnmore\">Clique aqui<\/span><\/div><\/div><\/a><\/div>\n\n\n\n<h2 id=\"mce_0\">Vencimento dos Servidores:<\/h2>\n\n\n\n<div class=\"wp-block-ugb-container ugb-container ugb-1b44ee3 ugb-container--v2 ugb-container--design-basic ugb-main-block\" id=\"\"><div class=\"ugb-inner-block\"><div class=\"ugb-block-content\"><div class=\"ugb-container__wrapper ugb-1b44ee3-wrapper ugb--shadow-3\"><div class=\"ugb-container__side\"><div class=\"ugb-container__content-wrapper ugb-1b44ee3-content-wrapper\">\n<ul><li><em>O vencimento dos servidores da ADAGRO poder\u00e1 ser consultado no Portal da Transpar\u00eancia atrav\u00e9s da Secretaria de Agricultura e Reforma Agr\u00e1ria (SARA). Para consultar&nbsp;(<a href=\"http:\/\/web.transparencia.pe.gov.br\/despesas\/remuneracao\/\" target=\"_blank\" rel=\"noreferrer noopener\"><em>clique aqui<\/em><\/a>).<\/em><\/li><\/ul>\n<\/div><\/div><\/div><\/div><\/div><\/div>\n\n\n\n<h2>Quantitativo de Servidores:<\/h2>\n\n\n\n<div class=\"wp-block-file\"><a href=\"https:\/\/www.lai.pe.gov.br\/adagro\/wp-content\/uploads\/sites\/10\/2024\/12\/Quantitativo-de-Servidores-por-Cargos-2024-Jan-Out.xlsx\">Quantitativo de Servidores por Cargos 2024 (Jan-Out)<\/a><a href=\"https:\/\/www.lai.pe.gov.br\/adagro\/wp-content\/uploads\/sites\/10\/2024\/12\/Quantitativo-de-Servidores-por-Cargos-2024-Jan-Out.xlsx\" class=\"wp-block-file__button\" download>Baixar<\/a><\/div>\n\n\n\n<div class=\"wp-block-file\"><a href=\"https:\/\/www.lai.pe.gov.br\/adagro\/wp-content\/uploads\/sites\/10\/2024\/01\/Quantitativo-de-Servidores-por-Cargos-2023-Jan-Dez.xlsx\">Quantitativo de Servidores por Cargos 2023 (Jan-Dez)<\/a><a href=\"https:\/\/www.lai.pe.gov.br\/adagro\/wp-content\/uploads\/sites\/10\/2024\/01\/Quantitativo-de-Servidores-por-Cargos-2023-Jan-Dez.xlsx\" class=\"wp-block-file__button\" download>Baixar<\/a><\/div>\n\n\n\n<div class=\"wp-block-file\"><a href=\"https:\/\/www.lai.pe.gov.br\/adagro\/wp-content\/uploads\/sites\/10\/2023\/01\/Quantitativo-de-Servidores-por-Cargos-2022-Jan-Dez.xlsx\">Quantitativo de Servidores por Cargos 2022 (Jan-Dez)<\/a><a href=\"https:\/\/www.lai.pe.gov.br\/adagro\/wp-content\/uploads\/sites\/10\/2023\/01\/Quantitativo-de-Servidores-por-Cargos-2022-Jan-Dez.xlsx\" class=\"wp-block-file__button\" download>Baixar<\/a><\/div>\n\n\n\n<div class=\"wp-block-file\"><a href=\"https:\/\/www.lai.pe.gov.br\/adagro\/wp-content\/uploads\/sites\/10\/2022\/01\/Quantitativo-de-Servidores-por-Cargos-2021-Jan-Dez.xlsx\">Quantitativo de Servidores por Cargos 2021 (Jan-Dez)<\/a><a href=\"https:\/\/www.lai.pe.gov.br\/adagro\/wp-content\/uploads\/sites\/10\/2022\/01\/Quantitativo-de-Servidores-por-Cargos-2021-Jan-Dez.xlsx\" class=\"wp-block-file__button\" download>Baixar<\/a><\/div>\n\n\n\n<div class=\"wp-block-file\"><a href=\"https:\/\/www.lai.pe.gov.br\/adagro\/wp-content\/uploads\/sites\/10\/2020\/09\/QUANTITATIVO-DE-CARGOS.xlsx\">Quantitativo de Servidores por Cargos 2020 (Jan-Dez)<\/a><a href=\"https:\/\/www.lai.pe.gov.br\/adagro\/wp-content\/uploads\/sites\/10\/2020\/09\/QUANTITATIVO-DE-CARGOS.xlsx\" class=\"wp-block-file__button\" download>Baixar<\/a><\/div>\n\n\n\n<h2>Servidores Cedidos a Outros \u00d3rg\u00e3os:<\/h2>\n\n\n\n<div class=\"wp-block-file\"><a href=\"https:\/\/www.lai.pe.gov.br\/adagro\/wp-content\/uploads\/sites\/10\/2024\/12\/Servidores-Cedidos-2024-Jan-Out.xlsx\">Servidores Cedidos 2024 (Jan-Out)<\/a><a href=\"https:\/\/www.lai.pe.gov.br\/adagro\/wp-content\/uploads\/sites\/10\/2024\/12\/Servidores-Cedidos-2024-Jan-Out.xlsx\" class=\"wp-block-file__button\" download>Baixar<\/a><\/div>\n\n\n\n<div class=\"wp-block-file\"><a href=\"https:\/\/www.lai.pe.gov.br\/adagro\/wp-content\/uploads\/sites\/10\/2024\/01\/Servidores-Cedidos-2023-Jan-Dez.xlsx\">Servidores Cedidos 2023 (Jan-Dez)<\/a><a href=\"https:\/\/www.lai.pe.gov.br\/adagro\/wp-content\/uploads\/sites\/10\/2024\/01\/Servidores-Cedidos-2023-Jan-Dez.xlsx\" class=\"wp-block-file__button\" download>Baixar<\/a><\/div>\n\n\n\n<div class=\"wp-block-file\"><a href=\"https:\/\/www.lai.pe.gov.br\/adagro\/wp-content\/uploads\/sites\/10\/2023\/01\/Servidores-Cedidos-2022-Jan-Dez.xlsx\">Servidores Cedidos 2022 (Jan-Dez)<\/a><a href=\"https:\/\/www.lai.pe.gov.br\/adagro\/wp-content\/uploads\/sites\/10\/2023\/01\/Servidores-Cedidos-2022-Jan-Dez.xlsx\" class=\"wp-block-file__button\" download>Baixar<\/a><\/div>\n\n\n\n<div class=\"wp-block-file\"><a href=\"https:\/\/www.lai.pe.gov.br\/adagro\/wp-content\/uploads\/sites\/10\/2022\/01\/Servidores-Cedidos-2021-Jan-Dez.xlsx\">Servidores Cedidos 2021 (Jan-Dez)<\/a><a href=\"https:\/\/www.lai.pe.gov.br\/adagro\/wp-content\/uploads\/sites\/10\/2022\/01\/Servidores-Cedidos-2021-Jan-Dez.xlsx\" class=\"wp-block-file__button\" download>Baixar<\/a><\/div>\n\n\n\n<div class=\"wp-block-file\"><a href=\"https:\/\/www.lai.pe.gov.br\/adagro\/wp-content\/uploads\/sites\/10\/2020\/09\/Pasta2-SERVIDORES-DA-ADAGRO-CEDIDOS-A-OUTROS-ORGAOS.xlsx\">Servidores Cedidos 2020 (Jan-Dez)<\/a><a href=\"https:\/\/www.lai.pe.gov.br\/adagro\/wp-content\/uploads\/sites\/10\/2020\/09\/Pasta2-SERVIDORES-DA-ADAGRO-CEDIDOS-A-OUTROS-ORGAOS.xlsx\" class=\"wp-block-file__button\" download>Baixar<\/a><\/div>\n\n\n\n<h2>Documentos<\/h2>\n\n\n\n<p>PLANO DE CARGOS E CARREIRAS institu\u00eddo na LEI COMPLEMENTAR N\u00ba 197 de 21.12.2011 &#8211; dispon\u00edvel no DOE 22.12.2011 e DECRETO 46.251 de 12.07.11 que regulamenta os arts 3\u00ba e 7\u00ba da Lei Complementar n\u00ba 197, ambos anexados abaixo.<\/p>\n\n\n\n<div class=\"wp-block-file\"><a href=\"https:\/\/www.lai.pe.gov.br\/adagro\/wp-content\/uploads\/sites\/10\/2019\/03\/DECRETO-46.251-de-12.07.18-Regulamenta-os-art.-3\u00ba-e-7\u00ba-da-Lei-Complementar-197-de-21.12.11.pdf\">DECRETO 46.251 de 12.07.18 &#8211; Regulamenta os art. 3\u00ba e 7\u00ba da Lei Complementar 197 de 21.12.11<\/a><a href=\"https:\/\/www.lai.pe.gov.br\/adagro\/wp-content\/uploads\/sites\/10\/2019\/03\/DECRETO-46.251-de-12.07.18-Regulamenta-os-art.-3\u00ba-e-7\u00ba-da-Lei-Complementar-197-de-21.12.11.pdf\" class=\"wp-block-file__button\" download>Baixar<\/a><\/div>\n\n\n\n<div class=\"wp-block-file\"><a href=\"https:\/\/www.lai.pe.gov.br\/adagro\/wp-content\/uploads\/sites\/10\/2019\/03\/LEI-COMPLEMENTAR-197-DE-21.12.2011.pdf\">LEI COMPLEMENTAR 197 DE 21.12.2011<\/a><a href=\"https:\/\/www.lai.pe.gov.br\/adagro\/wp-content\/uploads\/sites\/10\/2019\/03\/LEI-COMPLEMENTAR-197-DE-21.12.2011.pdf\" class=\"wp-block-file__button\" download>Baixar<\/a><\/div>\n\n\n\n<p><\/p>\n\n\n\n\n\n<p><\/p>\n<style class=\"advgb-styles-renderer\">#kt-info-box_36c228-f9 .kt-blocks-info-box-link-wrap {border-color:rgba(136, 136, 136, 1);border-radius:20px;background:rgba(255, 255, 255, 1);padding:20px 20px 20px 20px;border-width:2px 2px 2px 2px;}#kt-info-box_36c228-f9 .kt-blocks-info-box-link-wrap:hover {border-color:rgba(136, 136, 136, 1);background:rgba(255, 255, 255, 1);}#kt-info-box_36c228-f9 .kt-info-svg-icon, #kt-info-box_36c228-f9 .kt-blocks-info-box-number {font-size:50px;}#kt-info-box_36c228-f9 .kt-blocks-info-box-media {color:#ffffff;background:#555555;border-color:#444444;border-radius:200px;border-width:0px 0px 0px 0px;padding:20px 20px 20px 20px;margin:0px 15px 0px 15px;}#kt-info-box_36c228-f9 .kt-blocks-info-box-media img {border-radius:200px;}#kt-info-box_36c228-f9 .kt-blocks-info-box-link-wrap:hover .kt-blocks-info-box-media {color:#ffffff;background:#444444;border-color:#444444;}#kt-info-box_36c228-f9 .kt-blocks-info-box-title {padding:0px 0px 0px 0px;margin:5px 0px 10px 0px;}#kt-info-box_36c228-f9 .kt-blocks-info-box-text {}#kt-info-box_36c228-f9 .kt-blocks-info-box-link-wrap:hover {box-shadow:0px 0px 14px 0px rgba(0,0,0,0.2);}#kt-info-box_58a8d3-32 .kt-blocks-info-box-link-wrap {background:rgba(10, 102, 137, 1);padding:20px 20px 20px 20px;border-width:0px 0px 0px 0px;}#kt-info-box_58a8d3-32 .kt-blocks-info-box-link-wrap:hover {border-color:rgba(238, 238, 238, 1);background:rgba(10, 102, 137, 1);}#kt-info-box_58a8d3-32 .kt-info-svg-icon, #kt-info-box_58a8d3-32 .kt-blocks-info-box-number {font-size:80px;}#kt-info-box_58a8d3-32 .kt-blocks-info-box-media {color:#ffffff;background:transparent;border-color:#444444;border-width:0px 0px 0px 0px;padding:10px 10px 10px 10px;}#kt-info-box_58a8d3-32 .kt-blocks-info-box-media-container {margin:0px 15px 0px 15px;}#kt-info-box_58a8d3-32 .kt-blocks-info-box-link-wrap:hover .kt-blocks-info-box-media {color:#ffffff;background:transparent;border-color:#444444;}#kt-info-box_58a8d3-32 .kt-blocks-info-box-title {color:#ffffff;padding:0px 0px 0px 0px;margin:5px 0px 10px 0px;}#kt-info-box_58a8d3-32 .kt-blocks-info-box-link-wrap:hover .kt-blocks-info-box-title {color:#ffffff;}#kt-info-box_58a8d3-32 .kt-blocks-info-box-text {color:#ffffff;}#kt-info-box_58a8d3-32 .kt-blocks-info-box-link-wrap:hover .kt-blocks-info-box-text {color:#ffffff;}#kt-info-box_58a8d3-32 .kt-blocks-info-box-learnmore {color:#ffffff;background:#0A6689;border-color:#ffffff;border-width:0px 0px 0px 0px;padding:4px 8px 4px 8px;margin:10px 0px 10px 0px;}#kt-info-box_58a8d3-32 .kt-blocks-info-box-link-wrap:hover .kt-blocks-info-box-learnmore {color:#0A6689;background:#ffffff;border-color:#ffffff;}.ugb-1b44ee3-wrapper.ugb-container__wrapper{border-radius:12px !important;background-color:#f1f1f1 !important}.ugb-1b44ee3-content-wrapper.ugb-container__content-wrapper{width:100% !important}.ugb-1b44ee3-wrapper.ugb-container__wrapper:before{background-color:#f1f1f1 !important}.ugb-1b44ee3-content-wrapper &gt; h1,.ugb-1b44ee3-content-wrapper &gt; h2,.ugb-1b44ee3-content-wrapper &gt; h3,.ugb-1b44ee3-content-wrapper &gt; h4,.ugb-1b44ee3-content-wrapper &gt; h5,.ugb-1b44ee3-content-wrapper &gt; h6{color:#222222}.ugb-1b44ee3-content-wrapper &gt; p,.ugb-1b44ee3-content-wrapper &gt; ol li,.ugb-1b44ee3-content-wrapper &gt; ul li{color:#222222}<\/style>","protected":false},"excerpt":{"rendered":"<p>Vencimento dos Servidores: Quantitativo de Servidores: Servidores Cedidos a Outros \u00d3rg\u00e3os: Documentos PLANO DE CARGOS E CARREIRAS institu\u00eddo na LEI COMPLEMENTAR N\u00ba 197 de 21.12.2011 &#8211; dispon\u00edvel no DOE 22.12.2011 e DECRETO 46.251 de 12.07.11 que regulamenta os arts 3\u00ba e 7\u00ba da Lei Complementar n\u00ba 197, ambos anexados abaixo.<\/p>\n","protected":false},"author":4,"featured_media":0,"parent":0,"menu_order":0,"comment_status":"closed","ping_status":"closed","template":"","meta":{"advgb_blocks_editor_width":"","advgb_blocks_columns_visual_guide":"","kt_blocks_editor_width":""},"featured_image_urls":{"full":"","thumbnail":"","medium":"","medium_large":"","large":"","1536x1536":"","2048x2048":""},"post_excerpt_stackable":"<p>O que h\u00e1 nesta p\u00e1gina!Nesta se\u00e7\u00e3o s\u00e3o divulgadas informa\u00e7\u00f5es sobre as remunera\u00e7\u00f5es dos servidores do \u00f3rg\u00e3o\/entidade. A remunera\u00e7\u00e3o dos servidores da ADAGRO poder\u00e1 ser consultada atrav\u00e9s do Portal da Transpar\u00eanciaClique aqui Vencimento dos Servidores: O vencimento dos servidores da ADAGRO poder\u00e1 ser consultado no Portal da Transpar\u00eancia atrav\u00e9s da Secretaria de Agricultura e Reforma Agr\u00e1ria (SARA). Para consultar&nbsp;(clique aqui). Quantitativo de Servidores: Quantitativo de Servidores por Cargos 2024 (Jan-Out)Baixar Quantitativo de Servidores por Cargos 2023 (Jan-Dez)Baixar Quantitativo de Servidores por Cargos 2022 (Jan-Dez)Baixar Quantitativo de Servidores por Cargos 2021 (Jan-Dez)Baixar Quantitativo de Servidores por Cargos 2020 (Jan-Dez)Baixar Servidores Cedidos a&hellip;<\/p>\n","category_list":"","author_info":{"name":"Admin","url":"https:\/\/www.lai.pe.gov.br\/adagro\/author\/admintemp\/"},"comments_num":"0 coment\u00e1rio","_links":{"self":[{"href":"https:\/\/www.lai.pe.gov.br\/adagro\/wp-json\/wp\/v2\/pages\/251"}],"collection":[{"href":"https:\/\/www.lai.pe.gov.br\/adagro\/wp-json\/wp\/v2\/pages"}],"about":[{"href":"https:\/\/www.lai.pe.gov.br\/adagro\/wp-json\/wp\/v2\/types\/page"}],"author":[{"embeddable":true,"href":"https:\/\/www.lai.pe.gov.br\/adagro\/wp-json\/wp\/v2\/users\/4"}],"replies":[{"embeddable":true,"href":"https:\/\/www.lai.pe.gov.br\/adagro\/wp-json\/wp\/v2\/comments?post=251"}],"version-history":[{"count":95,"href":"https:\/\/www.lai.pe.gov.br\/adagro\/wp-json\/wp\/v2\/pages\/251\/revisions"}],"predecessor-version":[{"id":1956,"href":"https:\/\/www.lai.pe.gov.br\/adagro\/wp-json\/wp\/v2\/pages\/251\/revisions\/1956"}],"wp:attachment":[{"href":"https:\/\/www.lai.pe.gov.br\/adagro\/wp-json\/wp\/v2\/media?parent=251"}],"curies":[{"name":"wp","href":"https:\/\/api.w.org\/{rel}","templated":true}]}}