{"id":12,"date":"2019-03-13T16:54:38","date_gmt":"2019-03-13T19:54:38","guid":{"rendered":"https:\/\/www.lai.pe.gov.br\/adagro\/?page_id=12"},"modified":"2024-12-06T11:23:01","modified_gmt":"2024-12-06T14:23:01","slug":"quem-e-quem","status":"publish","type":"page","link":"https:\/\/www.lai.pe.gov.br\/adagro\/quem-e-quem\/","title":{"rendered":"Quem \u00e9 quem"},"content":{"rendered":"\n<div id=\"kt-info-box_36c228-f9\" class=\"wp-block-kadence-infobox\"><a class=\"kt-blocks-info-box-link-wrap kt-blocks-info-box-media-align-left kt-info-halign-left\"><div class=\"kt-blocks-info-box-media-container\"><div class=\"kt-blocks-info-box-media kt-info-media-animate-flip\"><div class=\"kadence-info-box-icon-container kt-info-icon-animate-flip\"><div class=\"kadence-info-box-icon-inner-container\"><span style=\"display:block;justify-content:center;align-items:center\" class=\"kt-info-svg-icon kt-info-svg-icon-fas_info\"><svg viewbox=\"0 0 192 512\" height=\"50\" width=\"50\" xmlns=\"http:\/\/www.w3.org\/2000\/svg\"><path d=\"M20 424.229h20V279.771H20c-11.046 0-20-8.954-20-20V212c0-11.046 8.954-20 20-20h112c11.046 0 20 8.954 20 20v212.229h20c11.046 0 20 8.954 20 20V492c0 11.046-8.954 20-20 20H20c-11.046 0-20-8.954-20-20v-47.771c0-11.046 8.954-20 20-20zM96 0C56.235 0 24 32.235 24 72s32.235 72 72 72 72-32.235 72-72S135.764 0 96 0z\"><\/path><\/svg><\/span><span style=\"display:block;justify-content:center;align-items:center\" class=\"kt-info-svg-icon-flip kt-info-svg-icon-ic_info\"><svg viewbox=\"0 0 8 8\" height=\"50\" width=\"50\" xmlns=\"http:\/\/www.w3.org\/2000\/svg\"><path d=\"M3 0c-.55 0-1 .45-1 1s.45 1 1 1 1-.45 1-1-.45-1-1-1zm-1.5 2.5c-.83 0-1.5.67-1.5 1.5h1c0-.28.22-.5.5-.5s.5.22.5.5-1 1.64-1 2.5c0 .86.67 1.5 1.5 1.5s1.5-.67 1.5-1.5h-1c0 .28-.22.5-.5.5s-.5-.22-.5-.5c0-.36 1-1.84 1-2.5 0-.81-.67-1.5-1.5-1.5z\"><\/path><\/svg><\/span><\/div><\/div><\/div><\/div><div class=\"kt-infobox-textcontent\"><h2 class=\"kt-blocks-info-box-title\">O que h\u00e1 nesta p\u00e1gina!<\/h2><p class=\"kt-blocks-info-box-text\">Nesta se\u00e7\u00e3o s\u00e3o divulgadas informa\u00e7\u00f5es dos principais cargos e seus ocupantes com telefones e e-mails de contato.<\/p><\/div><\/a><\/div>\n\n\n\n<div class=\"wp-block-ugb-team-member ugb-team-member ugb-0ffc076 ugb-team-member--v3 ugb-team-member--design-basic ugb-team-member--columns-3 ugb-main-block\" id=\"\"><div class=\"ugb-inner-block\"><div class=\"ugb-block-content\"><div class=\"ugb-team-member__item ugb-team-member__item1 ugb--shadow-3\"><div class=\"ugb-team-member__content\"><div class=\"ugb-team-member__title\"><h4 class=\"ugb-team-member__name\">V\u00e2nia L\u00facia Santana de Assis<\/h4><p class=\"ugb-team-member__position\"><strong>Diretora-Presidente<\/strong><\/p><\/div><p class=\"ugb-team-member__description\"><strong>Email:<br><\/strong>vania.lucia@adagro.pe.gov.br<br><strong> Telefone:<br><\/strong>(81) 3181 4511<br>(81) 3181 4501<br><\/p><\/div><\/div><div class=\"ugb-team-member__item ugb-team-member__item2 ugb--shadow-3\"><div class=\"ugb-team-member__content\"><div class=\"ugb-team-member__title\"><h4 class=\"ugb-team-member__name\">Jos\u00e9 H\u00e9lio Teixeira<\/h4><p class=\"ugb-team-member__position\"><strong>Diretor de Gest\u00e3o Administrativa e Financeiro<\/strong><\/p><\/div><p class=\"ugb-team-member__description\"><strong>Email:<br><\/strong>diretoriafinanceira@adagro.pe.gov.br<br><strong>Telefone:<br><\/strong>(81) 3181 4504<br><\/p><\/div><\/div><div class=\"ugb-team-member__item ugb-team-member__item3 ugb--shadow-3\"><div class=\"ugb-team-member__content\"><div class=\"ugb-team-member__title\"><h4 class=\"ugb-team-member__name\">K\u00e9sia Alc\u00e2ntara<\/h4><p class=\"ugb-team-member__position\"><strong>Diretora de Planejamento Estrat\u00e9gico e Conv\u00eanios<\/strong><\/p><\/div><p class=\"ugb-team-member__description\"><strong>Email:<br><\/strong>kesia.alcantara@adagro.pe.gov.br<br><strong>Telefone:<br><\/strong>(81) 3181 4510<br><\/p><\/div><\/div><\/div><\/div><\/div>\n\n\n\n<div class=\"wp-block-ugb-team-member ugb-team-member ugb-00edfa5 ugb-team-member--v3 ugb-team-member--design-basic ugb-team-member--columns-3 ugb-main-block\" id=\"\"><div class=\"ugb-inner-block\"><div class=\"ugb-block-content\"><div class=\"ugb-team-member__item ugb-team-member__item1 ugb--shadow-3\"><div class=\"ugb-team-member__content\"><div class=\"ugb-team-member__title\"><h4 class=\"ugb-team-member__name\">Samy Bianchini<\/h4><p class=\"ugb-team-member__position\"><strong>Diretora de Defesa e Inspe\u00e7\u00e3o Animal<\/strong><\/p><\/div><p class=\"ugb-team-member__description\"><strong>Email:<br><\/strong>samy.bianchini@adagro.pe.gov.br<br><strong> Telefone:<br><\/strong>81-3181.4502<br><\/p><\/div><\/div><div class=\"ugb-team-member__item ugb-team-member__item2 ugb--shadow-3\"><div class=\"ugb-team-member__content\"><div class=\"ugb-team-member__title\"><h4 class=\"ugb-team-member__name\">Jurandir Barbosa Cavalcanti J\u00fanior<\/h4><p class=\"ugb-team-member__position\"><strong>Diretor de Defesa e Inspe\u00e7\u00e3o Vegetal<\/strong><\/p><\/div><p class=\"ugb-team-member__description\"><strong>Email:<br><\/strong>ddiv@adagro.pe.gov.br<br><strong>Telefone:<br><\/strong>(81) 3181 4503<br><\/p><\/div><\/div><div class=\"ugb-team-member__item ugb-team-member__item3 ugb--shadow-3\"><div class=\"ugb-team-member__content\"><div class=\"ugb-team-member__title\"><h4 class=\"ugb-team-member__name\">Marcelo Silva Marinho<\/h4><p class=\"ugb-team-member__position\"><strong>Assessor T\u00e9cnico de Apoio \u00e0 PGE<\/strong><\/p><\/div><p class=\"ugb-team-member__description\"><strong>Email:<br><\/strong>jur\u00eddico@adagro.pe.gov.br<br><br><strong>Telefone:<br><\/strong>(81) 3181 4529<br><\/p><\/div><\/div><\/div><\/div><\/div>\n\n\n\n<div class=\"wp-block-ugb-team-member ugb-team-member ugb-98f4317 ugb-team-member--v3 ugb-team-member--design-basic ugb-team-member--columns-3 ugb-main-block\" id=\"\"><div class=\"ugb-inner-block\"><div class=\"ugb-block-content\"><div class=\"ugb-team-member__item ugb-team-member__item1 ugb--shadow-3\"><div class=\"ugb-team-member__content\"><div class=\"ugb-team-member__title\"><h4 class=\"ugb-team-member__name\">Fl\u00e1via Bezerra Cavalcanti<\/h4><p class=\"ugb-team-member__position\"><strong>Assessora de Comunica\u00e7\u00e3o<\/strong><\/p><\/div><p class=\"ugb-team-member__description\"><strong>Email:<br><\/strong>imprensa@adagro.pe.gov.br<br><strong> Telefone:<br><\/strong>(81) 3181 4512<br><\/p><\/div><\/div><div class=\"ugb-team-member__item ugb-team-member__item2 ugb--shadow-3\"><div class=\"ugb-team-member__content\"><div class=\"ugb-team-member__title\"><h4 class=\"ugb-team-member__name\">Marcos Alexandre Barbosa Delgado<\/h4><p class=\"ugb-team-member__position\"><strong>Assessoria de Inform\u00e1tica<\/strong><\/p><\/div><p class=\"ugb-team-member__description\"><strong>Email:<br><\/strong>nuinf@adagro.pe.gov.br<br><strong>Telefone:<br><\/strong>(81) 3181 4540<br><\/p><\/div><\/div><div class=\"ugb-team-member__item ugb-team-member__item3 ugb--shadow-3\"><div class=\"ugb-team-member__content\"><div class=\"ugb-team-member__title\"><h4 class=\"ugb-team-member__name\">Marcella Luiz de Figueiredo<\/h4><p class=\"ugb-team-member__position\"><strong>Gerente Estadual de Tr\u00e2nsito Agropecu\u00e1rio<\/strong><\/p><\/div><p class=\"ugb-team-member__description\"><strong>Email:<br><\/strong>marcella.figueiredo@adagro.pe.gov.br<br><strong>Telefone:<br><\/strong>(81) 3181 4516<br><\/p><\/div><\/div><\/div><\/div><\/div>\n\n\n\n<div class=\"wp-block-ugb-team-member ugb-team-member ugb-7547f08 ugb-team-member--v3 ugb-team-member--design-basic ugb-team-member--columns-1 ugb-main-block\" id=\"\"><div class=\"ugb-inner-block\"><div class=\"ugb-block-content\"><div class=\"ugb-team-member__item ugb-team-member__item1 ugb--shadow-3\"><div class=\"ugb-team-member__content\"><div class=\"ugb-team-member__title\"><h4 class=\"ugb-team-member__name\">Glenda M\u00f4nica Luna de Holanda<\/h4><p class=\"ugb-team-member__position\"><strong>Coordenadora Estadual de Produtos de Origem Animal e Vegetal<\/strong><\/p><\/div><p class=\"ugb-team-member__description\"><strong>Email:<br><\/strong>glendaholanda@adagro.pe.gov.br<br><strong> Telefone:<br><\/strong>(81) 3181 4512<br><\/p><\/div><\/div><\/div><\/div><\/div>\n\n\n\n<div class=\"wp-block-ugb-team-member ugb-team-member ugb-7bc6385 ugb-team-member--v3 ugb-team-member--design-basic ugb-team-member--columns-3 ugb-main-block\" id=\"\"><div class=\"ugb-inner-block\"><div class=\"ugb-block-content\"><div class=\"ugb-team-member__item ugb-team-member__item1 ugb--shadow-3\"><div class=\"ugb-team-member__content\"><div class=\"ugb-team-member__title\"><h4 class=\"ugb-team-member__name\">Isabelle Valente Neves<\/h4><p class=\"ugb-team-member__position\"><strong>Gerente Estadual de Defesa Animal<\/strong><\/p><\/div><p class=\"ugb-team-member__description\"><strong>Email:<br><\/strong>samybianchini@adagro.pe.gov.br<br><strong> Telefone:<br><\/strong>(81) 3181 4517<br><\/p><\/div><\/div><div class=\"ugb-team-member__item ugb-team-member__item2 ugb--shadow-3\"><div class=\"ugb-team-member__content\"><div class=\"ugb-team-member__title\"><h4 class=\"ugb-team-member__name\">Fl\u00e1vio de Oliveira Silva <\/h4><p class=\"ugb-team-member__position\"><strong>Gerente Estadual de Inspe\u00e7\u00e3o Animal<\/strong><\/p><\/div><p class=\"ugb-team-member__description\"><strong>Email:<br><\/strong>ueia@adagro.pe.gov.br<br><strong>Telefone:<br><\/strong>(81) 3181 4535<br><\/p><\/div><\/div><div class=\"ugb-team-member__item ugb-team-member__item3 ugb--shadow-3\"><div class=\"ugb-team-member__content\"><div class=\"ugb-team-member__title\"><h4 class=\"ugb-team-member__name\">Paulo Roberto Pereira Fran\u00e7a<\/h4><p class=\"ugb-team-member__position\"><strong>Gerente Estadual de Defesa Vegetal<\/strong><\/p><\/div><p class=\"ugb-team-member__description\"><strong>Email:<br><\/strong>uedv@adagro.pe.gov.br<br><strong>Telefone:<br><\/strong>(81) 3181 4518<br><\/p><\/div><\/div><\/div><\/div><\/div>\n\n\n\n<div class=\"wp-block-ugb-team-member ugb-team-member ugb-7def43f ugb-team-member--v3 ugb-team-member--design-basic ugb-team-member--columns-2 ugb-main-block\" id=\"\"><div class=\"ugb-inner-block\"><div class=\"ugb-block-content\"><div class=\"ugb-team-member__item ugb-team-member__item1 ugb--shadow-3\"><div class=\"ugb-team-member__content\"><div class=\"ugb-team-member__title\"><h4 class=\"ugb-team-member__name\">Jos\u00e9 Almeida Neto<\/h4><p class=\"ugb-team-member__position\"><strong>Gerente Estadual de Inspe\u00e7\u00e3o Vegetal<\/strong><\/p><\/div><p class=\"ugb-team-member__description\"><strong>Email:<br><\/strong>ueiv@adagro.pe.gov.br<br><strong> Telefone:<br><\/strong>(81) 3181 4527<br><\/p><\/div><\/div><div class=\"ugb-team-member__item ugb-team-member__item2 ugb--shadow-3\"><div class=\"ugb-team-member__content\"><div class=\"ugb-team-member__title\"><h4 class=\"ugb-team-member__name\">Raquel Rejane Rodrigues de Ara\u00fajo<\/h4><p class=\"ugb-team-member__position\"><strong>Gerente  Estadual de Registro e Cadastro<\/strong><\/p><\/div><p class=\"ugb-team-member__description\"><strong>Email:<br><\/strong>uerc@adagro.pe.gov.br<br><strong>Telefone:<br><\/strong>(81) 3181 4534<br><\/p><\/div><\/div><\/div><\/div><\/div>\n\n\n\n<div class=\"wp-block-ugb-team-member ugb-team-member ugb-15d9e96 ugb-team-member--v3 ugb-team-member--design-basic ugb-team-member--columns-1 ugb-main-block\" id=\"\"><div class=\"ugb-inner-block\"><div class=\"ugb-block-content\"><div class=\"ugb-team-member__item ugb-team-member__item1 ugb--shadow-3\"><div class=\"ugb-team-member__content\"><div class=\"ugb-team-member__title\"><h4 class=\"ugb-team-member__name\">Marcelo Marinho da Silva<\/h4><p class=\"ugb-team-member__position\"><strong>Encarregado e Controlador da Lei Geral de Prote\u00e7\u00e3o de Dados<\/strong><\/p><\/div><p class=\"ugb-team-member__description\"><strong>Email:<br><\/strong>juridico@adagro.pe.gov.br<br><strong>Telefone:<br><\/strong>(81) 3181 4529<br><br><\/p><\/div><\/div><\/div><\/div><\/div>\n\n\n\n<div class=\"wp-block-ugb-team-member ugb-team-member ugb-3144621 ugb-team-member--v3 ugb-team-member--design-basic ugb-team-member--columns-1 ugb-main-block\" id=\"\"><div class=\"ugb-inner-block\"><div class=\"ugb-block-content\"><div class=\"ugb-team-member__item ugb-team-member__item1 ugb--shadow-3\"><div class=\"ugb-team-member__content\"><div class=\"ugb-team-member__title\"><h4 class=\"ugb-team-member__name\">Marcos Alexandre Barbosa Delgado<\/h4><p class=\"ugb-team-member__position\"><strong>Operador<\/strong> <strong>da Lei Geral de Prote\u00e7\u00e3o de Dados<\/strong><\/p><\/div><p class=\"ugb-team-member__description\"><strong>Email:<br><\/strong>nuinf@adagro.pe.gov.br<br><strong>Telefone:<br><\/strong>(81) 3181 4540<br><br><\/p><\/div><\/div><\/div><\/div><\/div>\n\n\n\n<div class=\"wp-block-ugb-team-member ugb-team-member ugb-100f7d9 ugb-team-member--v3 ugb-team-member--design-basic ugb-team-member--columns-1 ugb-main-block\" id=\"\"><div class=\"ugb-inner-block\"><div class=\"ugb-block-content\"><div class=\"ugb-team-member__item ugb-team-member__item1 ugb--shadow-3\"><div class=\"ugb-team-member__content\"><div class=\"ugb-team-member__title\"><h4 class=\"ugb-team-member__name\">Airton Eust\u00e1quio Costa Miranda<\/h4><p class=\"ugb-team-member__position\"><strong><span style=\"color: #abb8c3\" class=\"ugb-highlight\">Assessor Especial de Controle Interno<\/span><\/strong><\/p><\/div><p class=\"ugb-team-member__description\"><strong>E-mail:<br><\/strong>airtonmiranda@adagro.pe.gov.br<br><strong>Telefone:<br><\/strong>(81) 3181 4521<br><br><strong>Paulo Fernandes de Barros J\u00fanior<\/strong><br><span style=\"color: #abb8c3\" class=\"ugb-highlight\"><strong>Adjunto da Assessoria Especial de Controle Interno<\/strong><\/span><br><strong>E-mail:<br><\/strong>paulo-fernandes@adagro.pe.gov.br<br><strong>Telefone:<br><\/strong>(81) 3181 4521<\/p><\/div><\/div><\/div><\/div><\/div>\n\n\n\n<h2>Cargos Comissionados e Fun\u00e7\u00f5es Gratificadas<\/h2>\n\n\n\n<div class=\"wp-block-file\"><a href=\"https:\/\/www.lai.pe.gov.br\/adagro\/wp-content\/uploads\/sites\/10\/2024\/12\/Cargos-Comissionados-e-Funcoes-Gratificadas-2024-Jan-Out.xlsx\">Cargos Comissionados e Fun\u00e7\u00f5es Gratificadas 2024 (Jan-Out)<\/a><a href=\"https:\/\/www.lai.pe.gov.br\/adagro\/wp-content\/uploads\/sites\/10\/2024\/12\/Cargos-Comissionados-e-Funcoes-Gratificadas-2024-Jan-Out.xlsx\" class=\"wp-block-file__button\" download>Baixar<\/a><\/div>\n\n\n\n<div class=\"wp-block-file\"><a href=\"https:\/\/www.lai.pe.gov.br\/adagro\/wp-content\/uploads\/sites\/10\/2024\/01\/Cargos-Comissionados-e-Funcoes-Gratificadas-2023-Jan-Dez.xlsx\">Cargos Comissionados e Fun\u00e7\u00f5es Gratificadas 2023 (Jan-Dez)<\/a><a href=\"https:\/\/www.lai.pe.gov.br\/adagro\/wp-content\/uploads\/sites\/10\/2024\/01\/Cargos-Comissionados-e-Funcoes-Gratificadas-2023-Jan-Dez.xlsx\" class=\"wp-block-file__button\" download>Baixar<\/a><\/div>\n\n\n\n<div class=\"wp-block-file\"><a href=\"https:\/\/www.lai.pe.gov.br\/adagro\/wp-content\/uploads\/sites\/10\/2023\/01\/Cargos-Comissionados-e-Funcoes-Gratificadas-2022-Jan-Dez.xlsx\">Cargos Comissionados e Fun\u00e7\u00f5es Gratificadas 2022 (Jan-Dez)<\/a><a href=\"https:\/\/www.lai.pe.gov.br\/adagro\/wp-content\/uploads\/sites\/10\/2023\/01\/Cargos-Comissionados-e-Funcoes-Gratificadas-2022-Jan-Dez.xlsx\" class=\"wp-block-file__button\" download>Baixar<\/a><\/div>\n\n\n\n<div class=\"wp-block-file\"><a href=\"https:\/\/www.lai.pe.gov.br\/adagro\/wp-content\/uploads\/sites\/10\/2022\/01\/Cargos-Comissionados-e-Funcoes-Gratificadas-2021-Jan-Dez.xlsx\">Cargos Comissionados e Fun\u00e7\u00f5es Gratificadas 2021 (Jan-Dez)<\/a><a href=\"https:\/\/www.lai.pe.gov.br\/adagro\/wp-content\/uploads\/sites\/10\/2022\/01\/Cargos-Comissionados-e-Funcoes-Gratificadas-2021-Jan-Dez.xlsx\" class=\"wp-block-file__button\" download>Baixar<\/a><\/div>\n\n\n\n<div class=\"wp-block-file\"><a href=\"https:\/\/www.lai.pe.gov.br\/adagro\/wp-content\/uploads\/sites\/10\/2021\/10\/Cargos-Comissionados-e-Funcoes-Gratificadas-2020.xlsx\">Cargos Comissionados e Fun\u00e7\u00f5es Gratificadas 2020 (Jan-Dez)<\/a><a href=\"https:\/\/www.lai.pe.gov.br\/adagro\/wp-content\/uploads\/sites\/10\/2021\/10\/Cargos-Comissionados-e-Funcoes-Gratificadas-2020.xlsx\" class=\"wp-block-file__button\" download>Baixar<\/a><\/div>\n\n\n\n<p><\/p>\n<style class=\"advgb-styles-renderer\">#kt-info-box_36c228-f9 .kt-blocks-info-box-link-wrap {border-color:rgba(136, 136, 136, 1);border-radius:20px;background:rgba(255, 255, 255, 1);padding:20px 20px 20px 20px;border-width:2px 2px 2px 2px;}#kt-info-box_36c228-f9 .kt-blocks-info-box-link-wrap:hover {border-color:rgba(136, 136, 136, 1);background:rgba(255, 255, 255, 1);}#kt-info-box_36c228-f9 .kt-info-svg-icon, #kt-info-box_36c228-f9 .kt-blocks-info-box-number {font-size:50px;}#kt-info-box_36c228-f9 .kt-blocks-info-box-media {color:#ffffff;background:#555555;border-color:#444444;border-radius:200px;border-width:0px 0px 0px 0px;padding:20px 20px 20px 20px;margin:0px 15px 0px 15px;}#kt-info-box_36c228-f9 .kt-blocks-info-box-media img {border-radius:200px;}#kt-info-box_36c228-f9 .kt-blocks-info-box-link-wrap:hover .kt-blocks-info-box-media {color:#ffffff;background:#444444;border-color:#444444;}#kt-info-box_36c228-f9 .kt-blocks-info-box-title {padding:0px 0px 0px 0px;margin:5px 0px 10px 0px;}#kt-info-box_36c228-f9 .kt-blocks-info-box-text {}#kt-info-box_36c228-f9 .kt-blocks-info-box-link-wrap:hover {box-shadow:0px 0px 14px 0px rgba(0,0,0,0.2);}.ugb-0ffc076 .ugb-team-member__item{border-radius:12px !important}.ugb-0ffc076 .ugb-img{width:150px;height:150px !important;-webkit-mask-image:url('data:image\/svg+xml;base64,PHN2ZyB2aWV3Qm94PSIwIDAgMTAwIDEwMCIgeG1sbnM9Imh0dHA6Ly93d3cudzMub3JnLzIwMDAvc3ZnIj48Y2lyY2xlIGN4PSI1MCIgY3k9IjUwIiByPSI1MCI+PC9jaXJjbGU+PC9zdmc+');mask-image:url('data:image\/svg+xml;base64,PHN2ZyB2aWV3Qm94PSIwIDAgMTAwIDEwMCIgeG1sbnM9Imh0dHA6Ly93d3cudzMub3JnLzIwMDAvc3ZnIj48Y2lyY2xlIGN4PSI1MCIgY3k9IjUwIiByPSI1MCI+PC9jaXJjbGU+PC9zdmc+')}.ugb-0ffc076 .ugb-team-member__image{width:150px !important}.ugb-00edfa5 .ugb-team-member__item{border-radius:12px !important}.ugb-00edfa5 .ugb-img{width:150px;height:150px !important;-webkit-mask-image:url('data:image\/svg+xml;base64,PHN2ZyB2aWV3Qm94PSIwIDAgMTAwIDEwMCIgeG1sbnM9Imh0dHA6Ly93d3cudzMub3JnLzIwMDAvc3ZnIj48Y2lyY2xlIGN4PSI1MCIgY3k9IjUwIiByPSI1MCI+PC9jaXJjbGU+PC9zdmc+');mask-image:url('data:image\/svg+xml;base64,PHN2ZyB2aWV3Qm94PSIwIDAgMTAwIDEwMCIgeG1sbnM9Imh0dHA6Ly93d3cudzMub3JnLzIwMDAvc3ZnIj48Y2lyY2xlIGN4PSI1MCIgY3k9IjUwIiByPSI1MCI+PC9jaXJjbGU+PC9zdmc+')}.ugb-00edfa5 .ugb-team-member__image{width:150px !important}.ugb-98f4317 .ugb-team-member__item{border-radius:12px !important}.ugb-98f4317 .ugb-img{width:150px;height:150px !important;-webkit-mask-image:url('data:image\/svg+xml;base64,PHN2ZyB2aWV3Qm94PSIwIDAgMTAwIDEwMCIgeG1sbnM9Imh0dHA6Ly93d3cudzMub3JnLzIwMDAvc3ZnIj48Y2lyY2xlIGN4PSI1MCIgY3k9IjUwIiByPSI1MCI+PC9jaXJjbGU+PC9zdmc+');mask-image:url('data:image\/svg+xml;base64,PHN2ZyB2aWV3Qm94PSIwIDAgMTAwIDEwMCIgeG1sbnM9Imh0dHA6Ly93d3cudzMub3JnLzIwMDAvc3ZnIj48Y2lyY2xlIGN4PSI1MCIgY3k9IjUwIiByPSI1MCI+PC9jaXJjbGU+PC9zdmc+')}.ugb-98f4317 .ugb-team-member__image{width:150px !important}.ugb-7547f08 .ugb-team-member__item{border-radius:12px !important}.ugb-7547f08 .ugb-img{width:150px;height:150px !important;-webkit-mask-image:url('data:image\/svg+xml;base64,PHN2ZyB2aWV3Qm94PSIwIDAgMTAwIDEwMCIgeG1sbnM9Imh0dHA6Ly93d3cudzMub3JnLzIwMDAvc3ZnIj48Y2lyY2xlIGN4PSI1MCIgY3k9IjUwIiByPSI1MCI+PC9jaXJjbGU+PC9zdmc+');mask-image:url('data:image\/svg+xml;base64,PHN2ZyB2aWV3Qm94PSIwIDAgMTAwIDEwMCIgeG1sbnM9Imh0dHA6Ly93d3cudzMub3JnLzIwMDAvc3ZnIj48Y2lyY2xlIGN4PSI1MCIgY3k9IjUwIiByPSI1MCI+PC9jaXJjbGU+PC9zdmc+')}.ugb-7547f08 .ugb-team-member__image{width:150px !important}.ugb-7bc6385 .ugb-team-member__item{border-radius:12px !important}.ugb-7bc6385 .ugb-img{width:150px;height:150px !important;-webkit-mask-image:url('data:image\/svg+xml;base64,PHN2ZyB2aWV3Qm94PSIwIDAgMTAwIDEwMCIgeG1sbnM9Imh0dHA6Ly93d3cudzMub3JnLzIwMDAvc3ZnIj48Y2lyY2xlIGN4PSI1MCIgY3k9IjUwIiByPSI1MCI+PC9jaXJjbGU+PC9zdmc+');mask-image:url('data:image\/svg+xml;base64,PHN2ZyB2aWV3Qm94PSIwIDAgMTAwIDEwMCIgeG1sbnM9Imh0dHA6Ly93d3cudzMub3JnLzIwMDAvc3ZnIj48Y2lyY2xlIGN4PSI1MCIgY3k9IjUwIiByPSI1MCI+PC9jaXJjbGU+PC9zdmc+')}.ugb-7bc6385 .ugb-team-member__image{width:150px !important}.ugb-7def43f .ugb-team-member__item{border-radius:12px !important}.ugb-7def43f .ugb-img{width:220px;height:220px !important;-webkit-mask-image:url('data:image\/svg+xml;base64,PHN2ZyB2aWV3Qm94PSIwIDAgMTAwIDEwMCIgeG1sbnM9Imh0dHA6Ly93d3cudzMub3JnLzIwMDAvc3ZnIj48Y2lyY2xlIGN4PSI1MCIgY3k9IjUwIiByPSI1MCI+PC9jaXJjbGU+PC9zdmc+');mask-image:url('data:image\/svg+xml;base64,PHN2ZyB2aWV3Qm94PSIwIDAgMTAwIDEwMCIgeG1sbnM9Imh0dHA6Ly93d3cudzMub3JnLzIwMDAvc3ZnIj48Y2lyY2xlIGN4PSI1MCIgY3k9IjUwIiByPSI1MCI+PC9jaXJjbGU+PC9zdmc+')}.ugb-7def43f .ugb-team-member__image{width:220px !important}.ugb-15d9e96 .ugb-team-member__item{border-radius:12px !important}.ugb-15d9e96 .ugb-img{width:150px;height:150px !important;-webkit-mask-image:url('data:image\/svg+xml;base64,PHN2ZyB2aWV3Qm94PSIwIDAgMTAwIDEwMCIgeG1sbnM9Imh0dHA6Ly93d3cudzMub3JnLzIwMDAvc3ZnIj48Y2lyY2xlIGN4PSI1MCIgY3k9IjUwIiByPSI1MCI+PC9jaXJjbGU+PC9zdmc+');mask-image:url('data:image\/svg+xml;base64,PHN2ZyB2aWV3Qm94PSIwIDAgMTAwIDEwMCIgeG1sbnM9Imh0dHA6Ly93d3cudzMub3JnLzIwMDAvc3ZnIj48Y2lyY2xlIGN4PSI1MCIgY3k9IjUwIiByPSI1MCI+PC9jaXJjbGU+PC9zdmc+')}.ugb-15d9e96 .ugb-team-member__image{width:150px !important}.ugb-3144621 .ugb-team-member__item{border-radius:12px !important}.ugb-3144621 .ugb-img{width:150px;height:150px !important;-webkit-mask-image:url('data:image\/svg+xml;base64,PHN2ZyB2aWV3Qm94PSIwIDAgMTAwIDEwMCIgeG1sbnM9Imh0dHA6Ly93d3cudzMub3JnLzIwMDAvc3ZnIj48Y2lyY2xlIGN4PSI1MCIgY3k9IjUwIiByPSI1MCI+PC9jaXJjbGU+PC9zdmc+');mask-image:url('data:image\/svg+xml;base64,PHN2ZyB2aWV3Qm94PSIwIDAgMTAwIDEwMCIgeG1sbnM9Imh0dHA6Ly93d3cudzMub3JnLzIwMDAvc3ZnIj48Y2lyY2xlIGN4PSI1MCIgY3k9IjUwIiByPSI1MCI+PC9jaXJjbGU+PC9zdmc+')}.ugb-3144621 .ugb-team-member__image{width:150px !important}.ugb-100f7d9 .ugb-team-member__item{border-radius:12px !important}.ugb-100f7d9 .ugb-img{width:150px;height:150px !important;-webkit-mask-image:url('data:image\/svg+xml;base64,PHN2ZyB2aWV3Qm94PSIwIDAgMTAwIDEwMCIgeG1sbnM9Imh0dHA6Ly93d3cudzMub3JnLzIwMDAvc3ZnIj48Y2lyY2xlIGN4PSI1MCIgY3k9IjUwIiByPSI1MCI+PC9jaXJjbGU+PC9zdmc+');mask-image:url('data:image\/svg+xml;base64,PHN2ZyB2aWV3Qm94PSIwIDAgMTAwIDEwMCIgeG1sbnM9Imh0dHA6Ly93d3cudzMub3JnLzIwMDAvc3ZnIj48Y2lyY2xlIGN4PSI1MCIgY3k9IjUwIiByPSI1MCI+PC9jaXJjbGU+PC9zdmc+')}.ugb-100f7d9 .ugb-team-member__image{width:150px !important}<\/style>","protected":false},"excerpt":{"rendered":"<p>Cargos Comissionados e Fun\u00e7\u00f5es Gratificadas<\/p>\n","protected":false},"author":1,"featured_media":0,"parent":0,"menu_order":0,"comment_status":"closed","ping_status":"closed","template":"","meta":{"advgb_blocks_editor_width":"","advgb_blocks_columns_visual_guide":"","kt_blocks_editor_width":""},"featured_image_urls":{"full":"","thumbnail":"","medium":"","medium_large":"","large":"","1536x1536":"","2048x2048":""},"post_excerpt_stackable":"<p>O que h\u00e1 nesta p\u00e1gina!Nesta se\u00e7\u00e3o s\u00e3o divulgadas informa\u00e7\u00f5es dos principais cargos e seus ocupantes com telefones e e-mails de contato. V\u00e2nia L\u00facia Santana de AssisDiretora-PresidenteEmail:vania.lucia@adagro.pe.gov.br Telefone:(81) 3181 4511(81) 3181 4501Jos\u00e9 H\u00e9lio TeixeiraDiretor de Gest\u00e3o Administrativa e FinanceiroEmail:diretoriafinanceira@adagro.pe.gov.brTelefone:(81) 3181 4504K\u00e9sia Alc\u00e2ntaraDiretora de Planejamento Estrat\u00e9gico e Conv\u00eaniosEmail:kesia.alcantara@adagro.pe.gov.brTelefone:(81) 3181 4510 Samy BianchiniDiretora de Defesa e Inspe\u00e7\u00e3o AnimalEmail:samy.bianchini@adagro.pe.gov.br Telefone:81-3181.4502Jurandir Barbosa Cavalcanti J\u00faniorDiretor de Defesa e Inspe\u00e7\u00e3o VegetalEmail:ddiv@adagro.pe.gov.brTelefone:(81) 3181 4503Marcelo Silva MarinhoAssessor T\u00e9cnico de Apoio \u00e0 PGEEmail:jur\u00eddico@adagro.pe.gov.brTelefone:(81) 3181 4529 Fl\u00e1via Bezerra CavalcantiAssessora de Comunica\u00e7\u00e3oEmail:imprensa@adagro.pe.gov.br Telefone:(81) 3181 4512Marcos Alexandre Barbosa DelgadoAssessoria de Inform\u00e1ticaEmail:nuinf@adagro.pe.gov.brTelefone:(81) 3181 4540Marcella Luiz de FigueiredoGerente Estadual de Tr\u00e2nsito Agropecu\u00e1rioEmail:marcella.figueiredo@adagro.pe.gov.brTelefone:(81) 3181 4516 Glenda&hellip;<\/p>\n","category_list":"","author_info":{"name":"nilo.martins","url":"https:\/\/www.lai.pe.gov.br\/adagro\/author\/nilo-martins\/"},"comments_num":"0 coment\u00e1rio","_links":{"self":[{"href":"https:\/\/www.lai.pe.gov.br\/adagro\/wp-json\/wp\/v2\/pages\/12"}],"collection":[{"href":"https:\/\/www.lai.pe.gov.br\/adagro\/wp-json\/wp\/v2\/pages"}],"about":[{"href":"https:\/\/www.lai.pe.gov.br\/adagro\/wp-json\/wp\/v2\/types\/page"}],"author":[{"embeddable":true,"href":"https:\/\/www.lai.pe.gov.br\/adagro\/wp-json\/wp\/v2\/users\/1"}],"replies":[{"embeddable":true,"href":"https:\/\/www.lai.pe.gov.br\/adagro\/wp-json\/wp\/v2\/comments?post=12"}],"version-history":[{"count":96,"href":"https:\/\/www.lai.pe.gov.br\/adagro\/wp-json\/wp\/v2\/pages\/12\/revisions"}],"predecessor-version":[{"id":1957,"href":"https:\/\/www.lai.pe.gov.br\/adagro\/wp-json\/wp\/v2\/pages\/12\/revisions\/1957"}],"wp:attachment":[{"href":"https:\/\/www.lai.pe.gov.br\/adagro\/wp-json\/wp\/v2\/media?parent=12"}],"curies":[{"name":"wp","href":"https:\/\/api.w.org\/{rel}","templated":true}]}}