{"id":10,"date":"2019-03-13T16:53:48","date_gmt":"2019-03-13T19:53:48","guid":{"rendered":"https:\/\/www.lai.pe.gov.br\/adagro\/?page_id=10"},"modified":"2019-05-30T10:12:48","modified_gmt":"2019-05-30T13:12:48","slug":"competencias","status":"publish","type":"page","link":"https:\/\/www.lai.pe.gov.br\/adagro\/competencias\/","title":{"rendered":"Compet\u00eancias"},"content":{"rendered":"\n<div id=\"kt-info-box_36c228-f9\" class=\"wp-block-kadence-infobox\"><a class=\"kt-blocks-info-box-link-wrap kt-blocks-info-box-media-align-left kt-info-halign-left\"><div class=\"kt-blocks-info-box-media kt-info-media-animate-flip\"><div class=\"kadence-info-box-icon-container kt-info-icon-animate-flip\"><div class=\"kadence-info-box-icon-inner-container\"><span style=\"display:block;justify-content:center;align-items:center\" class=\"kt-info-svg-icon kt-info-svg-icon-fas_info\"><svg style=\"display:inline-block;vertical-align:middle\" viewbox=\"0 0 192 512\" height=\"50\" width=\"50\" fill=\"currentColor\" xmlns=\"http:\/\/www.w3.org\/2000\/svg\"><path d=\"M20 424.229h20V279.771H20c-11.046 0-20-8.954-20-20V212c0-11.046 8.954-20 20-20h112c11.046 0 20 8.954 20 20v212.229h20c11.046 0 20 8.954 20 20V492c0 11.046-8.954 20-20 20H20c-11.046 0-20-8.954-20-20v-47.771c0-11.046 8.954-20 20-20zM96 0C56.235 0 24 32.235 24 72s32.235 72 72 72 72-32.235 72-72S135.764 0 96 0z\"><\/path><\/svg><\/span><span style=\"display:block;justify-content:center;align-items:center\" class=\"kt-info-svg-icon-flip kt-info-svg-icon-ic_info\"><svg style=\"display:inline-block;vertical-align:middle\" viewbox=\"0 0 8 8\" height=\"50\" width=\"50\" fill=\"currentColor\" xmlns=\"http:\/\/www.w3.org\/2000\/svg\"><path d=\"M3 0c-.55 0-1 .45-1 1s.45 1 1 1 1-.45 1-1-.45-1-1-1zm-1.5 2.5c-.83 0-1.5.67-1.5 1.5h1c0-.28.22-.5.5-.5s.5.22.5.5-1 1.64-1 2.5c0 .86.67 1.5 1.5 1.5s1.5-.67 1.5-1.5h-1c0 .28-.22.5-.5.5s-.5-.22-.5-.5c0-.36 1-1.84 1-2.5 0-.81-.67-1.5-1.5-1.5z\" transform=\"translate(2)\"><\/path><\/svg><\/span><\/div><\/div><\/div><div class=\"kt-infobox-textcontent\"><h2 class=\"kt-blocks-info-box-title\">O que h\u00e1 nesta p\u00e1gina!<\/h2><p class=\"kt-blocks-info-box-text\">Nesta se\u00e7\u00e3o s\u00e3o divulgadas as principais atribui\u00e7\u00f5es do \u00f3rg\u00e3o\/entidade e legisla\u00e7\u00f5es aplic\u00e1veis.<\/p><\/div><\/a><\/div>\n\n\n\n<div style=\"height:29px\" aria-hidden=\"true\" class=\"wp-block-spacer\"><\/div>\n\n\n\n<blockquote class=\"wp-block-ugb-blockquote ugb-blockquote ugb-blockquote--v2 ugb--background-opacity-5 ugb-blockquote--design-plain\"><div class=\"ugb-content-wrapper\"><svg viewbox=\"0 0 50 50\" xmlns=\"http:\/\/www.w3.org\/2000\/svg\" style=\"fill:;width:70px;height:70px\"><path d=\"M19.8 9.3C10.5 11.8 4.6 17 2.1 24.8c2.3-3.6 5.6-5.4 9.9-5.4 3.3 0 6 1.1 8.3 3.3 2.2 2.2 3.4 5 3.4 8.3 0 3.2-1.1 5.8-3.3 8-2.2 2.2-5.1 3.2-8.7 3.2-3.7 0-6.5-1.2-8.6-3.5C1 36.3 0 33.1 0 29 0 18.3 6.5 11.2 19.6 7.9l.2 1.4zm26.4 0C36.9 11.9 31 17 28.5 24.8c2.2-3.6 5.5-5.4 9.8-5.4 3.2 0 6 1.1 8.3 3.2 2.3 2.2 3.4 4.9 3.4 8.3 0 3.1-1.1 5.8-3.3 7.9-2.2 2.2-5.1 3.3-8.6 3.3-3.7 0-6.6-1.1-8.6-3.4-2.1-2.3-3.1-5.5-3.1-9.7 0-10.7 6.6-17.8 19.7-21.1l.1 1.4z\"><\/path><\/svg><p class=\"ugb-blockquote__text\" style=\"color:\">A ADAGRO (Ag\u00eancia de Defesa e Fiscaliza\u00e7\u00e3o  Agropecu\u00e1ria de PE) \u00e9 uma Autarquia criada pela Lei Estadual n\u00ba 15.919  DE 04 de novembro de 2016. <\/p><\/div><\/blockquote>\n\n\n\n<div style=\"height:20px\" aria-hidden=\"true\" class=\"wp-block-spacer\"><\/div>\n\n\n\n<h2>Atribui\u00e7\u00f5es<\/h2>\n\n\n\n<p>A Adagro est\u00e1 encarregada de promover e executar a  defesa sanit\u00e1ria animal e vegetal, o controle, a inspe\u00e7\u00e3o e a  fiscaliza\u00e7\u00e3o de produtos de origem agropecu\u00e1ria.<\/p>\n\n\n\n<div style=\"height:20px\" aria-hidden=\"true\" class=\"wp-block-spacer\"><\/div>\n\n\n\n<div id=\"kt-info-box_58a8d3-32\" class=\"wp-block-kadence-infobox\"><a class=\"kt-blocks-info-box-link-wrap kt-blocks-info-box-media-align-top kt-info-halign-center\" target=\"_blank\" rel=\"noopener noreferrer\" href=\"http:\/\/www2.adagro.pe.gov.br\/web\/adagro\/legislacao\"><div class=\"kt-blocks-info-box-media kt-info-media-animate-none\"><div class=\"kadence-info-box-icon-container kt-info-icon-animate-none\"><div class=\"kadence-info-box-icon-inner-container\"><span style=\"display:block;justify-content:center;align-items:center\" class=\"kt-info-svg-icon kt-info-svg-icon-fas_balance-scale\"><svg style=\"display:inline-block;vertical-align:middle\" viewbox=\"0 0 640 512\" height=\"80\" width=\"80\" fill=\"currentColor\" xmlns=\"http:\/\/www.w3.org\/2000\/svg\"><path d=\"M256 336h-.02c0-16.18 1.34-8.73-85.05-181.51-17.65-35.29-68.19-35.36-85.87 0C-2.06 328.75.02 320.33.02 336H0c0 44.18 57.31 80 128 80s128-35.82 128-80zM128 176l72 144H56l72-144zm511.98 160c0-16.18 1.34-8.73-85.05-181.51-17.65-35.29-68.19-35.36-85.87 0-87.12 174.26-85.04 165.84-85.04 181.51H384c0 44.18 57.31 80 128 80s128-35.82 128-80h-.02zM440 320l72-144 72 144H440zm88 128H352V153.25c23.51-10.29 41.16-31.48 46.39-57.25H528c8.84 0 16-7.16 16-16V48c0-8.84-7.16-16-16-16H383.64C369.04 12.68 346.09 0 320 0s-49.04 12.68-63.64 32H112c-8.84 0-16 7.16-16 16v32c0 8.84 7.16 16 16 16h129.61c5.23 25.76 22.87 46.96 46.39 57.25V448H112c-8.84 0-16 7.16-16 16v32c0 8.84 7.16 16 16 16h416c8.84 0 16-7.16 16-16v-32c0-8.84-7.16-16-16-16z\"><\/path><\/svg><\/span><\/div><\/div><\/div><div class=\"kt-infobox-textcontent\"><h2 class=\"kt-blocks-info-box-title\">A Base Jur\u00eddica\/Legisla\u00e7\u00e3o aplic\u00e1vel \u00e0s atividades da ADAGRO est\u00e1 dispon\u00edvel <\/h2><div class=\"kt-blocks-info-box-learnmore-wrap\"><span class=\"kt-blocks-info-box-learnmore\">Clique aqui<\/span><\/div><\/div><\/a><\/div>\n\n\n\n<h2>Compet\u00eancias:<\/h2>\n\n\n\n<div class=\"wp-block-ugb-container ugb-container ugb--background-opacity-5 ugb--has-background ugb-container--height-normal ugb-container--align-horizontal-full\" style=\"background-color:#f1f1f1\"><div class=\"ugb-container__wrapper\"><div class=\"ugb-container__content-wrapper\">\n<ul><li>Planejar, elaborar, coordenar e executar programa de promo\u00e7\u00e3o e prote\u00e7\u00e3o  da sa\u00fade animal e vegetal e a educa\u00e7\u00e3o zoofitossanit\u00e1ria,  constituindo-se na <strong>autoridade estadual m\u00e1xima de sanidade agropecu\u00e1ria para todos os fins<\/strong>;<\/li><li><\/li><li>Fiscalizar a entrada, o tr\u00e2nsito, o beneficiamento de produtos, subprodutos e derivados de origem animal, inclusive as atividades em propriedades rurais no territ\u00f3rio pernambucano;<\/li><li>Fiscalizar a entrada, o tr\u00e2nsito, o com\u00e9rcio, o beneficiamento de produtos, subprodutos e derivados de origem vegetal, e insumos, inclusive as atividades em propriedades rurais no territ\u00f3rio pernambucano;<\/li><li>Levantar, mapear e monitorar as ocorr\u00eancias zoofitossanit\u00e1rias no territ\u00f3rio pernambucano, objetivando o estabelecimento de a\u00e7\u00f5es de preven\u00e7\u00e3o e controle de pragas e doen\u00e7as dos vegetais e animais;<\/li><li>Exercer as atividades de vigil\u00e2ncia epidemiol\u00f3gica, profilaxia e controle de pragas e doen\u00e7as animais e vegetais;<\/li><li>Fiscalizar e inspecionar as pessoas f\u00edsicas e jur\u00eddicas de direito p\u00fablico e privado, que manipulem, produzam, beneficiem, classifiquem, armazenem, transportem produtos e derivados de origem animal e insumos;<\/li><li>Fiscalizar e inspecionar as pessoas f\u00edsicas e jur\u00eddicas de direito p\u00fablico e privado, que manipulem, produzam, beneficiem, classifiquem, armazenem, comercializem, transportem produtos e derivados de origem vegetal e insumos;<\/li><li>Registrar, no que couber, cadastrar, fiscalizar e inspecionar pessoas f\u00edsicas e jur\u00eddicas que produzam, comercializem e distribuam produtos quimioter\u00e1picos, biol\u00f3gicos, agrot\u00f3xicos e afins, demais produtos agropecu\u00e1rios, bem como prestadores de servi\u00e7os zoofitossanit\u00e1rios;<\/li><li>Aplicar multas e outras san\u00e7\u00f5es aos infratores das leis, decretos, portarias e normas de defesa sanit\u00e1ria animal e vegetal ou de produtos correlatos, que regem as atividades da ADAGRO;<\/li><li>Interditar, cautelar ou  definitivamente, por descumprimento de medida sanit\u00e1ria, profil\u00e1tica ou  preventiva, estabelecimento p\u00fablico ou particular e proibir o tr\u00e2nsito  de animais, vegetais e seus subprodutos em desacordo com a  regulamenta\u00e7\u00e3o sanit\u00e1ria;<\/li><li>Desenvolver estudos e executar a\u00e7\u00f5es objetivando o estabelecimento de \u00e1reas livres de pragas de ocorr\u00eancia quarenten\u00e1ria ou doen\u00e7as definidas pela Organiza\u00e7\u00e3o Mundial de Sa\u00fade Animal &#8211; OIE;<\/li><li>Gerir o Fundo de Defesa Agropecu\u00e1ria de Pernambuco e planejar e executar o seu or\u00e7amento;<\/li><li>Promover a\u00e7\u00f5es de incentivo \u00e0 educa\u00e7\u00e3o conservacionista e sanit\u00e1ria e a divulga\u00e7\u00e3o da legisla\u00e7\u00e3o e servi\u00e7os de defesa agropecu\u00e1ria, privilegiando as a\u00e7\u00f5es educativas \u00e0s a\u00e7\u00f5es punitivas;<\/li><li>Propor, planejar, coordenar, supervisionar, promover e fiscalizar pol\u00edticas, programas, a\u00e7\u00f5es e procedimentos de defesa vegetal que importem \u00e0 sa\u00fade humana, \u00e0 qualidade higi\u00eanico-sanit\u00e1ria dos produtos e subprodutos de origem vegetal, comest\u00edveis ou n\u00e3o comest\u00edveis, ao com\u00e9rcio e \u00e0 qualidade intr\u00ednseca e extr\u00ednseca dos insumos utilizados nas explora\u00e7\u00f5es agropecu\u00e1rias e dos produtos destinados \u00e0 alimenta\u00e7\u00e3o animal e humana;<\/li><li>Propor, planejar, coordenar, supervisionar, promover e fiscalizar pol\u00edticas, programas, a\u00e7\u00f5es e procedimentos de defesa animal que importem \u00e0 sa\u00fade humana, \u00e0 qualidade higi\u00eanico-sanit\u00e1ria dos produtos e subprodutos de origem animal, comest\u00edveis ou n\u00e3o comest\u00edveis, \u00e0 qualidade intr\u00ednseca e extr\u00ednseca dos insumos utilizados nas explora\u00e7\u00f5es agropecu\u00e1rias e dos produtos destinados \u00e0 alimenta\u00e7\u00e3o animal e humana;<\/li><li>Estabelecer normas, padr\u00f5es, crit\u00e9rios e procedimentos t\u00e9cnicos de defesa agropecu\u00e1ria, de inspe\u00e7\u00e3o sanit\u00e1ria, de rastreabilidade, de classifica\u00e7\u00e3o, de credenciamento e descredenciamento de prestadoras de servi\u00e7os afins \u00e0 defesa agropecu\u00e1ria e de certifica\u00e7\u00e3o de pessoas f\u00edsicas e jur\u00eddicas, mat\u00e9rias primas, insumos agropecu\u00e1rios de produtos e subprodutos de origem animal e vegetal;<\/li><li>Instituir e manter o cadastro de propriedades, estabelecimentos comerciais de insumos agropecu\u00e1rios, de empresas prestadoras de servi\u00e7os afins \u00e0 defesa agropecu\u00e1ria;<\/li><li>Credenciar, fiscalizar e auditar laborat\u00f3rios de an\u00e1lise de produtos e insumos agropecu\u00e1rios e de entidades certificadoras de produtos e servi\u00e7os de defesa agropecu\u00e1ria;<\/li><li>Implantar, coordenar, sistematizar e manter a Rede Estadual de Informa\u00e7\u00e3o de Defesa Agropecu\u00e1ria &#8211; REIDA, para integrar as a\u00e7\u00f5es de entidades promotoras da defesa, inspe\u00e7\u00e3o e certifica\u00e7\u00e3o agropecu\u00e1rias;<\/li><li>Celebrar, nas condi\u00e7\u00f5es que estabelecer, termos de compromissos e ajustes de conduta e fiscalizar o seu cumprimento, na sua esfera de compet\u00eancia;<\/li><li>Apurar e punir infra\u00e7\u00f5es \u00e0 legisla\u00e7\u00e3o das rela\u00e7\u00f5es de consumo no \u00e2mbito de suas finalidades e compet\u00eancias;<\/li><li>Adquirir, administrar e alienar seus bens, observado o disposto no \u00a7 1\u00ba do art. 4\u00ba da Constitui\u00e7\u00e3o Estadual;<\/li><li>Decidir em \u00faltimo grau sobre as mat\u00e9rias de sua al\u00e7ada, sempre admitido recurso ao Conselho Diretor;<\/li><li>Formular ao Secret\u00e1rio de Agricultura e Reforma Agr\u00e1ria proposta de or\u00e7amento; e elaborar relat\u00f3rio anual de suas atividades, nele destacando o cumprimento das diretrizes estabelecidas pelo poder concedente e das pol\u00edticas setoriais, enviando-o ao Secret\u00e1rio de Agricultura e Reforma Agr\u00e1ria e, por interm\u00e9dio do Governador do Estado, \u00e0 Assembl\u00e9ia Legislativa, bem como dando ampla divulga\u00e7\u00e3o \u00e0 sociedade.<\/li><\/ul>\n\n\n\n<p><strong>As a\u00e7\u00f5es e os procedimentos de defesa agropecu\u00e1ria, de inspe\u00e7\u00e3o  sanit\u00e1ria dos produtos e subprodutos de origem animal e vegetal e de  garantia da qualidade dos insumos agropecu\u00e1rios s\u00e3o considerados de  interesse p\u00fablico.<\/strong><\/p>\n<\/div><\/div><\/div>\n\n\n\n<p><br><\/p>\n<style class=\"advgb-styles-renderer\">#kt-info-box_36c228-f9 .kt-blocks-info-box-link-wrap {border-color:rgba(136, 136, 136, 1);border-radius:20px;background:rgba(255, 255, 255, 1);padding:20px 20px 20px 20px;border-width:2px 2px 2px 2px;}#kt-info-box_36c228-f9 .kt-blocks-info-box-link-wrap:hover {border-color:rgba(136, 136, 136, 1);background:rgba(255, 255, 255, 1);}#kt-info-box_36c228-f9 .kt-info-svg-icon, #kt-info-box_36c228-f9 .kt-blocks-info-box-number {font-size:50px;}#kt-info-box_36c228-f9 .kt-blocks-info-box-media {color:#ffffff;background:#555555;border-color:#444444;border-radius:200px;border-width:0px 0px 0px 0px;padding:20px 20px 20px 20px;margin:0px 15px 0px 15px;}#kt-info-box_36c228-f9 .kt-blocks-info-box-media img {border-radius:200px;}#kt-info-box_36c228-f9 .kt-blocks-info-box-link-wrap:hover .kt-blocks-info-box-media {color:#ffffff;background:#444444;border-color:#444444;}#kt-info-box_36c228-f9 .kt-blocks-info-box-title {padding:0px 0px 0px 0px;margin:5px 0px 10px 0px;}#kt-info-box_36c228-f9 .kt-blocks-info-box-text {}#kt-info-box_36c228-f9 .kt-blocks-info-box-link-wrap:hover {box-shadow:0px 0px 14px 0px rgba(0,0,0,0.2);}#kt-info-box_58a8d3-32 .kt-blocks-info-box-link-wrap {background:rgba(10, 102, 137, 1);padding:20px 20px 20px 20px;border-width:0px 0px 0px 0px;}#kt-info-box_58a8d3-32 .kt-blocks-info-box-link-wrap:hover {border-color:rgba(238, 238, 238, 1);background:rgba(10, 102, 137, 1);}#kt-info-box_58a8d3-32 .kt-info-svg-icon, #kt-info-box_58a8d3-32 .kt-blocks-info-box-number {font-size:80px;}#kt-info-box_58a8d3-32 .kt-blocks-info-box-media {color:#ffffff;background:transparent;border-color:#444444;border-width:0px 0px 0px 0px;padding:10px 10px 10px 10px;}#kt-info-box_58a8d3-32 .kt-blocks-info-box-media-container {margin:0px 15px 0px 15px;}#kt-info-box_58a8d3-32 .kt-blocks-info-box-link-wrap:hover .kt-blocks-info-box-media {color:#ffffff;background:transparent;border-color:#444444;}#kt-info-box_58a8d3-32 .kt-blocks-info-box-title {color:#ffffff;padding:0px 0px 0px 0px;margin:5px 0px 10px 0px;}#kt-info-box_58a8d3-32 .kt-blocks-info-box-link-wrap:hover .kt-blocks-info-box-title {color:#ffffff;}#kt-info-box_58a8d3-32 .kt-blocks-info-box-text {color:#ffffff;}#kt-info-box_58a8d3-32 .kt-blocks-info-box-link-wrap:hover .kt-blocks-info-box-text {color:#ffffff;}#kt-info-box_58a8d3-32 .kt-blocks-info-box-learnmore {color:#ffffff;background:#0A6689;border-color:#ffffff;border-width:0px 0px 0px 0px;padding:4px 8px 4px 8px;margin:10px 0px 10px 0px;}#kt-info-box_58a8d3-32 .kt-blocks-info-box-link-wrap:hover .kt-blocks-info-box-learnmore {color:#0A6689;background:#ffffff;border-color:#ffffff;}<\/style>","protected":false},"excerpt":{"rendered":"<p>Atribui\u00e7\u00f5es A Adagro est\u00e1 encarregada de promover e executar a defesa sanit\u00e1ria animal e vegetal, o controle, a inspe\u00e7\u00e3o e a fiscaliza\u00e7\u00e3o de produtos de origem agropecu\u00e1ria. Compet\u00eancias:<\/p>\n","protected":false},"author":1,"featured_media":0,"parent":0,"menu_order":0,"comment_status":"closed","ping_status":"closed","template":"","meta":{"advgb_blocks_editor_width":"","advgb_blocks_columns_visual_guide":"","kt_blocks_editor_width":""},"featured_image_urls":{"full":"","thumbnail":"","medium":"","medium_large":"","large":"","1536x1536":"","2048x2048":""},"post_excerpt_stackable":"<p>O que h\u00e1 nesta p\u00e1gina!Nesta se\u00e7\u00e3o s\u00e3o divulgadas as principais atribui\u00e7\u00f5es do \u00f3rg\u00e3o\/entidade e legisla\u00e7\u00f5es aplic\u00e1veis. A ADAGRO (Ag\u00eancia de Defesa e Fiscaliza\u00e7\u00e3o Agropecu\u00e1ria de PE) \u00e9 uma Autarquia criada pela Lei Estadual n\u00ba 15.919 DE 04 de novembro de 2016. Atribui\u00e7\u00f5es A Adagro est\u00e1 encarregada de promover e executar a defesa sanit\u00e1ria animal e vegetal, o controle, a inspe\u00e7\u00e3o e a fiscaliza\u00e7\u00e3o de produtos de origem agropecu\u00e1ria. A Base Jur\u00eddica\/Legisla\u00e7\u00e3o aplic\u00e1vel \u00e0s atividades da ADAGRO est\u00e1 dispon\u00edvel Clique aqui Compet\u00eancias: Planejar, elaborar, coordenar e executar programa de promo\u00e7\u00e3o e prote\u00e7\u00e3o da sa\u00fade animal e vegetal e a educa\u00e7\u00e3o zoofitossanit\u00e1ria,&hellip;<\/p>\n","category_list":"","author_info":{"name":"nilo.martins","url":"https:\/\/www.lai.pe.gov.br\/adagro\/author\/nilo-martins\/"},"comments_num":"0 coment\u00e1rio","_links":{"self":[{"href":"https:\/\/www.lai.pe.gov.br\/adagro\/wp-json\/wp\/v2\/pages\/10"}],"collection":[{"href":"https:\/\/www.lai.pe.gov.br\/adagro\/wp-json\/wp\/v2\/pages"}],"about":[{"href":"https:\/\/www.lai.pe.gov.br\/adagro\/wp-json\/wp\/v2\/types\/page"}],"author":[{"embeddable":true,"href":"https:\/\/www.lai.pe.gov.br\/adagro\/wp-json\/wp\/v2\/users\/1"}],"replies":[{"embeddable":true,"href":"https:\/\/www.lai.pe.gov.br\/adagro\/wp-json\/wp\/v2\/comments?post=10"}],"version-history":[{"count":20,"href":"https:\/\/www.lai.pe.gov.br\/adagro\/wp-json\/wp\/v2\/pages\/10\/revisions"}],"predecessor-version":[{"id":1455,"href":"https:\/\/www.lai.pe.gov.br\/adagro\/wp-json\/wp\/v2\/pages\/10\/revisions\/1455"}],"wp:attachment":[{"href":"https:\/\/www.lai.pe.gov.br\/adagro\/wp-json\/wp\/v2\/media?parent=10"}],"curies":[{"name":"wp","href":"https:\/\/api.w.org\/{rel}","templated":true}]}}